{"id":92,"date":"2011-06-05T21:08:03","date_gmt":"2011-06-05T21:08:03","guid":{"rendered":""},"modified":"2014-01-27T12:20:20","modified_gmt":"2014-01-27T12:20:20","slug":"ara-jacinthe","status":"publish","type":"page","link":"https:\/\/www.big-animals.com\/fr\/perroquets\/ara-jacinthe\/","title":{"rendered":"L&#8217;ara hyacinthe"},"content":{"rendered":"<figure id=\"attachment_1251\" aria-describedby=\"caption-attachment-1251\" style=\"width: 300px\" class=\"wp-caption alignright\"><img loading=\"lazy\" decoding=\"async\" class=\"size-medium wp-image-1251 \" title=\"L'ara de jacinthe - photographiez par l'utilisateur BluesyPete de Wikimedia\" alt=\"L'ara de jacinthe - photographiez par l'utilisateur BluesyPete de Wikimedia\" src=\"http:\/\/www.big-animals.com\/wp-content\/uploads\/2011\/06\/Hyacinth_Macaw-300x237.jpg\" width=\"300\" height=\"237\" \/><figcaption id=\"caption-attachment-1251\" class=\"wp-caption-text\">L&#8217;ara hyacinthe : photo BluesyPete (utilisateur de Wikimedia)<\/figcaption><\/figure>\n<p><span class=\"gts_text\" id=\"gts_text_2\">On trouve des aras hyacinthes au centre et \u00e0 l&#8217;est de l&#8217;Am\u00e9rique du Sud.<\/span> <span class=\"gts_text\" id=\"gts_text_3\">Ils aiment les zones mar\u00e9cageuses riches en palmiers et les r\u00e9gions bois\u00e9es.<\/span> <span class=\"gts_text\" id=\"gts_text_4\">Ils n&#8217;aiment pas les for\u00eats humides.<\/span> Ce sont des <span class=\"gts_text\" id=\"gts_text_5\"><a title=\"Perroquets\" href=\"http:\/\/www.big-animals.com\/fr\/perroquets\/\">perroquets<\/a>\u00a0tr\u00e8s sociables et intelligents.<\/span> <span class=\"gts_text\" id=\"gts_text_6\">En fait, tous ceux qui se passionnent pour les oiseaux r\u00eavent d&#8217;avoir un ara hyacinthe.<\/span> <span class=\"gts_text\" id=\"gts_text_7\">Malheureusement, parce qu&#8217;ils sont si demand\u00e9s, leur population est s\u00e9rieusement menac\u00e9e.<\/span><\/p>\n<p><span class=\"gts_text\" id=\"gts_text_8\">L&#8217;ara hyacinthe est le plus grand ara qui soit et aussi la plus grande esp\u00e8ce de perroquet capable de voler du monde.<\/span> <span class=\"gts_text\" id=\"gts_text_9\">Mesur\u00e9 par sa longueur, c&#8217;est le plus grand de toutes les esp\u00e8ces de perroquets.<\/span> <span class=\"gts_text\" id=\"gts_text_10\">Sa population diminue \u00e0 cause de la demande d&#8217;animaux\u00a0domestiques et de la perte d&#8217;habitat.<\/span><\/p>\n<p><span class=\"gts_text\" id=\"gts_text_11\">L&#8217;ara hyacinthe fait 100 cm de long du sommet de la t\u00eate au bout de la queue.<\/span> <span class=\"gts_text\" id=\"gts_text_12\">Il p\u00e8se entre 1,2 et 1,7 kilos.<\/span> <span class=\"gts_text\" id=\"gts_text_13\">Son plumage est de couleur bleu clair sur le dessus et d&#8217;une teinte plus fonc\u00e9e au niveau des ailes, et il a un grand bec noir recourb\u00e9.<\/span> <span class=\"gts_text\" id=\"gts_text_14\">Il a de la peau jaune vif \u00e0 la base du bec inf\u00e9rieur et aussi autour des yeux.<\/span> <span class=\"gts_text\" id=\"gts_text_15\">Les m\u00e2les et les femelles sont identiques.<\/span><\/p>\n<figure id=\"attachment_1252\" aria-describedby=\"caption-attachment-1252\" style=\"width: 223px\" class=\"wp-caption alignleft\"><img loading=\"lazy\" decoding=\"async\" class=\"size-medium wp-image-1252 \" title=\"l'ara de jacinthe est le plus long perroquet du monde\" alt=\"l'ara de jacinthe est le plus long perroquet du monde\" src=\"http:\/\/www.big-animals.com\/wp-content\/uploads\/2011\/06\/Hyacinth_Macaw_and_Human-223x300.png\" width=\"223\" height=\"300\" \/><figcaption id=\"caption-attachment-1252\" class=\"wp-caption-text\">L&#8217;ara hyacinthe est le plus long perroquet du monde<\/figcaption><\/figure>\n<p><span class=\"gts_text\" id=\"gts_text_17\">Pour pouvoir se nourrir, il dispose d&#8217;un bec extr\u00eament puissant.<\/span>\u00a0<span class=\"gts_text\" id=\"gts_text_18\">Son bec peut m\u00eame casser la barre en fer d&#8217;une cage \u00e0 oiseaux !<\/span> <span class=\"gts_text\" id=\"gts_text_19\">L&#8217;ara hyacinthe se nourrit de noyaux de noix durs et de graines.<\/span> <span class=\"gts_text\" id=\"gts_text_20\">Son bec puissant peut briser des noix de coco et\u00a0de grosses coques de noix du Br\u00e9sil et de noix de macadamia.<\/span> <span class=\"gts_text\" id=\"gts_text_21\">A part cela, il mange aussi des fruits et des l\u00e9gumes.<\/span> <span class=\"gts_text\" id=\"gts_text_22\">Il adore les pignons de pin.<\/span><\/p>\n<p><span class=\"gts_text\" id=\"gts_text_23\">Il b\u00e2tit son nid dans les trous des arbres.<\/span> <span class=\"gts_text\" id=\"gts_text_24\">La m\u00e8re pond un ou deux \u0153ufs \u00e0 la fois.<\/span> <span class=\"gts_text\" id=\"gts_text_25\">Les jeunes aras hyacinthes restent avec leur parents jusqu&#8217;\u00e0 l&#8217;\u00e2ge de trois mois.<\/span> <span class=\"gts_text\" id=\"gts_text_26\">L&#8217;ara a un taux de reproduction tr\u00e8s faible.<\/span> <span class=\"gts_text\" id=\"gts_text_27\">Il ne se r\u00e9produit pas forc\u00e9ment tous les ans.<\/span> <span class=\"gts_text\" id=\"gts_text_28\">Les corvid\u00e9s, les opossums, les coatis et les toucans sont tous friands d&#8217;\u0153ufs d&#8217;aras.<\/span> <span class=\"gts_text\" id=\"gts_text_29\">Heureusement, les aras adultes n&#8217;ont pas de pr\u00e9dateurs \u00e0 part les hommes.<\/span> <span class=\"gts_text\" id=\"gts_text_30\">L&#8217;ara hyacinthe est une esp\u00e8ce de perroquets menac\u00e9e.<\/span> <span class=\"gts_text\" id=\"gts_text_31\">Un projet &#8220;ara hyacinthe&#8221; a \u00e9t\u00e9 lanc\u00e9 pour prot\u00e9ger de l&#8217;extinction ces perroquets si beaux.<\/span><\/p>\n<p><span class=\"gts_text\" id=\"gts_text_32\">\u00a0<\/span><\/p>\n","protected":false},"excerpt":{"rendered":"<p>On trouve des aras hyacinthes au centre et \u00e0 l&#8217;est de l&#8217;Am\u00e9rique du Sud. Ils aiment les zones mar\u00e9cageuses riches en palmiers et les r\u00e9gions bois\u00e9es. Ils n&#8217;aiment pas les for\u00eats humides. Ce sont des perroquets\u00a0tr\u00e8s sociables et intelligents. En fait, tous ceux qui se passionnent pour les oiseaux r\u00eavent d&#8217;avoir un ara hyacinthe. Malheureusement, &hellip; <a href=\"https:\/\/www.big-animals.com\/fr\/perroquets\/ara-jacinthe\/\" class=\"more-link\">Continue reading <span class=\"screen-reader-text\">L&#8217;ara hyacinthe<\/span><\/a><\/p>\n","protected":false},"author":1,"featured_media":0,"parent":91,"menu_order":0,"comment_status":"closed","ping_status":"open","template":"","meta":{"_acf_changed":false,"footnotes":""},"acf":[],"_links":{"self":[{"href":"https:\/\/www.big-animals.com\/fr\/wp-json\/wp\/v2\/pages\/92"}],"collection":[{"href":"https:\/\/www.big-animals.com\/fr\/wp-json\/wp\/v2\/pages"}],"about":[{"href":"https:\/\/www.big-animals.com\/fr\/wp-json\/wp\/v2\/types\/page"}],"author":[{"embeddable":true,"href":"https:\/\/www.big-animals.com\/fr\/wp-json\/wp\/v2\/users\/1"}],"replies":[{"embeddable":true,"href":"https:\/\/www.big-animals.com\/fr\/wp-json\/wp\/v2\/comments?post=92"}],"version-history":[{"count":3,"href":"https:\/\/www.big-animals.com\/fr\/wp-json\/wp\/v2\/pages\/92\/revisions"}],"predecessor-version":[{"id":353,"href":"https:\/\/www.big-animals.com\/fr\/wp-json\/wp\/v2\/pages\/92\/revisions\/353"}],"up":[{"embeddable":true,"href":"https:\/\/www.big-animals.com\/fr\/wp-json\/wp\/v2\/pages\/91"}],"wp:attachment":[{"href":"https:\/\/www.big-animals.com\/fr\/wp-json\/wp\/v2\/media?parent=92"}],"curies":[{"name":"wp","href":"https:\/\/api.w.org\/{rel}","templated":true}]}}