{"id":93,"date":"2011-06-05T22:43:35","date_gmt":"2011-06-05T22:43:35","guid":{"rendered":""},"modified":"2014-01-25T19:53:51","modified_gmt":"2014-01-25T19:53:51","slug":"flamants","status":"publish","type":"page","link":"https:\/\/www.big-animals.com\/fr\/flamants\/","title":{"rendered":"Les flamants"},"content":{"rendered":"<p><span class=\"gts_text\" id=\"gts_text_1\">Les flamants sont un genre d&#8217;<a title=\"Les plus grands oiseaux du monde !\" href=\"http:\/\/www.big-animals.com\/fr\/le-monde-grand-oiseaux\/\">oiseau<\/a> qui vit pr\u00e8s des lacs, des mangroves et des vasi\u00e8res.<\/span> <span class=\"gts_text\" id=\"gts_text_2\">On les retrouve dans des r\u00e9gions tropicales et subtropicales.<\/span> <span class=\"gts_text\" id=\"gts_text_3\">Il existe\u00a0quatre esp\u00e8ces de flamant en Am\u00e9rique et\u00a0deux esp\u00e8ces en Afrique, en Asie et en Europe.<\/span><\/p>\n<p><span class=\"gts_text\" id=\"gts_text_4\">Le flamant rose vit dans des r\u00e9gions d&#8217;Afrique, d&#8217;Europe et d&#8217;Asie.<\/span> <span class=\"gts_text\" id=\"gts_text_5\">Le Flamant Nain vit en Afrique et au Nord-Ouest de l&#8217;Inde.<\/span> <span class=\"gts_text\" id=\"gts_text_6\">Le Flamant du Chili vit au sud de l&#8217;Am\u00e9rique du Sud.<\/span> <span class=\"gts_text\" id=\"gts_text_7\">Le Flamant de James et le Flamant des Andes vivent dans les hautes montagnes andines du P\u00e9rou, du Chili, de la Bolivie et d&#8217;Argentine.<\/span> <span class=\"gts_text\" id=\"gts_text_8\">Enfin, le Flamant des Caraibes vit dans les Cara\u00efbes et les \u00eeles Galapagos.<\/span><\/p>\n<p><span class=\"gts_text\" id=\"gts_text_9\">Les flamants ont de longues pattes avec des pieds palm\u00e9s, un bec et un long cou recourb\u00e9s.<\/span> <span class=\"gts_text\" id=\"gts_text_10\">Les pattes sont plus hautes que le corps et mesurent entre 80\u00a0et 125 cm selon les esp\u00e8ces.<\/span> <span class=\"gts_text\" id=\"gts_text_11\">Leurs pieds palm\u00e9s leur permettent de nager et de remuer le fond de l&#8217;eau pour chercher de la nourriture.<\/span> <span class=\"gts_text\" id=\"gts_text_12\">Ils respirent de l&#8217;air en utilisant leurs poumons.<\/span> <span class=\"gts_text\" id=\"gts_text_13\">Ils retiennent leur souffle pendant qu&#8217;ils se nourrissent sous l&#8217;eau.<\/span><\/p>\n<p><span class=\"gts_text\" id=\"gts_text_14\">Les flamants se tiennent souvent sur une seule jambe et replient l&#8217;autre jambe sous leur corps pour le maintenir au chaud.<\/span> <span class=\"gts_text\" id=\"gts_text_15\">Ceci leur permet \u00e9galement de conserver une certaine chaleur corporelle puisqu&#8217;ils passent \u00e9norm\u00e9ment d&#8217;heures \u00e0 patauger dans de l&#8217;eau froide.<\/span><\/p>\n<p><span class=\"gts_text\" id=\"gts_text_16\">Le plus grand flamant est le <a title=\"Le flamant rose\" href=\"http:\/\/www.big-animals.com\/fr\/flamant-rose\/\">Flamant Rose<\/a>.<\/span> <span class=\"gts_text\" id=\"gts_text_17\">Il mesure entre 110 et 130 cm de long.<\/span> <span class=\"gts_text\" id=\"gts_text_18\">Il p\u00e8se jusqu&#8217;\u00e0 3.5 kilos.<\/span> <span class=\"gts_text\" id=\"gts_text_19\">Les flamants nains sont les plus petits flamants.<\/span> <span class=\"gts_text\" id=\"gts_text_20\">Ils font seulement 80cm de long et ne p\u00e8sent que 2,5 kilos.<\/span> <span class=\"gts_text\" id=\"gts_text_21\">Les flamants nains ont une envergure qui s&#8217;\u00e9tend de 95 \u00e0 100 cm.<\/span> <span class=\"gts_text\" id=\"gts_text_22\">Les ailes des flamants roses s&#8217;\u00e9tendent sur environ 140 \u00e0 165 cm d&#8217;un bout \u00e0 l&#8217;autre.\u00a0\u00a0Quelle \u00e9norme diff\u00e9rence de taille entre ces deux flamants !<\/span> <span class=\"gts_text\" id=\"gts_text_23\">Les flamants m\u00e2les sont l\u00e9g\u00e8rement plus grands et plus lourds que les femelles.<\/span><\/p>\n<figure id=\"attachment_1258\" aria-describedby=\"caption-attachment-1258\" style=\"width: 300px\" class=\"wp-caption alignleft\"><img loading=\"lazy\" decoding=\"async\" class=\"size-medium wp-image-1258\" title=\"Flamants et un poussin\" alt=\"Flamants et un poussin\" src=\"http:\/\/www.big-animals.com\/wp-content\/uploads\/2011\/06\/Flamingoes_And_Chick-300x181.jpg\" width=\"300\" height=\"181\" \/><figcaption id=\"caption-attachment-1258\" class=\"wp-caption-text\">Des flamants et un petit<\/figcaption><\/figure>\n<p><span class=\"gts_text\" id=\"gts_text_25\">Leurs yeux sont plac\u00e9s des deux c\u00f4t\u00e9s de leur t\u00eate.\u00a0<\/span><span class=\"gts_text\" id=\"gts_text_26\">Les poussins du flamant ont des yeux gris pendant leur premi\u00e8re ann\u00e9e de vie et quand ils deviennent adultes, leurs yeux deviennent jaunes.<\/span><span class=\"gts_text\" id=\"gts_text_26\">\u00a0<\/span><span class=\"gts_text\" id=\"gts_text_27\">Le bec d&#8217;un flamant adulte est noir, ros\u00e2tre ou couleur cr\u00e8me, selon les esp\u00e8ces.<\/span> <span class=\"gts_text\" id=\"gts_text_28\">Un poussin qui vient d&#8217;\u00e9clore a un bec rouge et droit au lieu d&#8217;un bec recourb\u00e9.<\/span><\/p>\n<p><span class=\"gts_text\" id=\"gts_text_29\">Ils se nourrissent de mollusque et crustac\u00e9s, d&#8217;algues, et de petits poissons.<\/span> <span class=\"gts_text\" id=\"gts_text_30\">Leur bec leur sert sp\u00e9cialement \u00e0 s\u00e9parer la boue de la nourriture qu&#8217;ils mangent.<\/span> <span class=\"gts_text\" id=\"gts_text_31\">Ils renversent leur bec lorqu&#8217;ils recherchent de la nourriture.<\/span> <span class=\"gts_text\" id=\"gts_text_32\">\u00c0 l&#8217;int\u00e9rieur du bec, il y a des esp\u00e8ces de structures velues le long de la m\u00e2choire inf\u00e9rieure et de leur grande langue rugueuse.<\/span> <span class=\"gts_text\" id=\"gts_text_33\">Celles-ci leurs permettent de filtrer la nourriture hors de la boue et de l&#8217;eau.<\/span> <span class=\"gts_text\" id=\"gts_text_34\">Ils boivent de l&#8217;eau douce.<\/span><\/p>\n<p><span class=\"gts_text\" id=\"gts_text_35\">Les jeunes flamants ont des couches de plumes grises, mais les adultes ont des plumes dont la couleur varie du rose-clair au rouge lumineux.<\/span> <span class=\"gts_text\" id=\"gts_text_36\">Un flamant en bonne sant\u00e9 aura des couleurs lumineuses &#8211; un flamant blanc ou p\u00e2le est habituellement malade ou sous-aliment\u00e9.<\/span> <span class=\"gts_text\" id=\"gts_text_37\">Ils ont \u00e9galement quelques plumes ou des ailes noires.<\/span><\/p>\n<p><span class=\"gts_text\" id=\"gts_text_38\">Les flamants vivent en groupes appel\u00e9s colonies.<\/span> <span class=\"gts_text\" id=\"gts_text_39\">Chaque colonie peut comprendre jusqu&#8217;\u00e0 des dizaines de milliers de flamants.<\/span> <span class=\"gts_text\" id=\"gts_text_40\">Ils vivent dans les colonies pour des raisons de s\u00e9curit\u00e9, pour attraper plus de nourriture, et pour utiliser pleinement les sites de nidification limit\u00e9s.<\/span> <span class=\"gts_text\" id=\"gts_text_41\">La maman et le papa d\u00e9fendent leur nid.<\/span> <span class=\"gts_text\" id=\"gts_text_42\">Ils trouvent une lieu appropri\u00e9 dans les vasi\u00e8res pour construire leur nid.<\/span> <span class=\"gts_text\" id=\"gts_text_43\">L&#8217;emplacement est habituellement choisi par la maman.<\/span> <span class=\"gts_text\" id=\"gts_text_44\">Il arrive parfois que d&#8217;autres couples essayent de voler un site de nidification.<\/span> <span class=\"gts_text\" id=\"gts_text_45\">Cependant, les flamants prot\u00e8gent leurs sites de nidification et leurs petits.<\/span><\/p>\n<p><span class=\"gts_text\" id=\"gts_text_46\">En g\u00e9n\u00e9ral, les flamants pondent un seul oeuf.<\/span> <span class=\"gts_text\" id=\"gts_text_47\">L&#8217;oeuf a environ la taille d&#8217;un oeuf de poulet.<\/span> <span class=\"gts_text\" id=\"gts_text_48\">L&#8217;oeuf est de forme oblong.<\/span> <span class=\"gts_text\" id=\"gts_text_49\">Il est de couleur blanc crayon.<\/span> <span class=\"gts_text\" id=\"gts_text_50\">Les parents s&#8217;assoient chacun leur tour sur l\u2019\u0153uf pour le maintenir au chaud.<\/span> <span class=\"gts_text\" id=\"gts_text_51\">L&#8217;oeuf \u00e9clos au bout 26 \u00e0 31 jours.<\/span> <span class=\"gts_text\" id=\"gts_text_52\">Les poussins nouvellement \u00e9clos ont les plumes grises ou blanches.<\/span> <span class=\"gts_text\" id=\"gts_text_53\">\u00a0Leurs parents peuvent identifier leur propre poussin \u00e0 la vue et au bruit.<\/span> <span class=\"gts_text\" id=\"gts_text_54\">Les flamants sont des oiseaux bruyants.<\/span><\/p>\n<p><span class=\"gts_text\" id=\"gts_text_55\">La maman et le papa allaitent leur poussin.<\/span> <span class=\"gts_text\" id=\"gts_text_56\">Ils donnent au poussin du lait de pigeon \u00e0 travers leur bouche.<\/span> <span class=\"gts_text\" id=\"gts_text_57\">\u00c0 7 \u00e0 21 jours environ , le poussin commence \u00e0 faire un pas hors de son nid mais il y retourne toujours pour \u00eatre nourri.<\/span> <span class=\"gts_text\" id=\"gts_text_58\">Apr\u00e8s deux semaines, les poussins rejoignent un groupe appel\u00e9 &#8220;garderie&#8221; et commencent \u00e0 chasser par eux-m\u00eames pour se nourrir.<\/span> <span class=\"gts_text\" id=\"gts_text_59\">Cette garderie compte des milliers de poussins.<\/span> <span class=\"gts_text\" id=\"gts_text_60\">Rester dans une garderie gardera les poussins \u00e9loign\u00e9s des pr\u00e9dateurs.<\/span> <span class=\"gts_text\" id=\"gts_text_61\">Le poussin perd ses plumes grises quand il a entre deux et trois ann\u00e9es pour avoir de belles plumes roses ou rouges lumineuses comme sa maman et son papa.<\/span><\/p>\n<p><span class=\"gts_text\" id=\"gts_text_62\">Les \u0153ufs et le poussin des flamants sont la proie des aigles, vautours, lions, l\u00e9opards, gu\u00e9pards, renards et des chacals.<\/span> <span class=\"gts_text\" id=\"gts_text_63\">Hormis cela, les humains ont \u00e9galement d\u00e9truit leur habitat par la construction de routes, l&#8217;irrigation et l&#8217;exploitation mini\u00e8re.<\/span> <span class=\"gts_text\" id=\"gts_text_64\">Ils sont \u00e9galement chass\u00e9s pour leurs oeufs.<\/span> <span class=\"gts_text\" id=\"gts_text_65\">Heureusement, ils ne sont pas en danger.<\/span><\/p>\n<p><span class=\"gts_text\" id=\"gts_text_66\">\u00a0<\/span><\/p>\n","protected":false},"excerpt":{"rendered":"<p>Les flamants sont un genre d&#8217;oiseau qui vit pr\u00e8s des lacs, des mangroves et des vasi\u00e8res. On les retrouve dans des r\u00e9gions tropicales et subtropicales. Il existe\u00a0quatre esp\u00e8ces de flamant en Am\u00e9rique et\u00a0deux esp\u00e8ces en Afrique, en Asie et en Europe. Le flamant rose vit dans des r\u00e9gions d&#8217;Afrique, d&#8217;Europe et d&#8217;Asie. Le Flamant Nain &hellip; <a href=\"https:\/\/www.big-animals.com\/fr\/flamants\/\" class=\"more-link\">Continue reading <span class=\"screen-reader-text\">Les flamants<\/span><\/a><\/p>\n","protected":false},"author":1,"featured_media":0,"parent":0,"menu_order":0,"comment_status":"closed","ping_status":"open","template":"","meta":{"_acf_changed":false,"footnotes":""},"acf":[],"_links":{"self":[{"href":"https:\/\/www.big-animals.com\/fr\/wp-json\/wp\/v2\/pages\/93"}],"collection":[{"href":"https:\/\/www.big-animals.com\/fr\/wp-json\/wp\/v2\/pages"}],"about":[{"href":"https:\/\/www.big-animals.com\/fr\/wp-json\/wp\/v2\/types\/page"}],"author":[{"embeddable":true,"href":"https:\/\/www.big-animals.com\/fr\/wp-json\/wp\/v2\/users\/1"}],"replies":[{"embeddable":true,"href":"https:\/\/www.big-animals.com\/fr\/wp-json\/wp\/v2\/comments?post=93"}],"version-history":[{"count":4,"href":"https:\/\/www.big-animals.com\/fr\/wp-json\/wp\/v2\/pages\/93\/revisions"}],"predecessor-version":[{"id":401,"href":"https:\/\/www.big-animals.com\/fr\/wp-json\/wp\/v2\/pages\/93\/revisions\/401"}],"wp:attachment":[{"href":"https:\/\/www.big-animals.com\/fr\/wp-json\/wp\/v2\/media?parent=93"}],"curies":[{"name":"wp","href":"https:\/\/api.w.org\/{rel}","templated":true}]}}