{"id":94,"date":"2011-06-06T01:57:10","date_gmt":"2011-06-06T01:57:10","guid":{"rendered":""},"modified":"2014-06-24T15:54:34","modified_gmt":"2014-06-24T15:54:34","slug":"flamant-rose","status":"publish","type":"page","link":"https:\/\/www.big-animals.com\/fr\/flamant-rose\/","title":{"rendered":"Le flamant rose"},"content":{"rendered":"<figure id=\"attachment_1261\" aria-describedby=\"caption-attachment-1261\" style=\"width: 300px\" class=\"wp-caption alignleft\"><a href=\"http:\/\/www.big-animals.com\/wp-content\/uploads\/2011\/06\/GreaterFlamingoesUpClose.jpg\"><img loading=\"lazy\" decoding=\"async\" class=\"size-medium wp-image-1261 gts_attribute gts_attribute_1_alt gts_attribute_4_title\" title=\"Le flamant rose\" src=\"http:\/\/www.big-animals.com\/wp-content\/uploads\/2011\/06\/GreaterFlamingoesUpClose-300x220.jpg\" alt=\"Le flamant rose\" width=\"300\" height=\"220\" \/><\/a><figcaption id=\"caption-attachment-1261\" class=\"wp-caption-text\">The Greater Flamingo<\/figcaption><\/figure>\n<p><span id=\"gts_text_1\" class=\"gts_text\">Le flamant rose est le plus grand flamant au monde.<\/span> <span id=\"gts_text_2\" class=\"gts_text\">C&#8217;est \u00e9galement l&#8217;esp\u00e8ce la plus r\u00e9pandue de la famille des flamants.<\/span> <span id=\"gts_text_3\" class=\"gts_text\">On le retrouve dans des habitats d&#8217;eau douce et d&#8217;eau de mer en Am\u00e9rique Centrale et du Sud, dans les Cara\u00efbes, en Europe du Sud-ouest, en Asie du sud et dans certaines r\u00e9gions d&#8217;Afrique.<\/span> <span id=\"gts_text_4\" class=\"gts_text\">Il vit dans les lacs, dans les lagunes et sur les estuaires.<\/span> <span id=\"gts_text_5\" class=\"gts_text\">Le flamant rose, qui vit loin\u00a0des tropiques, \u00e9migre souvent dans des endroits plus chauds pendant l&#8217;hiver.<\/span> <span id=\"gts_text_6\" class=\"gts_text\">Il pr\u00e9f\u00e8re un climat plus chaud.<\/span> <span id=\"gts_text_7\" class=\"gts_text\">Comme tous les flamants, il vit dans des colonies compos\u00e9es de milliers de flamants, except\u00e9 dans les \u00eeles Galapagos, o\u00f9 il en existe seulement quelques douzaines.<\/span>\u00a0Vivre en<span id=\"gts_text_8\" class=\"gts_text\">\u00a0colonie les prot\u00e8ge contre les pr\u00e9dateurs.<\/span><\/p>\n<figure id=\"attachment_1262\" aria-describedby=\"caption-attachment-1262\" style=\"width: 213px\" class=\"wp-caption alignright\"><a href=\"http:\/\/www.big-animals.com\/wp-content\/uploads\/2011\/06\/GreaterFlamingo.jpg\"><img loading=\"lazy\" decoding=\"async\" class=\"size-medium wp-image-1262 gts_attribute gts_attribute_2_alt gts_attribute_6_title\" title=\"Illustration des plumes de ses ailes\" src=\"http:\/\/www.big-animals.com\/wp-content\/uploads\/2011\/06\/GreaterFlamingo-213x300.jpg\" alt=\"Illustration des plumes de ses ailes\" width=\"213\" height=\"300\" \/><\/a><figcaption id=\"caption-attachment-1262\" class=\"wp-caption-text\">Showing Off His Wing feathers<\/figcaption><\/figure>\n<p><span id=\"gts_text_9\" class=\"gts_text\">Il mesure\u00a0en moyenne 110 \u00e0 150 cm et p\u00e8se de\u00a02 \u00e0 4 kilogrammes.\u00a0Ses ailes sont longues de\u00a0<\/span><span id=\"gts_text_10\" class=\"gts_text\">1, 4 \u00e0 1, 7 m<\/span><span id=\"gts_text_11\" class=\"gts_text\">.<\/span> <span id=\"gts_text_12\" class=\"gts_text\">Le plus grand flamant rose m\u00e2le r\u00e9pertori\u00e9 faisait 187 cm de haut et pesait 4,5 kg.<\/span><\/p>\n<p><span id=\"gts_text_13\" class=\"gts_text\">Il est de couleur blanche ros\u00e2tre mais ses poussins naissent gris.<\/span> <span id=\"gts_text_14\" class=\"gts_text\">Il poss\u00e8de de longues jambes fines et roses<\/span> <span id=\"gts_text_15\" class=\"gts_text\">et de petits pieds palm\u00e9s qui l&#8217;aide \u00e0 nager et extirper de la nourriture au\u00a0fond de la boue.<\/span> <span id=\"gts_text_16\" class=\"gts_text\">Il poss\u00e8de \u00e9galement un cou long, maigre et rose en forme d&#8217;arc avec un bout noir.<\/span> <span id=\"gts_text_17\" class=\"gts_text\">Ses ailes sont rouges avec quelques plumes noires.<\/span> <span id=\"gts_text_18\" class=\"gts_text\">Il pousse des cris graves et forts\u00a0comme l&#8217;oie.<\/span><\/p>\n<p><span id=\"gts_text_19\" class=\"gts_text\">Il se nourrit d&#8217;insectes, de vers, de petites crevettes, de graines, d&#8217;algues bleues-vertes et de mollusques.<\/span> <span id=\"gts_text_20\" class=\"gts_text\">Il s&#8217;alimente en g\u00e9n\u00e9ral au cours de la journ\u00e9e.<\/span> <span id=\"gts_text_21\" class=\"gts_text\">Il place son bec \u00e0 l&#8217;envers dans l&#8217;eau peu profonde et attrape sa nourriture.<\/span> <span id=\"gts_text_22\" class=\"gts_text\">Son bec sp\u00e9cial lui permet de s\u00e9parer\u00a0la nourriture de la boue et de l&#8217;eau.<\/span> <span id=\"gts_text_23\" class=\"gts_text\">Un r\u00e9gime alimentaire riche en crevettes et b\u00eata-carot\u00e8ne embellit le flamant et renforce sa couleur rose.<\/span><\/p>\n<figure id=\"attachment_1263\" aria-describedby=\"caption-attachment-1263\" style=\"width: 216px\" class=\"wp-caption alignleft\"><a href=\"http:\/\/www.big-animals.com\/wp-content\/uploads\/2011\/06\/GreaterFlamingoAndHuman.png\"><img loading=\"lazy\" decoding=\"async\" class=\"size-medium wp-image-1263 gts_attribute gts_attribute_3_alt gts_attribute_7_title\" title=\"Un vrai flamant rose et un humain\" src=\"http:\/\/www.big-animals.com\/wp-content\/uploads\/2011\/06\/GreaterFlamingoAndHuman-216x300.png\" alt=\"Un vrai flamant rose  et un humain\" width=\"216\" height=\"300\" \/><\/a><figcaption id=\"caption-attachment-1263\" class=\"wp-caption-text\">Un flamand rose de taille moyenne et un humain<\/figcaption><\/figure>\n<p><span id=\"gts_text_24\" class=\"gts_text\">Les flamants roses s&#8217;accouplent au sein d&#8217;une m\u00eame\u00a0colonie.<\/span> <span id=\"gts_text_25\" class=\"gts_text\">Ils pondent un seul oeuf de couleur blanc craie sur un monticule boueux dans une eau peu profonde.<\/span> <span id=\"gts_text_26\" class=\"gts_text\">La femelle et le m\u00e2le se relaient pour garder leur oeuf au chaud.<\/span> <span id=\"gts_text_27\" class=\"gts_text\">Il faut environ 26 \u00e0 31 jours pour que l&#8217;oeuf n&#8217;\u00e9close.<\/span> <span id=\"gts_text_28\" class=\"gts_text\">Ils prot\u00e8gent leurs nids pendant la saison des amours.<\/span> <span id=\"gts_text_29\" class=\"gts_text\">Le poussin est nourrit avec du <a title=\"lait de jabot\" href=\"http:\/\/fr.wikipedia.org\/wiki\/Lait_de_jabot\">lait de jabot<\/a>\u00a0provenant du tube digestif sup\u00e9rieur des parents.<\/span> <span id=\"gts_text_30\" class=\"gts_text\">La femelle et le m\u00e2le produisent tous deux ce lait.<\/span> <span id=\"gts_text_31\" class=\"gts_text\">Quand le poussin est assez grand pour marcher, il est envoy\u00e9 dans un grand groupe de poussins, formant ce qu&#8217;on appelle une cr\u00e8che, qui est surveill\u00e9 par des flamants adultes.<\/span> <span id=\"gts_text_32\" class=\"gts_text\">Lorsqu&#8217;il atteint 2 ou 3 ans, le poussin perd ses plumes grises et celles ci sont remplac\u00e9es par des plumes roses et rouges comme celles de ses parents.<\/span><\/p>\n<p><span id=\"gts_text_33\" class=\"gts_text\">L&#8217;oeuf du flamant rose est est une proie pour les humains et pour d&#8217;autres oiseaux comme le marabout d&#8217;Afrique.<\/span> <span id=\"gts_text_34\" class=\"gts_text\">C&#8217;est un grand \u00e9chassier.<\/span> <span id=\"gts_text_35\" class=\"gts_text\">Il peut vivre jusqu&#8217;\u00e0 50 ans en captivit\u00e9 et en moyenne 20 ans\u00a0dans la nature.<\/span><\/p>\n<p><span id=\"gts_text_36\" class=\"gts_text\">\u00a0<\/span><\/p>\n","protected":false},"excerpt":{"rendered":"<p>Le flamant rose est le plus grand flamant au monde. C&#8217;est \u00e9galement l&#8217;esp\u00e8ce la plus r\u00e9pandue de la famille des flamants. On le retrouve dans des habitats d&#8217;eau douce et d&#8217;eau de mer en Am\u00e9rique Centrale et du Sud, dans les Cara\u00efbes, en Europe du Sud-ouest, en Asie du sud et dans certaines r\u00e9gions d&#8217;Afrique. &hellip; <a href=\"https:\/\/www.big-animals.com\/fr\/flamant-rose\/\" class=\"more-link\">Continue reading <span class=\"screen-reader-text\">Le flamant rose<\/span><\/a><\/p>\n","protected":false},"author":1,"featured_media":0,"parent":0,"menu_order":0,"comment_status":"closed","ping_status":"open","template":"","meta":{"_acf_changed":false,"footnotes":""},"acf":[],"_links":{"self":[{"href":"https:\/\/www.big-animals.com\/fr\/wp-json\/wp\/v2\/pages\/94"}],"collection":[{"href":"https:\/\/www.big-animals.com\/fr\/wp-json\/wp\/v2\/pages"}],"about":[{"href":"https:\/\/www.big-animals.com\/fr\/wp-json\/wp\/v2\/types\/page"}],"author":[{"embeddable":true,"href":"https:\/\/www.big-animals.com\/fr\/wp-json\/wp\/v2\/users\/1"}],"replies":[{"embeddable":true,"href":"https:\/\/www.big-animals.com\/fr\/wp-json\/wp\/v2\/comments?post=94"}],"version-history":[{"count":3,"href":"https:\/\/www.big-animals.com\/fr\/wp-json\/wp\/v2\/pages\/94\/revisions"}],"predecessor-version":[{"id":505,"href":"https:\/\/www.big-animals.com\/fr\/wp-json\/wp\/v2\/pages\/94\/revisions\/505"}],"wp:attachment":[{"href":"https:\/\/www.big-animals.com\/fr\/wp-json\/wp\/v2\/media?parent=94"}],"curies":[{"name":"wp","href":"https:\/\/api.w.org\/{rel}","templated":true}]}}