{"id":95,"date":"2011-06-06T02:10:47","date_gmt":"2011-06-06T02:10:47","guid":{"rendered":""},"modified":"2011-06-06T02:10:47","modified_gmt":"2011-06-06T02:10:47","slug":"sauvagine","status":"publish","type":"page","link":"https:\/\/www.big-animals.com\/fr\/sauvagine\/","title":{"rendered":"Oiseaux aquatiques"},"content":{"rendered":"<figure id=\"attachment_1268\" aria-describedby=\"caption-attachment-1268\" style=\"width: 127px\" class=\"wp-caption alignleft\"><a href=\"http:\/\/www.big-animals.com\/wp-content\/uploads\/2011\/06\/Whistling_Duck.jpg\"><img loading=\"lazy\" decoding=\"async\" class=\"size-medium wp-image-1268 gts_attribute gts_attribute_1_alt gts_attribute_2_title\" title=\"Le canard siffleur est une v\u00e9ritable sauvagine\" src=\"http:\/\/www.big-animals.com\/wp-content\/uploads\/2011\/06\/Whistling_Duck-127x300.jpg\" alt=\"Le canard siffleur est une v\u00e9ritable sauvagine \" width=\"127\" height=\"300\" \/><\/a><figcaption id=\"caption-attachment-1268\" class=\"wp-caption-text\">The Whistling Duck is a typical waterfowl<\/figcaption><\/figure>\n<p><span id=\"gts_text_1\" class=\"gts_text\">L&apos;esp\u00e8ce d&apos;oiseaux appel\u00e9e sauvagine est constitu\u00e9e de canards, d&apos;oies et de cygnes.<\/span> <span id=\"gts_text_2\" class=\"gts_text\">Ce sont d&apos;excellents nageurs poss\u00e9dant des corps de grande ou moyenne taille.<\/span> <span id=\"gts_text_3\" class=\"gts_text\">Ils sont une source de nourriture pour les humains.<\/span> <span id=\"gts_text_4\" class=\"gts_text\">Ils fournissent de la viande et des oeufs.<\/span> <span id=\"gts_text_5\" class=\"gts_text\">Les hommes les chassent \u00e9galement pour se divertir.<\/span> <span id=\"gts_text_6\" class=\"gts_text\">Parfois, ils sont gard\u00e9s comme animaux de compagnie, particuli\u00e8rement les canards et les oies domestiqu\u00e9s.<\/span><\/p>\n<p><span id=\"gts_text_7\" class=\"gts_text\">La plu grande sauvagine est le cygne trompette.<\/span> <span id=\"gts_text_8\" class=\"gts_text\">Il fait environ 1.82m (6 pieds)de long.<\/span> <span id=\"gts_text_9\" class=\"gts_text\">L&apos;envergure de ses ailes est de 3m (10 pieds) et il p\u00e8se environ 17,3 kilogrammes (38lb).<\/span> <span id=\"gts_text_10\" class=\"gts_text\">C&apos;est vraiment grand \u00e7a!<\/span><\/p>\n","protected":false},"excerpt":{"rendered":"<p>L&apos;esp\u00e8ce d&apos;oiseaux appel\u00e9e sauvagine est constitu\u00e9e de canards, d&apos;oies et de cygnes. Ce sont d&apos;excellents nageurs poss\u00e9dant des corps de grande ou moyenne taille. Ils sont une source de nourriture pour les humains. Ils fournissent de la viande et des oeufs. Les hommes les chassent \u00e9galement pour se divertir. Parfois, ils sont gard\u00e9s comme animaux &hellip; <a href=\"https:\/\/www.big-animals.com\/fr\/sauvagine\/\" class=\"more-link\">Continue reading <span class=\"screen-reader-text\">Oiseaux aquatiques<\/span><\/a><\/p>\n","protected":false},"author":1,"featured_media":0,"parent":0,"menu_order":0,"comment_status":"closed","ping_status":"open","template":"","meta":{"_acf_changed":false,"footnotes":""},"acf":[],"_links":{"self":[{"href":"https:\/\/www.big-animals.com\/fr\/wp-json\/wp\/v2\/pages\/95"}],"collection":[{"href":"https:\/\/www.big-animals.com\/fr\/wp-json\/wp\/v2\/pages"}],"about":[{"href":"https:\/\/www.big-animals.com\/fr\/wp-json\/wp\/v2\/types\/page"}],"author":[{"embeddable":true,"href":"https:\/\/www.big-animals.com\/fr\/wp-json\/wp\/v2\/users\/1"}],"replies":[{"embeddable":true,"href":"https:\/\/www.big-animals.com\/fr\/wp-json\/wp\/v2\/comments?post=95"}],"version-history":[{"count":0,"href":"https:\/\/www.big-animals.com\/fr\/wp-json\/wp\/v2\/pages\/95\/revisions"}],"wp:attachment":[{"href":"https:\/\/www.big-animals.com\/fr\/wp-json\/wp\/v2\/media?parent=95"}],"curies":[{"name":"wp","href":"https:\/\/api.w.org\/{rel}","templated":true}]}}