{"id":96,"date":"2011-06-06T03:02:08","date_gmt":"2011-06-06T03:02:08","guid":{"rendered":""},"modified":"2014-01-25T16:54:41","modified_gmt":"2014-01-25T16:54:41","slug":"trompettiste-cygne","status":"publish","type":"page","link":"https:\/\/www.big-animals.com\/fr\/sauvagine\/trompettiste-cygne\/","title":{"rendered":"Le cygne trompette"},"content":{"rendered":"<p><span class=\"gts_text\" id=\"gts_text_1\">Le cygne trompette est la plus grande esp\u00e8ce vivante d&#8217;<a title=\"Oiseaux aquatiques\" href=\"http:\/\/www.big-animals.com\/fr\/sauvagine\/\">oiseaux aquatiques<\/a> du monde.<\/span> <span class=\"gts_text\" id=\"gts_text_2\">Par cons\u00e9quent, c&#8217;est aussi le plus grand cygne du monde.<\/span> <span class=\"gts_text\" id=\"gts_text_3\">Il est le plus grand <a title=\"Les plus grands oiseaux du monde !\" href=\"http:\/\/www.big-animals.com\/fr\/le-monde-grand-oiseaux\/\">oiseau<\/a> nord-am\u00e9ricain indig\u00e8ne.<\/span> Son nom vient du fait <span class=\"gts_text\" id=\"gts_text_4\">que son cri ressemble au son d&#8217;une trompette.<\/span><\/p>\n<figure id=\"attachment_1271\" aria-describedby=\"caption-attachment-1271\" style=\"width: 295px\" class=\"wp-caption alignleft\"><img loading=\"lazy\" decoding=\"async\" class=\"size-medium wp-image-1271\" title=\"Cygne et humain de trompettiste\" alt=\"Cygne et humain de trompettiste\" src=\"http:\/\/www.big-animals.com\/wp-content\/uploads\/2011\/06\/Trumpeter_Swan_and_Human-295x300.png\" width=\"295\" height=\"300\" \/><figcaption id=\"caption-attachment-1271\" class=\"wp-caption-text\">Un cygne trompette et un homme<\/figcaption><\/figure>\n<p><span class=\"gts_text\" id=\"gts_text_6\">Les m\u00e2les mesurent environ 145 \u00e0 163cm de long et p\u00e8sent autour de 12 kilos.<\/span> <span class=\"gts_text\" id=\"gts_text_7\">Les femelles sont plus petites.<\/span> <span class=\"gts_text\" id=\"gts_text_8\">Elles mesurent 139 \u00e0 150 cm et p\u00e8sent environ 10 kilos.<\/span> <span class=\"gts_text\" id=\"gts_text_9\">Leur envergure moyenne est de\u00a0deux m\u00e8tres.<\/span> <span class=\"gts_text\" id=\"gts_text_10\">Un grand m\u00e2le peut atteindre une longueur de 183 cm avec une envergure de\u00a0trois m\u00e8tres et peser environ 17.2kg.<\/span> <span class=\"gts_text\" id=\"gts_text_11\">Leur cousin le plus proche est le cygne chanteur (ou cygne sauvage) d&#8217;Eurasie.<\/span><\/p>\n<p><span class=\"gts_text\" id=\"gts_text_12\">Le jeune cygne trompette est de couleur grise.<\/span> <span class=\"gts_text\" id=\"gts_text_13\">Il devient blanc apr\u00e8s sa premi\u00e8re ann\u00e9e.<\/span> <span class=\"gts_text\" id=\"gts_text_14\">Les adultes ont des plumes blanches et des pattes et pieds noirs.<\/span> <span class=\"gts_text\" id=\"gts_text_15\">Ils ont un bec noir.<\/span> <span class=\"gts_text\" id=\"gts_text_16\">Ils pondent leurs oeufs dans de grands \u00e9tangs peu profonds et dans de grands fleuves tranquilles au centre et au nord-ouest de l&#8217;Am\u00e9rique du Nord.<\/span> On trouve les plus grands <span class=\"gts_text\" id=\"gts_text_17\">couples en Alaska.<\/span> <span class=\"gts_text\" id=\"gts_text_18\">Ils ont tendance \u00e0 migrer vers la c\u00f4te pacifique et l&#8217;ouest des Etats-Unis.<\/span> <span class=\"gts_text\" id=\"gts_text_19\">Ils volent en formation en forme de V.<\/span><\/p>\n<p><span class=\"gts_text\" id=\"gts_text_20\">Ces oiseaux chassent en nageant.<\/span> <span class=\"gts_text\" id=\"gts_text_21\">Ils barbotent pour trouver de la nourriture dans l&#8217;eau.<\/span> <span class=\"gts_text\" id=\"gts_text_22\">Ils mangent des plantes aquatiques.<\/span> <span class=\"gts_text\" id=\"gts_text_23\">En hiver, ils mangent aussi des herbes et des grains dans les champs.<\/span> <span class=\"gts_text\" id=\"gts_text_24\">Les petits mangent d&#8217;abord des insectes et\u00a0des petits crustac\u00e9s en plus de plantes, puis deviennent v\u00e9g\u00e9tariens en grandissant.<\/span><\/p>\n<p><span class=\"gts_text\" id=\"gts_text_25\">Leurs pr\u00e9dateurs sont les grands corbeaux, les ratons laveurs, les ours bruns et les coyotes qui raffolent de leurs oeufs.<\/span> L&#8217;aigle <span class=\"gts_text\" id=\"gts_text_26\">royal peut m\u00eame tuer un cygne trompette adulte.<\/span><\/p>\n<p><span class=\"gts_text\" id=\"gts_text_27\">La femelle pond environ 3 \u00e0 12 oeufs dans un monticule de plantes sur une petite \u00eele, un vieille hutte de castor ou une plate-forme flottante.<\/span> <span class=\"gts_text\" id=\"gts_text_28\">Les oeufs mesurent environ 73 mm de large et 113.5 mm de long et ils p\u00e8sent environ 320 grammes.<\/span> <span class=\"gts_text\" id=\"gts_text_29\">La p\u00e9riode d&#8217;incubation est de 32 \u00e0 37 jours.<\/span> <span class=\"gts_text\" id=\"gts_text_30\">Les cygnes sont loyaux \u00e0 leurs partenaires\u00a0\u00ab\u00a0jusqu&#8217;\u00e0 ce que la mort les s\u00e9parent\u00a0\u00bb\u00a0:\u00a0les papas sont fid\u00e8les \u00e0 leurs familles.<\/span> <span class=\"gts_text\" id=\"gts_text_31\">Ils restent avec leur \u00e9pouse durant leur vie enti\u00e8re et s&#8217;occupent de leurs enfants.<\/span><\/p>\n<figure id=\"attachment_1272\" aria-describedby=\"caption-attachment-1272\" style=\"width: 300px\" class=\"wp-caption alignright\"><img loading=\"lazy\" decoding=\"async\" class=\"size-medium wp-image-1272\" title=\"Le cygne de trompettiste\" alt=\"Le cygne de trompettiste\" src=\"http:\/\/www.big-animals.com\/wp-content\/uploads\/2011\/06\/Trumpeter_Swan-300x254.jpg\" width=\"300\" height=\"254\" \/><figcaption id=\"caption-attachment-1272\" class=\"wp-caption-text\">Un cygne trompette.\u00a0Photo\u00a0: Alan D. Wilson<\/figcaption><\/figure>\n<p><span class=\"gts_text\" id=\"gts_text_33\">Les parents \u00e9l\u00e8vent leurs enfants ensemble.<\/span> <span class=\"gts_text\" id=\"gts_text_34\">La m\u00e8re couve ses oeufs jusqu&#8217;\u00e0 ce qu&#8217;ils \u00e9closent.<\/span> <span class=\"gts_text\" id=\"gts_text_35\">Le petit peut nager \u00e0 deux jours et peut habituellement s&#8217;alimenter \u00e0 l&#8217;\u00e2ge de\u00a0deux semaines.<\/span> <span class=\"gts_text\" id=\"gts_text_36\">Il est pr\u00eat \u00e0 voler \u00e0 l&#8217;\u00e2ge de\u00a0trois \u00e0\u00a0quatre mois.<\/span><\/p>\n<p><span class=\"gts_text\" id=\"gts_text_37\">Les femelles perdent temporairement leurs plumes de vol apr\u00e8s que les b\u00e9b\u00e9s soient n\u00e9s.<\/span> <span class=\"gts_text\" id=\"gts_text_38\">Par cons\u00e9quent elle ne peut pas voler pendant environ un mois.<\/span> <span class=\"gts_text\" id=\"gts_text_39\">Les m\u00e2les passeront aussi par le m\u00eame phase environ un mois plus tard quand les femelles peuvent \u00e0 nouveau voler.<\/span> <span class=\"gts_text\" id=\"gts_text_40\">De cette fa\u00e7on, il y\u00a0toujours un parent incapable de voler qui peut prendre soin des petits.<\/span><\/p>\n<p><span class=\"gts_text\" id=\"gts_text_41\">Pendant le 19\u00e8me si\u00e8cle et au d\u00e9but du 20\u00e8me si\u00e8cle, le malheureux cygne trompette a \u00e9t\u00e9 chass\u00e9 pour ses plumes pratiquement jusqu&#8217;\u00e0 son extinction.<\/span> <span class=\"gts_text\" id=\"gts_text_42\">Ses plumes sont id\u00e9ales pour les porte-plumes traditionnels.<\/span> <span class=\"gts_text\" id=\"gts_text_43\">Les cygnes \u00e9taient aussi chass\u00e9s pour leur viande, leurs oeufs et leur peau.<\/span> <span class=\"gts_text\" id=\"gts_text_44\">Ils \u00e9taient rares ou m\u00eame \u00e9teints dans la plus grande partie des Etats-Unis au d\u00e9but du 20\u00e8me si\u00e8cle.<\/span> <span class=\"gts_text\" id=\"gts_text_45\">Ind\u00e9pendamment de cela, ils ont aussi \u00e9t\u00e9 affect\u00e9s par la destruction de leur habitat et par l&#8217;empoisonnement au plomb.<\/span> <span class=\"gts_text\" id=\"gts_text_46\">Mais ils se sont repeupl\u00e9s depuis et des efforts de conservation ont \u00e9t\u00e9 effectu\u00e9s pour r\u00e9introduire ces oiseaux dans d&#8217;autres parties de leur habitat d&#8217;origine et ailleurs.<\/span> <span class=\"gts_text\" id=\"gts_text_47\">Ils peuvent vivre jusqu&#8217;\u00e0 35 ans en captivit\u00e9.<\/span> <span class=\"gts_text\" id=\"gts_text_48\">Leur dur\u00e9e de vie dans la nature est en g\u00e9n\u00e9ral de 12 \u00e0 15 ans.<\/span><\/p>\n<p><span class=\"gts_text\" id=\"gts_text_49\">\u00a0<\/span><\/p>\n","protected":false},"excerpt":{"rendered":"<p>Le cygne trompette est la plus grande esp\u00e8ce vivante d&#8217;oiseaux aquatiques du monde. Par cons\u00e9quent, c&#8217;est aussi le plus grand cygne du monde. Il est le plus grand oiseau nord-am\u00e9ricain indig\u00e8ne. Son nom vient du fait que son cri ressemble au son d&#8217;une trompette. Les m\u00e2les mesurent environ 145 \u00e0 163cm de long et p\u00e8sent &hellip; <a href=\"https:\/\/www.big-animals.com\/fr\/sauvagine\/trompettiste-cygne\/\" class=\"more-link\">Continue reading <span class=\"screen-reader-text\">Le cygne trompette<\/span><\/a><\/p>\n","protected":false},"author":1,"featured_media":0,"parent":95,"menu_order":0,"comment_status":"closed","ping_status":"open","template":"","meta":{"_acf_changed":false,"footnotes":""},"acf":[],"_links":{"self":[{"href":"https:\/\/www.big-animals.com\/fr\/wp-json\/wp\/v2\/pages\/96"}],"collection":[{"href":"https:\/\/www.big-animals.com\/fr\/wp-json\/wp\/v2\/pages"}],"about":[{"href":"https:\/\/www.big-animals.com\/fr\/wp-json\/wp\/v2\/types\/page"}],"author":[{"embeddable":true,"href":"https:\/\/www.big-animals.com\/fr\/wp-json\/wp\/v2\/users\/1"}],"replies":[{"embeddable":true,"href":"https:\/\/www.big-animals.com\/fr\/wp-json\/wp\/v2\/comments?post=96"}],"version-history":[{"count":3,"href":"https:\/\/www.big-animals.com\/fr\/wp-json\/wp\/v2\/pages\/96\/revisions"}],"predecessor-version":[{"id":385,"href":"https:\/\/www.big-animals.com\/fr\/wp-json\/wp\/v2\/pages\/96\/revisions\/385"}],"up":[{"embeddable":true,"href":"https:\/\/www.big-animals.com\/fr\/wp-json\/wp\/v2\/pages\/95"}],"wp:attachment":[{"href":"https:\/\/www.big-animals.com\/fr\/wp-json\/wp\/v2\/media?parent=96"}],"curies":[{"name":"wp","href":"https:\/\/api.w.org\/{rel}","templated":true}]}}