{"id":97,"date":"2011-06-11T20:26:57","date_gmt":"2011-06-11T20:26:57","guid":{"rendered":""},"modified":"2014-01-25T18:36:16","modified_gmt":"2014-01-25T18:36:16","slug":"eurasien-eagle-hibou","status":"publish","type":"page","link":"https:\/\/www.big-animals.com\/fr\/le-monde-grand-oiseaux\/hiboux\/eurasien-eagle-hibou\/","title":{"rendered":"Le hibou grand-duc"},"content":{"rendered":"<p><span class=\"gts_text\" id=\"gts_text_1\">Les experts en mati\u00e8re de hiboux disent que le plus grand <a class=\" gts_attribute gts_attribute_3_title\" title=\"Hiboux\" href=\"http:\/\/www.big-animals.com\/fr\/hiboux\/\">hibou<\/a> du monde est le hibou grand-duc, aussi appel\u00e9 Grand-duc d&#8217;Europe.<\/span> <span class=\"gts_text\" id=\"gts_text_2\">Certains disent que le k\u00e9toupa de\u00a0Blakiston est plus grand, mais\u00a0on n&#8217;en\u00a0a pas\u00a0de preuve.<\/span> <span class=\"gts_text\" id=\"gts_text_3\">Le hibou grand-duc a une envergure de 138 \u00e0 200 cm et mesure 58 \u00e0 75cm\u00a0de long.<\/span> <span class=\"gts_text\" id=\"gts_text_4\">Les femelles p\u00e8sent 1.75 \u00e0 4,5 kilos <\/span><span class=\"gts_text\" id=\"gts_text_5\">et les m\u00e2les 1,5 \u00e0 3,2 kilos.<\/span><\/p>\n<figure id=\"attachment_1307\" aria-describedby=\"caption-attachment-1307\" style=\"width: 300px\" class=\"wp-caption alignleft\"><a href=\"http:\/\/www.big-animals.com\/wp-content\/uploads\/2011\/06\/EurasianEagleOwl.jpg\"><img loading=\"lazy\" decoding=\"async\" class=\"size-medium wp-image-1307 gts_attribute gts_attribute_1_alt gts_attribute_4_title \" title=\"Le duc Eurasien - photographie par Adam Kumiszcza\" alt=\"Le duc Eurasien - photographie par Adam Kumiszcza\" src=\"http:\/\/www.big-animals.com\/wp-content\/uploads\/2011\/06\/EurasianEagleOwl-300x200.jpg\" width=\"300\" height=\"200\" \/><\/a><figcaption id=\"caption-attachment-1307\" class=\"wp-caption-text\">Le hibou grand-duc. Photo : Adam Kumiszcza.<\/figcaption><\/figure>\n<p><span class=\"gts_text\" id=\"gts_text_6\">Le hibou grand-duc est un grand hibou qui porte\u00a0de grandes aigrettes\u00a0et a des yeux orange vif.<\/span> <span class=\"gts_text\" id=\"gts_text_7\">Les aigrettes des m\u00e2les sont plus droites que celles des femelles.<\/span> <span class=\"gts_text\" id=\"gts_text_8\">Le menton, la gorge et la poitrine sont blancs.<\/span> <span class=\"gts_text\" id=\"gts_text_9\">L&#8217;avant du hibou a des motifs de vagues\u00a0fonc\u00e9s.<\/span> <span class=\"gts_text\" id=\"gts_text_10\">En fait, la couleur exacte du hibou grand-duc d\u00e9pend beaucoup de la sous-esp\u00e8ce dont\u00a0il est fait partie.<\/span> <span class=\"gts_text\" id=\"gts_text_11\">Son bec est noir et tr\u00e8s visible.<\/span> <span class=\"gts_text\" id=\"gts_text_12\">Ce sont\u00a0 des <a title=\"Les plus grands oiseaux du monde !\" href=\"http:\/\/www.big-animals.com\/fr\/le-monde-grand-oiseaux\/\">oiseaux<\/a> tr\u00e8s puissants.<\/span> <span class=\"gts_text\" id=\"gts_text_13\">Ils peuvent voler avec force comme les faucons.<\/span> <span class=\"gts_text\" id=\"gts_text_14\">Ils ont\u00a0des orteils couverts de plumes\u00a0qui sont longs et puissants.<\/span> <span class=\"gts_text\" id=\"gts_text_15\">Leurs serres noires sont plus longues que les griffes des l\u00e9opards.<\/span> <span class=\"gts_text\" id=\"gts_text_16\">Le hibou grand-duc, comme tous les\u00a0autres hiboux, peut diriger ses serres vers l&#8217;avant ou vers l&#8217;arri\u00e8re quand il chasse.<\/span><\/p>\n<p><span class=\"gts_text\" id=\"gts_text_17\">Ils s&#8217;alimentent de petits mammif\u00e8res, comme les campagnols, les rats, les <\/span><span class=\"gts_text\" id=\"gts_text_18\">souris et les lapins.<\/span>\u00a0Mais <span class=\"gts_text\" id=\"gts_text_19\">ils peuvent m\u00eame tuer des proies aussi grandes\u00a0que des\u00a0renards ou des faons.<\/span> <span class=\"gts_text\" id=\"gts_text_20\">Ils mangent aussi d&#8217;autres oiseaux tels que les piverts, les canards, les oiseaux de mer et les oies.<\/span><\/p>\n<p><span class=\"gts_text\" id=\"gts_text_21\">Le hibou grand-duc m\u00e2le pousse des\u00a0\u00ab\u00a0ou-hou\u00a0\u00bb monotones et profonds.<\/span> <span class=\"gts_text\" id=\"gts_text_22\">L&#8217;appel de la femelle est l\u00e9g\u00e8rement plus aigu.<\/span> <span class=\"gts_text\" id=\"gts_text_23\">Il ressemble \u00e0\u00a0\u00ab\u00a0\u00e2-hou\u00a0\u00bb.<\/span> <span class=\"gts_text\" id=\"gts_text_24\">Chaque hibou grand-duc peut \u00eatre identifi\u00e9\u00a0par son cri.<\/span><\/p>\n<figure id=\"attachment_1308\" aria-describedby=\"caption-attachment-1308\" style=\"width: 211px\" class=\"wp-caption alignright\"><a href=\"http:\/\/www.big-animals.com\/wp-content\/uploads\/2011\/06\/EurasianEagleOwlAndHuman.png\"><img loading=\"lazy\" decoding=\"async\" class=\"size-medium wp-image-1308 gts_attribute gts_attribute_2_alt gts_attribute_5_title \" title=\"Les experts disent que le duc D'Eurasien est le plus grand hibou du monde\" alt=\"Les experts disent que le duc D'Eurasien est le plus grand hibou du monde\" src=\"http:\/\/www.big-animals.com\/wp-content\/uploads\/2011\/06\/EurasianEagleOwlAndHuman-211x300.png\" width=\"211\" height=\"300\" \/><\/a><figcaption id=\"caption-attachment-1308\" class=\"wp-caption-text\">Les experts disent que le hibou grand-duc est le plus grand hibou du monde.<\/figcaption><\/figure>\n<p><span class=\"gts_text\" id=\"gts_text_25\">Ils sont en activit\u00e9 la nuit.<\/span> <span class=\"gts_text\" id=\"gts_text_26\">Ils font en g\u00e9n\u00e9ral leur nid sur les rebords des falaises \u00e0 la fin de l&#8217;hiver.<\/span> <span class=\"gts_text\" id=\"gts_text_27\">Les femelles ne pondent des oeufs qu&#8217;une fois par an.<\/span> <span class=\"gts_text\" id=\"gts_text_28\">Elles pondent\u00a0un \u00e0 quatre oeufs blancs.<\/span> <span class=\"gts_text\" id=\"gts_text_29\">Les oeufs font environ 56 \u00e0 73 mm de long et 44 \u00e0 53 mm de large<\/span><span class=\"gts_text\" id=\"gts_text_30\">.<\/span> <span class=\"gts_text\" id=\"gts_text_31\">Ils p\u00e8sent 75\u00a0\u00e0 80g.<\/span> <span class=\"gts_text\" id=\"gts_text_32\">La femelle pond ses oeufs \u00e0 3 jours d&#8217;intervalle.<\/span> <span class=\"gts_text\" id=\"gts_text_33\">La m\u00e8re\u00a0hibou\u00a0couve les oeufs\u00a0jusqu&#8217;\u00e0 ce qu&#8217;ils \u00e9closent.<\/span> <span class=\"gts_text\" id=\"gts_text_34\">Il faut environ 31 \u00e0 36 jours\u00a0jusqu&#8217;\u00e0 ce que les oeufs \u00e9closent.<\/span> <span class=\"gts_text\" id=\"gts_text_35\">Pendant que la m\u00e8re garde ses oeufs chauds, le p\u00e8re sort chasser pour elle.<\/span> <span class=\"gts_text\" id=\"gts_text_36\">Une fois que les oeufs sont \u00e9clos, la m\u00e8re s&#8217;occupe des poussins pendant environ\u00a0deux semaines.<\/span> <span class=\"gts_text\" id=\"gts_text_37\">La m\u00e8re apporte de\u00a0la nourriture et en donne des\u00a0petits morceaux \u00e0 ses poussins.<\/span> <span class=\"gts_text\" id=\"gts_text_38\">\u00c0\u00a0trois semaines, les poussins commencent \u00e0 \u00eatre ind\u00e9pendants.<\/span> <span class=\"gts_text\" id=\"gts_text_39\">Ils s&#8217;alimentent et commencent \u00e0 avaler la nourriture en entier.<\/span> <span class=\"gts_text\" id=\"gts_text_40\">\u00c0\u00a0cinq semaines les poussins commencent \u00e0 marcher autour de la zone de nidification.<\/span> <span class=\"gts_text\" id=\"gts_text_41\">Puis \u00e0 52 jours, ils peuvent voler sur quelques m\u00e8tres.<\/span> <span class=\"gts_text\" id=\"gts_text_42\">Ils peuvent quitter leur nid d\u00e8s l&#8217;\u00e2ge de\u00a03 \u00e0 4 semaines s&#8217;il est batti \u00e0 m\u00eame le sol, mais si le nid est haut perch\u00e9, les poussins attendent plus longtemps,\u00a0jusqu&#8217;\u00e0 l&#8217;\u00e2ge de 5 \u00e0 7 semaines.<\/span> <span class=\"gts_text\" id=\"gts_text_43\">Autrement ils tomberaient \u00e0 terre et ne pourraient plus remonter !<\/span><\/p>\n<p><span class=\"gts_text\" id=\"gts_text_44\">Les parents des\u00a0jeunes oiseaux qui ont des plumes d&#8217;ailes et sont assez grands pour voler s&#8217;occupent d&#8217;eux\u00a0pendant environ 20 \u00e0 24 semaines.<\/span> <span class=\"gts_text\" id=\"gts_text_45\">Le hibou grand-duc peut vivre jusqu&#8217;\u00e0 20 ans dans la nature\u00a0mais jusqu&#8217;\u00e0 60 en captivit\u00e9.<\/span> <span class=\"gts_text\" id=\"gts_text_46\">Ils n&#8217;ont aucun pr\u00e9dateur \u00e0 part les \u00eatres\u00a0humains.<\/span><\/p>\n<p><span class=\"gts_text\" id=\"gts_text_47\">On en trouve dans toutes les r\u00e9gions de l&#8217;Europe et du Moyen-Orient et \u00e9galement sur le continent africain.<\/span> <span class=\"gts_text\" id=\"gts_text_48\">Ils sont tr\u00e8s r\u00e9sistants et peuvent se multiplier dans le d\u00e9sert du Sahara qui est extr\u00eamement sec.<\/span>\u00a0<span class=\"gts_text\" id=\"gts_text_49\">Mais ils pr\u00e9f\u00e8rent faire leur nid pr\u00e8s des r\u00e9gions bois\u00e9es, des vall\u00e9es fluviales, des ravins et des zones rocheuses.<\/span><\/p>\n<p><span class=\"gts_text\" id=\"gts_text_50\">\u00a0<\/span><\/p>\n","protected":false},"excerpt":{"rendered":"<p>Les experts en mati\u00e8re de hiboux disent que le plus grand hibou du monde est le hibou grand-duc, aussi appel\u00e9 Grand-duc d&#8217;Europe. Certains disent que le k\u00e9toupa de\u00a0Blakiston est plus grand, mais\u00a0on n&#8217;en\u00a0a pas\u00a0de preuve. Le hibou grand-duc a une envergure de 138 \u00e0 200 cm et mesure 58 \u00e0 75cm\u00a0de long. Les femelles p\u00e8sent &hellip; <a href=\"https:\/\/www.big-animals.com\/fr\/le-monde-grand-oiseaux\/hiboux\/eurasien-eagle-hibou\/\" class=\"more-link\">Continue reading <span class=\"screen-reader-text\">Le hibou grand-duc<\/span><\/a><\/p>\n","protected":false},"author":1,"featured_media":0,"parent":99,"menu_order":0,"comment_status":"closed","ping_status":"open","template":"","meta":{"_acf_changed":false,"footnotes":""},"acf":[],"_links":{"self":[{"href":"https:\/\/www.big-animals.com\/fr\/wp-json\/wp\/v2\/pages\/97"}],"collection":[{"href":"https:\/\/www.big-animals.com\/fr\/wp-json\/wp\/v2\/pages"}],"about":[{"href":"https:\/\/www.big-animals.com\/fr\/wp-json\/wp\/v2\/types\/page"}],"author":[{"embeddable":true,"href":"https:\/\/www.big-animals.com\/fr\/wp-json\/wp\/v2\/users\/1"}],"replies":[{"embeddable":true,"href":"https:\/\/www.big-animals.com\/fr\/wp-json\/wp\/v2\/comments?post=97"}],"version-history":[{"count":2,"href":"https:\/\/www.big-animals.com\/fr\/wp-json\/wp\/v2\/pages\/97\/revisions"}],"predecessor-version":[{"id":393,"href":"https:\/\/www.big-animals.com\/fr\/wp-json\/wp\/v2\/pages\/97\/revisions\/393"}],"up":[{"embeddable":true,"href":"https:\/\/www.big-animals.com\/fr\/wp-json\/wp\/v2\/pages\/99"}],"wp:attachment":[{"href":"https:\/\/www.big-animals.com\/fr\/wp-json\/wp\/v2\/media?parent=97"}],"curies":[{"name":"wp","href":"https:\/\/api.w.org\/{rel}","templated":true}]}}