{"id":98,"date":"2011-06-11T21:24:30","date_gmt":"2011-06-11T21:24:30","guid":{"rendered":""},"modified":"2014-01-27T11:48:14","modified_gmt":"2014-01-27T11:48:14","slug":"cubain-geant-hibou","status":"publish","type":"page","link":"https:\/\/www.big-animals.com\/fr\/le-monde-grand-oiseaux\/hiboux\/cubain-geant-hibou\/","title":{"rendered":"Hibou g\u00e9ant cubain"},"content":{"rendered":"<figure id=\"attachment_1316\" aria-describedby=\"caption-attachment-1316\" style=\"width: 265px\" class=\"wp-caption alignright\"><a href=\"http:\/\/www.big-animals.com\/wp-content\/uploads\/2011\/06\/Cuban_Giant_Owl_And_Human.png\"><img loading=\"lazy\" decoding=\"async\" class=\"size-medium wp-image-1316 gts_attribute gts_attribute_1_alt gts_attribute_2_title\" title=\"Le hibou g\u00e9ant cubain \u00e9tait le plus grand hibou jamais\" alt=\"Le hibou g\u00e9ant cubain \u00e9tait le plus grand hibou jamais\" src=\"http:\/\/www.big-animals.com\/wp-content\/uploads\/2011\/06\/Cuban_Giant_Owl_And_Human-265x300.png\" width=\"265\" height=\"300\" \/><\/a><figcaption id=\"caption-attachment-1316\" class=\"wp-caption-text\">The Cuban Giant Owl was the Biggest Owl Ever<\/figcaption><\/figure>\n<p><span class=\"gts_text\" id=\"gts_text_1\">Le hibou g\u00e9ant cubain ou le hibou Cursorial g\u00e9ant (Ornimegalonyx) est des esp\u00e8ces \u00e9teintes de hibou g\u00e9ant.<\/span> <span class=\"gts_text\" id=\"gts_text_2\">Il est all\u00e9 il y a des environ 9000 ans \u00e9teint.<\/span> <span class=\"gts_text\" id=\"gts_text_3\">Ses fossiles ont \u00e9t\u00e9 d\u00e9couverts sur l&#8217;\u00eele du Cuba.<\/span> <span class=\"gts_text\" id=\"gts_text_4\">C&#8217;est le plus grand jamais hibou.<\/span><\/p>\n<p><span class=\"gts_text\" id=\"gts_text_5\">Ce hibou g\u00e9ant \u00e9tait d&#8217;environ 1,1 m (43,3 pouces) de grand.<\/span> <span class=\"gts_text\" id=\"gts_text_6\">Ce hibou g\u00e9ant a pu seulement piloter des distances courtes, comme une dinde sauvage moderne, ou probablement pas du tout.<\/span> <span class=\"gts_text\" id=\"gts_text_7\">Il a probablement pes\u00e9 plus que 9kg (20lb).<\/span> <span class=\"gts_text\" id=\"gts_text_8\">Il a eu des jambes puissantes tr\u00e8s longues, un corps encombrant et une queue courte.<\/span> <span class=\"gts_text\" id=\"gts_text_9\">C&#8217;\u00e9tait un coureur puissant.<\/span> <span class=\"gts_text\" id=\"gts_text_10\">En bref, ils ont pr\u00e9f\u00e9r\u00e9 fonctionner plut\u00f4t que pour voler, \u00e0 moins qu&#8217;il ait \u00e9t\u00e9 forc\u00e9 \u00e0.<\/span><\/p>\n<p><span class=\"gts_text\" id=\"gts_text_11\">Ils ont nich\u00e9 dans les cavernes et ont chass\u00e9 pour des rongeurs et des paresses au sol dans la for\u00eat.<\/span> <span class=\"gts_text\" id=\"gts_text_12\">Ils pouvaient tuer la proie pesant plus que 35kg.<\/span><\/p>\n<p><span class=\"gts_text\" id=\"gts_text_13\">\u00a0<\/span><\/p>\n","protected":false},"excerpt":{"rendered":"<p>Le hibou g\u00e9ant cubain ou le hibou Cursorial g\u00e9ant (Ornimegalonyx) est des esp\u00e8ces \u00e9teintes de hibou g\u00e9ant. Il est all\u00e9 il y a des environ 9000 ans \u00e9teint. Ses fossiles ont \u00e9t\u00e9 d\u00e9couverts sur l&#8217;\u00eele du Cuba. C&#8217;est le plus grand jamais hibou. Ce hibou g\u00e9ant \u00e9tait d&#8217;environ 1,1 m (43,3 pouces) de grand. Ce &hellip; <a href=\"https:\/\/www.big-animals.com\/fr\/le-monde-grand-oiseaux\/hiboux\/cubain-geant-hibou\/\" class=\"more-link\">Continue reading <span class=\"screen-reader-text\">Hibou g\u00e9ant cubain<\/span><\/a><\/p>\n","protected":false},"author":1,"featured_media":0,"parent":99,"menu_order":0,"comment_status":"closed","ping_status":"open","template":"","meta":{"_acf_changed":false,"footnotes":""},"acf":[],"_links":{"self":[{"href":"https:\/\/www.big-animals.com\/fr\/wp-json\/wp\/v2\/pages\/98"}],"collection":[{"href":"https:\/\/www.big-animals.com\/fr\/wp-json\/wp\/v2\/pages"}],"about":[{"href":"https:\/\/www.big-animals.com\/fr\/wp-json\/wp\/v2\/types\/page"}],"author":[{"embeddable":true,"href":"https:\/\/www.big-animals.com\/fr\/wp-json\/wp\/v2\/users\/1"}],"replies":[{"embeddable":true,"href":"https:\/\/www.big-animals.com\/fr\/wp-json\/wp\/v2\/comments?post=98"}],"version-history":[{"count":1,"href":"https:\/\/www.big-animals.com\/fr\/wp-json\/wp\/v2\/pages\/98\/revisions"}],"predecessor-version":[{"id":416,"href":"https:\/\/www.big-animals.com\/fr\/wp-json\/wp\/v2\/pages\/98\/revisions\/416"}],"up":[{"embeddable":true,"href":"https:\/\/www.big-animals.com\/fr\/wp-json\/wp\/v2\/pages\/99"}],"wp:attachment":[{"href":"https:\/\/www.big-animals.com\/fr\/wp-json\/wp\/v2\/media?parent=98"}],"curies":[{"name":"wp","href":"https:\/\/api.w.org\/{rel}","templated":true}]}}