{"id":99,"date":"2011-06-11T21:30:56","date_gmt":"2011-06-11T21:30:56","guid":{"rendered":""},"modified":"2014-01-25T19:32:59","modified_gmt":"2014-01-25T19:32:59","slug":"hiboux","status":"publish","type":"page","link":"https:\/\/www.big-animals.com\/fr\/le-monde-grand-oiseaux\/hiboux\/","title":{"rendered":"Les hiboux"},"content":{"rendered":"<figure id=\"attachment_1303\" aria-describedby=\"caption-attachment-1303\" style=\"width: 156px\" class=\"wp-caption alignright\"><a href=\"http:\/\/www.big-animals.com\/wp-content\/uploads\/2011\/06\/Northern_Spotted_Owl.jpg\"><img loading=\"lazy\" decoding=\"async\" class=\"size-medium wp-image-1303 gts_attribute gts_attribute_1_alt gts_attribute_3_title\" title=\"Hibou rep\u00e9r\u00e9 du nord\" alt=\"Hibou rep\u00e9r\u00e9 du nord\" src=\"http:\/\/www.big-animals.com\/wp-content\/uploads\/2011\/06\/Northern_Spotted_Owl-156x300.jpg\" width=\"156\" height=\"300\" \/><\/a><figcaption id=\"caption-attachment-1303\" class=\"wp-caption-text\">Chouette tachet\u00e9e du Nord<\/figcaption><\/figure>\n<p><span class=\"gts_text\" id=\"gts_text_1\">Il y a 200 esp\u00e8ces des hiboux dans le monde.<\/span> <span class=\"gts_text\" id=\"gts_text_2\">Ils ont\u00a0un tr\u00e8s bon sens de l&#8217;audition et de la vue.<\/span> <span class=\"gts_text\" id=\"gts_text_3\">On peut\u00a0en trouver partout dans le monde sauf en Antarctique, dans la majeure partie du Groenland et\u00a0sur quelques \u00eeles isol\u00e9es.<\/span> <span class=\"gts_text\" id=\"gts_text_4\">Leurs oeufs sont blancs et sph\u00e8riques.<\/span> <span class=\"gts_text\" id=\"gts_text_5\">Ils pondent\u00a0jusqu&#8217;\u00e0 une douzaine d&#8217;oeufs, selon les esp\u00e8ces.<\/span> <span class=\"gts_text\" id=\"gts_text_6\">La m\u00e8re \u00a0hibou prend son temps pour pondre ses oeufs.<\/span> Elles les pond\u00a0<span class=\"gts_text\" id=\"gts_text_7\">\u00e0 des intervalles de 1 \u00e0 3 jours et pas d&#8217;un seul coup.<\/span> <span class=\"gts_text\" id=\"gts_text_8\">\u00c0 la diff\u00e9rence d&#8217;autres <a class=\" gts_attribute gts_attribute_4_title\" title=\"Les plus grands oiseaux du monde !\" href=\"http:\/\/www.big-animals.com\/fr\/le-monde-grand-oiseaux\/\">oiseaux<\/a>, les hiboux ne b\u00e2tissent pas\u00a0de nid.<\/span> <span class=\"gts_text\" id=\"gts_text_9\">\u00a0Ils recherchent un endroit abrit\u00e9 ou un nid abandonn\u00e9 dans les arbres, un terrier souterrain ou des b\u00e2timents, granges\u00a0ou grottes.<\/span><\/p>\n<p><span class=\"gts_text\" id=\"gts_text_10\">La plupart des hiboux sont en activit\u00e9 la nuit et dorment pendant la journ\u00e9e, exactement comme les <a title=\"Les chauve-souris\" href=\"http:\/\/www.big-animals.com\/fr\/battes\/\">chauves-souris<\/a>.<\/span> <span class=\"gts_text\" id=\"gts_text_11\">Certains sont en activit\u00e9 \u00e0 l&#8217;aube ou au cr\u00e9puscule, comme la chev\u00eachette.<\/span> Certains <span class=\"gts_text\" id=\"gts_text_12\">hiboux, comme la chev\u00eache des terriers et le hibou des marais, sont en activit\u00e9 pendant la journ\u00e9e.<\/span><\/p>\n<p><span class=\"gts_text\" id=\"gts_text_13\">Les hiboux peuvent poursuivre leurs proies tranquillement et les prendre par surprise.<\/span> <span class=\"gts_text\" id=\"gts_text_14\">C&#8217;est parce qu&#8217;ils sont couverts de plumes de couleurs neutres qui les camouflent.<\/span> <span class=\"gts_text\" id=\"gts_text_15\">Les hiboux ont tendance \u00e0 avoir les couleurs de leur environnement.<\/span> <span class=\"gts_text\" id=\"gts_text_16\">Le harfang des neiges, par exemple, qui est parfaitement blanc, se m\u00e9lange parfaitement dans son environnement de neige.<\/span> <span class=\"gts_text\" id=\"gts_text_17\">La chouette ocell\u00e9e\u00a0a des plumes brunes, beiges et noires qui la rendent presque invisible parmi les arbres de la for\u00eat.<\/span> <span class=\"gts_text\" id=\"gts_text_18\">Le plus grand hibou du monde est le <a class=\" gts_attribute gts_attribute_5_title\" title=\"Le hibou grand-duc\" href=\"http:\/\/www.big-animals.com\/fr\/hiboux\/eurasien-eagle-hibou\/\">hibou grand-duc<\/a>.<\/span> <span class=\"gts_text\" id=\"gts_text_19\">Le plus grand hibou\u00a0de tous les temps\u00a0\u00e9tait l&#8217;<a class=\" gts_attribute gts_attribute_6_title\" title=\"Hibou g\u00e9ant cubain\" href=\"http:\/\/www.big-animals.com\/fr\/cubain-geant-hibou\/\"><em>Ornimegalonyx<\/em>\u00a0de Cuba<\/a>, qui\u00a0faisait environ 1,1 m\u00e8tre de\u00a0haut !<\/span><\/p>\n<figure id=\"attachment_1304\" aria-describedby=\"caption-attachment-1304\" style=\"width: 257px\" class=\"wp-caption alignleft\"><a href=\"http:\/\/www.big-animals.com\/wp-content\/uploads\/2011\/06\/Snowy_owl.jpg\"><img loading=\"lazy\" decoding=\"async\" class=\"size-medium wp-image-1304 gts_attribute gts_attribute_2_alt gts_attribute_7_title\" title=\"Hibou de Milou\" alt=\"Hibou de Milou\" src=\"http:\/\/www.big-animals.com\/wp-content\/uploads\/2011\/06\/Snowy_owl-257x300.jpg\" width=\"257\" height=\"300\" \/><\/a><figcaption id=\"caption-attachment-1304\" class=\"wp-caption-text\">Un harfang des neiges<\/figcaption><\/figure>\n<p><span class=\"gts_text\" id=\"gts_text_20\">Les hiboux ont des ailes sp\u00e9ciales qui leur permettent de voler silencieusement.<\/span> <span class=\"gts_text\" id=\"gts_text_21\">Ils ont un bec pointu et des griffes pointues puissantes qu&#8217;ils utilisent pour tuer leur proie.<\/span> <span class=\"gts_text\" id=\"gts_text_22\">Ensuite, ils l&#8217;avalent en entier, \u00e0 moins qu&#8217;elle soit trop grande.<\/span> <span class=\"gts_text\" id=\"gts_text_23\">Leur bec est court, incurv\u00e9 et tourn\u00e9 vers le bas.<\/span> <span class=\"gts_text\" id=\"gts_text_24\">Comme il est tourn\u00e9 vers le bas, il ne les emp\u00eache pas de voir devant eux.<\/span> <span class=\"gts_text\" id=\"gts_text_25\">Les hiboux se nourrissent d&#8217;insectes et de petits rongeurs comme les souris, les rats et les lapins.<\/span> <span class=\"gts_text\" id=\"gts_text_26\">Certains ne mangent que des poissons.<\/span><\/p>\n<p><span class=\"gts_text\" id=\"gts_text_27\">Les hiboux ne peuvent pas d\u00e9placer leurs yeux, mais ils peuvent faire tourner leur t\u00eate de 270 degr\u00e9s autour d&#8217;eux\u00a0!<\/span> <span class=\"gts_text\" id=\"gts_text_28\">Etonnant, non\u00a0?<\/span> <span class=\"gts_text\" id=\"gts_text_29\">Comme ils peuvent regarder autour sans d\u00e9placer leur corps, ils font tr\u00e8s peu de bruit quand ils chassent.<\/span> <span class=\"gts_text\" id=\"gts_text_30\">Les yeux des hiboux sont plac\u00e9s c\u00f4te-\u00e0-c\u00f4te, contrairement \u00e0 ceux des autres oiseaux.<\/span> <span class=\"gts_text\" id=\"gts_text_31\">Ils peuvent donc utiliser leurs deux yeux pour voir des objets \u00e9loign\u00e9s.<\/span> <span class=\"gts_text\" id=\"gts_text_32\">Mais ils sont hyperm\u00e9tropes et ne peuvent pas voir ce qui se trouve \u00e0 quelques centim\u00e8tres de leurs yeux.<\/span><\/p>\n<p><span class=\"gts_text\" id=\"gts_text_33\">Les hiboux ont des oreilles qui sont plac\u00e9es \u00e0 diff\u00e9rents endroits sur le cr\u00e2ne.<\/span> <span class=\"gts_text\" id=\"gts_text_34\">Cela les aide \u00e0 savoir o\u00f9 est leur proie.<\/span> <span class=\"gts_text\" id=\"gts_text_35\">Ils peuvent d\u00e9tecter des bruits aussi discrets que les pas d&#8217;une souris.<\/span><\/p>\n","protected":false},"excerpt":{"rendered":"<p>Il y a 200 esp\u00e8ces des hiboux dans le monde. Ils ont\u00a0un tr\u00e8s bon sens de l&#8217;audition et de la vue. On peut\u00a0en trouver partout dans le monde sauf en Antarctique, dans la majeure partie du Groenland et\u00a0sur quelques \u00eeles isol\u00e9es. Leurs oeufs sont blancs et sph\u00e8riques. Ils pondent\u00a0jusqu&#8217;\u00e0 une douzaine d&#8217;oeufs, selon les esp\u00e8ces. &hellip; <a href=\"https:\/\/www.big-animals.com\/fr\/le-monde-grand-oiseaux\/hiboux\/\" class=\"more-link\">Continue reading <span class=\"screen-reader-text\">Les hiboux<\/span><\/a><\/p>\n","protected":false},"author":1,"featured_media":0,"parent":77,"menu_order":0,"comment_status":"closed","ping_status":"open","template":"","meta":{"_acf_changed":false,"footnotes":""},"acf":[],"_links":{"self":[{"href":"https:\/\/www.big-animals.com\/fr\/wp-json\/wp\/v2\/pages\/99"}],"collection":[{"href":"https:\/\/www.big-animals.com\/fr\/wp-json\/wp\/v2\/pages"}],"about":[{"href":"https:\/\/www.big-animals.com\/fr\/wp-json\/wp\/v2\/types\/page"}],"author":[{"embeddable":true,"href":"https:\/\/www.big-animals.com\/fr\/wp-json\/wp\/v2\/users\/1"}],"replies":[{"embeddable":true,"href":"https:\/\/www.big-animals.com\/fr\/wp-json\/wp\/v2\/comments?post=99"}],"version-history":[{"count":3,"href":"https:\/\/www.big-animals.com\/fr\/wp-json\/wp\/v2\/pages\/99\/revisions"}],"predecessor-version":[{"id":394,"href":"https:\/\/www.big-animals.com\/fr\/wp-json\/wp\/v2\/pages\/99\/revisions\/394"}],"up":[{"embeddable":true,"href":"https:\/\/www.big-animals.com\/fr\/wp-json\/wp\/v2\/pages\/77"}],"wp:attachment":[{"href":"https:\/\/www.big-animals.com\/fr\/wp-json\/wp\/v2\/media?parent=99"}],"curies":[{"name":"wp","href":"https:\/\/api.w.org\/{rel}","templated":true}]}}