{"id":106,"date":"2013-07-29T16:29:39","date_gmt":"2013-07-29T16:29:39","guid":{"rendered":"http:\/\/www.big-animals.com\/it\/columbidae\/dodo\/"},"modified":"2014-01-31T16:48:39","modified_gmt":"2014-01-31T16:48:39","slug":"dodo","status":"publish","type":"page","link":"https:\/\/www.big-animals.com\/it\/columbidae\/dodo\/","title":{"rendered":"Dodo"},"content":{"rendered":"<figure id=\"attachment_1416\" aria-describedby=\"caption-attachment-1416\" style=\"width: 300px\" class=\"wp-caption alignleft\"><a href=\"http:\/\/www.big-animals.com\/wp-content\/uploads\/2011\/06\/Dodo_and_Human.png\"><img loading=\"lazy\" decoding=\"async\" class=\"size-medium wp-image-1416 gts_attribute gts_attribute_1_alt gts_attribute_2_title\" title=\"Il dodo era mai il pi\u00f9 grande piccione\" alt=\"Il dodo era mai il pi\u00f9 grande piccione\" src=\"http:\/\/www.big-animals.com\/wp-content\/uploads\/2011\/06\/Dodo_and_Human-300x244.png\" width=\"300\" height=\"244\" \/><\/a><figcaption id=\"caption-attachment-1416\" class=\"wp-caption-text\">Il dodo \u00e8 il pi\u00f9 grande uccello columbiforme mai esistito al modo<\/figcaption><\/figure>\n<p style=\"text-align: left\"><span class=\"gts_text\" id=\"gts_text_1\">Il dodo, il cui nome scientifico \u00e8\u00a0<em>Raphus cucullatus,<\/em>\u00a0\u00e8 il pi\u00f9 grande\u00a0uccello columbiforme\u00a0della famiglia <a title=\"Dodo\" href=\"http:\/\/www.big-animals.com\/it\/columbidae\">Columbidae<\/a>\u00a0mai esistito al mondo. Il<\/span><span class=\"gts_text\" id=\"gts_text_2\">\u00a0suo areale principale era l&#8217;isola di Mauritius, nell&#8217;Oceano Indiano.<\/span> <span class=\"gts_text\" id=\"gts_text_3\">Era alto circa 1 m e pesava pressappoco 23 kg.<\/span> Questo grande uccello si nutriva principalmente di bacche, foglie e semi e, non essendo<span class=\"gts_text\" id=\"gts_text_5\">\u00a0in grado di volare, nidificava a terra.<\/span><\/p>\n<p style=\"text-align: left\"><span class=\"gts_text\" id=\"gts_text_6\">Si \u00e8 estinto intorno alla seconda met\u00e0 del XVII secolo.<\/span> <span class=\"gts_text\" id=\"gts_text_7\">Il dodo aveva piume di colore marrone grigiastro,\u00a0<\/span><span class=\"gts_text\" id=\"gts_text_8\">possedeva un \u00a0lungo e grosso becco incurvato di circa 23 cm,<\/span><span class=\"gts_text\" id=\"gts_text_9\">\u00a0ali molto piccole, due zampe gialle e grasse e una coda formata da un ciuffo di piume semi arrotolate.<\/span><\/p>\n<p style=\"text-align: left\"><span class=\"gts_text\" id=\"gts_text_10\">Poich\u00e9 non non era in grado di volare, n\u00e9 era impaurito dagli esseri umani, era una facile preda.<\/span> <span class=\"gts_text\" id=\"gts_text_11\">Quando l&#8217;uomo arriv\u00f2 sull&#8217;isola di Mauritius, port\u00f2 con s\u00e9 altri animali come cani, maiali, ratti e macachi dalla coda lunga che predavano i nidi di questi grandi uccelli.<\/span> <span class=\"gts_text\" id=\"gts_text_12\">Ora il dodo \u00e8 scomparso per sempre.<\/span><\/p>\n<p style=\"text-align: left\"><span class=\"gts_text\" id=\"gts_text_13\">\u00a0<\/span><\/p>\n","protected":false},"excerpt":{"rendered":"<p>Il dodo, il cui nome scientifico \u00e8\u00a0Raphus cucullatus,\u00a0\u00e8 il pi\u00f9 grande\u00a0uccello columbiforme\u00a0della famiglia Columbidae\u00a0mai esistito al mondo. Il\u00a0suo areale principale era l&#8217;isola di Mauritius, nell&#8217;Oceano Indiano. Era alto circa 1 m e pesava pressappoco 23 kg. Questo grande uccello si nutriva principalmente di bacche, foglie e semi e, non essendo\u00a0in grado di volare, nidificava a &hellip; <a href=\"https:\/\/www.big-animals.com\/it\/columbidae\/dodo\/\" class=\"more-link\">Continue reading <span class=\"screen-reader-text\">Dodo<\/span><\/a><\/p>\n","protected":false},"author":1,"featured_media":0,"parent":103,"menu_order":0,"comment_status":"closed","ping_status":"open","template":"","meta":{"_acf_changed":false,"footnotes":""},"acf":[],"_links":{"self":[{"href":"https:\/\/www.big-animals.com\/it\/wp-json\/wp\/v2\/pages\/106"}],"collection":[{"href":"https:\/\/www.big-animals.com\/it\/wp-json\/wp\/v2\/pages"}],"about":[{"href":"https:\/\/www.big-animals.com\/it\/wp-json\/wp\/v2\/types\/page"}],"author":[{"embeddable":true,"href":"https:\/\/www.big-animals.com\/it\/wp-json\/wp\/v2\/users\/1"}],"replies":[{"embeddable":true,"href":"https:\/\/www.big-animals.com\/it\/wp-json\/wp\/v2\/comments?post=106"}],"version-history":[{"count":7,"href":"https:\/\/www.big-animals.com\/it\/wp-json\/wp\/v2\/pages\/106\/revisions"}],"predecessor-version":[{"id":334,"href":"https:\/\/www.big-animals.com\/it\/wp-json\/wp\/v2\/pages\/106\/revisions\/334"}],"up":[{"embeddable":true,"href":"https:\/\/www.big-animals.com\/it\/wp-json\/wp\/v2\/pages\/103"}],"wp:attachment":[{"href":"https:\/\/www.big-animals.com\/it\/wp-json\/wp\/v2\/media?parent=106"}],"curies":[{"name":"wp","href":"https:\/\/api.w.org\/{rel}","templated":true}]}}