{"id":108,"date":"2011-07-03T00:34:41","date_gmt":"2011-07-03T00:34:41","guid":{"rendered":""},"modified":"2014-10-04T18:59:45","modified_gmt":"2014-10-04T18:59:45","slug":"nord-americano-selvaggio-tacchino","status":"publish","type":"page","link":"https:\/\/www.big-animals.com\/it\/nord-americano-selvaggio-tacchino\/","title":{"rendered":"Il tacchino selvatico nordamericano"},"content":{"rendered":"<p><span id=\"gts_text_1\" class=\"gts_text\">Il tacchino selvatico nordamericano vive in America settentrionale.<\/span> <span id=\"gts_text_2\" class=\"gts_text\">\u00c8 il\u00a0pi\u00f9 pesante e pi\u00f9 grande dei <a title=\"Galliformi\" href=\"http:\/\/www.big-animals.com\/it\/galliformes\/\">galliformi<\/a> ed appartiene alla<\/span><span id=\"gts_text_3\" class=\"gts_text\"> stessa specie del tacchino domestico.<\/span> <span id=\"gts_text_4\" class=\"gts_text\">I tacchini domestici o addomesticati furono addomesticati dalle sottospecie messicane meridionali del tacchino selvatico.<\/span> <span id=\"gts_text_5\" class=\"gts_text\">I tacchini domestici sono quelli serviti normalmente dagli americani per il giorno del Ringraziamento o a Natale e vengono<\/span><span id=\"gts_text_6\" class=\"gts_text\"> allevati in aziende agricole.<\/span><\/p>\n<figure id=\"attachment_1446\" aria-describedby=\"caption-attachment-1446\" style=\"width: 300px\" class=\"wp-caption alignleft\"><a href=\"http:\/\/www.big-animals.com\/wp-content\/uploads\/2011\/07\/NorthAmericanWildTurkey.jpg\"><img loading=\"lazy\" decoding=\"async\" class=\"size-medium wp-image-1446 gts_attribute gts_attribute_1_alt gts_attribute_4_title\" title=\"La Turchia selvaggia nordamericana \u00e8 un bello uccello - fotografia da Malene Thyssen\" src=\"http:\/\/www.big-animals.com\/wp-content\/uploads\/2011\/07\/NorthAmericanWildTurkey-300x233.jpg\" alt=\"La Turchia selvaggia nordamericana \u00e8 un bello uccello - fotografia da Malene Thyssen\" width=\"300\" height=\"233\" \/><\/a><figcaption id=\"caption-attachment-1446\" class=\"wp-caption-text\">Il tacchino selvatico nordamericano \u00e8 un uccello bellissino &#8211; foto di Malene Thyssen<\/figcaption><\/figure>\n<p><span id=\"gts_text_7\" class=\"gts_text\">I tacchini selvaggi adulti hanno delle lunghe zampe che sfumano dal giallo-rossastro al grigio-verdastro ed un corpo nero.<\/span> <span id=\"gts_text_8\" class=\"gts_text\">I maschi gonfiano <\/span><span id=\"gts_text_9\" class=\"gts_text\">il loro corpo e aprono le piume della coda come dei bei pavoni.<\/span> <span id=\"gts_text_10\" class=\"gts_text\">Hanno una grande testa rossastra e priva di piume, una gola rossa e dei bargigli rossi\u00a0sulla gola e sul collo. Il bargiglio \u00e8 un lembo<\/span><span id=\"gts_text_11\" class=\"gts_text\">\u00a0di pelle.<\/span> <span id=\"gts_text_12\" class=\"gts_text\">La loro testa ha delle escrescenze carnose chiamate <em>caruncole,<\/em> che diventano <\/span><span id=\"gts_text_13\" class=\"gts_text\">rosse quando il tacchino \u00e8 arrabbiato.<\/span>\u00a0Q<span id=\"gts_text_14\" class=\"gts_text\">uando un tacchino maschio \u00e8 eccitato, la sua testa diventa blu mentre quando \u00e8 pronto a combattere, diventa rossa.<\/span> <span id=\"gts_text_15\" class=\"gts_text\">\u00c8 un uccello cos\u00ec sorprendentemente colorato!<\/span> <span id=\"gts_text_16\" class=\"gts_text\">Ciascuna delle sue zampe ha 3 artigli del piede ed i maschi hanno un&#8217;arma speciale chiamata sperone dietro ciascuna zampa che viene <\/span><span id=\"gts_text_17\" class=\"gts_text\">usata durante la lotta.<\/span> La lunga parte carnosa<span id=\"gts_text_18\" class=\"gts_text\"> sopra al becco del maschi \u00e8\u00a0 una caruncola.<\/span> <span id=\"gts_text_19\" class=\"gts_text\">La caruncola diventa rosso acceso quando l&#8217;animale \u00e8 arrabbiato.<\/span><\/p>\n<p><span id=\"gts_text_20\" class=\"gts_text\">I tacchini selvaggi hanno una lunga coda scura a forma di ventaglio e le ali lucide color bronzo.<\/span> <span id=\"gts_text_21\" class=\"gts_text\">Le piume dei maschi hanno tutti i tipi di colori.<\/span> <span id=\"gts_text_22\" class=\"gts_text\">Ci sono parti rosse, viola, verdi, rame, bronzo ed<\/span><span class=\"gts_text\" style=\"line-height: 1.5em\">\u00a0alcune parti anche sembrano addirittura dorate da determinati punti di vista.<\/span><span id=\"gts_text_23\" class=\"gts_text\" style=\"line-height: 1.5em\">Un tacchino femmina si chiama tacchina. Le femmine hanno colori meno brillanti, s<\/span><span id=\"gts_text_25\" class=\"gts_text\" style=\"line-height: 1.5em\">ono normalmente marroni e grigie.<\/span><span style=\"line-height: 1.5em\">\u00a0<\/span><span id=\"gts_text_26\" class=\"gts_text\" style=\"line-height: 1.5em\">I tacchini hanno dalle 5000 alle 6000 piume. L<\/span><span id=\"gts_text_27\" class=\"gts_text\" style=\"line-height: 1.5em\">e piume della coda dei<span id=\"gts_text_27\" class=\"gts_text\" style=\"line-height: 1.5em\"> tacchini adulti hanno<\/span> la stessa lunghezza, ma quelle dei tacchini pi\u00f9 giovani hanno lunghezze diverse.<\/span><\/p>\n<figure id=\"attachment_1448\" aria-describedby=\"caption-attachment-1448\" style=\"width: 300px\" class=\"wp-caption alignright\"><a href=\"http:\/\/www.big-animals.com\/wp-content\/uploads\/2011\/07\/Wild_turkey_and_human.png\"><img loading=\"lazy\" decoding=\"async\" class=\"size-medium wp-image-1448 gts_attribute gts_attribute_2_alt gts_attribute_5_title\" title=\"La Turchia ed essere umano selvaggi nordamericani\" src=\"http:\/\/www.big-animals.com\/wp-content\/uploads\/2011\/07\/Wild_turkey_and_human-300x273.png\" alt=\"La Turchia ed essere umano selvaggi nordamericani\" width=\"300\" height=\"273\" \/><\/a><figcaption id=\"caption-attachment-1448\" class=\"wp-caption-text\">Il tacchino selvatico nordamericano ed un umano<\/figcaption><\/figure>\n<p><span id=\"gts_text_28\" class=\"gts_text\">Il tacchino maschio tende ad avere una &#8220;barba&#8221;, un ciuffo o dei peli spessi che crescono dal centro del petto.<\/span>\u00a0<span id=\"gts_text_29\" class=\"gts_text\">Le barbe sono lunghe circa 230 mm.<\/span> <span id=\"gts_text_30\" class=\"gts_text\">La cosa divertente \u00e8 che anche alcune femmine hanno una barba, ma \u00e8 solitamente pi\u00f9 corta e sottile.\u00a0<\/span><span id=\"gts_text_31\" class=\"gts_text\">Il maschio adulto pesa fra i 5 e gli 11 kg e misura dai 100 \u00a0ai 125 cm.<\/span> <span id=\"gts_text_32\" class=\"gts_text\">La femmina adulta \u00e8 molto pi\u00f9 piccola.<\/span> Pesa<span id=\"gts_text_33\" class=\"gts_text\">\u00a0fra i 3 e i 5,4 kg e misura fra i 76 e i 95 cm di lunghezza.<\/span> <span id=\"gts_text_34\" class=\"gts_text\">La loro apertura alare varia da 1,25 a 1,44 m.<\/span> <span id=\"gts_text_35\" class=\"gts_text\">Sebbene siano pesanti, sono dei buoni volatili, non come i tacchini domestici che non possono volare.<\/span> S<span id=\"gts_text_36\" class=\"gts_text\">e fiutano il pericolo v<span id=\"gts_text_36\" class=\"gts_text\">olano o corrono<\/span>.<\/span> <span id=\"gts_text_37\" class=\"gts_text\">Vivono nelle foreste dell&#8217;America settentrionale.<\/span>\u00a0Producono tut<span id=\"gts_text_38\" class=\"gts_text\">ti i tipi di suoni come il gorgogliare, chiocciare, ronzare, guaire, gemere, gracchiare e molti altri.<\/span> <span id=\"gts_text_39\" class=\"gts_text\">I tacchini selvaggi sono onnivori e passano<\/span><span id=\"gts_text_40\" class=\"gts_text\"> i loro giorni cercando cibo come ghiande,\u00a0 semi,\u00a0 piccoli insetti e bacche selvatiche.<\/span> <span id=\"gts_text_41\" class=\"gts_text\">Cercano il cibo per terra e sugli alberi pi\u00f9 bassi.<\/span> <span id=\"gts_text_42\" class=\"gts_text\">A volte, finiscono col mangiare anfibi ed piccoli rettili come le lucertole ed i serpenti.<\/span> <span id=\"gts_text_43\" class=\"gts_text\">Trascorrono le loro notti sui rami bassi degli alberi.<\/span> <span id=\"gts_text_44\" class=\"gts_text\">La femmina cerca un buon posto per costruire il nido, tendendo a costruirlo<\/span> <span id=\"gts_text_45\" class=\"gts_text\">sotto un cespuglio nel bosco.<\/span> Depone <span id=\"gts_text_46\" class=\"gts_text\">fra le 10 e le 14 uova, che hanno delle macchiete marronima ne depone<\/span><span id=\"gts_text_47\" class=\"gts_text\"> normalmente soltanto uno al giorno.<\/span> <span id=\"gts_text_48\" class=\"gts_text\">Le uova vengono incubate per almeno 28 giorni.<\/span> <span id=\"gts_text_49\" class=\"gts_text\">Quando i piccoli escono dalle uova, sono conosciuti come giovani tacchini.<\/span> <span id=\"gts_text_50\" class=\"gts_text\">I giovani tacchini sono ricoperti di piume fini e sono gi\u00e0 capaci di muoversi appena usciti dall&#8217;uovo.<\/span> <span id=\"gts_text_51\" class=\"gts_text\">Cos\u00ec, lasciano il nido poco tempo dopo la covata, in circa 12 &#8211; 24 ore.<\/span> <span id=\"gts_text_52\" class=\"gts_text\">Per le prime due settimane i giovani tacchini non possono volare.<\/span> <span id=\"gts_text_53\" class=\"gts_text\">I procioni, le moffette comuni, le volpi grige ed i serpenti amano mangiare le loro uova.<\/span> <span id=\"gts_text_54\" class=\"gts_text\">I predatori, sia adulti che giovani, includono i coyote, le linci rosse, le aquile reali ed i cani.<\/span> Al giorno d&#8217;oggi n<span id=\"gts_text_55\" class=\"gts_text\">oi umani siamo il predatore principale dei tacchini selvatici adulti.<\/span> <span id=\"gts_text_56\" class=\"gts_text\">La popolazione dei tacchini selvatici nordamericani \u00e8 diminuitoaall&#8217;inizio dello XX secolo a causa della caccia e della perdita dell&#8217;habitat.<\/span> <span id=\"gts_text_57\" class=\"gts_text\">Tuttavia, sono stati fatti degli sforzi per proteggere ed incoraggiare l&#8217;allevamento dei tacchini selvatici nordamericani sopravviventi.\u00a0<\/span> <span id=\"gts_text_58\" class=\"gts_text\"><br \/>\n<\/span><\/p>\n<p>&nbsp;<\/p>\n","protected":false},"excerpt":{"rendered":"<p>Il tacchino selvatico nordamericano vive in America settentrionale. \u00c8 il\u00a0pi\u00f9 pesante e pi\u00f9 grande dei galliformi ed appartiene alla stessa specie del tacchino domestico. I tacchini domestici o addomesticati furono addomesticati dalle sottospecie messicane meridionali del tacchino selvatico. I tacchini domestici sono quelli serviti normalmente dagli americani per il giorno del Ringraziamento o a Natale &hellip; <a href=\"https:\/\/www.big-animals.com\/it\/nord-americano-selvaggio-tacchino\/\" class=\"more-link\">Continue reading <span class=\"screen-reader-text\">Il tacchino selvatico nordamericano<\/span><\/a><\/p>\n","protected":false},"author":1,"featured_media":0,"parent":0,"menu_order":0,"comment_status":"closed","ping_status":"open","template":"","meta":{"_acf_changed":false,"footnotes":""},"acf":[],"_links":{"self":[{"href":"https:\/\/www.big-animals.com\/it\/wp-json\/wp\/v2\/pages\/108"}],"collection":[{"href":"https:\/\/www.big-animals.com\/it\/wp-json\/wp\/v2\/pages"}],"about":[{"href":"https:\/\/www.big-animals.com\/it\/wp-json\/wp\/v2\/types\/page"}],"author":[{"embeddable":true,"href":"https:\/\/www.big-animals.com\/it\/wp-json\/wp\/v2\/users\/1"}],"replies":[{"embeddable":true,"href":"https:\/\/www.big-animals.com\/it\/wp-json\/wp\/v2\/comments?post=108"}],"version-history":[{"count":5,"href":"https:\/\/www.big-animals.com\/it\/wp-json\/wp\/v2\/pages\/108\/revisions"}],"predecessor-version":[{"id":552,"href":"https:\/\/www.big-animals.com\/it\/wp-json\/wp\/v2\/pages\/108\/revisions\/552"}],"wp:attachment":[{"href":"https:\/\/www.big-animals.com\/it\/wp-json\/wp\/v2\/media?parent=108"}],"curies":[{"name":"wp","href":"https:\/\/api.w.org\/{rel}","templated":true}]}}