{"id":110,"date":"2011-10-17T22:46:57","date_gmt":"2011-10-17T22:46:57","guid":{"rendered":""},"modified":"2014-09-20T11:53:18","modified_gmt":"2014-09-20T11:53:18","slug":"canguro-rosso","status":"publish","type":"page","link":"https:\/\/www.big-animals.com\/it\/canguro-rosso\/","title":{"rendered":"Il canguro rosso &#8211; il pi\u00f9 grande marsupiale del mondo!"},"content":{"rendered":"<h3><span id=\"gts_text_1\" class=\"gts_text\">Quanto \u00e8 grande il canguro rosso?<\/span><\/h3>\n<p><span style=\"float: left\"><img decoding=\"async\" class=\" gts_attribute gts_attribute_1_alt\" src=\"http:\/\/ba.dr-mikes-maths.com\/\/wp-content\/themes\/twentyten\/images\/ba\/red-kangaroo-and-human.png\" alt=\"Il canguro rosso e l'essere umano.\" \/><\/span><\/p>\n<p><span id=\"gts_text_2\" class=\"gts_text\">\u00a0<\/span><\/p>\n<p><span id=\"gts_text_3\" class=\"gts_text\">\u00a0<\/span><\/p>\n<p><span id=\"gts_text_4\" class=\"gts_text\">\u00a0<\/span><\/p>\n<p><span id=\"gts_text_5\" class=\"gts_text\">\u00a0<\/span><\/p>\n<p><span id=\"gts_text_6\" class=\"gts_text\">\u00a0<\/span><\/p>\n<p><span id=\"gts_text_7\" class=\"gts_text\">\u00a0<\/span><\/p>\n<p><span id=\"gts_text_8\" class=\"gts_text\">\u00a0<\/span><\/p>\n<p><span id=\"gts_text_9\" class=\"gts_text\">\u00a0<\/span><\/p>\n<p><span id=\"gts_text_10\" class=\"gts_text\">\u00a0<\/span><\/p>\n<p><span id=\"gts_text_11\" class=\"gts_text\">\u00a0<\/span><\/p>\n<p><span id=\"gts_text_12\" class=\"gts_text\">\u00a0<\/span><\/p>\n<p><span id=\"gts_text_13\" class=\"gts_text\">\u00a0<\/span><\/p>\n<p><span id=\"gts_text_14\" class=\"gts_text\">\u00a0<\/span><\/p>\n<p><span id=\"gts_text_15\" class=\"gts_text\">\u00a0<\/span><\/p>\n<p><span id=\"gts_text_16\" class=\"gts_text\">Il canguro rosso \u00e8 il\u00a0<a title=\"I pi\u00f9 grandi marsupiali del mondo!\" href=\"http:\/\/www.big-animals.com\/it\/mondo-gran-marsupiali\/\">marsupiale<\/a>\u00a0pi\u00f9 grande al\u00a0mondo.<\/span> <span id=\"gts_text_17\" class=\"gts_text\">Un esemplare di medie dimensioni \u00e8 alto circa 1,5 metri, poco meno di un uomo di altezza media, ma pu\u00f2 crescere fino a raggiungere un&#8217;altezza di 2 metri.<\/span> <span id=\"gts_text_18\" class=\"gts_text\"><\/span> <span id=\"gts_text_19\" class=\"gts_text\">Un maschio adulto pu\u00f2 raggiungere gli 85 kg di peso, anche se di solito i canguri pesano circa il 25% in meno.<\/span><\/p>\n<h3><span id=\"gts_text_20\" class=\"gts_text\">L&#8217;habitat del canguro rosso<\/span><\/h3>\n<p><span id=\"gts_text_21\" class=\"gts_text\">Ci sono diverse specie di canguro in Australia.<\/span> <span id=\"gts_text_22\" class=\"gts_text\">Il canguro rosso \u00e8 il pi\u00f9 grande e vive negli aridi deserti del nord.<\/span>\u00a0Quando fa caldo questo animale si<span id=\"gts_text_23\" class=\"gts_text\">\u00a0mantiene fresco riparandosi all&#8217;ombra e riposando di giorno, per tornare di nuovo attivo durante la notte, in particolare all&#8217;alba e al tramonto.<\/span>\u00a0Per proteggersi dal sole inoltre ansima, come fanno i cani, e si lecca le zampe posteriori.<\/p>\n<p><span id=\"gts_text_25\" class=\"gts_text\">Come tutti i canguri, il canguro rosso \u00e8 un erbivoro.<\/span> <span id=\"gts_text_26\" class=\"gts_text\">Il suo cibo preferito sono le erbe e le piante basse.<\/span> <span id=\"gts_text_27\" class=\"gts_text\">Il suo corpo\u00a0\u00e8 in grado di trattenere bene l&#8217;acqua e ci\u00f2 gli permette di assumerne a sufficienza attraverso gli alimenti di cui si nutre. Per questo motivo \u00a0il canguro\u00a0riesce a\u00a0sopravvivere per lunghi periodi senza bere, a patto che riesca a procurarsi abbastanza cibo.<\/span> <span id=\"gts_text_28\" class=\"gts_text\"><\/span><\/p>\n<h3><span id=\"gts_text_29\" class=\"gts_text\">Informazioni sul canguro\u00a0<\/span><\/h3>\n<p><span id=\"gts_text_30\" class=\"gts_text\">Gli scienziati chiamano il canguro rosso<\/span> <span style=\"font-style: italic\"><span id=\"gts_text_31\" class=\"gts_text\">Macropus Rufus<\/span><\/span><span id=\"gts_text_32\" class=\"gts_text\">, che significa &#8216;grande piede rosso&#8217;.<\/span>\u00a0Esistono<span id=\"gts_text_33\" class=\"gts_text\">\u00a014 tipi diversi\u00a0di<\/span> <span style=\"font-style: italic\"><span id=\"gts_text_34\" class=\"gts_text\">Macropus<\/span><\/span><span id=\"gts_text_35\" class=\"gts_text\">, tra i quali i wallabies e i wallaroos, creature molto simili ai canguri. Tutte queste specie appartengono alla famiglia dei<\/span> <span id=\"gts_text_36\" class=\"gts_text\"><\/span><br \/>\n<span style=\"float: right\"><img decoding=\"async\" class=\" gts_attribute gts_attribute_2_alt\" src=\"http:\/\/ba.dr-mikes-maths.com\/\/wp-content\/themes\/twentyten\/images\/ba\/red-kangaroo-2.jpg\" alt=\"Una coppia i canguri rossi.\" \/><\/span><br \/>\n<span id=\"gts_text_37\" class=\"gts_text\"><\/span> <span style=\"font-style: italic\"><span id=\"gts_text_38\" class=\"gts_text\">Macropodidae, <\/span><\/span><span id=\"gts_text_38\" class=\"gts_text\">termine che significa &#8216;piede grande&#8217;<\/span><span id=\"gts_text_40\" class=\"gts_text\">.<\/span>\u00a0Si tratta di creature dai piedi lunghi capaci di muoversi\u00a0saltellando; tuttavia il loro aspetto \u00e8 diverso da quello dei canguri.\u00a0<span id=\"gts_text_41\" class=\"gts_text\">In effetti i primi esploratori olandesi chiamarono un&#8217; isola al largo dell&#8217;Australia occidentale &#8216;tana\u00a0del ratto&#8217;, proprio perch\u00e9\u00a0abitata da numerosi\u00a0macropodi di medie dimensioni, i &#8216;Quokka&#8217;.<\/span><\/p>\n<p><span id=\"gts_text_42\" class=\"gts_text\">La famiglia dei Macropodidae appartiene all&#8217;ordine<\/span> <span style=\"font-style: italic\"><span id=\"gts_text_43\" class=\"gts_text\">Diprotodontia<\/span><\/span><span id=\"gts_text_44\" class=\"gts_text\">, letteralmente &#8216;due denti anteriori&#8217;.<\/span> <span id=\"gts_text_45\" class=\"gts_text\">Quest&#8217;ordine include tutti i marsupiali pi\u00f9 famosi &#8211; canguri, koala, vombati, opossum e molti altri.<\/span>\u00a0I<span id=\"gts_text_46\" class=\"gts_text\">l canguro rosso \u00e8 quindi:<\/span><\/p>\n<ul>\n<li><span id=\"gts_text_47\" class=\"gts_text\">Il pi\u00f9 grande dei 14 tipi di canguro, tra cui wallaby e Wallaroo,<\/span><\/li>\n<li><span id=\"gts_text_48\" class=\"gts_text\">Il pi\u00f9 grande delle\u00a0circa 47 \u00a0specie di macropodi,<\/span><\/li>\n<li><span id=\"gts_text_49\" class=\"gts_text\">Il pi\u00f9 grande di tutti i 120 animali dell&#8217;ordine dei\u00a0<\/span><span style=\"font-style: italic\"><span id=\"gts_text_50\" class=\"gts_text\">Diprotodontia<\/span><\/span><span id=\"gts_text_51\" class=\"gts_text\">,<\/span><\/li>\n<\/ul>\n<p><span id=\"gts_text_52\" class=\"gts_text\">nonch\u00e9 il pi\u00f9 grande marsupiale al mondo.<\/span> <span id=\"gts_text_53\" class=\"gts_text\">Non \u00e8 per\u00f2 il pi\u00f9 grande <a href=\"\/Mammals.html\">mammifero<\/a>\u00a0esistente\u00a0e nemmeno il pi\u00f9 grande mammifero terrestre; questo onore va infatti<\/span><span id=\"gts_text_54\" class=\"gts_text\">\u00a0alla <a title=\"La balenottera azzurra \u2013 il pi\u00f9 grande animale mai esistito!\" href=\"http:\/\/www.big-animals.com\/it\/blu-balena-gran-animale-la-mai-era\/\">balena blu<\/a> e all&#8217;<a title=\"Elefante Africano \u2013 Il Pi\u00f9 Grande Animale Terrestre del Mondo!\" href=\"http:\/\/www.big-animals.com\/it\/elefante-africano\/\">elefante africano<\/a>.<\/span><\/p>\n<h3><span id=\"gts_text_55\" class=\"gts_text\">Il\u00a0salto del canguro rosso<\/span><\/h3>\n<p><span id=\"gts_text_56\" class=\"gts_text\">Il canguro ha un salto stupefacente.<\/span> <span id=\"gts_text_57\" class=\"gts_text\">Pu\u00f2 saltare oltre un recinto alto 3 metri e coprire una distanza di 5 metri con un solo salto.<\/span>\u00a0Anche i poeti sono rimasti colpiti da questa meravigliosa\u00a0abilit\u00e0:<span id=\"gts_text_58\" class=\"gts_text\">\u00a0<a title=\"Ogden Nash\" href=\"http:\/\/it.wikipedia.org\/wiki\/Ogden_Nash\" target=\"_blank\">Ogden Nash<\/a>, ad esempio, ha scritto una delle mie poesie preferite per accompagnare il <a title=\"Il carnevale degli animali\" href=\"http:\/\/it.wikipedia.org\/wiki\/Il_carnevale_degli_animali\" target=\"_blank\">carnevale<\/a>\u00a0<a class=\" gts_attribute gts_attribute_4_title\" title=\"Camille Saint-Sa\u00ebns\" href=\"http:\/\/it.wikipedia.org\/wiki\/Camille_Saint-Sa%C3%ABns\" target=\"_blank\">degli<\/a> <a href=\"http:\/\/en.wikipedia.org\/wiki\/Carnival_of_the_Animals\" target=\"_blank\">animali<\/a>\u00a0di\u00a0<a class=\" gts_attribute gts_attribute_4_title\" title=\"Camille Saint-Sa\u00ebns\" href=\"http:\/\/it.wikipedia.org\/wiki\/Camille_Saint-Sa%C3%ABns\" target=\"_blank\">Camille Sans-Saens\u00a0<\/a>:<\/span><\/p>\n<div style=\"margin-left: 40px\"><span style=\"font-style: italic\"><span id=\"gts_text_59\" class=\"gts_text\">E&#8217; incredibile come salta il canguro.<\/span><br \/>\n<span id=\"gts_text_60\" class=\"gts_text\">Salta perch\u00e9 \u00e8 commestibile.<\/span><br \/>\n<span id=\"gts_text_61\" class=\"gts_text\">Non me lo potrei mai mangiare,<\/span><br \/>\n<span id=\"gts_text_62\" class=\"gts_text\">Ma molti australiani lo sanno fare.<\/span><br \/>\n<span id=\"gts_text_63\" class=\"gts_text\">Quelli con i libri di cucina e i boomerang,<\/span><br \/>\n<\/span><span id=\"gts_text_65\" class=\"gts_text\"><i>Se lo gustano in saporite meringhe di canguro<\/i>.<\/span><\/div>\n<p><span id=\"gts_text_66\" class=\"gts_text\">Ora, non sono certo che esistano le meringhe di canguro, ma sicuramente un salto di 5 metri, compiuto da un animale che ne misura in altezza 1,5, \u00e8 qualcosa di incredibile.<\/span><\/p>\n<p><span id=\"gts_text_67\" class=\"gts_text\">Il canguro ha speciali tendini elastici nelle sue zampe, che agiscono come delle molle fra un salto e l&#8217;altro.<\/span> <span id=\"gts_text_68\" class=\"gts_text\">Un canguro rosso usa la stessa quantit\u00e0 di energia sia per saltare lentamente, che per farlo velocemente.\u00a0<\/span><\/p>\n<h3><span id=\"gts_text_69\" class=\"gts_text\">Altre notizie sul canguro<\/span><\/h3>\n<p><span id=\"gts_text_70\" class=\"gts_text\">Fortunatamente, queste stupefacenti creature non corrono il rischio di estinguersi.<\/span> <span id=\"gts_text_71\" class=\"gts_text\">Quando le condizioni sono buone, il loro numero pu\u00f2 aumentare molto velocemente.<\/span> <span id=\"gts_text_72\" class=\"gts_text\">Vivono fino a 14 anni e mamma canguro da&#8217; alla luce un cucciolo ogni 8\/9 mesi.<\/span>\u00a0Il cucciolo di canguro\u00a0<span id=\"gts_text_73\" class=\"gts_text\">\u00e8 chiamato &#8216;joey&#8217;, mentre\u00a0un gruppo di canguri si chiama\u00a0&#8216;orda&#8217;.<\/span> Durante i combattimenti i maschi<span id=\"gts_text_74\" class=\"gts_text\">\u00a0si tengono in equilibrio\u00a0sulle zampe\u00a0posteriori e sulla coda, attaccando con le\u00a0<\/span><span id=\"gts_text_74\" class=\"gts_text\">zampe anteriori e, a volte, sferrando potenti\u00a0calci con quelle posteriori.<\/span>\u00a0In questo<span id=\"gts_text_75\" class=\"gts_text\">\u00a0<a title=\"Combattimento tra canguri\" href=\"http:\/\/au.youtube.com\/watch?v=CEDq0SAYW44\" target=\"_blank\">video<\/a>\u00a0si vede esattamente la mossa appena descritta. La lotta fra canguri somiglia un po&#8217; ad un incontro di boxe ed\u00a0\u00e8 per questo che si parla di &#8216;canguri che fanno boxe&#8217;<\/span><span id=\"gts_text_76\" class=\"gts_text\">.<\/span><\/p>\n<div style=\"text-align: center\"><img decoding=\"async\" class=\" gts_attribute gts_attribute_3_alt gts_attribute_5_title\" style=\"width: 600px;height: 325px\" title=\"canguro rosso\" src=\"http:\/\/ba.dr-mikes-maths.com\/\/wp-content\/themes\/twentyten\/images\/ba\/red-kangaroo.jpg\" alt=\"canguro rosso\" \/><\/div>\n","protected":false},"excerpt":{"rendered":"<p>Quanto \u00e8 grande il canguro rosso? \u00a0 \u00a0 \u00a0 \u00a0 \u00a0 \u00a0 \u00a0 \u00a0 \u00a0 \u00a0 \u00a0 \u00a0 \u00a0 \u00a0 Il canguro rosso \u00e8 il\u00a0marsupiale\u00a0pi\u00f9 grande al\u00a0mondo. Un esemplare di medie dimensioni \u00e8 alto circa 1,5 metri, poco meno di un uomo di altezza media, ma pu\u00f2 crescere fino a raggiungere un&#8217;altezza di 2 metri. &hellip; <a href=\"https:\/\/www.big-animals.com\/it\/canguro-rosso\/\" class=\"more-link\">Continue reading <span class=\"screen-reader-text\">Il canguro rosso &#8211; il pi\u00f9 grande marsupiale del mondo!<\/span><\/a><\/p>\n","protected":false},"author":1,"featured_media":0,"parent":0,"menu_order":0,"comment_status":"closed","ping_status":"open","template":"","meta":{"_acf_changed":false,"footnotes":""},"acf":[],"_links":{"self":[{"href":"https:\/\/www.big-animals.com\/it\/wp-json\/wp\/v2\/pages\/110"}],"collection":[{"href":"https:\/\/www.big-animals.com\/it\/wp-json\/wp\/v2\/pages"}],"about":[{"href":"https:\/\/www.big-animals.com\/it\/wp-json\/wp\/v2\/types\/page"}],"author":[{"embeddable":true,"href":"https:\/\/www.big-animals.com\/it\/wp-json\/wp\/v2\/users\/1"}],"replies":[{"embeddable":true,"href":"https:\/\/www.big-animals.com\/it\/wp-json\/wp\/v2\/comments?post=110"}],"version-history":[{"count":2,"href":"https:\/\/www.big-animals.com\/it\/wp-json\/wp\/v2\/pages\/110\/revisions"}],"predecessor-version":[{"id":538,"href":"https:\/\/www.big-animals.com\/it\/wp-json\/wp\/v2\/pages\/110\/revisions\/538"}],"wp:attachment":[{"href":"https:\/\/www.big-animals.com\/it\/wp-json\/wp\/v2\/media?parent=110"}],"curies":[{"name":"wp","href":"https:\/\/api.w.org\/{rel}","templated":true}]}}