{"id":12,"date":"2011-05-09T09:00:47","date_gmt":"2011-05-09T09:00:47","guid":{"rendered":""},"modified":"2015-08-22T01:35:39","modified_gmt":"2015-08-22T01:35:39","slug":"vagare-albatro-uccello-con-gran-ali","status":"publish","type":"page","link":"https:\/\/www.big-animals.com\/it\/vagare-albatro-uccello-con-gran-ali\/","title":{"rendered":"L&#8217;albatro vagabondo &#8211; L&#8217;uccello con le ali pi\u00f9 grandi!"},"content":{"rendered":"<h3><span id=\"gts_text_1\" class=\"gts_text\">Quanto \u00e8 grande l&#8217;albatro vagabondo?<\/span><\/h3>\n<p><span id=\"gts_text_2\" class=\"gts_text\">L&#8217;Albatro Vagabondo \u00e8 l&#8217;albatro pi\u00f9 grande al mondo.<\/span> <span id=\"gts_text_3\" class=\"gts_text\">\u00c8 anche l&#8217;<a href=\"http:\/\/www.big-animals.com\/Birds.html\">uccello<\/a> con la maggiore apertura alare tra tutti quelli attualmente esistenti.<\/span> <span id=\"gts_text_4\" class=\"gts_text\">Misurandole da un&#8217;estremit\u00e0 all&#8217;altra, le sue ali possono raggiungere fino a 3,5 metri (11,5 piedi)!<\/span> <span id=\"gts_text_5\" class=\"gts_text\">Dato che l&#8217;Albatro Vagabondo, nonostante le sue dimensioni, \u00e8 anche molto leggero (gli adulti pesano circa 6-12 chilogrammi, o 13-26 libbre) si dimostra anche un volatore eccellente.\u00a0 Possono librare <\/span><span id=\"gts_text_5\" class=\"gts_text\">per par<\/span><span id=\"gts_text_5\" class=\"gts_text\">ecchie ore <\/span><span id=\"gts_text_5\" class=\"gts_text\"><img decoding=\"async\" class=\" alignright\" style=\"width: 260px;height: 500px\" title=\"un essere umano tipico accanto ad uno struzzo tipico\" src=\"http:\/\/ba.dr-mikes-maths.com\/\/wp-content\/themes\/twentyten\/images\/ba\/albatross-and-human.png\" alt=\"un'immagine che mostra ai parenti le dimensioni di un essere umano e di uno struzzo\" \/><\/span><span id=\"gts_text_5\" class=\"gts_text\">senza muovere le loro ali.<\/span> <span id=\"gts_text_7\" class=\"gts_text\">Possono passare intere settimane\u00a0 al di sopra dei mari aperti senza mai giungere a terra.<\/span><\/p>\n<h3><span id=\"gts_text_8\" class=\"gts_text\">Leggende sull&#8217;albatro<\/span><\/h3>\n<p><span id=\"gts_text_9\" class=\"gts_text\">Gli albatri hanno catturato l&#8217;immaginazione dei marinai per secoli.<\/span> <span id=\"gts_text_10\" class=\"gts_text\">Gli esploratori nell&#8217;oceano meridionale trovavano spesso conforto alla vista di un albatro comparso dal nulla a largo.<\/span> <span id=\"gts_text_11\" class=\"gts_text\">Un celebre poema, <em>La ballata del vecchio marinaio<\/em>, scritto da Samuel Taylor Coleridge nel 1798, narra della sventura che ha colpito una nave dopo che un membro dell&#8217;equipaggio ha sparato a un albatro con una balestra.<\/span><\/p>\n<h3><span id=\"gts_text_12\" class=\"gts_text\">Gli albatri sono a rischio<br \/>\n<\/span><\/h3>\n<p><span id=\"gts_text_13\" class=\"gts_text\">Gli albatri si nutrono di calamari e piccoli pesci.<\/span> <span id=\"gts_text_14\" class=\"gts_text\">Inoltre spazzano il pesce morto dalla superficie del mare.<\/span> <span id=\"gts_text_15\" class=\"gts_text\">Orde di albatri si affollano dietro i pescherecci dediti alla pesca del tonno, contendendosi le esche scartate.<\/span> <span id=\"gts_text_16\" class=\"gts_text\">Capita che un amo, non finito sul fondo, possa esser preso da un albatro che inevitabilmente annega.<\/span> <span id=\"gts_text_17\" class=\"gts_text\">Negli anni &#8217;90, alcuni scienziati temevano che tutti i tipi di albatri si sarebbero completamente estinti.<\/span> <span id=\"gts_text_18\" class=\"gts_text\">Da allora, si sta tentando di trovare nuovi modi per pescare il tonno, ma l&#8217;Albatro Vagabondo \u00e8 ancora a rischio.<\/span><\/p>\n<h3><span id=\"gts_text_19\" class=\"gts_text\">Informazioni sull&#8217;albatro<\/span><\/h3>\n<p><span id=\"gts_text_20\" class=\"gts_text\">Quando una coppia di Albatri di Vagabondi \u00e8 pronta a fare un uovo, costruisce un nido di forma approssimativamente conica.<\/span> <span id=\"gts_text_21\" class=\"gts_text\">Al suo interno, l&#8217;albatro femmina depone un singolo uovo.<\/span> <span id=\"gts_text_22\" class=\"gts_text\">Il piccolo albatro consuma circa 100 chilogrammi (220 libbre) di cibo e cresce fino a divenire addirittura pi\u00f9 pesante dei suoi genitori!<\/span> <span id=\"gts_text_23\" class=\"gts_text\">Dopo 10 mesi trascorsi nel nido, iniziata la Primavera nell&#8217;emisfero australe, il giovane albatro vola via.<\/span> <span id=\"gts_text_24\" class=\"gts_text\">Dopo 5 &#8211; 10 anni, ritorner\u00e0 l\u00ec dov&#8217;\u00e8 nato per metter su famiglia.<\/span> <span id=\"gts_text_25\" class=\"gts_text\">Purtroppo, spesso a morire per via degli ami dei pescherecci sono giovani esemplari di albatro.<\/span><\/p>\n<div style=\"text-align: center\"><img decoding=\"async\" style=\"width: 450px;height: 330px\" title=\"Albatro di vagabondaggio\" src=\"http:\/\/ba.dr-mikes-maths.com\/\/wp-content\/themes\/twentyten\/images\/ba\/wandering-albatross.jpg\" alt=\"Albatro di vagabondaggio\" \/><\/div>\n","protected":false},"excerpt":{"rendered":"<p>Quanto \u00e8 grande l&#8217;albatro vagabondo? L&#8217;Albatro Vagabondo \u00e8 l&#8217;albatro pi\u00f9 grande al mondo. \u00c8 anche l&#8217;uccello con la maggiore apertura alare tra tutti quelli attualmente esistenti. Misurandole da un&#8217;estremit\u00e0 all&#8217;altra, le sue ali possono raggiungere fino a 3,5 metri (11,5 piedi)! Dato che l&#8217;Albatro Vagabondo, nonostante le sue dimensioni, \u00e8 anche molto leggero (gli adulti &hellip; <a href=\"https:\/\/www.big-animals.com\/it\/vagare-albatro-uccello-con-gran-ali\/\" class=\"more-link\">Continue reading <span class=\"screen-reader-text\">L&#8217;albatro vagabondo &#8211; L&#8217;uccello con le ali pi\u00f9 grandi!<\/span><\/a><\/p>\n","protected":false},"author":1,"featured_media":0,"parent":0,"menu_order":0,"comment_status":"closed","ping_status":"open","template":"","meta":{"_acf_changed":false,"footnotes":""},"acf":[],"_links":{"self":[{"href":"https:\/\/www.big-animals.com\/it\/wp-json\/wp\/v2\/pages\/12"}],"collection":[{"href":"https:\/\/www.big-animals.com\/it\/wp-json\/wp\/v2\/pages"}],"about":[{"href":"https:\/\/www.big-animals.com\/it\/wp-json\/wp\/v2\/types\/page"}],"author":[{"embeddable":true,"href":"https:\/\/www.big-animals.com\/it\/wp-json\/wp\/v2\/users\/1"}],"replies":[{"embeddable":true,"href":"https:\/\/www.big-animals.com\/it\/wp-json\/wp\/v2\/comments?post=12"}],"version-history":[{"count":3,"href":"https:\/\/www.big-animals.com\/it\/wp-json\/wp\/v2\/pages\/12\/revisions"}],"predecessor-version":[{"id":695,"href":"https:\/\/www.big-animals.com\/it\/wp-json\/wp\/v2\/pages\/12\/revisions\/695"}],"wp:attachment":[{"href":"https:\/\/www.big-animals.com\/it\/wp-json\/wp\/v2\/media?parent=12"}],"curies":[{"name":"wp","href":"https:\/\/api.w.org\/{rel}","templated":true}]}}