{"id":14,"date":"2011-05-09T09:04:05","date_gmt":"2011-05-09T09:04:05","guid":{"rendered":""},"modified":"2014-01-22T19:26:14","modified_gmt":"2014-01-22T19:26:14","slug":"tuatara","status":"publish","type":"page","link":"https:\/\/www.big-animals.com\/it\/tuatara\/","title":{"rendered":"Tuatara"},"content":{"rendered":"<p><span class=\"gts_text\" id=\"gts_text_1\">Il tuatara \u00e8 un <a title=\"I pi\u00f9 grandi rettili del mondo!\" href=\"http:\/\/www.big-animals.com\/it\/mondo-gran-rettili\/\">rettile<\/a> indigeno della Nuova Zelanda.<\/span> <span class=\"gts_text\" id=\"gts_text_2\">\u00a0Assomiglia ad una lucertola, ma non lo \u00e8.<\/span> Il tuatara \u00e8 unico<span class=\"gts_text\" id=\"gts_text_3\"> perch\u00e9 \u00e8 il solo superstite di un antico gruppo di rettili che era sulla terra contemporaneamente ai dinosauri.<\/span> <span class=\"gts_text\" id=\"gts_text_4\">La maggior parte di loro si sono estinti molto tempo fa, e ne sono rimasti solo alcuni in Nuova Zelanda.<\/span> I t<span class=\"gts_text\" id=\"gts_text_5\">uatara sono stato definiti <em>fossili viventi<\/em>.<\/span> <span class=\"gts_text\" id=\"gts_text_6\">Possono vivere per pi\u00f9 100 anni.<\/span> <span class=\"gts_text\" id=\"gts_text_7\">La durata della vita media \u00e8 di circa 60 anni.<\/span><\/p>\n<p><span class=\"gts_text\" id=\"gts_text_8\">Ci sono soltanto due specie di tuatara in tutto il mondo!<\/span> <span class=\"gts_text\" id=\"gts_text_9\">Il tuatara dello stretto di Cook (chiamato dagli scienzati <em>Sphenodon Punctatus<\/em>) \u00e8 pi\u00f9 grande del tuatara della Brother Island, ed ottiene cos\u00ec il privilegio di essere il pi\u00f9 grande tuatara del mondo.<\/span><\/p>\n<figure id=\"attachment_408\" aria-describedby=\"caption-attachment-408\" style=\"width: 300px\" class=\"wp-caption alignright\"><a href=\"http:\/\/www.big-animals.com\/wp-content\/uploads\/2011\/02\/Tuatara_And_Human1.png\"><img loading=\"lazy\" decoding=\"async\" class=\"size-medium wp-image-408\" title=\"Tuatara ed essere umano\" alt=\"Tuatara ed essere umano\" src=\"http:\/\/www.big-animals.com\/wp-content\/uploads\/2011\/02\/Tuatara_And_Human1-300x159.png\" width=\"300\" height=\"159\" \/><\/a><figcaption id=\"caption-attachment-408\" class=\"wp-caption-text\">Il tuatara e l&#8217;uomo<\/figcaption><\/figure>\n<h3><span class=\"gts_text\" id=\"gts_text_10\">L&#8217;habitat e la dieta del Tuatara<\/span><\/h3>\n<p><span class=\"gts_text\" id=\"gts_text_11\">Il tuatara \u00e8 sopravvissuto bene in Nuova Zelanda a causa del clima freddo.<\/span> <span class=\"gts_text\" id=\"gts_text_12\">Non sopravvivono bene quando la temperatura supera i 28C (82F).<\/span> <span class=\"gts_text\" id=\"gts_text_13\">Essi preferiscono che sia\u00a0 sotto i 5C (41F).<\/span> <span class=\"gts_text\" id=\"gts_text_14\">Tuttavia, prendono il sole per riscaldare i loro corpi.<\/span> <span class=\"gts_text\" id=\"gts_text_15\">I piccoli del tuatara si nascondono sotto i ceppi e le pietre.<\/span> <span class=\"gts_text\" id=\"gts_text_16\">I tuatara adulti sono attivi di notte e dormono durante il giorno.<\/span> Durante la notte cacciano<span class=\"gts_text\" id=\"gts_text_17\"> e mangiano insetti (soprattutto i weta),\u00a0 vermi, lumache, millepiedi &#8211; e perfino giovani tuatara!<\/span> <span class=\"gts_text\" id=\"gts_text_18\">Per evitare di trasformarsi in uno spuntino per un tuatara adulto spietato, i giovani tuatara si nascondono e riposano di notte ed escono soltanto di giorno.<\/span><\/p>\n<p><span class=\"gts_text\" id=\"gts_text_19\">Il tuatara pu\u00f2 sopravvivere a delle temperature molto pi\u00f9 basse degli altri rettili.<\/span> Si <span class=\"gts_text\" id=\"gts_text_20\">ibernano d&#8217;inverno, ma rimangono attivi anche se la temperatura scende a 5C (41F).<\/span> <span class=\"gts_text\" id=\"gts_text_21\">Il tuatara sta meglio quando la temperatura \u00e8 fra i 16C e i 21C (61F e 70F).<\/span> T<span class=\"gts_text\" id=\"gts_text_22\">emperature pi\u00f9 basse di quelle sopportate da qualunque altro rettile!<\/span> <span class=\"gts_text\" id=\"gts_text_23\">La temperatura corporea del tuatara \u00e8 di circa 5C &#8211; 11C (41F-52F) ma la maggior parte dei rettili hanno temperature corporee intorno a 20C (68F).<\/span>\u00a0 Il t<span class=\"gts_text\" id=\"gts_text_24\">uatara ha temperature corporee basse perch\u00e9 usa l&#8217;energia molto lentamente.<\/span><\/p>\n<h3><span class=\"gts_text\" id=\"gts_text_25\">Fatti sui Tuatara<\/span><\/h3>\n<p><span class=\"gts_text\" id=\"gts_text_26\">Le tuatara madri depongono le loro uova dal guscio morbido solo una volta ogni 4 anni.<\/span> <span class=\"gts_text\" id=\"gts_text_27\">Le uova richiedono 12 &#8211; 15 mesi prima di schiudersi.<\/span> <span class=\"gts_text\" id=\"gts_text_28\">Le uova pi\u00f9 calde tendono a dare alla luce tuatara maschi e dalle uova pi\u00f9 fredde nasceranno tuatara femmine.<\/span> <span class=\"gts_text\" id=\"gts_text_29\">Gli scienziati predicono che in futuro, a causa del riscaldamento globale, in Nuova Zelanda ci saranno molti pi\u00f9 tuatara maschi che femmine.<\/span> <span class=\"gts_text\" id=\"gts_text_30\">Se ci non saranno abbastanza tuatara femmine, il tuatara potrebbe estinguersi!<\/span><\/p>\n<p><span class=\"gts_text\" id=\"gts_text_31\">Il tuatara a volte invade la tana di un uccello marino e mangia le uova e i pulcini dell&#8217;uccello marino.<\/span> <span class=\"gts_text\" id=\"gts_text_32\">A volte inoltre faranno delle tane per s\u00e9 stessi.<\/span> <span class=\"gts_text\" id=\"gts_text_33\">Il loro morso pu\u00f2 provocare gravi lesioni.<\/span> Fate attenzione<span class=\"gts_text\" id=\"gts_text_34\">!<\/span> Il t<span class=\"gts_text\" id=\"gts_text_35\">uatara tende a mordere quando ci si avvicina.<\/span> <span class=\"gts_text\" id=\"gts_text_36\">Potrebbero non mollarvi facilmente.<br \/>\n<\/span><\/p>\n<p><span class=\"gts_text\" id=\"gts_text_37\">Un tuatara maschio pu\u00f2 misurare circa 61cm lunghi (24 pollici) e un tuatara femmina circa 45cm (18 pollici).<\/span> Secondo l<span class=\"gts_text\" id=\"gts_text_38\">o zoo di San Diego i tuatara possono arrivare fino a 80cm (32 pollici).<\/span> <span class=\"gts_text\" id=\"gts_text_39\">Un tuatara maschio pesa circa 1 chilogrammo (2,2 libbre) e le femmine circa la met\u00e0.<\/span><\/p>\n<figure id=\"attachment_409\" aria-describedby=\"caption-attachment-409\" style=\"width: 300px\" class=\"wp-caption alignleft\"><a href=\"http:\/\/www.big-animals.com\/wp-content\/uploads\/2011\/02\/Tuatara.jpg\"><img loading=\"lazy\" decoding=\"async\" class=\"size-medium wp-image-409 \" title=\"Tuatara - non una lucertola\" alt=\"Tuatara - non una lucertola\" src=\"http:\/\/www.big-animals.com\/wp-content\/uploads\/2011\/02\/Tuatara-300x211.jpg\" width=\"300\" height=\"211\" \/><\/a><figcaption id=\"caption-attachment-409\" class=\"wp-caption-text\">Una foto di un tuatara &#8211; Non di una lucertola!<\/figcaption><\/figure>\n<p><span class=\"gts_text\" id=\"gts_text_40\">Il Tuatara ha una prominente cresta spinosa lungo il collo e la schiena.<\/span> <span class=\"gts_text\" id=\"gts_text_41\">Ecco perch\u00e9 sono chiamati <em>tuatara<\/em> che significa <em>picchi sulla parte posteriore<\/em> nella lingua maori.<\/span> <span class=\"gts_text\" id=\"gts_text_42\">Questa cresta spinosa \u00e8 utilizzata nelle lotte con altri maschi.<\/span> <span class=\"gts_text\" id=\"gts_text_43\">La cresta \u00e8 triangolare.<\/span> <span class=\"gts_text\" id=\"gts_text_44\">I maschi hanno creste pi\u00f9 grandi delle femmine.<\/span> <span class=\"gts_text\" id=\"gts_text_45\">La cresta pu\u00f2 essere irrigidita per farla sembrare pi\u00f9 grande.<\/span><\/p>\n<p><span class=\"gts_text\" id=\"gts_text_46\">Il Tuatara ha una disposizione molto interessante dei denti &#8211; due file nella mascella superiore ed una fila nella mascella inferiore.<\/span> <span class=\"gts_text\" id=\"gts_text_47\">La punta della mascella superiore \u00e8 un po&#8217;come un becco. Q<\/span><span class=\"gts_text\" id=\"gts_text_48\">uando la bocca \u00e8 chiusa, la fila inferiore di denti sta tra le due file superiori.<\/span> <span class=\"gts_text\" id=\"gts_text_49\">Questa disposizione dei denti non si trova in nessun altro rettile.<\/span> <span class=\"gts_text\" id=\"gts_text_50\">Sebbene i serpenti abbiano doppie file dei denti nella loro mascella superiore, questi sono sistemati in modo diverso dai denti dei tuatara.<\/span> <span class=\"gts_text\" id=\"gts_text_51\">Le mascelle superiore e inferiore sono unite da dei legamenti.<\/span> <span class=\"gts_text\" id=\"gts_text_52\">I tuatara masticano sia alazando ed abbassando la mascella, sia muovendola avanti e indietro.<\/span> Questo<span class=\"gts_text\" id=\"gts_text_53\"> li aiuta a tritare gli strati esterni duri o l&#8217;osso di una vittima con il loro forte morso.<\/span> <span class=\"gts_text\" id=\"gts_text_54\">Purtroppo i loro denti non sono sostituibili.<\/span> <span class=\"gts_text\" id=\"gts_text_55\">Come conseguenza di ci\u00f2, i tuatara pi\u00f9 vecchi devono cambiare la loro dieta e mangiare prede pi\u00f9 molli come lombrici, larve e lumache, quando i loro denti si logorano.<\/span> <span class=\"gts_text\" id=\"gts_text_56\">Questi vecchi tuatara arriveranno al punto di dover masticare il cibo fra le ossa liscie della mascella.<\/span> <span class=\"gts_text\" id=\"gts_text_57\">Finora nessuno ha inventato delle dentiere per tuatara!<\/span><\/p>\n<h3><span class=\"gts_text\" id=\"gts_text_58\">Il terzo occhio del Tuatara<\/span><\/h3>\n<p><span class=\"gts_text\" id=\"gts_text_59\">Il tuatara ha 3 occhi!!<\/span> <span class=\"gts_text\" id=\"gts_text_60\">Il terzo occhio \u00e8 diverso dagli altri &#8211; \u00e8 piccolo, sopra la testa, e sotto la pelle negli adulti &#8211; \u00e8 quindi visibile soltanto sui tuatara giovani.<\/span> <span class=\"gts_text\" id=\"gts_text_61\">Non pu\u00f2 vedere molto, percepisce appena la differenza fra buio e luce.<\/span> <span class=\"gts_text\" id=\"gts_text_62\">Sebbene i tuatara non abbiano timpani e foro delle orecchie, possono ancora sentire.<\/span><\/p>\n<h3><span class=\"gts_text\" id=\"gts_text_63\">Nomi scientifici del Tuatara<\/span><\/h3>\n<p><span class=\"gts_text\" id=\"gts_text_64\">Ci sono due specie di tuatara.<\/span> Il primo \u00e8 il tuatara dello stretto di Cook<span class=\"gts_text\" id=\"gts_text_65\"> (chiamato dagli scienziati <em>Sphenodon Punctatus<\/em>).<\/span> <span class=\"gts_text\" id=\"gts_text_66\">Esso vive sull&#8217;isola di Stephens.<\/span> <span class=\"gts_text\" id=\"gts_text_67\">I loro colori variano dal verde oliva, al grigio, al rosa scuro o il rosso mattone.<\/span> <span class=\"gts_text\" id=\"gts_text_68\">Sono maculati, spesso con punti bianchi, caratteristica da cui prendono il loro nome <em>Punctatus<\/em>, che \u00e8 latino per \u201cmacchiato\u201e.<\/span> Il secondo<span class=\"gts_text\" id=\"gts_text_69\"> \u00e8 il tuatara della Brother Island, chiamato <em>Sphenodon Guntheri<\/em>.<\/span> <span class=\"gts_text\" id=\"gts_text_70\">Questo \u00e8 molto pi\u00f9 raro.<\/span> <span class=\"gts_text\" id=\"gts_text_71\">Si trova sulla Brother Island nello stretto di Cook.<\/span> <span class=\"gts_text\" id=\"gts_text_72\">Lo stretto di Cook \u00e8 il passaggio fra l&#8217;isola settentrionale e l&#8217;isola meridionale della Nuova Zelanda.<\/span> <span class=\"gts_text\" id=\"gts_text_73\">Questo tuatara \u00e8 pi\u00f9 raro e pi\u00f9 piccolo del tuatara dello stretto di Cook.<\/span> <span class=\"gts_text\" id=\"gts_text_74\">Il tuatara della Brother Island ha la pelle di un marrone olivastro con macchie giallastre.<\/span><\/p>\n<p><span class=\"gts_text\" id=\"gts_text_75\">La mappa sotto mostra lo stretto di Cook, da cui il pi\u00f9 grande tuatara del mondo ottiene il suo nome.<\/span><\/p>\n<p style=\"text-align: center\"><span class=\"gts_text\" id=\"gts_text_76\">[mappa: http:\/\/maps.google.com.au\/maps?sll=-40.900557,174.885971&amp;sspn=12.151905,28.54248&amp;ll=-41.319076,174.671631&amp;spn=6.039254,14.27124&amp;t=h]<\/span><\/p>\n<p><span class=\"gts_text\" id=\"gts_text_77\">Il colore verde o marrone olivastro del tuatara lo aiuta molto bene ad abbinarsi a ci\u00f2 che lo circonda.<\/span> <span class=\"gts_text\" id=\"gts_text_78\">Pu\u00f2 infatti nascondersi dai predatori.<\/span> <span class=\"gts_text\" id=\"gts_text_79\">Durante la loro vita possono cambaire colore &#8211; da adulti fanno la muta almeno una volta all&#8217;anno e 3 &#8211; 4 volte l&#8217;all&#8217;anno quando sono giovani.<\/span><\/p>\n<p><span class=\"gts_text\" id=\"gts_text_80\">Il tuatara una volta viveva sul continente della Nuova Zelanda, ma in quelle zone si \u00e8 estinto perch\u00e9 ha perso il suo habitat e molti sono stati mangiati dai ratti.<\/span> <span class=\"gts_text\" id=\"gts_text_81\">Questi ratti del Pacifico (Kiore) sono stati introdotti in Nuova Zelanda dall&#8217;essere umano che \u00e8 arrivato in Nuova Zelanda circa nel 1250-1300 dc.<\/span> <span class=\"gts_text\" id=\"gts_text_82\">Ora, il tuatara si pu\u00f2 trovare soltanto su 32 isole che non hanno ratti, nello stretto di Cook e sulla costa nordest dell&#8217;isola settentrionale.<\/span> <span class=\"gts_text\" id=\"gts_text_83\">La popolazione totale delle specie e sottospecie di Tuatara \u00e8 circa 60.000 &#8211; 100.000.<\/span><\/p>\n<p><span class=\"gts_text\" id=\"gts_text_84\">Nel 2005, 70 tuatara adulti sono stati portati nella riserva naturale recintata del Karori Wildlife Sanctuary a Wellington affinch\u00e8 ci si potesse prendere cura di loro.<\/span> <span class=\"gts_text\" id=\"gts_text_85\">Ci sono parecchi programmi di allevamento di tuatara in Nuova Zelanda.<\/span> <span class=\"gts_text\" id=\"gts_text_86\">Per esempio, il\u00a0 Southland Museum and Art Gallery a Invercargill \u00e8 stato il primo ad avere un programma d&#8217;allevamento di tuatara.<\/span> <span class=\"gts_text\" id=\"gts_text_87\">Allevano lo Sphenodon Punctatus.<\/span> <span class=\"gts_text\" id=\"gts_text_88\">Lo zoo di Hamilton e lo zoo di Wellington inoltre allevano il tuatara e poi li liberano in natura quando sono capaci di provvedere a s\u00e9 stessi.<\/span><\/p>\n","protected":false},"excerpt":{"rendered":"<p>Il tuatara \u00e8 un rettile indigeno della Nuova Zelanda. \u00a0Assomiglia ad una lucertola, ma non lo \u00e8. Il tuatara \u00e8 unico perch\u00e9 \u00e8 il solo superstite di un antico gruppo di rettili che era sulla terra contemporaneamente ai dinosauri. La maggior parte di loro si sono estinti molto tempo fa, e ne sono rimasti solo &hellip; <a href=\"https:\/\/www.big-animals.com\/it\/tuatara\/\" class=\"more-link\">Continue reading <span class=\"screen-reader-text\">Tuatara<\/span><\/a><\/p>\n","protected":false},"author":1,"featured_media":0,"parent":0,"menu_order":0,"comment_status":"closed","ping_status":"open","template":"","meta":{"_acf_changed":false,"footnotes":""},"acf":[],"_links":{"self":[{"href":"https:\/\/www.big-animals.com\/it\/wp-json\/wp\/v2\/pages\/14"}],"collection":[{"href":"https:\/\/www.big-animals.com\/it\/wp-json\/wp\/v2\/pages"}],"about":[{"href":"https:\/\/www.big-animals.com\/it\/wp-json\/wp\/v2\/types\/page"}],"author":[{"embeddable":true,"href":"https:\/\/www.big-animals.com\/it\/wp-json\/wp\/v2\/users\/1"}],"replies":[{"embeddable":true,"href":"https:\/\/www.big-animals.com\/it\/wp-json\/wp\/v2\/comments?post=14"}],"version-history":[{"count":5,"href":"https:\/\/www.big-animals.com\/it\/wp-json\/wp\/v2\/pages\/14\/revisions"}],"predecessor-version":[{"id":314,"href":"https:\/\/www.big-animals.com\/it\/wp-json\/wp\/v2\/pages\/14\/revisions\/314"}],"wp:attachment":[{"href":"https:\/\/www.big-animals.com\/it\/wp-json\/wp\/v2\/media?parent=14"}],"curies":[{"name":"wp","href":"https:\/\/api.w.org\/{rel}","templated":true}]}}