{"id":15,"date":"2011-05-09T09:04:14","date_gmt":"2011-05-09T09:04:14","guid":{"rendered":""},"modified":"2011-05-09T09:04:14","modified_gmt":"2011-05-09T09:04:14","slug":"tartaruga-e-tartarughe","status":"publish","type":"page","link":"https:\/\/www.big-animals.com\/it\/tartaruga-e-tartarughe\/","title":{"rendered":"Tartarughe e tartarughe"},"content":{"rendered":"<p><span id=\"gts_text_1\" class=\"gts_text\">Le tartarughe terrestri e le tartarughe marine sono <a href=\"http:\/\/www.big-animals.com\/the-worlds-biggest-reptiles\/\">rettili<\/a>.<\/span> <span id=\"gts_text_2\" class=\"gts_text\">Queste posseggono una speciale corazza che funge da protezione.<\/span> <span id=\"gts_text_3\" class=\"gts_text\">Sono protette da una corazza sia nella parte superiore, sia nella parte inferiore<\/span> <span id=\"gts_text_4\" class=\"gts_text\">La parte superiore a forma di cupola \u00e8 chiamata carapace<\/span> <span id=\"gts_text_5\" class=\"gts_text\">La parte inferiore che racchiude la pancia prende il nome di piastrone<\/span> <span id=\"gts_text_6\" class=\"gts_text\">\u00a0Sia la corazza sia il piastrone sono unite da strutture ossee chiamate ponti.<\/span> <span id=\"gts_text_7\" class=\"gts_text\">Le coperture delle tartarughe si compongono di 60 ossa differenti che comprendono la parte della spina dorsale, dello sterno e delle costole.<\/span> <span id=\"gts_text_8\" class=\"gts_text\">Questo i mezzi, a differenza di cui vedete nei fumetti, la tartaruga non possono uscire dalle sue coperture.<\/span><\/p>\n<p><span id=\"gts_text_9\" class=\"gts_text\">La forma delle coperture ci dice come la tartaruga vive.<\/span> <span id=\"gts_text_10\" class=\"gts_text\">La maggior parte delle tartarughe hanno le grandi coperture a cupola come schermo contro i loro predatori.<\/span> <span id=\"gts_text_11\" class=\"gts_text\">Ma la tartaruga africana del pancake ha le coperture flessibili piane che aiuti da funzionare rapidamente a partire dai loro predatori nascondendosi nelle crepe della roccia.<\/span><\/p>\n<p><span id=\"gts_text_12\" class=\"gts_text\">La maggior parte delle tartarughe che vivono in acqua hanno coperture piane per aiutarle per nuotare e tuffarsi.<\/span> <span id=\"gts_text_13\" class=\"gts_text\">Le tartarughe di schiocco americane e le tartarughe di muschio hanno piccolo, le coperture pi\u00f9 basse cruciformi in modo da essi possono camminare pi\u00f9 efficientemente al fondo degli stagni e delle correnti.<\/span><\/p>\n<p><span id=\"gts_text_14\" class=\"gts_text\">Le tartarughe differenti hanno coperture dei colori differenti.<\/span> <span id=\"gts_text_15\" class=\"gts_text\">I colori pi\u00f9 comuni sono verde marrone, nero o verde oliva.<\/span> <span id=\"gts_text_16\" class=\"gts_text\">Una delle tartarughe pi\u00f9 colourful \u00e8 la tartaruga dipinta orientale che ha le coperture pi\u00f9 basse gialle e le coperture nere o verde oliva con la marcatura rossa intorno all&apos;orlo.<\/span> <span id=\"gts_text_17\" class=\"gts_text\">Non \u00e8 quello colourful!<\/span><\/p>\n<p><span id=\"gts_text_18\" class=\"gts_text\">Le tartarughe, che passare la maggior parte della loro vita su terra, hanno coperture a cupola pi\u00f9 pesanti e pi\u00f9 alte.<\/span> <span id=\"gts_text_19\" class=\"gts_text\">Le tartarughe acquatiche e morbido-sgusciate hanno avere coperture leggere in modo che non affondino al fondo del mare.<\/span> <span id=\"gts_text_20\" class=\"gts_text\">Lle coperture pi\u00f9 leggere inoltre le aiutano per nuotare pi\u00f9 velocemente.<\/span> <span id=\"gts_text_21\" class=\"gts_text\">Per esempio, le tartarughe liuto sono nuotatori eccellenti ed hanno coperture molto leggere.<\/span><\/p>\n<p><span id=\"gts_text_22\" class=\"gts_text\">Le tartarughe erano intorno a quando i dinosauri hanno vagato la terra.<\/span> <span id=\"gts_text_23\" class=\"gts_text\">Ci\u00f2 fa le tartarughe una di pi\u00f9 vecchi gruppi dei rettili, rispetto alle lucertole, ai serpenti ed ai coccodrilli.<\/span> <span id=\"gts_text_24\" class=\"gts_text\">Alcune tartarughe possono vivere per avere luogo oltre 100 anni.<\/span> <span id=\"gts_text_25\" class=\"gts_text\">\u00a0La ragione per la quale vivono che lungamente \u00e8 perch\u00e9 gli organi delle tartarughe continuano lavorare bene mentre invecchiano.<\/span><\/p>\n<figure id=\"attachment_363\" aria-describedby=\"caption-attachment-363\" style=\"width: 259px\" class=\"wp-caption alignleft\"><a href=\"http:\/\/www.big-animals.com\/wp-content\/uploads\/2011\/01\/Harriet.jpg\"><img loading=\"lazy\" decoding=\"async\" class=\"size-full wp-image-363\" title=\"Harriet, la tartaruga longeva di Gal\u00e1pagos\" src=\"http:\/\/www.big-animals.com\/wp-content\/uploads\/2011\/01\/Harriet.jpg\" alt=\"Harriet, la tartaruga longeva di Gal\u00e1pagos\" width=\"259\" height=\"144\" \/><\/a><figcaption id=\"caption-attachment-363\" class=\"wp-caption-text\">Harriet, The Long-Lived Gal\u00e1pagos Tortoise<\/figcaption><\/figure>\n<p><span id=\"gts_text_26\" class=\"gts_text\">Adwaita (significato \u201cuno e soltanto\u201e in sanscrito) era il nome di una tartaruga gigante maschio di Aldabra nei giardini zoologici di Alipore di Calcutta, India.<\/span> <span id=\"gts_text_27\" class=\"gts_text\">Era fra i pi\u00f9 vecchi animali vivi nel mondo.<\/span> <span id=\"gts_text_28\" class=\"gts_text\">\u00c8 morto quando aveva circa 255 anni nel 2006.<\/span> <span id=\"gts_text_29\" class=\"gts_text\">Tu&apos;i Malila \u00e8 la seconda tartaruga lungo-viva dopo Adwaita.<\/span> <span id=\"gts_text_30\" class=\"gts_text\">\u00c8 morto nel 1965 all&apos;et\u00c3 di 188.<\/span> <span id=\"gts_text_31\" class=\"gts_text\">Dopo, Harriet, una <a href=\"http:\/\/www.big-animals.com\/galapagos-tortoise\/\">tartaruga di Gal\u00e1pagos<\/a> \u00e8 la terza tartaruga lungo-vivente che \u00e8 morto all&apos;et\u00c3 di 175 anni in Australia nel 2006.<\/span><\/p>\n<p><span id=\"gts_text_32\" class=\"gts_text\">Alcuno dell&apos;oggi vivo di molte specie \u00e8 in pericolo di estinguersi.<\/span> <span id=\"gts_text_33\" class=\"gts_text\">Tutte le tartarughe di mare sono messe in pericolo.<\/span> <span id=\"gts_text_34\" class=\"gts_text\">Ci sono leggi per proteggerle, ma la loro carne \u00e8 altamente dentro richiesta in alcune culture.<\/span> <span id=\"gts_text_35\" class=\"gts_text\">La minestra di tartarughe \u00e8 un piatto costoso, per esempio.<\/span> <span id=\"gts_text_36\" class=\"gts_text\">Sono state cercate cos\u00ec aggressivamente in Asia nella misura in cui le tartarughe quasi completamente sono scomparso.<\/span><\/p>\n<p><span id=\"gts_text_37\" class=\"gts_text\">Congettura che signore!<\/span> <span id=\"gts_text_38\" class=\"gts_text\">Il grasso dalle tartarughe inoltre \u00e8 utilizzato nei Caraibi e nel Messico come ingrediente in cosmetici.<\/span> <span id=\"gts_text_39\" class=\"gts_text\">Le coperture inferiori di una tartaruga sono utilizzate nella medicina di cinese tradizionale.<\/span><\/p>\n<p><span id=\"gts_text_40\" class=\"gts_text\">per incontrare il molto richiesto per le tartarughe che molta gente ha cominciato installare le aziende agricole delle tartarughe in Cina, Oklahoma e la Luisiana.<\/span><\/p>\n<p><span id=\"gts_text_41\" class=\"gts_text\">Le tartarughe sono il freddo blooded.<\/span> <span id=\"gts_text_42\" class=\"gts_text\">Di conseguenza i loro corpi cambiano la temperatura secondo i loro dintorni.<\/span> <span id=\"gts_text_43\" class=\"gts_text\">Le tartarughe rimangono senza vita nell&apos;acqua fredda.<\/span> <span id=\"gts_text_44\" class=\"gts_text\">La maggior parte di loro dormono durante l&apos;inverno.<\/span> <span id=\"gts_text_45\" class=\"gts_text\">Tutte le tartarughe e tartarughe respirano l&apos;aria.<\/span> <span id=\"gts_text_46\" class=\"gts_text\">Il underwater delle tartarughe deve andare alla superficie riempire i loro polmoni.<\/span><\/p>\n<p><span id=\"gts_text_47\" class=\"gts_text\">Le tartarughe non fanno le loro uova underwater.<\/span> <span id=\"gts_text_48\" class=\"gts_text\">\u00a0La maggior parte delle tartarughe femminili ritornano alla spiaggia per fare le loro uova dopo le centinaia di viaggio di chilometri.<\/span> <span id=\"gts_text_49\" class=\"gts_text\">Le tartarughe hanno alette per aiutarle per nuotare.<\/span> <span id=\"gts_text_50\" class=\"gts_text\">Credi che o non essi possa nuotare velocemente come gli esseri umani possono funzionare sulla terra.<\/span> <span id=\"gts_text_51\" class=\"gts_text\">Muovono le loro alette anteriori verso la nuotata e le alette posteriori fanno la direzione.<\/span><\/p>\n<figure id=\"attachment_364\" aria-describedby=\"caption-attachment-364\" style=\"width: 213px\" class=\"wp-caption alignright\"><a href=\"http:\/\/www.big-animals.com\/wp-content\/uploads\/2011\/01\/HaeckelChelonia.jpg\"><img loading=\"lazy\" decoding=\"async\" class=\"size-medium wp-image-364\" title=\"Tipi differenti di tartarughe e di tartarughe - disegni da Haeckel, 1904\" src=\"http:\/\/www.big-animals.com\/wp-content\/uploads\/2011\/01\/HaeckelChelonia-213x300.jpg\" alt=\"Tipi differenti di tartarughe e di tartarughe - disegni da Haeckel, 1904\" width=\"213\" height=\"300\" \/><\/a><figcaption id=\"caption-attachment-364\" class=\"wp-caption-text\">Different Types of Turtles and Tortoises - Drawings by Haeckel, 1904<\/figcaption><\/figure>\n<p><span id=\"gts_text_52\" class=\"gts_text\">Poich\u00e9 sono cos\u00ec hanno usato per essere nell&apos;acqua, essi lo trovano realmente duro muoversi sulla terra.<\/span> <span id=\"gts_text_53\" class=\"gts_text\">Ecco perch\u00e9 le tartarughe della madre si muovono molto molto lentamente sulla terra, trascinantesi in avanti con le loro alette per trovare un posto per scavare un foro e per fare le loro uova.<\/span> <span id=\"gts_text_54\" class=\"gts_text\">Faranno diverse centinaia uova che assomiglieranno alle palle da ping-pong.<\/span> <span id=\"gts_text_55\" class=\"gts_text\">Riguarderanno il foro di fango o di sabbia.<\/span> <span id=\"gts_text_56\" class=\"gts_text\">Le madri poi lasciano le loro uova nel foro.<\/span> <span id=\"gts_text_57\" class=\"gts_text\">Le tartarughe della madre non si occupano dei loro bambini.<\/span><\/p>\n<p><span id=\"gts_text_58\" class=\"gts_text\">Il calore dal sole contribuir\u00e0 a covare le uova.<\/span> <span id=\"gts_text_59\" class=\"gts_text\">Le tartarughe femminili covano dalle uova pi\u00f9 calde che sono pi\u00f9 vicine alla superficie della sabbia o del fango.<\/span> <span id=\"gts_text_60\" class=\"gts_text\">\u00a0Le tartarughe maschii covano dalle uova pi\u00f9 fresche che sono al fondo del foro.<\/span> <span id=\"gts_text_61\" class=\"gts_text\">Queste tartarughe minuscole scavano alla superficie stesse del bambino e poi nuotano al mare.<\/span> <span id=\"gts_text_62\" class=\"gts_text\">Ci sono molti uccelli, granchi ed animali aspettanti per dilettarsi su loro poich\u00e8 fanno il loro modo di nuovo al mare.<\/span> <span id=\"gts_text_63\" class=\"gts_text\">\u00a0Tristemente, soltanto 1% di tutte le tartarughe del bambino raggiungono l&apos;et\u00e0 adulta.<\/span><\/p>\n<p><span id=\"gts_text_64\" class=\"gts_text\">Alcune tartarughe possono abbassare il loro collo e tirare la loro testa diritto nuovamente dentro le coperture.<\/span> <span id=\"gts_text_65\" class=\"gts_text\">Queste specie di tartarughe includono le tartarughe d&apos;acqua dolce, le tartarughe di schiocco, le tartarughe, le tartarughe sgusciate morbide e le tartarughe di mare.<\/span> <span id=\"gts_text_66\" class=\"gts_text\">Altre tartarughe, chiamate tartarughe lato-con il collo, tirano il collo obliquo nelle coperture.<\/span> <span id=\"gts_text_67\" class=\"gts_text\">Sono chiamate tartarughe del lato-collo e vivono nell&apos;emisfero australe.<\/span><\/p>\n<p><span id=\"gts_text_68\" class=\"gts_text\">La testa di una tartaruga \u00e8 coperta in scale dure.<\/span> <span id=\"gts_text_69\" class=\"gts_text\">La maggior parte delle tartarughe che passano la maggior parte del loro tempo sulla terra hanno loro occhi osservare gi\u00f9 gli oggetti davanti loro.<\/span> <span id=\"gts_text_70\" class=\"gts_text\">Alcune tartarughe acquatiche come le tartarughe di schiocco e le tartarughe morbido-sgusciate hanno occhi pi\u00f9 vicino alla cima della testa.<\/span> <span id=\"gts_text_71\" class=\"gts_text\">Queste specie di tartarughe possono nascondersi dai predatori affondando gi\u00f9 in acqua bassa, ma assicurandosi che i loro occhi e narici siano sopra la superficie.<\/span> <span id=\"gts_text_72\" class=\"gts_text\">Le tartarughe di mare hanno ghiandole vicino ai loro occhi per liberarsi del sale in eccesso nel loro corpo che ottengono dalla loro acqua potabile.<\/span><\/p>\n<p><span id=\"gts_text_73\" class=\"gts_text\">Le tartarughe hanno visione notturna superba.<\/span> <span id=\"gts_text_74\" class=\"gts_text\">Le aiuta notevolmente per vedere chiaramente al fondo dell&apos;oceano scuro o alla notte sulla terra quando escono fare le loro uova.<\/span><\/p>\n<p><span id=\"gts_text_75\" class=\"gts_text\">Alcune tartarughe mangiano sia le piante che la carne, alcune mangia principalmente le piante ed altre principalmente carne.<\/span> <span id=\"gts_text_76\" class=\"gts_text\">Le tartarughe non hanno denti ma hanno un forte becco.<\/span> <span id=\"gts_text_77\" class=\"gts_text\">Pianta-mangiando le tartarughe hanno a sega-come il bordo al loro becco che le aiuta ad incidere l&apos;alimento duro come le erbe del mare.<\/span> <span id=\"gts_text_78\" class=\"gts_text\">D&apos;altra parte, le tartarughe carnivore hanno becco coltello-tagliente per l&apos;affettatura attraverso la loro preda.<\/span> <span id=\"gts_text_79\" class=\"gts_text\">Le tartarughe utilizzano le loro lingue per aiutarle per inghiottire il loro alimento ma non possono attaccare fuori le loro lingue all&apos;alimento del fermo come una rana.<\/span><\/p>\n<p><span id=\"gts_text_80\" class=\"gts_text\">La pi\u00f9 grande tartaruga di mare vivente \u00e8 la grande <a href=\"http:\/\/www.big-animals.com\/leatherback-sea-turtle\/\">tartaruga di mare del leatherback<\/a>.<\/span> <span id=\"gts_text_81\" class=\"gts_text\">La lunghezza delle sue coperture \u00e8 circa 200cm (6,6 piedi) e pu\u00f2 pesare oltre 900 chilogrammi (2000lb).<\/span> <span id=\"gts_text_82\" class=\"gts_text\">Le sue coperture sono coperte di pelle coriacea con le bande alzate.<\/span> <span id=\"gts_text_83\" class=\"gts_text\">Hanno un&apos;pi\u00f9 alta temperatura corporea che l&apos;acqua circostante a causa del suo alto tasso metabolico.<\/span> <span id=\"gts_text_84\" class=\"gts_text\">Vive negli oceani pi\u00f9 caldi dell&apos;oceano.<\/span> <span id=\"gts_text_85\" class=\"gts_text\">Le tartarughe di mare hanno pi\u00f9 forma pi\u00f9 piana in modo da possono scivolare con garbo attraverso l&apos;acqua.<\/span> <span id=\"gts_text_86\" class=\"gts_text\">Vivono nel mare tutte le loro vite.<\/span> <span id=\"gts_text_87\" class=\"gts_text\">La tartaruga di Archelon (righello di significato in greco) \u00e8 mai la pi\u00f9 grande tartaruga di mare, ma \u00e8 gi\u00e0 estinta.<\/span> <span id=\"gts_text_88\" class=\"gts_text\">Era lungamente di 4,6 metri (15 piedi).<\/span> <span id=\"gts_text_89\" class=\"gts_text\">Era di pi\u00f9 di 2.200 chilogrammi (4500lbs).<\/span> <span id=\"gts_text_90\" class=\"gts_text\">La maggior parte del resti delle tartarughe di Archelon hanno potuto essere trovati il Dakota del Sud e nel Wyoming.\u00a0Ci sono alcune tartarughe che inoltre vivono in acqua dolce.<\/span> <span id=\"gts_text_91\" class=\"gts_text\">\u00a0Le tartarughe dell&apos;acqua dolce sono generalmente pi\u00f9 piccolo rispetto alle tartarughe di mare.<\/span> <span id=\"gts_text_92\" class=\"gts_text\">Le pi\u00f9 grandi tartarughe dell&apos;acqua dolce sono la tartaruga morbido-sgusciata asiatico.<\/span> <span id=\"gts_text_93\" class=\"gts_text\">\u00a0Questa tartaruga pu\u00f2 coltivare fino a 2 metri (6,6 piedi).<\/span><\/p>\n<p><span id=\"gts_text_94\" class=\"gts_text\">Le tartarughe mangia sia le piante che gli insetti.<\/span> <span id=\"gts_text_95\" class=\"gts_text\">Hanno piedi anteriori palmati che assomigliano alle alette.<\/span> <span id=\"gts_text_96\" class=\"gts_text\">Le tartarughe Maiale-Fiutate hanno alette reali.<\/span> <span id=\"gts_text_97\" class=\"gts_text\">Ma le tartarughe, che passare la maggior parte della loro vita sulla terra, hanno gambe tarchiate con gli artigli taglienti per scavare.<\/span> <span id=\"gts_text_98\" class=\"gts_text\">Le tartarughe mangiano soltanto le piante e foglie e l&apos;altra vegetazione di menzogne bassa.<\/span> <span id=\"gts_text_99\" class=\"gts_text\">Tendono a restare in un&apos;area.<\/span> <span id=\"gts_text_100\" class=\"gts_text\">Prendparteono soltanto all&apos;acqua quando sono assetate o bagnanti.<\/span> <span id=\"gts_text_101\" class=\"gts_text\">Possono essere annegano nelle forti correnti.<\/span> <span id=\"gts_text_102\" class=\"gts_text\">Possono essere trovate nelle aree asciutte.<\/span> <span id=\"gts_text_103\" class=\"gts_text\">Sono in genere pi\u00f9 gran, pi\u00f9 ingombranti e pi\u00f9 pesanti.<\/span> <span id=\"gts_text_104\" class=\"gts_text\">La pi\u00f9 grande tartaruga vivente \u00e8 la <a href=\"http:\/\/www.big-animals.com\/galapagos-tortoise\/\">tartaruga che di Gal\u00e1pagos<\/a> che diventa lungamente circa 1,8 metri (6 metri) e pu\u00f2 pesare sopra 400kilograms (882lb).<\/span> <span id=\"gts_text_105\" class=\"gts_text\">\u00c8 fra il pi\u00f9 lungamente vivo di tutti i vertebrati.<\/span> <span id=\"gts_text_106\" class=\"gts_text\">Pu\u00f2 vivere oltre 100 anni nel selvaggio.<\/span> <span id=\"gts_text_107\" class=\"gts_text\">La pi\u00f9 vecchia tartaruga di Gal\u00e1pagos aveva almeno 170 anni.<\/span> <span id=\"gts_text_108\" class=\"gts_text\">\u00c8 trovato sulle isole di Gal\u00e1pagos nell&apos;oceano Pacifico.<\/span> <span id=\"gts_text_109\" class=\"gts_text\">La pi\u00f9 grande tartaruga estinta \u00e8 la tartaruga di Meiolania.<\/span> <span id=\"gts_text_110\" class=\"gts_text\">Sono trovati nel Nord ed il Sudamerica, l&apos;Australia e l&apos;Africa.<\/span> <span id=\"gts_text_111\" class=\"gts_text\">Si sono trasformati nei 2000 anni estinti fa quando l&apos;uomo ha cominciato cercarli per alimento.<\/span> <span id=\"gts_text_112\" class=\"gts_text\">Sono lungamente di circa 2,5 metri (8,2 piedi).<\/span><\/p>\n<p><span id=\"gts_text_113\" class=\"gts_text\">D&apos;altra parte, la pi\u00f9 piccola tartaruga del mondo \u00e8 la tartaruga macchiata di Padloper &#8211; i maschi diventi soltanto lungamente circa 6-8 centimetri (2,4 &#8211; 3,1 pollici) &#8211; ma le femmine sono piuttosto pi\u00f9 grandi.<\/span> <span id=\"gts_text_114\" class=\"gts_text\">Pesano circa 95-165 il grammo (3.4-5.8oz).<\/span> <span id=\"gts_text_115\" class=\"gts_text\">Il loro alimento favorito \u00e8 piccole piante grasse con i lotti dell&apos;acqua in loro.<\/span> <span id=\"gts_text_116\" class=\"gts_text\">Vivono su terra rocciosa.<\/span> <span id=\"gts_text_117\" class=\"gts_text\">Possono essere trovati nel Sudafrica occidentale.<\/span> <span id=\"gts_text_118\" class=\"gts_text\">Altre due piccole tartarughe di specie sono le tartarughe di fango americane e tartarughe di muschio che vivono in un&apos;area che varia dal Canada nel Sudamerica.<\/span> <span id=\"gts_text_119\" class=\"gts_text\">Le loro coperture erano di meno di 13 centimetri (5.1inches) di lunghezza.<\/span><\/p>\n<p><span id=\"gts_text_120\" class=\"gts_text\">Le tartarughe usano l&apos;aiuto dei raggi del sole per riscaldarsi ed usano l&apos;acqua o l&apos;ombra per raffreddarsi.<\/span> <span id=\"gts_text_121\" class=\"gts_text\">Le tartarughe tendono a riscaldare i loro corpi l&apos;esposizione al sole ed anche burrowing nell&apos;ambito della terra tenere fresco.<\/span> <span id=\"gts_text_122\" class=\"gts_text\">Lo strato esterno delle coperture fa parte della pelle.<\/span> <span id=\"gts_text_123\" class=\"gts_text\">Le tartarughe non spargono tutto d&apos;un tratto le loro pelli come il serpente.<\/span> <span id=\"gts_text_124\" class=\"gts_text\">Le tartarughe hanno sparso la loro pelle poco a poco.<\/span> <span id=\"gts_text_125\" class=\"gts_text\">Le tartarughe inoltre hanno sparso la pelle.<\/span> <span id=\"gts_text_126\" class=\"gts_text\">Questo pelle morta accumuler\u00e0 nell&apos;le manopole ed i piatti spessi che proteggeranno la parte del corpo sicura fuori delle coperture.<\/span><\/p>\n<p><span id=\"gts_text_127\" class=\"gts_text\">Le grandi tartarughe tendono a nuotare pi\u00f9 di meno di quelle pi\u00f9 piccole.<\/span> <span id=\"gts_text_128\" class=\"gts_text\">Per esempio, la tartaruga di schiocco dell&apos;alligatore, che \u00e8 una di pi\u00f9 grandi tartarughe d&apos;acqua dolce nel mondo, appena nuota affatto.<\/span> <span id=\"gts_text_129\" class=\"gts_text\">Preferiscono camminare lungo il fondo del fiume o del lago.<\/span> <span id=\"gts_text_130\" class=\"gts_text\">Le tartarughe usano i loro artigli lunghi per scalare sulle rive e sui ceppi di galleggiamento.<\/span><\/p>\n<p><span id=\"gts_text_131\" class=\"gts_text\">Le piccole tartarughe terrestri e le tartarughe d&apos;acqua dolce a volte sono tenute come animali domestici.<\/span> <span id=\"gts_text_132\" class=\"gts_text\">Pi\u00f9 popolari quei sono tartarughe russe, tartarughe del Dente cilindrico-Thighed e cursori con le orecchie rosse.<\/span><\/p>\n","protected":false},"excerpt":{"rendered":"<p>Le tartarughe terrestri e le tartarughe marine sono rettili. Queste posseggono una speciale corazza che funge da protezione. Sono protette da una corazza sia nella parte superiore, sia nella parte inferiore La parte superiore a forma di cupola \u00e8 chiamata carapace La parte inferiore che racchiude la pancia prende il nome di piastrone \u00a0Sia la &hellip; <a href=\"https:\/\/www.big-animals.com\/it\/tartaruga-e-tartarughe\/\" class=\"more-link\">Continue reading <span class=\"screen-reader-text\">Tartarughe e tartarughe<\/span><\/a><\/p>\n","protected":false},"author":1,"featured_media":0,"parent":0,"menu_order":0,"comment_status":"closed","ping_status":"open","template":"","meta":{"_acf_changed":false,"footnotes":""},"acf":[],"_links":{"self":[{"href":"https:\/\/www.big-animals.com\/it\/wp-json\/wp\/v2\/pages\/15"}],"collection":[{"href":"https:\/\/www.big-animals.com\/it\/wp-json\/wp\/v2\/pages"}],"about":[{"href":"https:\/\/www.big-animals.com\/it\/wp-json\/wp\/v2\/types\/page"}],"author":[{"embeddable":true,"href":"https:\/\/www.big-animals.com\/it\/wp-json\/wp\/v2\/users\/1"}],"replies":[{"embeddable":true,"href":"https:\/\/www.big-animals.com\/it\/wp-json\/wp\/v2\/comments?post=15"}],"version-history":[{"count":0,"href":"https:\/\/www.big-animals.com\/it\/wp-json\/wp\/v2\/pages\/15\/revisions"}],"wp:attachment":[{"href":"https:\/\/www.big-animals.com\/it\/wp-json\/wp\/v2\/media?parent=15"}],"curies":[{"name":"wp","href":"https:\/\/api.w.org\/{rel}","templated":true}]}}