{"id":18,"date":"2011-05-09T09:07:46","date_gmt":"2011-05-09T09:07:46","guid":{"rendered":""},"modified":"2011-05-09T09:07:46","modified_gmt":"2011-05-09T09:07:46","slug":"perissodattili","status":"publish","type":"page","link":"https:\/\/www.big-animals.com\/it\/perissodattili\/","title":{"rendered":"Perissodattili"},"content":{"rendered":"<figure id=\"attachment_1081\" aria-describedby=\"caption-attachment-1081\" style=\"width: 244px\" class=\"wp-caption alignright\"><img loading=\"lazy\" decoding=\"async\" class=\"size-medium wp-image-1081 \" title=\"Il tapiro \u00e8 gli ungulati Dispari-Piantati\" src=\"http:\/\/www.big-animals.com\/wp-content\/uploads\/2011\/05\/Tapir-244x300.jpg\" alt=\"Il tapiro \u00e8 gli ungulati Dispari-Piantati\" width=\"244\" height=\"300\" \/><figcaption id=\"caption-attachment-1081\" class=\"wp-caption-text\">The Tapir is an Odd-Toed Ungulate<\/figcaption><\/figure>\n<p><span id=\"gts_text_2\" class=\"gts_text\">I perissodattili sono erba che mangia i <a title=\"I pi\u00f9 grandi mammiferi del mondo!\" href=\"http:\/\/www.big-animals.com\/the-worlds-biggest-mammals\/\">mammiferi<\/a>.<\/span> <span id=\"gts_text_3\" class=\"gts_text\">La maggior parte dei perissodattili sono pianta-mangiatori.<\/span> <span id=\"gts_text_4\" class=\"gts_text\">Questo gruppo include i cavalli, i tapiri ed i rinoceronti.<\/span> <span id=\"gts_text_5\" class=\"gts_text\">Questi mammiferi hanno zoccoli con il numero dispari delle dita del piede.<\/span> <span id=\"gts_text_6\" class=\"gts_text\">Il dito del piede medio su ogni zoccolo \u00e8 inoltre solitamente pi\u00f9 grande delle altre dita del piede.<\/span> <span id=\"gts_text_7\" class=\"gts_text\">Questi animali sono relativamente grandi e fanno paragonare gli stomaci semplici agli <a title=\"ungulati Uguale-piantati\" href=\"http:\/\/www.big-animals.com\/even-toed-ungulate\/\">artiodattili<\/a> che hanno avere stomaci complessi per digerire il loro alimento pianta-basato.<\/span><\/p>\n<p><span id=\"gts_text_8\" class=\"gts_text\">Ci\u00f2 \u00e8 un diverso gruppo in queste specie.<\/span> <span id=\"gts_text_9\" class=\"gts_text\">Tutti i perissodattili moderni sono grandi animali, varianti nella dimensione dal pi\u00f9 piccolo, il tapiro della montagna che \u00e8 di 180 chilogrammi (400 libbre) al pi\u00f9 grande <a title=\"Rinoceronte bianco\" href=\"http:\/\/www.big-animals.com\/white-rhinoceros\/\">rinoceronte bianco<\/a> che possa pesare 2.200 chilogrammi (5000 libbre) o pi\u00f9.<\/span> <span id=\"gts_text_10\" class=\"gts_text\">Il loro peso corporeo massiccio \u00e8 sopportato dal grande dito del piede centrale o terzo.<\/span> <span id=\"gts_text_11\" class=\"gts_text\">Possono essere trovati in tutto l&#8217;Africa, l&#8217;America settentrionale, il Sudamerica e l&#8217;Asia.<\/span><\/p>\n<p><span id=\"gts_text_12\" class=\"gts_text\">I cavalli vivono in greggi.<\/span> <span id=\"gts_text_13\" class=\"gts_text\">I rinoceronti moderni del giorno gradiscono vivere da solo.<\/span> <span id=\"gts_text_14\" class=\"gts_text\">Sono animali territoriali.<\/span> <span id=\"gts_text_15\" class=\"gts_text\">Cos\u00ec, attaccheranno spesso un altro rinoceronte che prova ad invadere il loro spazio.<\/span> <span id=\"gts_text_16\" class=\"gts_text\">I tapiri sono inoltre animali isolati ma non difendono e non attaccano altri animali che invadano il loro territorio.<\/span> <span id=\"gts_text_17\" class=\"gts_text\">Sono animali timidi.<\/span><\/p>\n<figure id=\"attachment_1082\" aria-describedby=\"caption-attachment-1082\" style=\"width: 300px\" class=\"wp-caption alignleft\"><img loading=\"lazy\" decoding=\"async\" class=\"size-medium wp-image-1082\" title=\"I rinoceronti sono molto aggressivi\" src=\"http:\/\/www.big-animals.com\/wp-content\/uploads\/2011\/05\/Rhinoceros-300x225.jpg\" alt=\"I rinoceronti sono molto aggressivi\" width=\"300\" height=\"225\" \/><figcaption id=\"caption-attachment-1082\" class=\"wp-caption-text\">Rhinoceroses Are Very Aggressive<\/figcaption><\/figure>\n<p><span id=\"gts_text_19\" class=\"gts_text\">Gli ungulati dispari-piantati femmina tendono a dare alla luce a soltanto un puledro o vitello per volta.<\/span> <span id=\"gts_text_20\" class=\"gts_text\">Ha raramente gemelli.<\/span> <span id=\"gts_text_21\" class=\"gts_text\">Il vitello o il puledro pu\u00f2 stare molto presto dopo la nascita.<\/span> <span id=\"gts_text_22\" class=\"gts_text\">Ma il vitello o il puledro ancora dipender\u00e0 molto da sua madre.<\/span> <span id=\"gts_text_23\" class=\"gts_text\">Il giovane resta con sua madre anche dopo che smette di prendere il latte.<\/span> <span id=\"gts_text_24\" class=\"gts_text\">Lascer\u00e0 soltanto sua madre quando comincia ad inseguirla via.<\/span> <span id=\"gts_text_25\" class=\"gts_text\">Fa questa quando si accinge a d\u00e0 alla luce ad un nuovo puledro o vitello.<\/span> <span id=\"gts_text_26\" class=\"gts_text\">Attualmente, un giovane cavallo far\u00e0 parte del gregge.<\/span> <span id=\"gts_text_27\" class=\"gts_text\">Allo stadio avanzato, i giovani stalloni sono scacciati spesso per essere con i greggi del celibe.<\/span> <span id=\"gts_text_28\" class=\"gts_text\">Per i rhinos ed i tapiri vagheranno via cercando i nuovi motivi d&#8217;alimentazione dopo lo svezzamento tramite le loro madri.<\/span><\/p>\n<p><span id=\"gts_text_29\" class=\"gts_text\">I cavalli e gli asini sono stati addomesticati molti anni fa.<\/span> <span id=\"gts_text_30\" class=\"gts_text\">Ma nessun rhinos \u00e8 stato addomesticato.<\/span> <span id=\"gts_text_31\" class=\"gts_text\">\u00c8 troppo gran ed aggressive!<\/span> <span id=\"gts_text_32\" class=\"gts_text\">Alcuni sono stati catturati e messo negli zoo.<\/span> <span id=\"gts_text_33\" class=\"gts_text\">La popolazione degli ungulati dito del piede-piantati dispari \u00e8 diminuire dovuto mutamento climatico, i predatori, le malattie, le piante grezzo-leaved e la concorrenza da altri mangiatori della pianta quali gli artiodattili.<\/span> <span id=\"gts_text_34\" class=\"gts_text\">\u00a0La maggior parte delle specie di perissodattili sono elencate come specie minacciate ma nessuna specie moderna \u00e8 confermata per essere estinta.<\/span> <span id=\"gts_text_35\" class=\"gts_text\">Tendono a vivere pi\u00f9 lungamente nella cattivit\u00e0.<\/span> <span id=\"gts_text_36\" class=\"gts_text\">Ci sono molti programmi dell&#8217;allevamento che provano a mantenere le loro popolazioni nel selvaggio.<\/span> <span id=\"gts_text_37\" class=\"gts_text\">Se gli sforzi <em>tutti di<\/em> conservazione vengono a mancare, i soli soltanto due perissodattili lasciati saranno il cavallo e l&#8217;asino domestici.<\/span><\/p>\n<figure id=\"attachment_1083\" aria-describedby=\"caption-attachment-1083\" style=\"width: 300px\" class=\"wp-caption aligncenter\"><a href=\"http:\/\/www.big-animals.com\/wp-content\/uploads\/2011\/05\/Zebras.jpg\"><img loading=\"lazy\" decoding=\"async\" class=\"size-medium wp-image-1083\" title=\"Le zebre ed i cavalli sono il terzo gruppo di perissodattili\" src=\"http:\/\/www.big-animals.com\/wp-content\/uploads\/2011\/05\/Zebras-300x188.jpg\" alt=\"Le zebre ed i cavalli sono il terzo gruppo di perissodattili\" width=\"300\" height=\"188\" \/><\/a><figcaption id=\"caption-attachment-1083\" class=\"wp-caption-text\">Zebras and Horses are the Third Group of Odd-Toed Ungulates<\/figcaption><\/figure>\n<p><span id=\"gts_text_39\" class=\"gts_text\">\u00a0<\/span><\/p>\n","protected":false},"excerpt":{"rendered":"<p>I perissodattili sono erba che mangia i mammiferi. La maggior parte dei perissodattili sono pianta-mangiatori. Questo gruppo include i cavalli, i tapiri ed i rinoceronti. Questi mammiferi hanno zoccoli con il numero dispari delle dita del piede. Il dito del piede medio su ogni zoccolo \u00e8 inoltre solitamente pi\u00f9 grande delle altre dita del piede. &hellip; <a href=\"https:\/\/www.big-animals.com\/it\/perissodattili\/\" class=\"more-link\">Continue reading <span class=\"screen-reader-text\">Perissodattili<\/span><\/a><\/p>\n","protected":false},"author":1,"featured_media":0,"parent":0,"menu_order":0,"comment_status":"closed","ping_status":"open","template":"","meta":{"_acf_changed":false,"footnotes":""},"acf":[],"_links":{"self":[{"href":"https:\/\/www.big-animals.com\/it\/wp-json\/wp\/v2\/pages\/18"}],"collection":[{"href":"https:\/\/www.big-animals.com\/it\/wp-json\/wp\/v2\/pages"}],"about":[{"href":"https:\/\/www.big-animals.com\/it\/wp-json\/wp\/v2\/types\/page"}],"author":[{"embeddable":true,"href":"https:\/\/www.big-animals.com\/it\/wp-json\/wp\/v2\/users\/1"}],"replies":[{"embeddable":true,"href":"https:\/\/www.big-animals.com\/it\/wp-json\/wp\/v2\/comments?post=18"}],"version-history":[{"count":0,"href":"https:\/\/www.big-animals.com\/it\/wp-json\/wp\/v2\/pages\/18\/revisions"}],"wp:attachment":[{"href":"https:\/\/www.big-animals.com\/it\/wp-json\/wp\/v2\/media?parent=18"}],"curies":[{"name":"wp","href":"https:\/\/api.w.org\/{rel}","templated":true}]}}