{"id":20,"date":"2011-05-09T09:08:46","date_gmt":"2011-05-09T09:08:46","guid":{"rendered":""},"modified":"2011-05-09T09:08:46","modified_gmt":"2011-05-09T09:08:46","slug":"leatherback-mare-tartaruga","status":"publish","type":"page","link":"https:\/\/www.big-animals.com\/it\/leatherback-mare-tartaruga\/","title":{"rendered":"Tartaruga di mare del Leatherback"},"content":{"rendered":"<p><span id=\"gts_text_1\" class=\"gts_text\">La tartaruga di mare del leatherback \u00e8 il pi\u00f9 grande di tutte le <a href=\"http:\/\/www.big-animals.com\/turtles-and-tortoises\/\">tartarughe<\/a> viventi e del <a href=\"http:\/\/www.big-animals.com\/the-worlds-biggest-reptiles\/\">rettile<\/a> vivente quarto maggiore dopo i coccodrilli e gli alligatori sicuri.<\/span> <span id=\"gts_text_2\" class=\"gts_text\">La tartaruga di mare enorme del leatherback ha una lunghezza media di 1-2 metri (6-12 ft) e pesa 250-700kg (550-1500 libbre).<\/span> <span id=\"gts_text_3\" class=\"gts_text\">Una tartaruga di mare adulta del leatherback \u00e8 pi\u00f9 lunga di un uomo di dimensione media.\u00a0<\/span><span id=\"gts_text_4\" class=\"gts_text\">Il pi\u00f9 grande trovato mai era oltre 3 metri (18 piedi) da da capo a piedi e pesato 916 chilogrammi (2019 libbre).<\/span> <span id=\"gts_text_5\" class=\"gts_text\">\u00c8 stato trovato su una spiaggia sulla costa ovest di Galles.<\/span><\/p>\n<h3><span id=\"gts_text_6\" class=\"gts_text\">Fatti della tartaruga di mare del Leatherback<\/span><\/h3>\n<p><span id=\"gts_text_7\" class=\"gts_text\">Questa tartaruga gigantesca \u00e8 chiamata una tartaruga di mare del leatherback perch\u00e9 le sue coperture sono come una pelle coriacea spessa.<\/span> <span id=\"gts_text_8\" class=\"gts_text\">Ritiene come ebanite.<\/span> <span id=\"gts_text_9\" class=\"gts_text\">Questa pelle coriacea rende la tartaruga di mare del leatherback differente da altre tartarughe di mare, che hanno coperture ossute.<\/span> <span id=\"gts_text_10\" class=\"gts_text\">Ha sette creste distinte sulla parte a cupola superiore delle sue coperture.<\/span> <span id=\"gts_text_11\" class=\"gts_text\">Le creste attraversano dalla parte anteriore alla parte posteriore del collo delle tartarughe.<\/span> <span id=\"gts_text_12\" class=\"gts_text\">Queste creste ed il corpo a forma di grande lacrima aiutano le tartarughe a scivolare uniformemente attraverso l&#8217;acqua.<\/span> <span id=\"gts_text_13\" class=\"gts_text\">La parte posteriore della tartaruga \u00e8 grigio scuro annerire con i lotti dei punti bianchi su.<\/span><\/p>\n<figure id=\"attachment_342\" aria-describedby=\"caption-attachment-342\" style=\"width: 300px\" class=\"wp-caption alignleft\"><a href=\"http:\/\/www.big-animals.com\/wp-content\/uploads\/2011\/02\/Letherback-Laying-Eggs.jpg\"><img loading=\"lazy\" decoding=\"async\" class=\"size-medium wp-image-342 \" title=\"Tartaruga liuto che fa le uova - la tartaruga di mare del Leatherback \u00e8 la pi\u00f9 grande tartaruga del mondo\" src=\"http:\/\/www.big-animals.com\/wp-content\/uploads\/2011\/02\/Letherback-Laying-Eggs-300x204.jpg\" alt=\"Tartaruga liuto che fa le uova - la tartaruga di mare del Leatherback \u00e8 la pi\u00f9 grande tartaruga del mondo\" width=\"300\" height=\"204\" \/><\/a><figcaption id=\"caption-attachment-342\" class=\"wp-caption-text\">Leatherback Turtle Laying Eggs - The Leatherback Sea Turtle is the world&#038;#39;s largest turtle - Picture by Steve Garvie, Scotland<\/figcaption><\/figure>\n<p><span id=\"gts_text_14\" class=\"gts_text\">Le tartarughe liuto sono gli animali marini di immersione in profondit\u00e0.<\/span> <span id=\"gts_text_15\" class=\"gts_text\">Possono tuffarsi a circa 1,28 chilometri (0,8 miglia) nell&#8217;ambito della superficie.<\/span> <span id=\"gts_text_16\" class=\"gts_text\">Sopra quello, possono restare sotto l&#8217;acqua per un po&#8217;di tempo.<\/span> <span id=\"gts_text_17\" class=\"gts_text\">Indica che hanno forti polmoni!<\/span> <span id=\"gts_text_18\" class=\"gts_text\">Sono inoltre i rettili pi\u00f9 rapidi.<\/span> <span id=\"gts_text_19\" class=\"gts_text\">Possono nuotare a circa 35 chilometri all&#8217;ora (22 migli orari) nell&#8217;acqua.<\/span><\/p>\n<h3><span id=\"gts_text_20\" class=\"gts_text\">Habitat della tartaruga liuto<\/span><\/h3>\n<p><span id=\"gts_text_21\" class=\"gts_text\">La tartaruga di mare del leatherback \u00e8 ugualmente felice in acqua fredda o calda.<\/span> <span id=\"gts_text_22\" class=\"gts_text\">Potete trovare loro come estremo a nord come Norvegia e del sud fuori dalle coste del Cile e della Nuova Zelanda.<\/span> <span id=\"gts_text_23\" class=\"gts_text\">Di conseguenza i leatherbacks sono sono distribuiti pi\u00f9 ampiamente nella terra che tutte le altre specie dei rettili.<\/span> <span id=\"gts_text_24\" class=\"gts_text\">Possono essere trovati in tutti gli oceani tropicali e subtropicali, anche nei mari freddi ghiacciati dell&#8217;Artide.<\/span> <span id=\"gts_text_25\" class=\"gts_text\">Hanno un corpo unico che permette loro di vivere nell&#8217;oceano freddo.<\/span> <span id=\"gts_text_26\" class=\"gts_text\">Possono mantenere un&#8217;alta temperatura corporea in acqua fredda perch\u00e9 sono grandi, essi hanno uno strato spesso di grasso appena sotto la pelle, ottengono molto calore dai loro muscoli quando nuotano e possono tagliare il flusso sanguigno dalle loro alette fredde.<\/span> <span id=\"gts_text_27\" class=\"gts_text\">Tutte le altre tartarughe di mare sono limitate alle regioni pi\u00f9 calde dell&#8217;oceano del mondo.<\/span> <span id=\"gts_text_28\" class=\"gts_text\">Le tartarughe liuto adulte hanno essere trovate con una temperatura corporea di 18C (20F) sopra l&#8217;acqua circostante.<\/span><\/p>\n<p><span id=\"gts_text_29\" class=\"gts_text\">Le tartarughe liuto hanno un grande paio delle alette anteriori.<\/span> <span id=\"gts_text_30\" class=\"gts_text\">Queste alette anteriori sono piane che aiutano i leatherbacks per nuotare nel mare aperto.<\/span> <span id=\"gts_text_31\" class=\"gts_text\">Non ci sono artigli o scale sulle alette anteriori, che sono molto pi\u00f9 lunghe di altre alette delle tartarughe di mare.<\/span> <span id=\"gts_text_32\" class=\"gts_text\">Le alette posteriori dei leatherbacks hanno una pagaia-forma.<\/span> <span id=\"gts_text_33\" class=\"gts_text\">Le alette anteriori di Letherbacks possono diventare circa 2,7 metri (3 yarde) in pi\u00f9 grandi leatherbacks.<\/span> <span id=\"gts_text_34\" class=\"gts_text\">Con le sue coperture increspate ed alette enormi, la tartaruga di mare del leatherback pu\u00f2 viaggiare distanze enormi.<\/span> <span id=\"gts_text_35\" class=\"gts_text\">Viaggiano i 6000 chilometri essere in media (3700 miglia) ogni modo fra il posto che pongono le loro uova e le loro aree d&#8217;alimentazione.<\/span><\/p>\n<p><span id=\"gts_text_36\" class=\"gts_text\">Leatherbacks della madre posti circa 100 &#8211; 150 uova sulle spiagge tropicali.<\/span> <span id=\"gts_text_37\" class=\"gts_text\">Fanno le loro uova parecchie volte durante la stagione di incastramento.<\/span> <span id=\"gts_text_38\" class=\"gts_text\">Dopo circa 2 mesi di hatchlings del leatherback, con le bande bianche lungo le creste delle loro parti posteriori e sulle alette, scavi il loro modo fino alla superficie della sabbia.<\/span> <span id=\"gts_text_39\" class=\"gts_text\">I hatchlings del Leatherback sono lungamente di circa 50-77 centimetri (20-30 pollici).<\/span> <span id=\"gts_text_40\" class=\"gts_text\">Hanno alette anteriori che sono finch\u00e8 i loro corpi.<\/span> <span id=\"gts_text_41\" class=\"gts_text\">Pesano circa 40-50 grammi (1.4-1.7 once).<\/span> <span id=\"gts_text_42\" class=\"gts_text\">Un leatherback della madre ritorner\u00e0 per fare le sue uova sulla stessa spiaggia in cui ha covato.<\/span><\/p>\n<h3><span id=\"gts_text_43\" class=\"gts_text\">Che cosa le tartarughe di mare del Leatherback mangiano?<\/span><\/h3>\n<p><span id=\"gts_text_44\" class=\"gts_text\">La dieta principale delle tartarughe di mare del Leatherback \u00e8 medusa.<\/span> <span id=\"gts_text_45\" class=\"gts_text\">Inoltre aggiungono il pesce, il calamaro ed altre creature del mare senza le ossa alla loro dieta.<\/span> <span id=\"gts_text_46\" class=\"gts_text\">I leatherbacks pacifici nuotano fino attraverso all&#8217;oceano Pacifico dall&#8217;Indonesia alla California per mangiare le meduse l\u00e0.<\/span> <span id=\"gts_text_47\" class=\"gts_text\">Ch\u00e9 grande nuotatore maratona sono!<\/span> <span id=\"gts_text_48\" class=\"gts_text\">Una causa per il declino nei numeri dei leatherbacks sta facendo galleggiare i sacchetti di plastica nell&#8217;oceano.<\/span> <span id=\"gts_text_49\" class=\"gts_text\">Questi leatherbacks pacifici confondono questi sacchetti di plastica le meduse e la prova per mangiarli.<\/span> <span id=\"gts_text_50\" class=\"gts_text\">Come conseguenza di quello un terzo dei leatherbacks adulti ha mangiato un sacchetto di plastica.<\/span> <span id=\"gts_text_51\" class=\"gts_text\">Cos\u00ec, realmente dovremmo smettere di usando i sacchetti di plastica ed abbiamo cominciato a rendergli un&#8217;abitudine per usare le borse di acquisto riutilizzabili.<\/span> <span id=\"gts_text_52\" class=\"gts_text\">Anche una piccola quantit\u00e0 di plastica pu\u00f2 uccidere un leatherback bloccando il suo apparato digerente.<\/span><\/p>\n<h3><span id=\"gts_text_53\" class=\"gts_text\">La tartaruga di mare del Leatherback \u00e8 messa in pericolo<\/span><\/h3>\n<p><span id=\"gts_text_54\" class=\"gts_text\">Oltre ai sacchetti di plastica, inoltre affrontano molte altre minacce.<\/span> <span id=\"gts_text_55\" class=\"gts_text\">La gente in alcuni paesi ama mangiare le uova dei leatherbacks.<\/span> <span id=\"gts_text_56\" class=\"gts_text\">Tante uova della tartaruga sono state dissotterrate in paesi asiatici che il numero delle tartarughe liuto \u00e8 disceso.<\/span> <span id=\"gts_text_57\" class=\"gts_text\">Per esempio, la spiaggia di Rantau Abang in Terengganu, Malesia era una volta il pi\u00f9 grande incastramento frantumato nel mondo.<\/span> <span id=\"gts_text_58\" class=\"gts_text\">Ha avuta ogni anno 10.000 nidi della tartaruga liuto.<\/span> <span id=\"gts_text_59\" class=\"gts_text\">Per quanto nel 2008, soltanto 2 nidi miseri sono stati trovati a Rantau Abang &#8211; e produrre ad argomenti peggio le uova erano infertile, senza la probabilit\u00e0 di covata delle tartarughe del bambino.<\/span> <span id=\"gts_text_60\" class=\"gts_text\">La causa principale per il declino \u00e8 che le uova sono state raccolte aggressivamente affinch\u00e8 l&#8217;alimento siano vendute nel mercato.<\/span><\/p>\n<figure id=\"attachment_343\" aria-describedby=\"caption-attachment-343\" style=\"width: 300px\" class=\"wp-caption alignright\"><a href=\"http:\/\/www.big-animals.com\/wp-content\/uploads\/2011\/02\/Baby-Leatherback.jpg\"><img loading=\"lazy\" decoding=\"async\" class=\"size-medium wp-image-343\" title=\"Una tartaruga di mare del Leatherback del bambino - soltanto 1% di queste creature sveglie diventano la dimensione adulta\" src=\"http:\/\/www.big-animals.com\/wp-content\/uploads\/2011\/02\/Baby-Leatherback-300x198.jpg\" alt=\"Una tartaruga di mare del Leatherback del bambino - soltanto 1% di queste creature sveglie diventano la dimensione adulta\" width=\"300\" height=\"198\" \/><\/a><figcaption id=\"caption-attachment-343\" class=\"wp-caption-text\">A Baby Leatherback Sea Turtle - Only 1% Of These Cute Creatures Grow To Adult Size - Picture by Alejandro Linares Garcia<\/figcaption><\/figure>\n<p><span id=\"gts_text_61\" class=\"gts_text\">Non \u00e8 appena esseri umani che amino mangiare le uova o i hatchlings delle tartarughe liuto &#8211; la tartaruga di mare del leatherback del bambino ha molti predatori.<\/span> <span id=\"gts_text_62\" class=\"gts_text\">Gli uccelli marini ed i procioni li amano pure.<\/span> <span id=\"gts_text_63\" class=\"gts_text\">Cos\u00ec, prima che i hatchlings possano raggiungere il mare molti di loro saranno mangiati da questi predatori.<\/span> <span id=\"gts_text_64\" class=\"gts_text\">Quelli che riescono a prendparteere all&#8217;acqua saranno mangiati dagli squali e dai grandi pesci.<\/span> <span id=\"gts_text_65\" class=\"gts_text\">Soltanto 1% sopravvivono a all&#8217;et\u00e0 adulta.<\/span><\/p>\n<p><span id=\"gts_text_66\" class=\"gts_text\">In Indonesia, potete trovare i negozi che vendono tutti i tipi di ricordi della tartaruga come le borse della tartaruga-pelle, i gioielli fatti dalle coperture della tartaruga e le tartarughe farcite.<\/span> <span id=\"gts_text_67\" class=\"gts_text\">in Europa c&#8217;\u00e8 una domanda crescente delle tartarughe di mare perch\u00e9 sempre pi\u00f9 la gente sta cominciando gradire la minestra di tartaruga.<\/span><\/p>\n<p><span id=\"gts_text_68\" class=\"gts_text\">Le spiagge che sono usate dai leatherbacks per fare le loro uova sono state usate per costruire gli hotel ed i ristoranti.<\/span> <span id=\"gts_text_69\" class=\"gts_text\">Come conseguenza di queste attivit\u00e0, molti leatherbacks hanno perso il loro habitat naturale, i leatherbacks della madre sono impauriti fare le loro uova alla spiaggia e le uova sono schiacciate dalla gente mentre esposizione al sole, giocante e movente sulle spiagge.<\/span><\/p>\n<p><span id=\"gts_text_70\" class=\"gts_text\">La vittima di caduta di molti leatherbacks alle linee di pesca enormi gradisce le reti a deriva.<\/span> <span id=\"gts_text_71\" class=\"gts_text\">Se le tartarughe di mare sono prese nella rete ed incapace di affiorare per respirare, possono annegare.<\/span><\/p>\n<p><span id=\"gts_text_72\" class=\"gts_text\">I Leatherbacks viaggiano in lungo e in largo nell&#8217;oceano, essi contattano le persone in tutto il mondo.<\/span> <span id=\"gts_text_73\" class=\"gts_text\">Di conseguenza, gli sforzi per aiutare i leatherbacks in un paese possono essere rovinati dalle attivit\u00e0 in un altro paese.<\/span> <span id=\"gts_text_74\" class=\"gts_text\">Per esempio, proteggere le tartarughe liuto sulle spiagge di incastramento degli Stati Uniti e nel U.S.waters da solo non \u00e8 abbastanza per assicurare la sicurezza e la popolazione dei leatherbacks. Le cattive notizie<\/span> <span id=\"gts_text_75\" class=\"gts_text\">sono sebbene i lotti di sforzo siano stati messi dentro per conservare queste belle creature marine, essi ancora molto sono sfruttate dalla gente particolarmente nel mercato nero alle spiagge di incastramento.<\/span><\/p>\n","protected":false},"excerpt":{"rendered":"<p>La tartaruga di mare del leatherback \u00e8 il pi\u00f9 grande di tutte le tartarughe viventi e del rettile vivente quarto maggiore dopo i coccodrilli e gli alligatori sicuri. La tartaruga di mare enorme del leatherback ha una lunghezza media di 1-2 metri (6-12 ft) e pesa 250-700kg (550-1500 libbre). Una tartaruga di mare adulta del &hellip; <a href=\"https:\/\/www.big-animals.com\/it\/leatherback-mare-tartaruga\/\" class=\"more-link\">Continue reading <span class=\"screen-reader-text\">Tartaruga di mare del Leatherback<\/span><\/a><\/p>\n","protected":false},"author":1,"featured_media":0,"parent":0,"menu_order":0,"comment_status":"closed","ping_status":"open","template":"","meta":{"_acf_changed":false,"footnotes":""},"acf":[],"_links":{"self":[{"href":"https:\/\/www.big-animals.com\/it\/wp-json\/wp\/v2\/pages\/20"}],"collection":[{"href":"https:\/\/www.big-animals.com\/it\/wp-json\/wp\/v2\/pages"}],"about":[{"href":"https:\/\/www.big-animals.com\/it\/wp-json\/wp\/v2\/types\/page"}],"author":[{"embeddable":true,"href":"https:\/\/www.big-animals.com\/it\/wp-json\/wp\/v2\/users\/1"}],"replies":[{"embeddable":true,"href":"https:\/\/www.big-animals.com\/it\/wp-json\/wp\/v2\/comments?post=20"}],"version-history":[{"count":1,"href":"https:\/\/www.big-animals.com\/it\/wp-json\/wp\/v2\/pages\/20\/revisions"}],"predecessor-version":[{"id":428,"href":"https:\/\/www.big-animals.com\/it\/wp-json\/wp\/v2\/pages\/20\/revisions\/428"}],"wp:attachment":[{"href":"https:\/\/www.big-animals.com\/it\/wp-json\/wp\/v2\/media?parent=20"}],"curies":[{"name":"wp","href":"https:\/\/api.w.org\/{rel}","templated":true}]}}