{"id":22,"date":"2011-05-09T09:08:59","date_gmt":"2011-05-09T09:08:59","guid":{"rendered":""},"modified":"2011-05-09T09:08:59","modified_gmt":"2011-05-09T09:08:59","slug":"mondo-il-piu-grande-chordates","status":"publish","type":"page","link":"https:\/\/www.big-animals.com\/it\/mondo-il-piu-grande-chordates\/","title":{"rendered":"Il pi\u00f9 grande Chordates del mondo!"},"content":{"rendered":"<p><span id=\"gts_text_1\" class=\"gts_text\"><strong>Che cosa \u00e8 un chordate?<\/strong><\/span><\/p>\n<p><span id=\"gts_text_2\" class=\"gts_text\">I chordates sono un gruppo (realmente, un filo) di <a href=\"\/Animals.html\">animale<\/a>.<\/span> <span id=\"gts_text_3\" class=\"gts_text\">Sono distinti da altri animali in quanto hanno qualcosa come \u201cuna spina dorsale\u201e &#8211; un tubo gi\u00f9 il loro posteriore, contenendo un nervo importante.<\/span> <span id=\"gts_text_4\" class=\"gts_text\">La maggior parte dei chordates sono <a href=\"\/Vertebrates.html\">vertebrati<\/a>.<\/span> <span id=\"gts_text_5\" class=\"gts_text\">In vertebrati, questo tubo \u00e8 fatto solitamente della vertebra, un genere dello speciale di osso, con i piatti flessibili fra ogni vertebra permettendo che l&#8217;animale pieghi il suo di nuovo ad un determinato grado.<\/span> <span id=\"gts_text_6\" class=\"gts_text\">Il pi\u00f9 grande chordate del mondo \u00e8 un vertebrato ed \u00e8, infatti, il pi\u00f9 grande animale del mondo &#8211; <a href=\"\/Blue-Whale.html\">balena blu<\/a>.<\/span> <span id=\"gts_text_7\" class=\"gts_text\">Altre caratteristiche la maggior parte della parte dei chordates sono:<\/span><\/p>\n<ul>\n<li> <span id=\"gts_text_8\" class=\"gts_text\">Una coda, che muove per mezzo dei muscoli,<\/span><\/li>\n<li> <span id=\"gts_text_9\" class=\"gts_text\">Una bocca vuota o slitted,<\/span><\/li>\n<li> <span id=\"gts_text_10\" class=\"gts_text\">Un&#8217;area alla parte posteriore della gola per rendere mucoso (che \u00e8 giusto, quasi tutti i chordates fanno il moccolo!).<\/span><\/li>\n<\/ul>\n<p><span id=\"gts_text_11\" class=\"gts_text\"><strong>Che generi di chordates sono ci?<\/strong><\/span><\/p>\n<p><span id=\"gts_text_12\" class=\"gts_text\">Il filo dei chordates, chiamato <em>Chordata<\/em>, \u00e8 diviso tre gruppi principali (chiamati subphylum).<\/span> <span id=\"gts_text_13\" class=\"gts_text\">Questi a loro volta sono divisi in tantissime <em><strong>classi<\/strong><\/em>.<\/span><\/p>\n<ul>\n<li> <span id=\"gts_text_14\" class=\"gts_text\"><a href=\"\/Vertebrates.html\">I vertebrati<\/a>: in questi animali, il cavo \u00e8 fatto solitamente delle ossa.<\/span> <span id=\"gts_text_15\" class=\"gts_text\">Ci\u00f2 ci include ed anche la balena blu come pure pesce, uccelli, rettili ed anfibi.<\/span> <span id=\"gts_text_16\" class=\"gts_text\">Oltre 57000 delle 63000 specie di chordate sono realmente i vertebrati.<\/span>\n<ul>\n<li> <span id=\"gts_text_17\" class=\"gts_text\"><a href=\"\/Fish.html\">Il pesce<\/a> &#8211; realmente, ci sono parecchie classi abbastanza differenti di animali, tutto il pesce chiamato.<\/span> <span id=\"gts_text_18\" class=\"gts_text\">Il pi\u00f9 ben noti sono i pesci di Cartiligenous (Condrichthyes) ed i pesci ossei (o pesce \u201cnormale\u201e!) che comprendono le due classi Actinopterygii e il Sarcopterygii.<\/span> <span id=\"gts_text_19\" class=\"gts_text\">Una lista di tutte le classi conosciute di pesce segue.<\/span>\n<ul>\n<li> <span id=\"gts_text_20\" class=\"gts_text\">Il Acanthodii, a volte chiamato Spiny Sharks, \u00e8 un gruppo estinto di pesce che ha avuto alcune caratteristiche del pesce di Cartiliginous ed altri del pesce ossuto.<\/span><\/li>\n<li> <span id=\"gts_text_21\" class=\"gts_text\">Il Actinopterygii \u00e8 la pi\u00f9 grande classe di pesce, infatti, la pi\u00f9 grande classe di vertebrati!<\/span> <span id=\"gts_text_22\" class=\"gts_text\">Ci sono 27000 specie questi, di pesce \u201cRay-alettato\u201e, vivendo in sia mare che acqua dolce.<\/span><\/li>\n<li> <span id=\"gts_text_23\" class=\"gts_text\">Il Cephalaspidomorphs \u00e8 un gruppo di pesci jawless estinti.<\/span> <span id=\"gts_text_24\" class=\"gts_text\">Realmente, gli scienziati sono divisi quanto a che animali dovrebbero appartenere esattamente a questo gruppo &#8211; alcuni dicono che le lamprede dovrebbero essere incluse, altre sono in disaccordo.<\/span><\/li>\n<li> <span id=\"gts_text_25\" class=\"gts_text\">Il Condrichthyes \u00e8 i pesci cartiligenous, compreso gli squali ed i raggi.<\/span> <span id=\"gts_text_26\" class=\"gts_text\">Questo il pesce non ha osso vero, invece, il loro scheletro \u00e8 fatto di cartilige.<\/span><\/li>\n<li> <span id=\"gts_text_27\" class=\"gts_text\">I conodonti: un gruppo di estinto verme-come gli animali, conosciuto pricipalmente dai loro denti fossilizzati.<\/span><\/li>\n<li> <span id=\"gts_text_28\" class=\"gts_text\">Il Hyperoartia \u00e8 la classe delle lamprede, un gruppo di animali di mare anguilla-a forma di, che sono cos\u00ec differenti dal pesce, che gli scienziati li mettono in un gruppo differente complessivamente.<\/span><\/li>\n<li> <span id=\"gts_text_29\" class=\"gts_text\">Il Myxini: questi sono il missinoide &#8211; guardano un po&#8217;come anguille e possono legarsi nei nodi.<\/span><\/li>\n<li> <span id=\"gts_text_30\" class=\"gts_text\">Il Placoderms: un altro gruppo di pesce estinto, che ha avuto piatti duri per proteggere le loro teste.<\/span><\/li>\n<li> <span id=\"gts_text_31\" class=\"gts_text\">Il Pteraspidomorphs: un gruppo un pesce estinto, che non ha avuto mascelle.<\/span><\/li>\n<li> <span id=\"gts_text_32\" class=\"gts_text\">Il Sarcopterygii, o il pesce lobo-alettato, include il lungfish e i coelacanths una volta che-pensiero-estinti.<\/span><\/li>\n<\/ul>\n<\/li>\n<li> <span id=\"gts_text_33\" class=\"gts_text\">Le altre classi di vertebrato sono<\/span>\n<ul>\n<li> <span id=\"gts_text_34\" class=\"gts_text\">Gli anfibi (anfibi).<\/span> <span id=\"gts_text_35\" class=\"gts_text\">Queste sono le rane, newts, rospi, salamandre, axolotls.<\/span> <span id=\"gts_text_36\" class=\"gts_text\">Questi sono vertebrati che possono respirare sia l&#8217;aria che l&#8217;acqua.<\/span><\/li>\n<li> <span id=\"gts_text_37\" class=\"gts_text\"><a href=\"http:\/\/www.big-animals.com\/the-worlds-biggest-reptiles\/\">I rettili<\/a> (Sauropsida).<\/span> <span id=\"gts_text_38\" class=\"gts_text\">Questi sono le tartarughe, lucertole, serpenti ed altri vertebrati della terra con le scale.<\/span><\/li>\n<li> <span id=\"gts_text_39\" class=\"gts_text\">Synapsida \u00e8 un gruppo di creature la maggior parte di noi chiamerebbe i dinosauri, ma che hanno differito da altri dinosauri cos\u00ec tanto sono stati dati la loro propria classe.<\/span><\/li>\n<li> <span id=\"gts_text_40\" class=\"gts_text\"><a href=\"\/Birds.html\">Gli uccelli<\/a> (Aves).<\/span> <span id=\"gts_text_41\" class=\"gts_text\">Principalmente messo le piume a e principalmente capace di volare.<\/span><\/li>\n<li> <span id=\"gts_text_42\" class=\"gts_text\"><a href=\"\/Mammals.html\">I mammiferi<\/a> (Mammalia).<\/span> <span id=\"gts_text_43\" class=\"gts_text\">Queste creature a sangue caldo principalmente hanno capelli e tutte danno il latte ai loro giovani.<\/span><\/li>\n<\/ul>\n<\/li>\n<\/ul>\n<\/li>\n<li> <span id=\"gts_text_44\" class=\"gts_text\">Cephalocordata \u00e8 un gruppo degli animali di cui \u201cl&#8217;osso\u201e back- realmente non \u00e8 fatto dell&#8217;osso, ma da un tubo coriaceo duro.<\/span><\/li>\n<li> <span id=\"gts_text_45\" class=\"gts_text\">Per concludere, il Urochordata \u00e8 animali che hanno un cordone nervoso lungo la loro parte posteriore, ma soltanto come giovani.<\/span> <span id=\"gts_text_46\" class=\"gts_text\">Quando crescono, il cavo scompare.<\/span> <span id=\"gts_text_47\" class=\"gts_text\">Ci sono tre classi di urochordata.<\/span>\n<ul>\n<li> <span id=\"gts_text_48\" class=\"gts_text\">Le ascidie del bambino (Ascidiacea) assomigliano ai piccoli girini ed alla nuotata circa.<\/span> <span id=\"gts_text_49\" class=\"gts_text\">L&#8217;adulto, tuttavia, si attacca ad una roccia, perde la sua coda (e cordone nervoso) ed i filtri il suo alimento dall&#8217;acqua da cui passaggi.<\/span><\/li>\n<li> <span id=\"gts_text_50\" class=\"gts_text\">Il Thaliacea \u00e8 come le ascidie in molti modi, ma appena galleggia intorno per le loro intere vite invece di attaccattura ad una roccia.<\/span><\/li>\n<li> <span id=\"gts_text_51\" class=\"gts_text\">La cellulosa di configurazione di Larvacea bolle intorno a se stessi che usano come un filtro per concentrare il loro alimento.<\/span><\/li>\n<\/ul>\n<\/li>\n<\/ul>\n<p><span id=\"gts_text_52\" class=\"gts_text\"><strong>Che cosa \u00e8 il pi\u00f9 grande chordate del mondo?<\/strong><\/span><\/p>\n<p><span id=\"gts_text_53\" class=\"gts_text\">Il pi\u00f9 grande chordate del mondo in ogni modo \u00e8 la <a href=\"\/Blue-Whale.html\">balena blu<\/a>.<\/span> <span id=\"gts_text_54\" class=\"gts_text\">Pu\u00f2 coltivare lungamente fino a 30 metri (100 piedi) o pi\u00f9 e pesa intorno 140 tonnellate &#8211; che \u00e8 di 140000 chilogrammi, o 300000 libbre!<\/span> <span id=\"gts_text_55\" class=\"gts_text\">\u00c8 ancora pi\u00f9 grande dei pi\u00f9 grandi dinosauri erano mai.<\/span> <span id=\"gts_text_56\" class=\"gts_text\">Tristemente, quasi \u00e8 andato il modo dei dinosauri nello XX secolo, dovuto la caccia alla balena.<\/span> <span id=\"gts_text_57\" class=\"gts_text\">La caccia delle balene blu \u00e8 stata vietata negli anni 60 ed infine \u00e8 stata conclusa negli anni 70.<\/span> <span id=\"gts_text_58\" class=\"gts_text\">Anche ora, la popolazione delle balene blu \u00e8 ancora meno di 1% di cui era prima che la caccia alla balena abbia cominciato ed alcuni scienziati temono che possano non recuperare mai i loro precedenti numeri.<\/span><\/p>\n","protected":false},"excerpt":{"rendered":"<p>Che cosa \u00e8 un chordate? I chordates sono un gruppo (realmente, un filo) di animale. Sono distinti da altri animali in quanto hanno qualcosa come \u201cuna spina dorsale\u201e &#8211; un tubo gi\u00f9 il loro posteriore, contenendo un nervo importante. La maggior parte dei chordates sono vertebrati. In vertebrati, questo tubo \u00e8 fatto solitamente della vertebra, &hellip; <a href=\"https:\/\/www.big-animals.com\/it\/mondo-il-piu-grande-chordates\/\" class=\"more-link\">Continue reading <span class=\"screen-reader-text\">Il pi\u00f9 grande Chordates del mondo!<\/span><\/a><\/p>\n","protected":false},"author":1,"featured_media":0,"parent":0,"menu_order":0,"comment_status":"closed","ping_status":"open","template":"","meta":{"_acf_changed":false,"footnotes":""},"acf":[],"_links":{"self":[{"href":"https:\/\/www.big-animals.com\/it\/wp-json\/wp\/v2\/pages\/22"}],"collection":[{"href":"https:\/\/www.big-animals.com\/it\/wp-json\/wp\/v2\/pages"}],"about":[{"href":"https:\/\/www.big-animals.com\/it\/wp-json\/wp\/v2\/types\/page"}],"author":[{"embeddable":true,"href":"https:\/\/www.big-animals.com\/it\/wp-json\/wp\/v2\/users\/1"}],"replies":[{"embeddable":true,"href":"https:\/\/www.big-animals.com\/it\/wp-json\/wp\/v2\/comments?post=22"}],"version-history":[{"count":0,"href":"https:\/\/www.big-animals.com\/it\/wp-json\/wp\/v2\/pages\/22\/revisions"}],"wp:attachment":[{"href":"https:\/\/www.big-animals.com\/it\/wp-json\/wp\/v2\/media?parent=22"}],"curies":[{"name":"wp","href":"https:\/\/api.w.org\/{rel}","templated":true}]}}