{"id":23,"date":"2011-05-09T09:09:06","date_gmt":"2011-05-09T09:09:06","guid":{"rendered":""},"modified":"2011-05-09T09:09:06","modified_gmt":"2011-05-09T09:09:06","slug":"mondo-gran-artropodi","status":"publish","type":"page","link":"https:\/\/www.big-animals.com\/it\/mondo-gran-artropodi\/","title":{"rendered":"I pi\u00f9 grandi artropodi del mondo"},"content":{"rendered":"<h3><span id=\"gts_text_1\" class=\"gts_text\">Che cosa sono artropodi?<\/span><\/h3>\n<p style=\"text-align: left;\"><span id=\"gts_text_2\" class=\"gts_text\">Gli artropodi non hanno spine dorsali ma hanno<\/span> <span style=\"font-style: italic;\"><span id=\"gts_text_3\" class=\"gts_text\">esoscheletro<\/span><\/span> <span id=\"gts_text_4\" class=\"gts_text\">quale significa lo scheletro esterno che \u00e8 duro, un corpo segmentato ed ha congiunto i collegamenti chiamati annessi.<\/span> <span id=\"gts_text_5\" class=\"gts_text\">Gli artropodi hanno arti con i giunti che li permettono di muoversi.\u00a0Loro<\/span> <span id=\"gts_text_6\" class=\"gts_text\">la cavit\u00e0 di corpo contiene il sistema nervoso, l&apos;apparato circolatorio, il sistema riproduttivo e l&apos;apparato digerente.<\/span> <span id=\"gts_text_7\" class=\"gts_text\">I tipi differenti di artropodi sono<\/span> <span style=\"width: 260px; float: right; text-align: center;\"><br \/>\n<img loading=\"lazy\" decoding=\"async\" src=\"http:\/\/ba.dr-mikes-maths.com\/\/wp-content\/themes\/twentyten\/images\/ba\/japanese-spider-crab-in-singapore-small.jpg\" alt=\"Granceola giapponese a Singapore\" width=\"250\" height=\"203\" class=\" gts_attribute gts_attribute_1_alt\" \/><br \/>\n<span id=\"gts_text_8\" class=\"gts_text\"><strong>Il pi\u00f9 grande artropodo del mondo, la <a href=\"\/Japanese-Spider-Crab.html\">granceola giapponese<\/a><\/strong><\/span><br \/>\n<\/span><\/p>\n<ul>\n<li><span id=\"gts_text_9\" class=\"gts_text\">Le trilobiti &#8211; questo \u00e8 un gruppo di animali marini che sono andato estinti.<\/span><\/li>\n<li><span id=\"gts_text_10\" class=\"gts_text\"><\/span> <span style=\"font-style: italic;\"><span id=\"gts_text_11\" class=\"gts_text\">Chelicerates<\/span><\/span> <span id=\"gts_text_12\" class=\"gts_text\">quale include i ragni, acari e scorpioni ed altre simili creature.<\/span><\/li>\n<li><span id=\"gts_text_13\" class=\"gts_text\"><\/span> <span style=\"font-style: italic;\"><span id=\"gts_text_14\" class=\"gts_text\">Myriapods<\/span><\/span> <span id=\"gts_text_15\" class=\"gts_text\">(\u201cmolti piedi\u201e) che comprendono i millepiedi ed i centopiedi.<\/span><\/li>\n<li><span id=\"gts_text_16\" class=\"gts_text\">Il pi\u00f9 grande gruppo di artropodi \u00e8 \u00a0<\/span><span style=\"font-style: italic;\"><span id=\"gts_text_17\" class=\"gts_text\">Hexapods<\/span><\/span> <span id=\"gts_text_18\" class=\"gts_text\">(\u201c6 gambe\u201e), che includono gli <a title=\"I pi\u00f9 grandi insetti del mondo!\" href=\"http:\/\/www.big-animals.com\/the-worlds-biggest-insects\/\" class=\" gts_attribute gts_attribute_3_title\">insetti<\/a>.<\/span><\/li>\n<li><span id=\"gts_text_19\" class=\"gts_text\">In quinto luogo \u00e8 i crostacei, che principalmente vivono in acqua.<\/span> <span id=\"gts_text_20\" class=\"gts_text\">Questi includono le aragoste, i granchi, il gambero, il gamberetto ed i balani.<\/span><\/li>\n<\/ul>\n<h3><span id=\"gts_text_21\" class=\"gts_text\">Trilobiti<\/span><\/h3>\n<p><span id=\"gts_text_22\" class=\"gts_text\">Il pi\u00f9 grande di questi artropodi marini estinti \u00e8 un esemplare del <em>rex di Isotelus da<\/em> Manitoba.<\/span> <span id=\"gts_text_23\" class=\"gts_text\">\u00c8 oltre 70 cm di lunghezza.<\/span><\/p>\n<h3><span id=\"gts_text_24\" class=\"gts_text\">Crustuceans<\/span><\/h3>\n<p><span id=\"gts_text_25\" class=\"gts_text\"><a href=\"\/Japanese-Spider-Crab.html\">La granceola giapponese<\/a> \u00e8 un crostaceo della classe Malacostraca, \u00e8 il pi\u00f9 grande artropodo nel mondo.<\/span> <span id=\"gts_text_26\" class=\"gts_text\">Tuttavia, l&apos;<a href=\"\/American-Lobster.html\">astice americano<\/a>, <em>Homarus americanus<\/em>,<\/span><br \/>\n<span id=\"gts_text_27\" class=\"gts_text\">un altro crostaceo \u00e8 pi\u00f9 pesante della granceola giapponese.<\/span> <span id=\"gts_text_28\" class=\"gts_text\">La granceola giapponese pesa circa 20kg e l&apos;astice americano pesa fino a 22kg.<\/span> <span id=\"gts_text_29\" class=\"gts_text\"><a href=\"\/Coconut-Crab.html\">Il granchio di noce di cocco<\/a>, il <em>latro di Birgus<\/em>, anche un crostaceo, \u00e8 il pi\u00f9 grande artropodo della terra ed il pi\u00f9 grande invertebrato della terra.<\/span><\/p>\n<h3><span id=\"gts_text_30\" class=\"gts_text\">Chelicerates<\/span><\/h3>\n<p style=\"text-align: left;\"><span style=\"width: 360px; float: left;\"><img loading=\"lazy\" decoding=\"async\" src=\"http:\/\/ba.dr-mikes-maths.com\/\/wp-content\/themes\/twentyten\/images\/ba\/birdeater-spider.jpg\" alt=\"Ragno di Uccello-Cibo di Golia\" width=\"350\" height=\"263\" class=\" gts_attribute gts_attribute_2_alt\" \/><br \/>\n<span id=\"gts_text_31\" class=\"gts_text\"><strong>Il pi\u00f9 grande ragno del mondo, il <a title=\"Il ragno di Uccello-Cibo di Golia - il pi\u00f9 grande ragno del mondo!\" href=\"http:\/\/www.big-animals.com\/the-goliath-bird-eating-spider-the-worlds-biggest-spider\/\" class=\" gts_attribute gts_attribute_4_title\">ragno di Uccello-Cibo di Golia<\/a><\/strong><\/span> <\/span><span id=\"gts_text_32\" class=\"gts_text\">Il pi\u00f9 grande mai Chelicerate era uno scorpione di mare gigantesco, qualsiasi <em>rhenaniae di Jaekelopterus<\/em> (o forse <em>Pterygotus<\/em>).<\/span> <span id=\"gts_text_33\" class=\"gts_text\">Gli scorpioni di mare non erano realmente scorpioni e principalmente non hanno vissuto nel mare.<\/span> <span id=\"gts_text_34\" class=\"gts_text\">Ci\u00f2<\/span> <span style=\"font-style: italic;\"><span id=\"gts_text_35\" class=\"gts_text\">Jaekelopterus<\/span><\/span> <span id=\"gts_text_36\" class=\"gts_text\">pu\u00f2 anche essere il pi\u00f9 grande artropodo mai &#8211; non \u00e8 chiaro se era pi\u00f9 grande del Myriapod chiamato <em>Arthropleura<\/em> poich\u00e9 nessun fossile completo di neanche \u00e8 stato trovato mai.<\/span> <span id=\"gts_text_37\" class=\"gts_text\">Il pi\u00f9 grande Chelicerates vivente \u00e8 un tipo di mare-ragno chiamato<\/span> <span style=\"font-style: italic;\"><span id=\"gts_text_38\" class=\"gts_text\">Colossea di Colossendeis<\/span><\/span> <span id=\"gts_text_39\" class=\"gts_text\">con le gambe esili molto lunghe che misurano quasi 2 piedi (60 cm).<\/span> <span id=\"gts_text_40\" class=\"gts_text\">I ragni di mare non sono ragni veri.<\/span> <span id=\"gts_text_41\" class=\"gts_text\">Il pi\u00f9 grande ragno \u00e8 mai il <a title=\"Il ragno di Uccello-Cibo di Golia - il pi\u00f9 grande ragno del mondo!\" href=\"http:\/\/www.big-animals.com\/the-goliath-bird-eating-spider-the-worlds-biggest-spider\/\" class=\" gts_attribute gts_attribute_5_title\">ragno del Uccello-Cibo di Golia<\/a> (Birdeater), <em>blondi di Theraphosa<\/em> ed il pi\u00f9 grande scorpione \u00e8\u00a0<\/span><span style=\"font-style: italic;\"><span id=\"gts_text_42\" class=\"gts_text\">Swammerdami di Heterometrus<\/span><\/span><span id=\"gts_text_43\" class=\"gts_text\">, che ama nelle foreste dell&apos;India e diventa lungamente circa 22cm (8,5 pollici).<\/span><\/p>\n<h3><span id=\"gts_text_44\" class=\"gts_text\">Myriapods<\/span><\/h3>\n<p><span id=\"gts_text_45\" class=\"gts_text\">Myriapods include i millepiedi ed i centopiedi.<\/span> <span id=\"gts_text_46\" class=\"gts_text\">Il pi\u00f9 grande centopiedi \u00e8 il centopiedi gigante di Amazon, <em>gigantea di Scolopendra<\/em>.<\/span> <span id=\"gts_text_47\" class=\"gts_text\">Ha una dimensione corporea di 33 cm (13 pollici).<\/span> <span id=\"gts_text_48\" class=\"gts_text\">Il pi\u00f9 grande millepiedi \u00e8 pi\u00f9 grande comunque &#8211; il millepiedi nero gigante africano pu\u00f2 diventare 38.6cm (15,2 dentro).<\/span> <span id=\"gts_text_49\" class=\"gts_text\">Immagini uno di quelli che strisciano attraverso il vostro cortile!<\/span><\/p>\n<h3><span id=\"gts_text_50\" class=\"gts_text\">Hexapods<\/span><\/h3>\n<p><span id=\"gts_text_51\" class=\"gts_text\">L&apos;insetto pi\u00f9 pesante nella fase della larva \u00e8 lo scarabeo di Golia,<\/span> <span style=\"font-style: italic;\"><span id=\"gts_text_52\" class=\"gts_text\">Goliatus di Goliathus.<\/span> <\/span><span id=\"gts_text_53\" class=\"gts_text\">\u00c8 almeno 115g.<\/span> <span id=\"gts_text_54\" class=\"gts_text\">Il pi\u00f9 grande insetto adulto \u00e8 il <a href=\"\/Wetapunga.html\">piccolo gigante Weta<\/a>, <em>heteracantha dell&apos;<\/em><a href=\"\/Wetapunga.html\">isola della barriera di<\/a> <em>Deinacrida.<\/em><\/span> <span id=\"gts_text_55\" class=\"gts_text\">Il pi\u00f9 pesante registrato mai era una pesatura femminile incinta circa 71g (2,5 once).<\/span> <span id=\"gts_text_56\" class=\"gts_text\">Questi sono entrambe il pi\u00f9 breve dell&apos;insetto di bastone <em>Phobaeticus Chani<\/em> che vive nelle foreste pluviali sull&apos;isola del Borneo.<\/span> <span id=\"gts_text_57\" class=\"gts_text\">Il pi\u00f9 grande insetto \u00e8 mai la libellula<\/span> <span style=\"font-style: italic;\"><span id=\"gts_text_58\" class=\"gts_text\">Meganeura Monyi<\/span><\/span> <span id=\"gts_text_59\" class=\"gts_text\">quale si \u00e8 estinto tempo fa.<\/span> <span id=\"gts_text_60\" class=\"gts_text\">Ha un&apos;apertura alare di pi\u00f9 di 75cm &#8211; quasi la dimensione di un corvo!<\/span> <span id=\"gts_text_61\" class=\"gts_text\">Potete immaginarti prendere questa libellula gigantesca con una rete?<\/span> <span id=\"gts_text_62\" class=\"gts_text\">Tuttavia, le pi\u00f9 grandi specie viventi di libellula \u00e8 ancora molto grandi &#8211;<\/span> <span style=\"font-style: italic;\"><span id=\"gts_text_63\" class=\"gts_text\">Caeruleata di Megaloprepus<\/span><\/span><span id=\"gts_text_64\" class=\"gts_text\">, misurando 19cm attraverso le ali, con una statura pi\u00f9 di 12cm.<\/span> <span id=\"gts_text_65\" class=\"gts_text\">La pi\u00f9 grande blatta \u00e8 la blatta burrowing gigante, <em>rinoceronte di Macropanesthia<\/em>.<\/span> <span id=\"gts_text_66\" class=\"gts_text\">Questa blatta finch\u00e8 8,3 cm e un peso di 36 G.<\/span> <span id=\"gts_text_67\" class=\"gts_text\">Le pi\u00f9 grandi e formiche pi\u00f9 pesanti sono le formiche femminili<\/span> <span style=\"font-style: italic;\"><span id=\"gts_text_68\" class=\"gts_text\">Helvolus di Dorylus.<\/span><\/span> <span id=\"gts_text_69\" class=\"gts_text\">Ha una lunghezza di 5 cm.<\/span> <span id=\"gts_text_70\" class=\"gts_text\">Il pi\u00f9 grande ape \u00e8 l&apos;ape indonesiano della resina,<\/span> <span style=\"font-style: italic;\"><span id=\"gts_text_71\" class=\"gts_text\">Megachile Plutone<\/span><\/span><span id=\"gts_text_72\" class=\"gts_text\">. Questo ape femminile pu\u00f2 essere 3.8cm lunghi, con un&apos;apertura alare di 6.3cm.<\/span> <span id=\"gts_text_73\" class=\"gts_text\">La pi\u00f9 grande vespa \u00e8 la vespa del ragno,<\/span> <span style=\"font-style: italic;\"><span id=\"gts_text_74\" class=\"gts_text\">Falco della tarantola.<\/span> <\/span> <span id=\"gts_text_75\" class=\"gts_text\">\u00c8 di lunghezza circa 6,8 cm con un&apos;apertura alare di 11.6cm.<\/span><\/p>\n<p><span id=\"gts_text_76\" class=\"gts_text\">La pi\u00f9 grande termite \u00e8 le specie africane<\/span> <span style=\"font-style: italic;\"><span id=\"gts_text_77\" class=\"gts_text\">Bellicosus di Macrotermes.<\/span> <\/span><br \/>\n<span id=\"gts_text_78\" class=\"gts_text\">Le larve di questa termite possono essere finch\u00e8 10.6cm.\u00a0La pi\u00f9 grande farfalla \u00e8 regina Alexandra che birdwing, <em>alexandrae di Ornithoptera<\/em>.<\/span> <span id=\"gts_text_79\" class=\"gts_text\">Il pi\u00f9 grande lepidottero \u00e8 il lepidottero di atlante, <em>atlante di Attacus.<\/em><\/span> <span id=\"gts_text_80\" class=\"gts_text\">Entrambe specie hanno pi\u00f9 lungamente corpi di 8cm, un&apos;apertura alare di 28cm e pesano di 12g.\u00a0Il pi\u00f9 grande mantide pregante \u00e8 il mantide cinese, <em>aridifolia di Tenodera.<\/em><\/span> <span id=\"gts_text_81\" class=\"gts_text\">Il mantide femminile pu\u00f2 essere finch\u00e8 10.6cm.<\/span> <span id=\"gts_text_82\" class=\"gts_text\">La pi\u00f9 grande pulce \u00e8<\/span> <span style=\"font-style: italic;\"><span id=\"gts_text_83\" class=\"gts_text\">Schefferi di Hystrichopsylla,<\/span> <\/span><span id=\"gts_text_84\" class=\"gts_text\">quale pu\u00f2 raggiungere una lunghezza di 1.2cm.<\/span> <span id=\"gts_text_85\" class=\"gts_text\">Potete trovare questo genere di pulce nella pelliccia del castoro di montagna.<\/span> <span id=\"gts_text_86\" class=\"gts_text\">Ch\u00e9 castoro sfortunato deve essere!<\/span><\/p>\n<h3><span id=\"gts_text_87\" class=\"gts_text\">I pi\u00f9 grandi artropodi del mondo<\/span><\/h3>\n<p><span id=\"gts_text_88\" class=\"gts_text\">Come detto precedentemente,<\/span><\/p>\n<ul>\n<li><span id=\"gts_text_89\" class=\"gts_text\">L&apos;artropodo pi\u00f9 lungo era mai pi\u00f9 probabile lo scorpione di mare, <em>rhenaniae di Jaekelopterus<\/em>, o se non, poi lo scorpione di mare <em>Pterygotus<\/em>, o possibilmente anche il myriapod <em>Arthropleura.<\/em><\/span> <span id=\"gts_text_90\" class=\"gts_text\">Questo ultimo era, comunque, il pi\u00f9 grande artropodo mai da vivere su terra.<\/span><\/li>\n<li><span id=\"gts_text_91\" class=\"gts_text\">Il pi\u00f9 grande artropodo vivente \u00e8 la <a href=\"\/Japanese-Spider-Crab.html\">granceola giapponese<\/a> ed il pi\u00f9 pesante \u00e8 l&apos;<a href=\"\/American-Lobster.html\">astice americano<\/a> &#8211; questi sono entrambi i crostacei.<\/span><\/li>\n<li><span id=\"gts_text_92\" class=\"gts_text\">Il pi\u00f9 grande artropodo vivente della terra \u00e8 inoltre un crostaceo &#8211; il <a href=\"\/Coconut-Crab.html\">granchio di noce di cocco<\/a>.<\/span><\/li>\n<\/ul>\n","protected":false},"excerpt":{"rendered":"<p>Che cosa sono artropodi? Gli artropodi non hanno spine dorsali ma hanno esoscheletro quale significa lo scheletro esterno che \u00e8 duro, un corpo segmentato ed ha congiunto i collegamenti chiamati annessi. Gli artropodi hanno arti con i giunti che li permettono di muoversi.\u00a0Loro la cavit\u00e0 di corpo contiene il sistema nervoso, l&apos;apparato circolatorio, il sistema &hellip; <a href=\"https:\/\/www.big-animals.com\/it\/mondo-gran-artropodi\/\" class=\"more-link\">Continue reading <span class=\"screen-reader-text\">I pi\u00f9 grandi artropodi del mondo<\/span><\/a><\/p>\n","protected":false},"author":1,"featured_media":0,"parent":0,"menu_order":0,"comment_status":"closed","ping_status":"open","template":"","meta":{"_acf_changed":false,"footnotes":""},"acf":[],"_links":{"self":[{"href":"https:\/\/www.big-animals.com\/it\/wp-json\/wp\/v2\/pages\/23"}],"collection":[{"href":"https:\/\/www.big-animals.com\/it\/wp-json\/wp\/v2\/pages"}],"about":[{"href":"https:\/\/www.big-animals.com\/it\/wp-json\/wp\/v2\/types\/page"}],"author":[{"embeddable":true,"href":"https:\/\/www.big-animals.com\/it\/wp-json\/wp\/v2\/users\/1"}],"replies":[{"embeddable":true,"href":"https:\/\/www.big-animals.com\/it\/wp-json\/wp\/v2\/comments?post=23"}],"version-history":[{"count":0,"href":"https:\/\/www.big-animals.com\/it\/wp-json\/wp\/v2\/pages\/23\/revisions"}],"wp:attachment":[{"href":"https:\/\/www.big-animals.com\/it\/wp-json\/wp\/v2\/media?parent=23"}],"curies":[{"name":"wp","href":"https:\/\/api.w.org\/{rel}","templated":true}]}}