{"id":24,"date":"2011-05-09T09:09:13","date_gmt":"2011-05-09T09:09:13","guid":{"rendered":""},"modified":"2014-08-18T13:34:56","modified_gmt":"2014-08-18T13:34:56","slug":"mondo-gran-squali","status":"publish","type":"page","link":"https:\/\/www.big-animals.com\/it\/mondo-gran-squali\/","title":{"rendered":"I pi\u00f9 grandi squali del mondo!"},"content":{"rendered":"<p><b>Che\u00a0cos&#8217;\u00e8\u00a0uno squalo?<\/b><\/p>\n<p>Lo squalo fa parte della famiglia dei\u00a0<a title=\"Il pi\u00f9 grande pesce del mondo!\" href=\"http:\/\/www.big-animals.com\/it\/mondo-gran-pesce\/\">pesci<\/a>\u00a0<a title=\"Il pi\u00f9 grande pesce cartilaginoso del mondo!\" href=\"http:\/\/www.big-animals.com\/it\/mondo-gran-cartilaginoso-pesce\/\">cartilaginei<\/a>, ovvero il suo scheletro \u00e8 formato da un tessuto pi\u00f9 morbido delle ossa, chiamato \u201ccartilagine\u201d. Questa classe di pesci comprende anche le razze che, insieme agli squali, sono una delle specie pi\u00f9 note.\u00a0Come la maggior parte dei pesci, sono dotati di branchie che usano per aspirare l\u2019acqua.<\/p>\n<p>Lo squalo sviluppa diverse migliaia di denti nel corso della sua vita, che perde e ricambia regolarmente. Alcune specie di squali (ora estinti) sono conosciuti proprio per i loro denti.\u00a0Un esempio \u00e8 dato dallo squalo, nonch\u00e9 pesce cartilagineo, pi\u00f9 grande del mondo: il\u00a0<a title=\"Megalodon \u2013 il pi\u00f9 grande squalo l\u00e0 era mai!\" href=\"http:\/\/www.big-animals.com\/it\/megalodon-gran-squalo-la-mai-era\/\">Megalodonte<\/a>.<\/p>\n<p><b>Quante specie di squali esistono?<\/b><\/p>\n<p>Il nome scientifico degli squali \u00e8\u00a0<i>Selachimorpha<\/i>.\u00a0Esistono 8 gruppi differenti di squali, chiamati \u201cordini\u201d.<\/p>\n<ul>\n<li>Gli<i> Hexanchiformes<\/i>\u00a0hanno sei o sette branchie su ogni fianco, mentre la maggior parte degli\u00a0squali ne ha soltanto cinque.<\/li>\n<li>Gli<i> Squaliformes<\/i>\u00a0hanno due pinne dorsali munite di aculei.<\/li>\n<li>I<i> Pristiophoriformes<\/i>\u00a0sono gli squali sega, da non confondere con i pesci sega.\u00a0Questi squali usano il loro muso dentato per dilaniare le prede.\u00a0Tutte le specie di squalo sega sono in pericolo di estinzione.<\/li>\n<li>Gli\u00a0<i>Squatiniformes <\/i>assomigliano alle razze.\u00a0Tuttavia, le loro branchie si trovano ai lati della testa, come nel caso degli altri squali.\u00a0Vengono chiamati anche squali angelo.<\/li>\n<li><i>Heterodontiformes<\/i>\u00a0significa \u201cdiversi tipi di denti\u201d. Infatti, questi squali hanno una variet\u00e0 di denti tale da poter frantumare anche il guscio dei crostacei.<\/li>\n<li>Gli<i> Orectolobiformes<\/i>\u00a0vengono comunemente chiamati \u201csquali tappeto\u201d per via dei segni caratteristici sul corpo.\u00a0Il pi\u00f9 grande pesce del mondo, lo\u00a0<a href=\"http:\/\/www.big-animals.com\/Whale-Shark.html\"><span style=\"color: blue\">squalo balena<\/span><\/a>, appartiene proprio a questo gruppo.<\/li>\n<li>L\u2019ordine dei <i>Carcharhiniformes<\/i>\u00a0include oltre 270 specie di squali, i quali possiedono\u00a0delle palpebre supplementari che proteggono gli occhi.<\/li>\n<li>L\u2019ordine dei<i> Lamniformes<\/i> comprende, tra le varie specie, lo smeriglio, il pi\u00f9 grande pesce cartilaginoso del mondo, ovvero il\u00a0<a title=\"Megalodon \u2013 il pi\u00f9 grande squalo l\u00e0 era mai!\" href=\"http:\/\/www.big-animals.com\/it\/megalodon-gran-squalo-la-mai-era\/\"><span style=\"color: blue\">Megalodonte<\/span><\/a>, e il ben noto squalo bianco.\u00a0Fa parte di questo genere anche lo squalo bocca grande, un pesce inoffensivo e molto raro.<\/li>\n<\/ul>\n<p><b>Gli squali sono realmente pericolosi?<\/b><\/p>\n<p>In realt\u00e0, \u00e8 l\u2019essere umano a essere pi\u00f9 pericoloso per lo squalo che non viceversa.\u00a0Sapevate che, ogni anno, i cani causano pi\u00f9 vittime degli squali?\u00a0Ecco alcune ragioni per cui gli squali non sono cos\u00ec pericolosi come si potrebbe pensare.<\/p>\n<ul>\n<li><span id=\"gts_text_35\" class=\"gts_text\">La maggior parte degli squali non mangia prede delle dimensioni dell\u2019uomo.\u00a0Per esempio, la dieta del pi\u00f9 grande squalo del mondo, lo\u00a0<a title=\"Lo squalo balena\" href=\"http:\/\/www.big-animals.com\/it\/balena-squalo-mondo-gran-pesce\/\"><span style=\"color: blue\">squalo balena<\/span><\/a>, \u00e8 costituita da\u00a0plancton e da piccoli gamberetti.<\/span><\/li>\n<li>Anche gli squali che attaccano l\u2019uomo sono meno pericolosi di quanto pensiamo.\u00a0Per esempio, il grande squalo bianco, sebbene sia il pi\u00f9 grande predatore marino del mondo, ha causato soltanto 31 vittime\u00a0nel Mediterraneo durante gli ultimi 200 anni.\u00a0In realt\u00e0, l\u2019uomo \u00e8 indigesto allo squalo.<\/li>\n<li>In caso di attacco, gli amici della vittima possono aiutarla a fuggire.<\/li>\n<li>Esistono dispositivi anti-squalo, come gabbie di sicurezza, reti e repellenti chimici.<\/li>\n<\/ul>\n<p>Al contrario, gli esseri umani sono molto pericolosi per lo squalo.\u00a0La pesca dello squalo \u00e8 un&#8217;industria in ascesa e molti governi non monitorano\u00a0con attenzione quanti squali vengono catturati.<\/p>\n<ul>\n<li>La minestra di pinna di squalo \u00e8 un piatto prelibato per alcuni popoli.\u00a0I pescatori tagliano le pinne degli squali vivi e poi li gettano di nuovo in mare, dove moriranno per soffocamento o per gli attacchi degli altri predatori.<\/li>\n<li>Alcuni credono\u00a0che la cartilagine dello squalo abbia propriet\u00e0 curative, sebbene non ci sia alcuna prova a riguardo.<\/li>\n<\/ul>\n<p>Per questi motivi, in molte zone, il numero degli squali sta diminuendo notevolmente.\u00a0Stiamo cacciando troppi squali e presto rischieranno di estinguersi.<\/p>\n<p><b>Qual \u00e8 il pi\u00f9 grande squalo del mondo?<\/b><\/p>\n<p><span id=\"gts_text_52\" class=\"gts_text\">Il pi\u00f9 grande squalo del mondo \u00e8 anche il pi\u00f9 grande pesce del mondo: lo\u00a0<a title=\"Lo squalo balena\" href=\"http:\/\/www.big-animals.com\/it\/balena-squalo-mondo-gran-pesce\/\"><span style=\"color: blue\">squalo balena<\/span><\/a>.\u00a0A dispetto della sua mole, \u00e8 inoffensivo, a meno che non siate un plancton minuscolo o un piccolo calamaro.\u00a0Si nutre soltanto di creature molto piccole, sebbene\u00a0arrivi a misurare fino a 12 metri di lunghezza e pesi\u00a0intorno ai 12000 chilogrammi.<\/span><\/p>\n<p>Il pi\u00f9 grande squalo del mondo che sia\u00a0<em>mai <\/em>esistito \u00e8 il <a title=\"Megalodon \u2013 il pi\u00f9 grande squalo l\u00e0 era mai!\" href=\"http:\/\/www.big-animals.com\/it\/megalodon-gran-squalo-la-mai-era\/\">Megalodonte<\/a>.\u00a0Era simile al grande squalo bianco, ma tre volte pi\u00f9 grande. Lungo circa 18 metri, si cibava principalmente di balene.<\/p>\n","protected":false},"excerpt":{"rendered":"<p>Che\u00a0cos&#8217;\u00e8\u00a0uno squalo? Lo squalo fa parte della famiglia dei\u00a0pesci\u00a0cartilaginei, ovvero il suo scheletro \u00e8 formato da un tessuto pi\u00f9 morbido delle ossa, chiamato \u201ccartilagine\u201d. Questa classe di pesci comprende anche le razze che, insieme agli squali, sono una delle specie pi\u00f9 note.\u00a0Come la maggior parte dei pesci, sono dotati di branchie che usano per aspirare &hellip; <a href=\"https:\/\/www.big-animals.com\/it\/mondo-gran-squali\/\" class=\"more-link\">Continue reading <span class=\"screen-reader-text\">I pi\u00f9 grandi squali del mondo!<\/span><\/a><\/p>\n","protected":false},"author":1,"featured_media":0,"parent":0,"menu_order":0,"comment_status":"closed","ping_status":"open","template":"","meta":{"_acf_changed":false,"footnotes":""},"acf":[],"_links":{"self":[{"href":"https:\/\/www.big-animals.com\/it\/wp-json\/wp\/v2\/pages\/24"}],"collection":[{"href":"https:\/\/www.big-animals.com\/it\/wp-json\/wp\/v2\/pages"}],"about":[{"href":"https:\/\/www.big-animals.com\/it\/wp-json\/wp\/v2\/types\/page"}],"author":[{"embeddable":true,"href":"https:\/\/www.big-animals.com\/it\/wp-json\/wp\/v2\/users\/1"}],"replies":[{"embeddable":true,"href":"https:\/\/www.big-animals.com\/it\/wp-json\/wp\/v2\/comments?post=24"}],"version-history":[{"count":3,"href":"https:\/\/www.big-animals.com\/it\/wp-json\/wp\/v2\/pages\/24\/revisions"}],"predecessor-version":[{"id":488,"href":"https:\/\/www.big-animals.com\/it\/wp-json\/wp\/v2\/pages\/24\/revisions\/488"}],"wp:attachment":[{"href":"https:\/\/www.big-animals.com\/it\/wp-json\/wp\/v2\/media?parent=24"}],"curies":[{"name":"wp","href":"https:\/\/api.w.org\/{rel}","templated":true}]}}