{"id":27,"date":"2011-05-09T09:10:30","date_gmt":"2011-05-09T09:10:30","guid":{"rendered":""},"modified":"2014-08-14T13:07:59","modified_gmt":"2014-08-14T13:07:59","slug":"komodo-drago","status":"publish","type":"page","link":"https:\/\/www.big-animals.com\/it\/komodo-drago\/","title":{"rendered":"Drago di Komodo"},"content":{"rendered":"<p><span id=\"gts_text_1\" class=\"gts_text\">Il drago di Komodo \u00e8 la pi\u00f9 grande lucertola del mondo e vive<\/span><span id=\"gts_text_2\" class=\"gts_text\">\u00a0nelle isole indonesiane di Komodo, Rinca, Flores e Gili Motang.<\/span> <span id=\"gts_text_3\" class=\"gts_text\">Pu\u00f2 raggiungere \u00a0i 3 metri di lunghezza e pesare circa 70 kg.<\/span> <span id=\"gts_text_4\" class=\"gts_text\">Attualmente, \u00e8 classificato come specie a rischio\u00a0di estinzione a causa del disboscamento, del turismo, del bracconaggio e dei disastri naturali, come le eruzioni vulcaniche che interessano le\u00a0isole in cui\u00a0vive.<\/span> <span id=\"gts_text_5\" class=\"gts_text\">In Indonesia, la legge\u00a0vieta di cacciare i draghi di Komodo. Al fine di garantirne la sopravvivenza,\u00a0\u00e8 stato istituito il\u00a0Parco Nazionale di Komodo.<\/span>\u00a0Esistono\u00a0<span id=\"gts_text_6\" class=\"gts_text\">circa 4000 &#8211; 5000 draghi di Komodo allo stato brado.<\/span><\/p>\n<h3><span id=\"gts_text_7\" class=\"gts_text\">La dieta del\u00a0drago di Komodo\u00a0<\/span><\/h3>\n<figure id=\"attachment_658\" aria-describedby=\"caption-attachment-658\" style=\"width: 300px\" class=\"wp-caption alignleft\"><a href=\"http:\/\/www.big-animals.com\/wp-content\/uploads\/2011\/03\/Komodo-Dragon-Face.jpg\"><img loading=\"lazy\" decoding=\"async\" class=\"size-medium wp-image-658\" title=\"Drago di Komodo. Foto di Trisha Shears\" src=\"http:\/\/www.big-animals.com\/wp-content\/uploads\/2011\/03\/Komodo-Dragon-Face-300x196.jpg\" alt=\"Drago di Komodo. Foto di Trisha Shears\" width=\"300\" height=\"196\" \/><\/a><figcaption id=\"caption-attachment-658\" class=\"wp-caption-text\">Drago di Komodo. Foto di Trisha Shears<\/figcaption><\/figure>\n<p style=\"text-align: left\"><span id=\"gts_text_8\" class=\"gts_text\">Il drago di Komodo \u00e8\u00a0un animale\u00a0carnivoro, ma anche saprofago\u00a0e cannibale. Caccia\u00a0prede come<\/span><span id=\"gts_text_10\" class=\"gts_text\">\u00a0cervi, maiali, uccelli e perfino i\u00a0bufali indiani. In alcuni casi, pu\u00f2 anche attaccare l&#8217;uomo.<\/span> Si stima<span id=\"gts_text_11\" class=\"gts_text\">\u00a0che il 10% della sua\u00a0dieta sia costituito da\u00a0altri esemplari della sua specie.<\/span>\u00a0<span id=\"gts_text_12\" class=\"gts_text\">Mangia quasi ogni tipo\u00a0di carne.<\/span> <span id=\"gts_text_13\" class=\"gts_text\">I piccoli di drago di Komodo si nutrono principalmente di piccole lucertole o insetti. Questi sauri, proprio come i serpenti, riescono a\u00a0<\/span><span id=\"gts_text_14\" class=\"gts_text\">inghiottire intere prede delle dimensioni di una capra in 15-20 minuti<\/span><span class=\"gts_text\" style=\"line-height: 1.5em\">, poich\u00e9 hanno le mascelle disgiunte, il cranio flessibile e uno stomaco elastico.\u00a0<\/span><span class=\"gts_text\" style=\"line-height: 1.5em\">Questo bizzarro animale \u00e8 capace di accelerare<span style=\"color: #000000\">\u00a0il\u00a0processo di ingestione sbattendo violentemente la carcassa contro un albero, per cercare di farla scendere pi\u00f9 velocemente in\u00a0gola.<\/span><\/span><span id=\"gts_text_16\" class=\"gts_text\" style=\"line-height: 1.5em\">\u00a0In alcuni casi, possono anche\u00a0<span style=\"color: #000000\">abbattere l\u2019albero stesso<\/span><\/span><span id=\"gts_text_17\" class=\"gts_text\" style=\"line-height: 1.5em\">. L&#8217;animale, t<\/span><span id=\"gts_text_18\" class=\"gts_text\" style=\"line-height: 1.5em\">uttavia, non soffoca mentre deglutisce il cibo grazie alla presenza\u00a0di\u00a0tubicini\u00a0situati sotto la lingua e collegati ai polmoni che gli permettono di respirare\u00a0attraverso la bocca<\/span><span id=\"gts_text_19\" class=\"gts_text\" style=\"line-height: 1.5em\">. Essendo privo di diaframma,\u00a0<\/span><span id=\"gts_text_20\" class=\"gts_text\" style=\"line-height: 1.5em\">il drago di Komodo non riesce a portare l&#8217;acqua alla bocca con la lingua ma \u00e8 costretto a bere raccogliendo una sorsata d&#8217;acqua per poi sollevare\u00a0la testa in modo da far scendere\u00a0il liquido in gola<\/span><span class=\"gts_text\" style=\"line-height: 1.5em\">.\u00a0<\/span><\/p>\n<p><span id=\"gts_text_22\" class=\"gts_text\">Dopo aver ingerito una quantit\u00e0 di cibo\u00a0pari all&#8217;80% del suo\u00a0peso, il drago di Komodo si posiziona\u00a0in un punto soleggiato per accelerare il processo di digestione, al fine di evitare\u00a0che il cibo marcisca nello stomaco\u00a0<span style=\"color: #000000\">e provochi\u00a0infezioni.\u00a0<\/span><\/span><span id=\"gts_text_24\" class=\"gts_text\">Il drago di Komodo ha un metabolismo lento come i serpenti. Infatti, u<\/span><span id=\"gts_text_25\" class=\"gts_text\">n esemplare adulto pu\u00f2 sopravvivere cibandosi solo 12 volte all&#8217;anno.<\/span>\u00a0Dopo la digestione, l&#8217;animale rigurgita\u00a0<span id=\"gts_text_26\" class=\"gts_text\">le corna, i peli e i denti delle prede. Successivamente,\u00a0<\/span><span id=\"gts_text_27\" class=\"gts_text\">si pulisce il muso sfregandolo contro i\u00a0cespugli.<\/span><\/p>\n<figure id=\"attachment_659\" aria-describedby=\"caption-attachment-659\" style=\"width: 300px\" class=\"wp-caption aligncenter\"><a href=\"http:\/\/www.big-animals.com\/wp-content\/uploads\/2011\/03\/Komodo_Dragon_And_Human.png\"><img loading=\"lazy\" decoding=\"async\" class=\"size-medium wp-image-659\" title=\"Il drago di Komodo \u00e8 la pi\u00f9 grande lucertola del mondo\" src=\"http:\/\/www.big-animals.com\/wp-content\/uploads\/2011\/03\/Komodo_Dragon_And_Human-300x136.png\" alt=\"Il drago di Komodo \u00e8 la pi\u00f9 grande lucertola del mondo\" width=\"300\" height=\"136\" \/><\/a><figcaption id=\"caption-attachment-659\" class=\"wp-caption-text\">Il drago di Komodo \u00e8 la pi\u00f9 grande lucertola del mondo<\/figcaption><\/figure>\n<p><span id=\"gts_text_28\" class=\"gts_text\">Gli esemplari pi\u00f9 grandi \u00a0sono soliti cibarsi per primi, mentre quelli pi\u00f9 piccoli devono aspettare.<\/span>\u00a0Gli esemplari delle stesse dimensioni,\u00a0quindi, sono soliti\u00a0contendersi il cibo<span id=\"gts_text_29\" class=\"gts_text\">.<\/span> <span id=\"gts_text_30\" class=\"gts_text\">I perdenti, a volte,\u00a0vengono <\/span><span id=\"gts_text_31\" class=\"gts_text\">uccisi e mangiati dai vincitori.\u00a0<\/span>Sembra incredibile, ma<span id=\"gts_text_32\" class=\"gts_text\">\u00a0occasionalmente questi animali si cibano di esseri umani e perfino di\u00a0cadaveri, dissotterrandoli\u00a0<\/span><span id=\"gts_text_33\" class=\"gts_text\">dalle tombe situate a poca profondit\u00e0. Questa orribile abitudine ha indotto gli abitanti di Komodo a spostare le loro tombe dai terreni sabbiosi a quelli argillosi, costruendovi sopra dei tumuli di pietra per tenere lontani i draghi.<\/span><\/p>\n<h3><span id=\"gts_text_34\" class=\"gts_text\">I piccoli del drago di Komodo<\/span><\/h3>\n<p><span id=\"gts_text_35\" class=\"gts_text\">La femmina della specie\u00a0depone le uova a settembre. Quest&#8217;ultime, circa una trentina, vengono disposte\u00a0nei nidi abbandonati<\/span><span id=\"gts_text_37\" class=\"gts_text\">\u00a0del tacchino di boscaglia australiano.<\/span> <span id=\"gts_text_38\" class=\"gts_text\">I piccoli di drago di Komodo misurano circa 40 cm e pesano quasi\u00a0100 grammi.<\/span> <span id=\"gts_text_39\" class=\"gts_text\">Le uova hanno un periodo di incubazione di 7 &#8211; 8 mesi e si schiudono\u00a0ad aprile.<\/span> <span id=\"gts_text_40\" class=\"gts_text\">Una volta nati, i piccoli sono inermi\u00a0e cercano rifugio tra le\u00a0cime degli alberi, dove vivono\u00a0fino all&#8217;et\u00e0 di 3-5 anni,\u00a0<\/span><span id=\"gts_text_42\" class=\"gts_text\">finch\u00e9 non sono\u00a0abbastanza grandi per proteggersi dai predatori e dagli esemplari adulti.<\/span>\u00a0I draghi di Komodo p<span id=\"gts_text_44\" class=\"gts_text\">ossono vivere fino a 50 anni.\u00a0La pelle degli esemplari pi\u00f9 giovani \u00e8 di\u00a0diversi colori<\/span><span id=\"gts_text_45\" class=\"gts_text\">:<\/span>\u00a0<span id=\"gts_text_46\" class=\"gts_text\">gialla, verde, marrone e grigia. Al contrario, la pelle degli esemplari adulti tende al rossiccio, al grigio scuro o al nero.\u00a0<\/span><\/p>\n<figure id=\"attachment_660\" aria-describedby=\"caption-attachment-660\" style=\"width: 300px\" class=\"wp-caption alignright\"><a href=\"http:\/\/www.big-animals.com\/wp-content\/uploads\/2011\/03\/Komodo_Dragon.jpg\"><img loading=\"lazy\" decoding=\"async\" class=\"size-medium wp-image-660\" title=\"Un drago di Komodo in cattivit\u00e0\" src=\"http:\/\/www.big-animals.com\/wp-content\/uploads\/2011\/03\/Komodo_Dragon-300x139.jpg\" alt=\"Un drago di Komodo in cattivit\u00e0\" width=\"300\" height=\"139\" \/><\/a><figcaption id=\"caption-attachment-660\" class=\"wp-caption-text\">Un drago di Komodo in cattivit\u00e0<\/figcaption><\/figure>\n<p><span id=\"gts_text_48\" class=\"gts_text\">Il drago di Komodo ha una coda muscolosa lunga quanto il\u00a0suo corpo.<\/span> <span id=\"gts_text_49\" class=\"gts_text\">Ha circa 60 denti seghettati, lunghi quasi\u00a02,5 centimetri .<\/span> <span id=\"gts_text_50\" class=\"gts_text\">I denti sono affilatissimi come quelli degli\u00a0squali e vengono periodicamente sostituiti da altri<\/span><span id=\"gts_text_51\" class=\"gts_text\">.<\/span> La loro forma \u00e8 ideale per lacerare\u00a0<span id=\"gts_text_52\" class=\"gts_text\">la carne ma non per masticarla. \u00c8 per questo che il drago di Komodo strappa grossi bocconi di carne dalla preda e\u00a0li inghiotte interi mentre tiene ferma \u00a0la carcassa con le zampe anteriori.<\/span> Inoltre, i denti sono nascosti dalle gengive e quindi<span id=\"gts_text_54\" class=\"gts_text\">\u00a0non ha un\u00a0sorriso &#8220;a trentadue denti&#8221; come i\u00a0coccodrilli.<\/span>\u00a0L<span id=\"gts_text_55\" class=\"gts_text\">a saliva \u00e8 spesso rossa di sangue per via delle\u00a0<span style=\"color: #000000\">frequenti ferite\u00a0alle gengive che l\u2019animale si procura mentre mangia\u00a0ed<\/span><\/span>\u00a0\u00e8 un ottimo terreno di coltura per i batteri che la rendono velenosa.<\/p>\n<p><span id=\"gts_text_57\" class=\"gts_text\">L&#8217;infezione causata dal morso di questo rettile fa s\u00ec che la preda muoia dopo\u00a02-3 giorni.<\/span>\u00a0Un&#8217;altra caratteristica del drago di Komodo \u00e8 la lunga lingua gialla e biforcuta che usa per &#8220;annusare&#8221;\u00a0l&#8217;aria<span id=\"gts_text_58\" class=\"gts_text\">.<\/span> <span id=\"gts_text_59\" class=\"gts_text\">Ha un\u00a0senso dell&#8217;olfatto molto sviluppato ma un pessimo udito.<\/span> <span id=\"gts_text_60\" class=\"gts_text\">Tuttavia, ha una vista acuta: riesce a<\/span><span id=\"gts_text_61\" class=\"gts_text\">\u00a0vedere fino a 300 metri.<\/span>\u00a0Tuttavia, non vede bene al buio<span id=\"gts_text_62\" class=\"gts_text\">.<\/span> Riesce a distinguere i<span id=\"gts_text_63\" class=\"gts_text\">\u00a0colori ma ha difficolt\u00e0 a mettere a fuoco gli oggetti in movimento.<\/span><\/p>\n<p>Grazie al suo olfatto finissimo, il drago di Komodo pu\u00f2\u00a0localizzare una carcassa in decomposizione a circa 10 km di distanza, sfruttando il vento a favore e la sua abitudine di oscillare\u00a0la testa mentre cammina.<\/p>\n<p>Questo rettile ha una testa piatta, narici arrotondate, zampe arcuate e corte. Alcune delle scaglie che ricoprono l\u2019animale sono costituite da tessuto osseo, mentre altre sono collegate ai nervi e acuiscono il senso del tatto. Quest\u2019ultime si trovano intorno alle orecchie, alla bocca, al mento e ai piedi.<\/p>\n<p>A dispetto delle sue dimensioni, il drago di Komodo \u00e8 molto veloce: riesce a percorrere 20 km all&#8217;ora per brevi tragitti. In pratica, \u00e8 un velocista. Gli esemplari pi\u00f9 giovani riescono ad arrampicarsi sugli alberi usando i loro artigli. Infine, questo sauro \u00e8 un ottimo nuotatore: riesce a immergersi fino a 4,5 metri di profondit\u00e0.<\/p>\n<h3><span id=\"gts_text_74\" class=\"gts_text\">Habitat\u00a0<\/span><\/h3>\n<p>Il drago di Komodo vive in luoghi aridi e rocciosi, prediligendo le praterie, le savane e le foreste tropicali. \u00c8 un animale tendenzialmente solitario, tranne durante la stagione degli accoppiamenti o quando caccia in gruppo per abbattere grandi prede. Infatti, spesso condivide il suo territorio di caccia con altri esemplari. Il drago di Komodo ricava la sua tana scavando dei cunicoli sotterranei di circa 1-3 metri di ampiezza con gli artigli delle possenti zampe anteriori. Dormendo in questi rifugi, riesce a mantenere costante la sua temperatura corporea durante la notte.<\/p>\n<p>I maschi della specie sono molto territoriali e percorrono fino a 2 km al giorno per assicurarsi che nessun altro esemplare invada il loro territorio.<\/p>\n<p>I draghi adulti, vista la loro mole, non usano gli artigli per\u00a0arrampicarsi sugli alberi, bens\u00ec come armi di difesa. Questi rettili\u00a0cacciano solitamente durante le ore diurne, in particolare nel pomeriggio. Quando fa troppo caldo, preferiscono rimanere all&#8217;ombra, specialmente sulle alture aride dove soffiano i venti marini.<\/p>\n","protected":false},"excerpt":{"rendered":"<p>Il drago di Komodo \u00e8 la pi\u00f9 grande lucertola del mondo e vive\u00a0nelle isole indonesiane di Komodo, Rinca, Flores e Gili Motang. Pu\u00f2 raggiungere \u00a0i 3 metri di lunghezza e pesare circa 70 kg. Attualmente, \u00e8 classificato come specie a rischio\u00a0di estinzione a causa del disboscamento, del turismo, del bracconaggio e dei disastri naturali, come &hellip; <a href=\"https:\/\/www.big-animals.com\/it\/komodo-drago\/\" class=\"more-link\">Continue reading <span class=\"screen-reader-text\">Drago di Komodo<\/span><\/a><\/p>\n","protected":false},"author":1,"featured_media":0,"parent":0,"menu_order":0,"comment_status":"closed","ping_status":"closed","template":"","meta":{"_acf_changed":false,"footnotes":""},"acf":[],"_links":{"self":[{"href":"https:\/\/www.big-animals.com\/it\/wp-json\/wp\/v2\/pages\/27"}],"collection":[{"href":"https:\/\/www.big-animals.com\/it\/wp-json\/wp\/v2\/pages"}],"about":[{"href":"https:\/\/www.big-animals.com\/it\/wp-json\/wp\/v2\/types\/page"}],"author":[{"embeddable":true,"href":"https:\/\/www.big-animals.com\/it\/wp-json\/wp\/v2\/users\/1"}],"replies":[{"embeddable":true,"href":"https:\/\/www.big-animals.com\/it\/wp-json\/wp\/v2\/comments?post=27"}],"version-history":[{"count":17,"href":"https:\/\/www.big-animals.com\/it\/wp-json\/wp\/v2\/pages\/27\/revisions"}],"predecessor-version":[{"id":482,"href":"https:\/\/www.big-animals.com\/it\/wp-json\/wp\/v2\/pages\/27\/revisions\/482"}],"wp:attachment":[{"href":"https:\/\/www.big-animals.com\/it\/wp-json\/wp\/v2\/media?parent=27"}],"curies":[{"name":"wp","href":"https:\/\/api.w.org\/{rel}","templated":true}]}}