{"id":30,"date":"2011-05-09T09:20:15","date_gmt":"2011-05-09T09:20:15","guid":{"rendered":""},"modified":"2014-02-07T13:59:00","modified_gmt":"2014-02-07T13:59:00","slug":"caecilia-thompsoni","status":"publish","type":"page","link":"https:\/\/www.big-animals.com\/it\/caecilia-thompsoni\/","title":{"rendered":"Caecilia Thompsoni"},"content":{"rendered":"<figure id=\"attachment_989\" aria-describedby=\"caption-attachment-989\" style=\"width: 300px\" class=\"wp-caption alignright\"><a href=\"http:\/\/www.big-animals.com\/wp-content\/uploads\/2011\/05\/Caecilia_Thompsoni_and_Human.png\"><img loading=\"lazy\" decoding=\"async\" class=\"size-medium wp-image-989\" title=\"La Caecilia Thompsoni e l'uomo\" alt=\"La Caecilia Thompsoni e l'uomo\" src=\"http:\/\/www.big-animals.com\/wp-content\/uploads\/2011\/05\/Caecilia_Thompsoni_and_Human-300x266.png\" width=\"300\" height=\"266\" \/><\/a><figcaption id=\"caption-attachment-989\" class=\"wp-caption-text\">La Caecilia Thompsoni e l&#8217;uomo<\/figcaption><\/figure>\n<p><span class=\"gts_text\" id=\"gts_text_1\">La <em>Caecilia Thompsoni<\/em>, chiamata Caecilia di Thompson, \u00e8 un <a title=\"Anfibi\" href=\"http:\/\/www.big-animals.com\/it\/anfibio\/\">anfibio<\/a>.<\/span> <span class=\"gts_text\" id=\"gts_text_2\">\u00c8 il pi\u00f9 grande dei <a title=\"gimnofioni o apodi\" href=\"http:\/\/www.big-animals.com\/it\/caecilian\/\">gimnofioni o apodi<\/a> dall&#8217;aspetto di verme.<\/span>\u00a0<span class=\"gts_text\" id=\"gts_text_3\">\u00a0Pu\u00f2 crescere fino a 1,5 m\u00a0di lunghezza e pesare fino a circa 1 kg.<\/span> <span class=\"gts_text\" id=\"gts_text_4\">\u00c8 originario della Colombia.<\/span> <span class=\"gts_text\" id=\"gts_text_5\">Vive nelle foreste pluviali dei bassopiani\u00a0subtropicali o tropicali, nelle montagne delle zone umide subtropicali o tropicali, nelle piantagioni e perfino nei giardini.<\/span> <span class=\"gts_text\" id=\"gts_text_6\">Purtroppo, la popolazione di <em>Caecilia Thompsoni<\/em> \u00e8 in pericolo a causa della deforestazione.<\/span><\/p>\n<p><span class=\"gts_text\" id=\"gts_text_7\">\u00a0<\/span><\/p>\n","protected":false},"excerpt":{"rendered":"<p>La Caecilia Thompsoni, chiamata Caecilia di Thompson, \u00e8 un anfibio. \u00c8 il pi\u00f9 grande dei gimnofioni o apodi dall&#8217;aspetto di verme.\u00a0\u00a0Pu\u00f2 crescere fino a 1,5 m\u00a0di lunghezza e pesare fino a circa 1 kg. \u00c8 originario della Colombia. Vive nelle foreste pluviali dei bassopiani\u00a0subtropicali o tropicali, nelle montagne delle zone umide subtropicali o tropicali, nelle &hellip; <a href=\"https:\/\/www.big-animals.com\/it\/caecilia-thompsoni\/\" class=\"more-link\">Continue reading <span class=\"screen-reader-text\">Caecilia Thompsoni<\/span><\/a><\/p>\n","protected":false},"author":1,"featured_media":0,"parent":0,"menu_order":0,"comment_status":"closed","ping_status":"open","template":"","meta":{"_acf_changed":false,"footnotes":""},"acf":[],"_links":{"self":[{"href":"https:\/\/www.big-animals.com\/it\/wp-json\/wp\/v2\/pages\/30"}],"collection":[{"href":"https:\/\/www.big-animals.com\/it\/wp-json\/wp\/v2\/pages"}],"about":[{"href":"https:\/\/www.big-animals.com\/it\/wp-json\/wp\/v2\/types\/page"}],"author":[{"embeddable":true,"href":"https:\/\/www.big-animals.com\/it\/wp-json\/wp\/v2\/users\/1"}],"replies":[{"embeddable":true,"href":"https:\/\/www.big-animals.com\/it\/wp-json\/wp\/v2\/comments?post=30"}],"version-history":[{"count":6,"href":"https:\/\/www.big-animals.com\/it\/wp-json\/wp\/v2\/pages\/30\/revisions"}],"predecessor-version":[{"id":364,"href":"https:\/\/www.big-animals.com\/it\/wp-json\/wp\/v2\/pages\/30\/revisions\/364"}],"wp:attachment":[{"href":"https:\/\/www.big-animals.com\/it\/wp-json\/wp\/v2\/media?parent=30"}],"curies":[{"name":"wp","href":"https:\/\/api.w.org\/{rel}","templated":true}]}}