{"id":32,"date":"2011-05-09T09:21:41","date_gmt":"2011-05-09T09:21:41","guid":{"rendered":""},"modified":"2014-04-17T13:36:55","modified_gmt":"2014-04-17T13:36:55","slug":"capibara","status":"publish","type":"page","link":"https:\/\/www.big-animals.com\/it\/capibara\/","title":{"rendered":"Capibara"},"content":{"rendered":"<p><span class=\"gts_text\" id=\"gts_text_1\">Il Capibara \u00e8 il pi\u00f9 grande <a title=\"Roditori\" href=\"http:\/\/www.big-animals.com\/it\/roditori\/\">roditore<\/a> vivente.<\/span>\u00a0Appartiene alla stessa famiglia<span class=\"gts_text\" id=\"gts_text_2\">\u00a0del porcellino d&#8217;India, dell&#8217;aguti, del cincill\u00e0 e della nutria e l&#8217;aspetto ricorda quello<\/span><span class=\"gts_text\" id=\"gts_text_3\">\u00a0di una cavia gigante con le gambe pi\u00f9 lunghe.<\/span> <span class=\"gts_text\" id=\"gts_text_4\">Ha un corpo pesante e di forma cilindrica e la testa corta.<\/span> <span class=\"gts_text\" id=\"gts_text_5\">La sua pelliccia \u00e8 bruno-rossastra sulla parte superiore del corpo e sul marrone giallastro nella parte inferiore.<\/span><span class=\"gts_text\" id=\"gts_text_6\">\u00a0L&#8217;animale possiede una pelle resistente, che a volte \u00e8 utilizzata per la fabbricazione di prodotti in cuoio di buona qualit\u00e0.<\/span><\/p>\n<figure id=\"attachment_715\" aria-describedby=\"caption-attachment-715\" style=\"width: 300px\" class=\"wp-caption alignleft\"><a href=\"http:\/\/www.big-animals.com\/wp-content\/uploads\/2011\/03\/Capybara.jpg\"><img loading=\"lazy\" decoding=\"async\" class=\"size-medium wp-image-715\" title=\"Il Capybara \u00e8 il pi\u00f9 grande roditore del mondo - fotografia da Vojt\u011bch H\u00e1la\" alt=\"Il Capybara \u00e8 il pi\u00f9 grande roditore del mondo - fotografia da Vojt\u011bch H\u00e1la\" src=\"http:\/\/www.big-animals.com\/wp-content\/uploads\/2011\/03\/Capybara-300x223.jpg\" width=\"300\" height=\"223\" \/><\/a><figcaption id=\"caption-attachment-715\" class=\"wp-caption-text\">Il capibara \u00e8 il roditore pi\u00f9 grande al mondo &#8211; Immagine di Vojt\u011bch H\u00e1la<\/figcaption><\/figure>\n<p><span class=\"gts_text\" id=\"gts_text_7\">I capibara adulti possono arrivare fino a 130 centimetri di lunghezza, pesare fino a 65 chilogrammi, e raggiungere un&#8217;altezza di circa 50 centimetri alla spalla.<\/span> <span class=\"gts_text\" id=\"gts_text_8\">Il capibara pi\u00f9 pesante mai visto \u00a0pesa 105,4 chilogrammi.<\/span><span class=\"gts_text\" id=\"gts_text_9\">\u00a0Hanno le dita parzialmente palmate sono privi di coda.<\/span>\u00a0Le zampe<span class=\"gts_text\" id=\"gts_text_10\">\u00a0palmate fanno di questi animali dei grandi nuotatori, anche se<\/span><span class=\"gts_text\" id=\"gts_text_11\">\u00a0la maggior parte delle loro attivit\u00e0 avvengono sulla terraferma.<\/span>\u00a0Essi p<span class=\"gts_text\" id=\"gts_text_12\">ossono inoltre nuotare in apnea per 5 minuti;<\/span>\u00a0d<span class=\"gts_text\" id=\"gts_text_13\">i conseguenza, possono nascondersi dai loro nemici rimanendo immersi sott&#8217;acqua. Nelle<\/span><span class=\"gts_text\" id=\"gts_text_14\">\u00a0giornate calde, passano il tempo a giocare nell&#8217;acqua, m<\/span><span class=\"gts_text\" id=\"gts_text_15\">angiando nel tardo pomeriggio, verso serata oppure di notte.<\/span> <span class=\"gts_text\" id=\"gts_text_16\">Non hanno inoltre bisogno di molto sonno.<\/span><\/p>\n<p><span class=\"gts_text\" id=\"gts_text_17\">Le loro gambe posteriori sono leggermente pi\u00f9 lunghe di quelle anteriori e il<\/span>\u00a0muso \u00e8 tronco<span class=\"gts_text\" id=\"gts_text_18\">.<\/span> <span class=\"gts_text\" id=\"gts_text_19\">Gli occhi, le narici e le orecchie si trovano nella parte superiore della testa, in modo da poter essere facilmente tenuti sopra la superficie acquatica quando nuotano.<\/span><\/p>\n<figure id=\"attachment_716\" aria-describedby=\"caption-attachment-716\" style=\"width: 274px\" class=\"wp-caption aligncenter\"><a href=\"http:\/\/www.big-animals.com\/wp-content\/uploads\/2011\/03\/Capibara_and_Human.png\"><img loading=\"lazy\" decoding=\"async\" class=\"size-medium wp-image-716\" title=\"Capibaras \u00e8 animali amichevoli\" alt=\"Capibaras \u00e8 animali amichevoli\" src=\"http:\/\/www.big-animals.com\/wp-content\/uploads\/2011\/03\/Capibara_and_Human-274x300.png\" width=\"274\" height=\"300\" \/><\/a><figcaption id=\"caption-attachment-716\" class=\"wp-caption-text\">i capibara sono animali amichevoli<\/figcaption><\/figure>\n<p><span class=\"gts_text\" id=\"gts_text_20\">Le femmine di capibara sono leggermente pi\u00f9 pesanti dei maschi, raggiungendo un peso compreso tra i<\/span><span class=\"gts_text\" id=\"gts_text_21\">\u00a036 &#8211; 66 chilogrammi, mentre i maschi raggiungono un peso compreso tra i 34 &#8211; 61 chilogrammi.<\/span>\u00a0Alcuni degli esemplari estinti di\u00a0<span class=\"gts_text\" id=\"gts_text_22\">capibara raggiungevano una grandezza del 40% superiore rispetto agli esemplari attualmente presenti sulla terra.<\/span>\u00a0Uno di questi esemplari antichi\u00a0\u00e8\u00a0<span class=\"gts_text\" id=\"gts_text_23\">stato trovato in America Settentrionale e pesava 90 &#8211; 110 chilogrammi.<\/span><\/p>\n<p><span class=\"gts_text\" id=\"gts_text_24\">I Capibara sono mammiferi semi-acquatici che<\/span>\u00a0vivono allo stato selvaggio<span class=\"gts_text\" id=\"gts_text_25\">\u00a0in Colombia, Ecuador, Bolivia, Venezuela, \u00a0Guyana\u00a0<\/span>francese<span class=\"gts_text\">, Uruguay, Per\u00f9 e Paraguay.<\/span> <span class=\"gts_text\" id=\"gts_text_26\">Vivono nelle foreste lussureggianti vicino ai laghi, fiumi, paludi, stagni, in savane paludose e lungo i fiumi nelle foreste tropicali.<\/span><\/p>\n<p><span class=\"gts_text\" id=\"gts_text_27\">I Capibara sono animali erbivori.<\/span>\u00a0Essi si nutrono principalmente di<span class=\"gts_text\" id=\"gts_text_28\">\u00a0erba, di piante acquatiche, di frutta e di cortecce.<\/span> <span class=\"gts_text\" id=\"gts_text_29\">Un esemplare adulto ha bisogno di 2,7 &#8211; 3,6 chilogrammi di erba al giorno.<\/span> <span class=\"gts_text\" id=\"gts_text_30\">I Capibara sono mangiatori molto esigenti e si concentrano\u00a0<\/span><span class=\"gts_text\" id=\"gts_text_31\">soltanto su 4 &#8211; 6 tipi differenti di piante &#8211; che compongono tre quarti della dieta.<\/span> <span class=\"gts_text\" id=\"gts_text_32\">Selezioneranno determinate foglie \u00a0e trascureranno quelle appartenenti ad altri tipi di alberi.<\/span>\u00a0I<span class=\"gts_text\" id=\"gts_text_33\">\u00a0Capibara sono meno esigenti rispetto alle variet\u00e0 di piante durante il periodo di siccit\u00e0 perch\u00e9 ci sono meno piante disponibili durante quel periodo, cosicch\u00e9 sono costretti a mangiare quello che trovano\u00a0.<\/span>\u00a0Essi si nutrono ad esempio di<span class=\"gts_text\" id=\"gts_text_34\">\u00a0canne\u00a0<\/span>invece di erba\u00a0<span class=\"gts_text\">durante il periodo di siccit\u00e0 .<\/span> <span class=\"gts_text\" id=\"gts_text_35\">Poich\u00e9 l&#8217;erba \u00e8 difficile da digerire, mangiano i propri escrementi in modo da digerirla due volte.<\/span> <span class=\"gts_text\" id=\"gts_text_36\">Inoltre hanno batteri speciali che contribuiscono a digerire l&#8217;erba che mangiano.<\/span> <span class=\"gts_text\" id=\"gts_text_37\">Possono inoltre vomitare il loro cibo per masticarlo poi nuovamente come le mucche.<\/span><\/p>\n<p><span class=\"gts_text\" id=\"gts_text_38\">Se sono fortunati, i capibara possono vivere fino a 10 anni allo stato selvaggio.<\/span> <span class=\"gts_text\" id=\"gts_text_39\">In media, tuttavia, vivono soltanto circa 4 anni perch\u00e9 essi costituiscono le prede favorite per molti animali della giungla, compreso il giaguaro, l&#8217;<a title=\"Anaconda verde\" href=\"http:\/\/www.big-animals.com\/it\/anaconda-verde\/\">anacond<\/a>a, il puma, l&#8217;aquila, l&#8217;ozelot e il caimano.<\/span><\/p>\n<figure id=\"attachment_717\" aria-describedby=\"caption-attachment-717\" style=\"width: 300px\" class=\"wp-caption alignright\"><a href=\"http:\/\/www.big-animals.com\/wp-content\/uploads\/2011\/03\/Capybara_Mother_And_Babies.jpg\"><img loading=\"lazy\" decoding=\"async\" class=\"size-medium wp-image-717\" title=\"Tutte le madri nel gruppo aiutano la cura per i bambini del capybara - immagine \u201cdal Bradypus\u201e\" alt=\"Tutte le madri nel gruppo aiutano la cura per i bambini del capybara - immagine \u201cdal Bradypus\u201e\" src=\"http:\/\/www.big-animals.com\/wp-content\/uploads\/2011\/03\/Capybara_Mother_And_Babies-300x145.jpg\" width=\"300\" height=\"145\" \/><\/a><figcaption id=\"caption-attachment-717\" class=\"wp-caption-text\">Tutte le madri del gruppo si prendono cura dei cuccioli immagine di Bradypus&amp;quot;<\/figcaption><\/figure>\n<p><span class=\"gts_text\" id=\"gts_text_40\">I Capibara amano vivere in gruppi di 10 &#8211; 20 esemplari, comprendenti in media 2 &#8211; 4 maschi adulti, 4 &#8211; 7 femmine adulte e un&#8217;intera combriccola di giovani.<\/span> <span class=\"gts_text\" id=\"gts_text_41\">Le dimensioni del gruppo cambiano secondo la stagione.<\/span> <span class=\"gts_text\" id=\"gts_text_42\">Durante il periodo di siccit\u00e0, quando si trova meno acqua, si formano gruppi\u00a0<\/span>pi\u00f9 grandi\u00a0<span class=\"gts_text\">vicino alla poca acqua rimasta.<\/span> <span class=\"gts_text\" id=\"gts_text_43\">Il gruppo pu\u00f2 essere grande fino a 50 &#8211; 100 individui.<\/span> <span class=\"gts_text\" id=\"gts_text_44\">Il gruppo \u00e8 controllato da un maschio dominante.\u00a0I Capibara sono molto vocali: emettono<\/span><span class=\"gts_text\" id=\"gts_text_45\">\u00a0suoni come quelli di un cane che abbaia quando sono minacciati.<\/span><\/p>\n<p><span class=\"gts_text\" id=\"gts_text_46\">Il cabibara diventa adulto entro 22 mesi e le femmine<\/span><span class=\"gts_text\" id=\"gts_text_47\">\u00a0danno alla luce \u00a0da 2 a 8 esemplari per parto, che avviene<\/span><span class=\"gts_text\" id=\"gts_text_48\">\u00a0sulla terraferma.<\/span>\u00a0A<span class=\"gts_text\" id=\"gts_text_49\">\u00a0una settimana dalla nascita i piccoli sono in grado di mangiare l&#8217;erba, continuando tuttavia a bere il latte materno direttamente dalla madre o dalle altre femmine del gruppo per circa 16 settimane.<\/span> <span class=\"gts_text\" id=\"gts_text_50\">Tutte le femmine del gruppo contribuiscono a prendersi cura dei piccoli.<\/span><\/p>\n<p><span class=\"gts_text\" id=\"gts_text_51\">I Capibara hanno 20 denti.<\/span>\u00a0I<span class=\"gts_text\" id=\"gts_text_52\">\u00a0denti anteriori ed i molari si sviluppano continuamente.<\/span> <span class=\"gts_text\" id=\"gts_text_53\">Quando diventano adulti, i capibara a volte possono prendere delle insolazioni perch\u00e9 i loro peli diventano radi e sottili.<\/span> <span class=\"gts_text\" id=\"gts_text_54\">Per evitare di scottarsi il capibara dovr\u00e0 rotolarsi nel fango fino a coprire\u00a0<\/span>interamente<span class=\"gts_text\">\u00a0la pelle. Questi animali n<\/span><span class=\"gts_text\" id=\"gts_text_55\">on gradiscono il sole.<\/span><\/p>\n<p><span class=\"gts_text\" id=\"gts_text_56\">Questi animali non sono considerati specie in pericolo di estinzione e vengono cacciati<\/span><span class=\"gts_text\" id=\"gts_text_57\">\u00a0per la loro carne e pelliccia in alcuni posti e vengono uccisi quando cominciano a mangiare l&#8217;erba che serve come cibo per il bestiame.<\/span> <span class=\"gts_text\" id=\"gts_text_58\">In alcune aree questi animali vengono allevati, il che assicura che gli habitat delle zone umide in cui essi vivono siano protetti.<\/span> <span class=\"gts_text\" id=\"gts_text_59\">Nel complesso il fatto che si riproducono rapidamente ne rende molto pi\u00f9 facile la sopravvivenza allo stato brado.<\/span><\/p>\n<p><span class=\"gts_text\" id=\"gts_text_60\">I capibara si trovano inoltre negli zoo e nei parchi.<\/span>\u00a0In<span class=\"gts_text\" id=\"gts_text_61\">\u00a0cattivit\u00e0 essi possono vivere 12 anni.<\/span> <span class=\"gts_text\" id=\"gts_text_62\">Sono creature mansuete che solitamente permettono che gli esseri umani li accarezzino e nutrano.<\/span><\/p>\n<p><span class=\"gts_text\" id=\"gts_text_63\">\u00a0<\/span><\/p>\n","protected":false},"excerpt":{"rendered":"<p>Il Capibara \u00e8 il pi\u00f9 grande roditore vivente.\u00a0Appartiene alla stessa famiglia\u00a0del porcellino d&#8217;India, dell&#8217;aguti, del cincill\u00e0 e della nutria e l&#8217;aspetto ricorda quello\u00a0di una cavia gigante con le gambe pi\u00f9 lunghe. Ha un corpo pesante e di forma cilindrica e la testa corta. La sua pelliccia \u00e8 bruno-rossastra sulla parte superiore del corpo e sul &hellip; <a href=\"https:\/\/www.big-animals.com\/it\/capibara\/\" class=\"more-link\">Continue reading <span class=\"screen-reader-text\">Capibara<\/span><\/a><\/p>\n","protected":false},"author":1,"featured_media":0,"parent":0,"menu_order":0,"comment_status":"closed","ping_status":"open","template":"","meta":{"_acf_changed":false,"footnotes":""},"acf":[],"_links":{"self":[{"href":"https:\/\/www.big-animals.com\/it\/wp-json\/wp\/v2\/pages\/32"}],"collection":[{"href":"https:\/\/www.big-animals.com\/it\/wp-json\/wp\/v2\/pages"}],"about":[{"href":"https:\/\/www.big-animals.com\/it\/wp-json\/wp\/v2\/types\/page"}],"author":[{"embeddable":true,"href":"https:\/\/www.big-animals.com\/it\/wp-json\/wp\/v2\/users\/1"}],"replies":[{"embeddable":true,"href":"https:\/\/www.big-animals.com\/it\/wp-json\/wp\/v2\/comments?post=32"}],"version-history":[{"count":11,"href":"https:\/\/www.big-animals.com\/it\/wp-json\/wp\/v2\/pages\/32\/revisions"}],"predecessor-version":[{"id":637,"href":"https:\/\/www.big-animals.com\/it\/wp-json\/wp\/v2\/pages\/32\/revisions\/637"}],"wp:attachment":[{"href":"https:\/\/www.big-animals.com\/it\/wp-json\/wp\/v2\/media?parent=32"}],"curies":[{"name":"wp","href":"https:\/\/api.w.org\/{rel}","templated":true}]}}