{"id":35,"date":"2011-05-09T09:22:55","date_gmt":"2011-05-09T09:22:55","guid":{"rendered":""},"modified":"2014-11-05T11:34:54","modified_gmt":"2014-11-05T11:34:54","slug":"gigantopiteco","status":"publish","type":"page","link":"https:\/\/www.big-animals.com\/it\/gigantopiteco\/","title":{"rendered":"Gigantopiteco"},"content":{"rendered":"<p><span id=\"gts_text_1\" class=\"gts_text\">Il gigantopiteco \u00e8 il pi\u00f9 grande <a title=\"Primati\" href=\"http:\/\/www.big-animals.com\/it\/primati\/\">primat<\/a><span style=\"text-decoration: underline\">e<\/span>\u00a0mai esistito. \u00c8 vissuto<\/span><span id=\"gts_text_2\" class=\"gts_text\">\u00a0300.000 anni fa e<\/span>\u00a0i<span id=\"gts_text_3\" class=\"gts_text\">\u00a0suoi fossili sono stati trovati in Cina, in India e in Vietnam.<\/span> <span id=\"gts_text_4\" class=\"gts_text\">\u00c8 strettamente connesso alle scimmie.<\/span> <span id=\"gts_text_5\" class=\"gts_text\">Il Gigantopiteco maschio era alto circa 3 metri \u00a0e pesava circa 540 Kg.<\/span><\/p>\n<figure id=\"attachment_706\" aria-describedby=\"caption-attachment-706\" style=\"width: 216px\" class=\"wp-caption alignright\"><a href=\"http:\/\/www.big-animals.com\/wp-content\/uploads\/2011\/03\/Gigantopithecus_and_human.png\"><img loading=\"lazy\" decoding=\"async\" class=\"size-medium wp-image-706\" title=\"Il Gigantopithecus \u00e8 mai il pi\u00f9 grande primate\" src=\"http:\/\/www.big-animals.com\/wp-content\/uploads\/2011\/03\/Gigantopithecus_and_human-216x300.png\" alt=\"Il Gigantopithecus \u00e8 mai il pi\u00f9 grande primate\" width=\"216\" height=\"300\" \/><\/a><figcaption id=\"caption-attachment-706\" class=\"wp-caption-text\">Il gigantopiteco \u00e8 il primate pi\u00f9 grande<\/figcaption><\/figure>\n<p>Qualcuno crede che soppravviva ancora oggi e che viva in alcune zone remote dell&#8217;Asia.\u00a0Gli si attribuiscono nomi com lo<span id=\"gts_text_7\" class=\"gts_text\">\u00a0Yeti, lo Yeren o il Mande-Barung.<\/span> <span id=\"gts_text_8\" class=\"gts_text\">Tuttavia, la maggior parte dei scienziati \u00e8 certa che\u00a0il gigantopitteco si sia estinto molto tempo fa.<\/span> <span id=\"gts_text_9\" class=\"gts_text\">Le uniche\u00a0cose che sono state trovate sono i denti e le mandibole fossilizzati.<\/span> <span id=\"gts_text_10\" class=\"gts_text\">I fossili dei suoi denti e delle sue ossa vengono spesso frantumati e le polveri vengono utilizzate nella medicina cinese tradizionale.<\/span><\/p>\n<p><span id=\"gts_text_11\" class=\"gts_text\">Purtroppo non possiamo stabilire con precisione come il gigantopiteco si spostava da un posto all&#8217;altro, perch\u00e9 non \u00e8 stato ritrovato nessun osso della gamba o dell&#8217;anca.<\/span> <span id=\"gts_text_12\" class=\"gts_text\">Gli scienziati pensano che sia 2 o 3 volte pi\u00f9 pesante dei gorilla moderni e quasi 5 volte pi\u00f9 pesante dell&#8217;orango, che \u00e8 il primate vivente pi\u00f9 prossimo.<\/span> <span id=\"gts_text_13\" class=\"gts_text\">La femmina adulta invece pesava la met\u00e0 dei maschi.<\/span><\/p>\n<p><span id=\"gts_text_14\" class=\"gts_text\">I gigantopitechi vivevano nelle foreste di bamb\u00f9.<\/span>\u00a0I loro\u00a0<span id=\"gts_text_15\" class=\"gts_text\">fossili sono stati trovati insieme ad alcuni tipi estinti di panda.<\/span> <span id=\"gts_text_16\" class=\"gts_text\">Di conseguenza, si \u00e8 arrivati alla conclusione che i grandi gigantopitechi fossero erbivori.<\/span> <span id=\"gts_text_17\" class=\"gts_text\">Le loro mascelle sono profonde e molto spesse,<\/span>\u00a0i<span id=\"gts_text_18\" class=\"gts_text\">\u00a0denti e le mascelle sono adatti alla masticazione di cibi molto fibrosi e ad una forte frantumazione del cibo, come il bamb\u00f9.<\/span> <span id=\"gts_text_19\" class=\"gts_text\">La cavit\u00e0 dei loro denti \u00e8 simile a quella trovata nei panda giganti.<\/span> <span id=\"gts_text_20\" class=\"gts_text\">Oltre al bamb\u00f9, si nutrivano probabilmente anche di semi e frutta.<\/span><\/p>\n<p><span id=\"gts_text_21\" class=\"gts_text\">\u00a0<\/span><\/p>\n","protected":false},"excerpt":{"rendered":"<p>Il gigantopiteco \u00e8 il pi\u00f9 grande primate\u00a0mai esistito. \u00c8 vissuto\u00a0300.000 anni fa e\u00a0i\u00a0suoi fossili sono stati trovati in Cina, in India e in Vietnam. \u00c8 strettamente connesso alle scimmie. Il Gigantopiteco maschio era alto circa 3 metri \u00a0e pesava circa 540 Kg. Qualcuno crede che soppravviva ancora oggi e che viva in alcune zone remote &hellip; <a href=\"https:\/\/www.big-animals.com\/it\/gigantopiteco\/\" class=\"more-link\">Continue reading <span class=\"screen-reader-text\">Gigantopiteco<\/span><\/a><\/p>\n","protected":false},"author":1,"featured_media":0,"parent":0,"menu_order":0,"comment_status":"closed","ping_status":"open","template":"","meta":{"_acf_changed":false,"footnotes":""},"acf":[],"_links":{"self":[{"href":"https:\/\/www.big-animals.com\/it\/wp-json\/wp\/v2\/pages\/35"}],"collection":[{"href":"https:\/\/www.big-animals.com\/it\/wp-json\/wp\/v2\/pages"}],"about":[{"href":"https:\/\/www.big-animals.com\/it\/wp-json\/wp\/v2\/types\/page"}],"author":[{"embeddable":true,"href":"https:\/\/www.big-animals.com\/it\/wp-json\/wp\/v2\/users\/1"}],"replies":[{"embeddable":true,"href":"https:\/\/www.big-animals.com\/it\/wp-json\/wp\/v2\/comments?post=35"}],"version-history":[{"count":8,"href":"https:\/\/www.big-animals.com\/it\/wp-json\/wp\/v2\/pages\/35\/revisions"}],"predecessor-version":[{"id":607,"href":"https:\/\/www.big-animals.com\/it\/wp-json\/wp\/v2\/pages\/35\/revisions\/607"}],"wp:attachment":[{"href":"https:\/\/www.big-animals.com\/it\/wp-json\/wp\/v2\/media?parent=35"}],"curies":[{"name":"wp","href":"https:\/\/api.w.org\/{rel}","templated":true}]}}