{"id":37,"date":"2011-05-09T09:23:10","date_gmt":"2011-05-09T09:23:10","guid":{"rendered":""},"modified":"2015-03-19T12:41:24","modified_gmt":"2015-03-19T12:41:24","slug":"artiodattili","status":"publish","type":"page","link":"https:\/\/www.big-animals.com\/it\/artiodattili\/","title":{"rendered":"ungulati Uguale-piantati"},"content":{"rendered":"<figure id=\"attachment_1064\" aria-describedby=\"caption-attachment-1064\" style=\"width: 225px\" class=\"wp-caption alignright\"><a href=\"http:\/\/www.big-animals.com\/wp-content\/uploads\/2011\/05\/Sheep.jpeg\"><img loading=\"lazy\" decoding=\"async\" class=\"size-medium wp-image-1064\" title=\"Passeggiata degli artiodattili su due dita del piede\" src=\"http:\/\/www.big-animals.com\/wp-content\/uploads\/2011\/05\/Sheep-225x300.jpg\" alt=\"Passeggiata degli artiodattili su due dita del piede\" width=\"225\" height=\"300\" \/><\/a><figcaption id=\"caption-attachment-1064\" class=\"wp-caption-text\">Gli artiodattili reggono il peso sulle loro due dita<\/figcaption><\/figure>\n<p><span id=\"gts_text_1\" class=\"gts_text\">Gli artiodattili sono <a title=\"I pi\u00f9 grandi mammiferi del mondo!\" href=\"http:\/\/www.big-animals.com\/the-worlds-biggest-mammals\/\">mammiferi<\/a>\u00a0zoccolati\u00a0il cui peso \u00e8 retto\u00a0principalmente dal loro terzo e quarto dito del piede,\u00a0invece che interamente dal terzo,\u00a0come avviene per i perissodattili, i quali includono<\/span><span id=\"gts_text_2\" class=\"gts_text\">\u00a0cavalli, zebre, tapiri, asini e rinoceronti: gli<\/span> <span id=\"gts_text_3\" class=\"gts_text\">artiodattili reggono il peso equamente sulle dita del piede. La maggior parte di essi vivono nelle praterie, nella savana e nelle pianure.<\/span>\u00a0Possono essere visti in ogni continente, tranne che in Antartide. In Australia e Nuova Zelanda sono stati introdotti dagli uomini. Fanno parte dei mammiferi artiodattili\u00a0<span id=\"gts_text_7\" class=\"gts_text\">i maiali, gli ippopotami, i cammelli, i tragulidi, le pecore, le <a title=\"La giraffa - l'animale pi\u00f9 alto del mondo!\" href=\"http:\/\/www.big-animals.com\/the-giraffe-the-worlds-tallest-animal\/\">giraffe<\/a>, le capre e le mucche.<\/span> Esistono<span id=\"gts_text_8\" class=\"gts_text\">\u00a0circa 220 specie di artiodattili.<\/span><\/p>\n<p><span id=\"gts_text_9\" class=\"gts_text\">Nelle articolazioni della caviglia, hanno un osso che d\u00e0 al loro piede una maggiore flessibilit\u00e0.<\/span>\u00a0<span id=\"gts_text_10\" class=\"gts_text\">Alcune specie possiedono le corna, mentre altre i palchi.<\/span>\u00a0La maggior parte di essi sono erbivori, cio\u00e8 mangiano solo piante.\u00a0<span id=\"gts_text_12\" class=\"gts_text\">Alcuni di loro, come le antilopi, hanno uno stomaco a quattro camere e un intestino pi\u00f9 lungo, in modo da poter digerire la cellulosa delle piante, che \u00e8 molto pi\u00f9 difficile\u00a0da digerire\u00a0rispetto alla carne.<\/span><\/p>\n<p><span id=\"gts_text_13\" class=\"gts_text\">I cammelli, i lama e i tragulidi\u00a0hanno uno stomaco a tre camere.<\/span> <span id=\"gts_text_14\" class=\"gts_text\">Gli ippopotami sono gli artiodattili pi\u00f9 pesanti.<\/span> <span id=\"gts_text_15\" class=\"gts_text\">Pesano circa 1.4-1.5 tonnellate e<\/span>\u00a0s<span id=\"gts_text_16\" class=\"gts_text\">ono lunghi\u00a0circa 2,7 metri. Anche loro hanno uno stomaco a tre camere e non masticano il loro bolo alimentare.<\/span>\u00a0<span id=\"gts_text_17\" class=\"gts_text\">Si nutrono di erba ed esclusivamente di notte.<\/span>\u00a0Quando vanno alla ricerca di cibo possono\u00a0addirittura<span id=\"gts_text_18\" class=\"gts_text\">\u00a0camminare fino a\u00a08 chilometri.<\/span>\u00a0Ogni nott, m<span id=\"gts_text_19\" class=\"gts_text\">angiano circa 70 kg di cibo.<\/span>\u00a0La digestione della cellulosa delle piante sarebbe impossibile, se non fosse per le minuscole creature presenti nel loro stomaco. L&#8217;artiodattile pi\u00f9 grande \u00e8\u00a0<span id=\"gts_text_21\" class=\"gts_text\">la <a title=\"La giraffa - l'animale pi\u00f9 alto del mondo!\" href=\"http:\/\/www.big-animals.com\/the-giraffe-the-worlds-tallest-animal\/\">giraffa<\/a>, che \u00e8 tuttora anche\u00a0l&#8217;animale pi\u00f9 alto sulla terra.<\/span><\/p>\n<p><span id=\"gts_text_22\" class=\"gts_text\">Gli artiodattili, in particolare\u00a0mucche, pecore, maiali e capre, sono indispensabili per l&#8217;essere umano, in quanto forniscono alimenti e altri beni.<\/span> Al giorno d&#8217;oggi,<span id=\"gts_text_23\" class=\"gts_text\">\u00a0l&#8217;industria del bestiame \u00e8 un&#8217; industria miliardaria in tutto il mondo.<\/span><\/p>\n<figure id=\"attachment_1066\" aria-describedby=\"caption-attachment-1066\" style=\"width: 300px\" class=\"wp-caption aligncenter\"><a href=\"http:\/\/www.big-animals.com\/wp-content\/uploads\/2011\/05\/FoodFromUngulates.jpg\"><img loading=\"lazy\" decoding=\"async\" class=\"size-medium wp-image-1066\" title=\"Gelatina, latte, lana, manzo, prosciutto, formaggio, montone, yogurt, bacon - questi tutti vengono dagli artiodattili\" src=\"http:\/\/www.big-animals.com\/wp-content\/uploads\/2011\/05\/FoodFromUngulates-300x118.jpg\" alt=\"Gelatina, latte, lana, manzo, prosciutto, formaggio, montone, yogurt, bacon - questi tutti vengono dagli artiodattili\" width=\"300\" height=\"118\" \/><\/a><figcaption id=\"caption-attachment-1066\" class=\"wp-caption-text\">Salsiccia, gelatina, latte, cuoio, lana, carne, prosciutto, formaggio, yogurt e pancetta derivano dagli artiodattili<\/figcaption><\/figure>\n<p><span id=\"gts_text_24\" class=\"gts_text\">\u00a0<\/span><\/p>\n","protected":false},"excerpt":{"rendered":"<p>Gli artiodattili sono mammiferi\u00a0zoccolati\u00a0il cui peso \u00e8 retto\u00a0principalmente dal loro terzo e quarto dito del piede,\u00a0invece che interamente dal terzo,\u00a0come avviene per i perissodattili, i quali includono\u00a0cavalli, zebre, tapiri, asini e rinoceronti: gli artiodattili reggono il peso equamente sulle dita del piede. La maggior parte di essi vivono nelle praterie, nella savana e nelle pianure.\u00a0Possono &hellip; <a href=\"https:\/\/www.big-animals.com\/it\/artiodattili\/\" class=\"more-link\">Continue reading <span class=\"screen-reader-text\">ungulati Uguale-piantati<\/span><\/a><\/p>\n","protected":false},"author":1,"featured_media":0,"parent":0,"menu_order":0,"comment_status":"closed","ping_status":"open","template":"","meta":{"_acf_changed":false,"footnotes":""},"acf":[],"_links":{"self":[{"href":"https:\/\/www.big-animals.com\/it\/wp-json\/wp\/v2\/pages\/37"}],"collection":[{"href":"https:\/\/www.big-animals.com\/it\/wp-json\/wp\/v2\/pages"}],"about":[{"href":"https:\/\/www.big-animals.com\/it\/wp-json\/wp\/v2\/types\/page"}],"author":[{"embeddable":true,"href":"https:\/\/www.big-animals.com\/it\/wp-json\/wp\/v2\/users\/1"}],"replies":[{"embeddable":true,"href":"https:\/\/www.big-animals.com\/it\/wp-json\/wp\/v2\/comments?post=37"}],"version-history":[{"count":10,"href":"https:\/\/www.big-animals.com\/it\/wp-json\/wp\/v2\/pages\/37\/revisions"}],"predecessor-version":[{"id":664,"href":"https:\/\/www.big-animals.com\/it\/wp-json\/wp\/v2\/pages\/37\/revisions\/664"}],"wp:attachment":[{"href":"https:\/\/www.big-animals.com\/it\/wp-json\/wp\/v2\/media?parent=37"}],"curies":[{"name":"wp","href":"https:\/\/api.w.org\/{rel}","templated":true}]}}