{"id":39,"date":"2014-03-18T22:22:49","date_gmt":"2014-03-18T22:22:49","guid":{"rendered":"http:\/\/www.big-animals.com\/it\/gigante-dorato-incoronare-volo-volpe\/"},"modified":"2014-04-07T10:05:50","modified_gmt":"2014-04-07T10:05:50","slug":"gigante-dorato-incoronare-volo-volpe","status":"publish","type":"page","link":"https:\/\/www.big-animals.com\/it\/gigante-dorato-incoronare-volo-volpe\/","title":{"rendered":"Volpe volante dal capo dorato"},"content":{"rendered":"<figure id=\"attachment_787\" aria-describedby=\"caption-attachment-787\" style=\"width: 200px\" class=\"wp-caption alignleft\"><a href=\"http:\/\/www.big-animals.com\/wp-content\/uploads\/2011\/03\/Golden_Crowned_Fruit_Bat.jpg\"><img loading=\"lazy\" decoding=\"async\" class=\"size-full wp-image-787\" title=\"Il Fox di volo Dorato-Incoronato gigante - immagine da Elpidio Latorilla\" alt=\"Il Fox di volo Dorato-Incoronato gigante - immagine da Elpidio Latorilla\" src=\"http:\/\/www.big-animals.com\/wp-content\/uploads\/2011\/03\/Golden_Crowned_Fruit_Bat.jpg\" width=\"200\" height=\"319\" \/><\/a><figcaption id=\"caption-attachment-787\" class=\"wp-caption-text\">La volpe volante dal capo dorato &#8211; Foto di Elpidio Latorilla<\/figcaption><\/figure>\n<p><span class=\"gts_text\" id=\"gts_text_1\">La\u00a0<\/span><em><span class=\"gts_text\" style=\"line-height: 1.5em\">volpe\u00a0<\/span><span style=\"line-height: 1.5em\">v<\/span><\/em><span class=\"gts_text\" style=\"line-height: 1.5em\"><em>olante dal capo dorato gigante<\/em> \u00a0\u00e8 anche conosciuta<\/span><span class=\"gts_text\" style=\"line-height: 1.5em\">\u00a0come <em>pipistrello della frutta dal capo dorato<\/em>.\u00a0<\/span><span class=\"gts_text\" id=\"gts_text_2\" style=\"line-height: 1.5em\">\u00c8 un raro esemplare di pipistrello della frutta ed \u00e8 il <a title=\"Pipistrelli\" href=\"http:\/\/www.big-animals.com\/it\/pipistrelli\/\">pi\u00f9 grande<\/a>\u00a0al\u00a0mondo. Possiede\u00a0<\/span><span class=\"gts_text\" id=\"gts_text_3\" style=\"line-height: 1.5em\">un&#8217;apertura alare di circa 1 metro e mezzo e pesa fino a 1,2 chilogrammi.<\/span><span style=\"line-height: 1.5em\">\u00a0S<\/span><span class=\"gts_text\" id=\"gts_text_4\" style=\"line-height: 1.5em\">pesso lo si vede avvolto nelle sue grandi ali nere come fossero un mantello.\u00a0<\/span><span class=\"gts_text\" id=\"gts_text_5\" style=\"line-height: 1.5em\">Purtroppo questo pipistrello \u00e8 in via d&#8217;estinzione a causa della caccia e della deforestazione illegale.<\/span><\/p>\n<p><span class=\"gts_text\" id=\"gts_text_6\">\u00c8 nativo delle foreste pluviali delle Filippine.<\/span>\u00a0I<span class=\"gts_text\" id=\"gts_text_7\">l suo nome deriva dalla pelliccia dorata intorno alla testa e<\/span>\u00a0n<span class=\"gts_text\" id=\"gts_text_8\">on ha nulla a che fare con la volpe sebbene il suo muso gli assomigli un po&#8217;.<\/span> <span class=\"gts_text\" id=\"gts_text_9\">Appartiene alla famiglia dei pipistrelli giganti.<\/span> <span class=\"gts_text\" id=\"gts_text_10\">Ha il corpo nero ed \u00e8 privo di coda come qualunque altro\u00a0<\/span><span style=\"line-height: 1.5em\">pipistrello che si nutra di\u00a0<\/span><span class=\"gts_text\" style=\"line-height: 1.5em\">frutta.\u00a0<\/span><span class=\"gts_text\" id=\"gts_text_11\" style=\"line-height: 1.5em\">\u00c8 attivo di notte e pu\u00f2 volare almeno 40 chilometri per notte in cerca di cibo. <\/span><span class=\"gts_text\" id=\"gts_text_12\" style=\"line-height: 1.5em\">Ama mangiare i fichi, ma in mancanza di questi si accontenter\u00e0\u00a0<\/span><span style=\"line-height: 1.5em\">di mangiare\u00a0<\/span><span style=\"line-height: 1.5em\">altra frutta come il durian, la carambola e bankal.<\/span><\/p>\n<p><span class=\"gts_text\" id=\"gts_text_13\">La <em>volpe volante dal capo dorato<\/em>\u00a0\u00e8 anche conosciuta come <em>seminatrice silenziosa<\/em> perch\u00e9 i semi nei suoi escrementi e quelli che sputa a terra mentre mangia mettono le radici e diventano nuovi alberi da frutto. Tutto<\/span>\u00a0c<span class=\"gts_text\" id=\"gts_text_14\">i\u00f2 contribuisce a mantenere viva la foresta pluviale nelle Filippine.<\/span> <span class=\"gts_text\" id=\"gts_text_15\">Questo <\/span><span style=\"line-height: 1.5em\">tipo di pipistrello\u00a0<\/span><span class=\"gts_text\" style=\"line-height: 1.5em\">inoltre contribuisce a impollinare molti alberi da frutto,\u00a0<\/span><span class=\"gts_text\" id=\"gts_text_16\" style=\"line-height: 1.5em\">\u00a0che dipendono da lui per la diffusione del loro seme.\u00a0<\/span><span class=\"gts_text\" id=\"gts_text_17\" style=\"line-height: 1.5em\">Inoltre i suoi escrementi sono un buon fertilizzante per le piante.<\/span><\/p>\n<figure id=\"attachment_789\" aria-describedby=\"caption-attachment-789\" style=\"width: 176px\" class=\"wp-caption alignright\"><a href=\"http:\/\/www.big-animals.com\/wp-content\/uploads\/2011\/03\/Giant_Golden_Crowned_Flying_Fox_And_Human1.png\"><img loading=\"lazy\" decoding=\"async\" class=\"size-medium wp-image-789\" title=\"Il Fox di volo coronato dorato gigante \u00e8 il pi\u00f9 grande pipistrello del mondo\" alt=\"Il Fox di volo coronato dorato gigante \u00e8 il pi\u00f9 grande pipistrello del mondo\" src=\"http:\/\/www.big-animals.com\/wp-content\/uploads\/2011\/03\/Giant_Golden_Crowned_Flying_Fox_And_Human1-176x300.png\" width=\"176\" height=\"300\" \/><\/a><figcaption id=\"caption-attachment-789\" class=\"wp-caption-text\">La volpe volante dal capo dorato \u00e8 il pipistrello pi\u00f9 grande del mondo<\/figcaption><\/figure>\n<p><span class=\"gts_text\" id=\"gts_text_18\">La\u00a0<em>volpe volante dal capo dorato \u00e8<\/em>\u00a0fertile due volte l&#8217;anno, ma<\/span><span class=\"gts_text\" id=\"gts_text_19\">\u00a0rimane incinta\u00a0<\/span><span style=\"line-height: 1.5em\">solo<\/span><span style=\"line-height: 1.5em\">\u00a0<\/span><span class=\"gts_text\" style=\"line-height: 1.5em\">una volta dando<\/span><span class=\"gts_text\" id=\"gts_text_20\" style=\"line-height: 1.5em\">\u00a0alla luce soltanto un cucciolo.<\/span><\/p>\n<p><span class=\"gts_text\" id=\"gts_text_21\">Questo pipistrello ama lavarsi spesso.<\/span> <span class=\"gts_text\" id=\"gts_text_22\">Utilizza le sue ali nere per raccogliere l&#8217;acqua e versarla su tutto il corpo.<\/span> <span class=\"gts_text\" id=\"gts_text_23\">E&#8217; solito riposare in colonie molto grandi in modo da potersi riscaldare ed essere al sicuro dai predatori.<\/span> <span class=\"gts_text\" id=\"gts_text_24\">Il problema legato alle grandi colonie \u00e8 che ci\u00f2 lo rende un facile bersaglio.<\/span> <span class=\"gts_text\" id=\"gts_text_25\">I cacciatori li cercano normalmente durante il giorno quando tutti i pipistrelli riposano.<\/span><\/p>\n<p><span class=\"gts_text\" id=\"gts_text_26\">Oggi questo pipistrello \u00e8 a rischio d&#8217;estinzione.<\/span> <span class=\"gts_text\" id=\"gts_text_27\">\u00a0\u00c8 scomparso da molte piccole isole e da alcune pi\u00f9 grandi nelle Filippine, come Panay e Cebu.<\/span> <span class=\"gts_text\" id=\"gts_text_28\">Inoltre\u00a0<\/span><span style=\"line-height: 1.5em\">in alcune aree\u00a0<\/span><span class=\"gts_text\" style=\"line-height: 1.5em\">viene cacciato per la sua carne.\u00a0<\/span><span class=\"gts_text\" id=\"gts_text_29\" style=\"line-height: 1.5em\">Quando gli\u00a0<\/span><span style=\"line-height: 1.5em\">esseri umani avranno raccolto tutta\u00a0<\/span><span style=\"line-height: 1.5em\">la frutta rimasta, questi pipistrelli non avranno pi\u00f9 cibo da mangiare e potrebbero anche morire di fame.<\/span><\/p>\n<p><span class=\"gts_text\" id=\"gts_text_30\">Ci sono persone che lavorano duro per assicurarsi che la\u00a0<em>volpe volante dal capo dorato <\/em>non si estingua.<\/span> <span class=\"gts_text\" id=\"gts_text_31\">La regione di Subic Bay nelle Filippine \u00e8 stata scelta come luogo per effettuare ricerche su questi pipistrelli e per proteggerli.<\/span><\/p>\n<p><span class=\"gts_text\" id=\"gts_text_32\">\u00a0<\/span><\/p>\n","protected":false},"excerpt":{"rendered":"<p>La\u00a0volpe\u00a0volante dal capo dorato gigante \u00a0\u00e8 anche conosciuta\u00a0come pipistrello della frutta dal capo dorato.\u00a0\u00c8 un raro esemplare di pipistrello della frutta ed \u00e8 il pi\u00f9 grande\u00a0al\u00a0mondo. Possiede\u00a0un&#8217;apertura alare di circa 1 metro e mezzo e pesa fino a 1,2 chilogrammi.\u00a0Spesso lo si vede avvolto nelle sue grandi ali nere come fossero un mantello.\u00a0Purtroppo questo pipistrello &hellip; <a href=\"https:\/\/www.big-animals.com\/it\/gigante-dorato-incoronare-volo-volpe\/\" class=\"more-link\">Continue reading <span class=\"screen-reader-text\">Volpe volante dal capo dorato<\/span><\/a><\/p>\n","protected":false},"author":1,"featured_media":0,"parent":0,"menu_order":0,"comment_status":"closed","ping_status":"open","template":"","meta":{"_acf_changed":false,"footnotes":""},"acf":[],"_links":{"self":[{"href":"https:\/\/www.big-animals.com\/it\/wp-json\/wp\/v2\/pages\/39"}],"collection":[{"href":"https:\/\/www.big-animals.com\/it\/wp-json\/wp\/v2\/pages"}],"about":[{"href":"https:\/\/www.big-animals.com\/it\/wp-json\/wp\/v2\/types\/page"}],"author":[{"embeddable":true,"href":"https:\/\/www.big-animals.com\/it\/wp-json\/wp\/v2\/users\/1"}],"replies":[{"embeddable":true,"href":"https:\/\/www.big-animals.com\/it\/wp-json\/wp\/v2\/comments?post=39"}],"version-history":[{"count":3,"href":"https:\/\/www.big-animals.com\/it\/wp-json\/wp\/v2\/pages\/39\/revisions"}],"predecessor-version":[{"id":422,"href":"https:\/\/www.big-animals.com\/it\/wp-json\/wp\/v2\/pages\/39\/revisions\/422"}],"wp:attachment":[{"href":"https:\/\/www.big-animals.com\/it\/wp-json\/wp\/v2\/media?parent=39"}],"curies":[{"name":"wp","href":"https:\/\/api.w.org\/{rel}","templated":true}]}}