{"id":4,"date":"2011-05-09T08:54:03","date_gmt":"2011-05-09T08:54:03","guid":{"rendered":""},"modified":"2015-06-08T12:41:03","modified_gmt":"2015-06-08T12:41:03","slug":"lista-dei-piu-grandi-animali-del-mondo-classificati-per-tipo","status":"publish","type":"page","link":"https:\/\/www.big-animals.com\/it\/lista-dei-piu-grandi-animali-del-mondo-classificati-per-tipo\/","title":{"rendered":"Lista dei pi\u00f9 grandi animali del mondo, classificati per tipo"},"content":{"rendered":"<p><span id=\"gts_text_1\" class=\"gts_text\">Qui sotto potete trovate la lista di tutti gli animali presenti nel sito divisi per tipo.<\/span>\u00a0Cliccando sul link potrete\u00a0saperne di pi\u00f9 sull&#8217;animale pi\u00f9 pesante, pi\u00f9 grosso, pi\u00f9 grande, pi\u00f9 alto, pi\u00f9 lungo<span id=\"gts_text_2\" class=\"gts_text\">\u2026<\/span><\/p>\n<p><span id=\"gts_text_3\" class=\"gts_text\"><a href=\"\/Animals.html\"><strong>Animali<\/strong><\/a> &#8211; la <a href=\"\/Blue-Whale.html\">balena blu<\/a> (il pi\u00f9 grande animale mai esistito), <a href=\"\/African-Bush-Elephant.html\">elefante Africano delle foreste<\/a> (l&#8217;animale terreste pi\u00f9 pesante), <a href=\"\/Giraffe.html\">giraffa<\/a> (l&#8217;animale terrestre pi\u00f9 alto)<\/span><\/p>\n<ul>\n<li><span id=\"gts_text_4\" class=\"gts_text\"><a href=\"\/Chordates.html\"><strong>Cordati<\/strong><\/a> &#8211; la <a href=\"\/Blue-Whale.html\">balena blu<\/a> (il pi\u00f9 grande animale\u00a0mai esistito), <a href=\"\/African-Bush-Elephant.html\">l&#8217;elefante africano delle foreste<\/a> (l&#8217;animale terreste pi\u00f9 pesante), <a href=\"\/Giraffe.html\">giraffa<\/a> (l&#8217;animale terrestre pi\u00f9 alto)<\/span>\n<ul>\n<li><span id=\"gts_text_5\" class=\"gts_text\"><a href=\"\/Vertebrates.html\"><strong>Vertebrati<\/strong><\/a> &#8211; la <a href=\"\/Blue-Whale.html\">balena blu<\/a> (il pi\u00f9 grande animale\u00a0mai esistito), <a href=\"\/African-Bush-Elephant.html\">l&#8217;elefante Africano delle foreste<\/a> (l&#8217;animale terreste pi\u00f9 pesante), <a href=\"\/Giraffe.html\">la giraffa<\/a> (l&#8217;animale terrestre pi\u00f9 alto)<\/span>\n<ul>\n<li><span id=\"gts_text_6\" class=\"gts_text\"><a href=\"\/Fish.html\"><strong>Pesce<\/strong><\/a> &#8211; lo <a href=\"\/Whale-Shark.html\">squalo balena<\/a> (il pi\u00f9 grande), <a href=\"\/Leedsichthys.html\">Leedsichthys<\/a> (il pi\u00f9 grande mai esistito)<\/span>\n<ul>\n<li><span id=\"gts_text_7\" class=\"gts_text\"><a href=\"\/Cartilaginous-Fish.html\"><strong>Pesce cartilaginoso<\/strong><\/a> &#8211; lo <a href=\"\/Whale-Shark.html\">squalo balena<\/a> (il pi\u00f9 grande), <a href=\"\/Megalodon-Shark.html\">lo squalo di Megalodon<\/a> (il pi\u00f9 grande mai esistito)<\/span>\n<ul>\n<li><span id=\"gts_text_8\" class=\"gts_text\"><a href=\"\/Sharks.html\"><strong>Squali<\/strong><\/a> &#8211; lo <a href=\"\/Whale-Shark.html\">squalo balena<\/a> (il pi\u00f9 grande), <a href=\"\/Megalodon-Shark.html\">lo squalo di Megalodon<\/a> (il pi\u00f9 grande mai esistito)<\/span><\/li>\n<\/ul>\n<\/li>\n<\/ul>\n<\/li>\n<li><span id=\"gts_text_9\" class=\"gts_text\"><a class=\" gts_attribute gts_attribute_1_title\" title=\"Anfibio\" href=\"http:\/\/www.big-animals.com\/amphibian\/\"><strong>Anfibi<\/strong><\/a> &#8211; la <a class=\" gts_attribute gts_attribute_2_title\" title=\"Salamandra gigante cinese\" href=\"http:\/\/www.big-animals.com\/chinese-giant-salamander\/\">salamandra gigante cinese<\/a> (la pi\u00f9 grande)<\/span>\n<ul>\n<li><span id=\"gts_text_10\" class=\"gts_text\"><a class=\" gts_attribute gts_attribute_3_title\" title=\"Caecilian\" href=\"http:\/\/www.big-animals.com\/caecilian\/\"><strong>Caecilia<\/strong><\/a> &#8211; <a class=\" gts_attribute gts_attribute_4_title\" title=\"Caecilian Thompsoni\" href=\"http:\/\/www.big-animals.com\/caecilian-thompsoni\/\"><em>Caecilian Thompsoni<\/em><\/a> (il pi\u00f9 grande)<\/span><\/li>\n<li><span id=\"gts_text_11\" class=\"gts_text\"><a class=\" gts_attribute gts_attribute_5_title\" title=\"Rana\" href=\"http:\/\/www.big-animals.com\/frog\/\"><strong>Rane<\/strong><\/a> &#8211; la <a class=\" gts_attribute gts_attribute_6_title\" title=\"Rana di Golia\" href=\"http:\/\/www.big-animals.com\/goliath-frog\/\">rana di Golia<\/a> (la pi\u00f9 grande)<\/span><\/li>\n<li><span id=\"gts_text_12\" class=\"gts_text\"><a class=\" gts_attribute gts_attribute_7_title\" title=\"Salamandre\" href=\"http:\/\/www.big-animals.com\/salamanders\/\"><strong>Salamandre<\/strong><\/a> &#8211; la <a class=\" gts_attribute gts_attribute_8_title\" title=\"Salamandra gigante cinese\" href=\"http:\/\/www.big-animals.com\/chinese-giant-salamander\/\">salamandra gigante cinese<\/a> (la pi\u00f9 grande)<\/span><\/li>\n<\/ul>\n<\/li>\n<li><span id=\"gts_text_13\" class=\"gts_text\"><a href=\"http:\/\/www.big-animals.com\/the-worlds-biggest-reptiles\/\"><strong>Rettili<\/strong><\/a> &#8211; il <a href=\"http:\/\/www.big-animals.com\/the-saltwater-crocodile-the-words-biggest-reptile\/\">coccodrillo dell&#8217;acqua salata<\/a> (il pi\u00f9 grande), il <a href=\"..\/the-reticulated-python\/\">pitone reticolare<\/a> (il pi\u00f9 lungo)<\/span>\n<ul>\n<li><span id=\"gts_text_14\" class=\"gts_text\"><a class=\" gts_attribute gts_attribute_9_title\" title=\"Crocodilians\" href=\"http:\/\/www.big-animals.com\/crocodilians\/\"><strong>Crocodilians<\/strong><\/a> &#8211; il <a href=\"http:\/\/www.big-animals.com\/the-saltwater-crocodile-the-words-biggest-reptile\/\">coccodrillo dell&#8217;acqua salata<\/a> (il pi\u00f9 grande)<\/span><\/li>\n<li><span id=\"gts_text_15\" class=\"gts_text\"><a class=\" gts_attribute gts_attribute_10_title\" title=\"Lucertole\" href=\"http:\/\/www.big-animals.com\/lizards\/\"><strong>Lucertole<\/strong><\/a> &#8211; <a class=\" gts_attribute gts_attribute_11_title\" title=\"Drago di Komodo\" href=\"http:\/\/www.big-animals.com\/komodo-dragon\/\">drago di Komodo<\/a> (il pi\u00f9 grande), <a class=\" gts_attribute gts_attribute_12_title\" title=\"Tylosaurus\" href=\"http:\/\/www.big-animals.com\/tylosaurus\/\">Tylosaurus<\/a> (il pi\u00f9 grande mai esistito), <a class=\" gts_attribute gts_attribute_13_title\" title=\"Megalania\" href=\"http:\/\/www.big-animals.com\/megalania\/\">Megalania<\/a> (l&#8217;animale terrestre pi\u00f9 grande)<\/span><\/li>\n<li><span id=\"gts_text_16\" class=\"gts_text\"><a href=\"http:\/\/www.big-animals.com\/snakes\/\"><strong>Serpenti<\/strong><\/a> &#8211; il <a href=\"http:\/\/www.big-animals.com\/titanoboa-the-biggest-ever-snake\/\">Titanoboa<\/a> (il pi\u00f9 grande mai esistito), il <a href=\"http:\/\/www.big-animals.com\/the-reticulated-python\/\">pitone reticolare<\/a> (il pi\u00f9 lungo), l&#8217;<a href=\"http:\/\/www.big-animals.com\/green-anaconda\/\">anaconda verde<\/a> (la pi\u00f9 pensante), il <a class=\" gts_attribute gts_attribute_14_title\" title=\"Il re cobra\" href=\"http:\/\/www.big-animals.com\/the-king-cobra\/\">re cobra<\/a> (il pi\u00f9 velenoso)<\/span><\/li>\n<li><span id=\"gts_text_17\" class=\"gts_text\"><a href=\"http:\/\/www.big-animals.com\/tuatara\/\"><strong>Tuataras<\/strong><\/a> &#8211; lo <a href=\"http:\/\/www.big-animals.com\/tuatara\/\">Lo stretto Tuatara del cuoco<\/a> (il pi\u00f9 grande)<\/span><\/li>\n<li><span id=\"gts_text_18\" class=\"gts_text\"><a href=\"http:\/\/www.big-animals.com\/turtles-and-tortoises\/\"><strong>Tartarughe e tartarughe<\/strong><\/a> &#8211; la <a href=\"http:\/\/www.big-animals.com\/leatherback-sea-turtle\/\">tartaruga di mare del Leatherback<\/a> (la pi\u00f9 grande), la <a href=\"http:\/\/www.big-animals.com\/galapagos-tortoise\/\">tartaruga di Gal\u00e1pagos<\/a> ( la tartaruga\u00a0pi\u00f9 grande)<\/span><\/li>\n<\/ul>\n<\/li>\n<li><span id=\"gts_text_19\" class=\"gts_text\"><a href=\"\/Birds.html\"><strong>Uccelli<\/strong><\/a> &#8211; <a href=\"\/Ostrich.html\">struzzo<\/a> (il pi\u00f9 grande mai esistito), <a href=\"\/Wandering-Albatross.html\">albatro urlatore<\/a>\u00a0(maggior apertura alare), <a class=\" gts_attribute gts_attribute_15_title\" title=\"Uccello di elefante\" href=\"http:\/\/www.big-animals.com\/elephant-bird-2\/\">l&#8217;uccello elefante<\/a> (il pi\u00f9 pesante mai esistito), <a href=\"\/Giant-Moa.html\">Moa gigante<\/a> (il pi\u00f9 alto mai esistito), otarda di Kori (maggior apertura alare)<\/span>\n<ul>\n<li><span id=\"gts_text_20\" class=\"gts_text\"><a class=\" gts_attribute gts_attribute_16_title\" title=\"Fenicotteri\" href=\"http:\/\/www.big-animals.com\/flamingos\/\"><strong>Fenicotteri<\/strong><\/a> &#8211; <a class=\" gts_attribute gts_attribute_17_title\" title=\"Fenicottero\" href=\"http:\/\/www.big-animals.com\/greater-flamingo\/\">fenicottero rosa<\/a> (il pi\u00f9 grande ed il pi\u00f9 alto)<\/span><\/li>\n<li><span id=\"gts_text_21\" class=\"gts_text\"><a class=\" gts_attribute gts_attribute_18_title\" title=\"Galliformes\" href=\"http:\/\/www.big-animals.com\/galliformes\/\"><strong>Galliformes<\/strong><\/a> &#8211; <a class=\" gts_attribute gts_attribute_19_title\" title=\"La Turchia selvaggia nordamericana\" href=\"http:\/\/www.big-animals.com\/north-american-wild-turkey\/\">Tacchino selvatico nordamericana<\/a> (il pi\u00f9 grande), <a class=\" gts_attribute gts_attribute_20_title\" title=\"Pavone verde\" href=\"http:\/\/www.big-animals.com\/green-peafowl\/\">pavone verde<\/a> (maggior apertura alare)<\/span><\/li>\n<li><span id=\"gts_text_22\" class=\"gts_text\"><a class=\" gts_attribute gts_attribute_21_title\" title=\"Gufi\" href=\"http:\/\/www.big-animals.com\/owls\/\"><strong>Gufi<\/strong><\/a> &#8211; <a class=\" gts_attribute gts_attribute_22_title\" title=\"Gufo reale euroasiatico\" href=\"http:\/\/www.big-animals.com\/eurasian-eagle-owl\/\">gufo reale euroasiatico<\/a> (pi\u00f9 grande), <a class=\" gts_attribute gts_attribute_23_title\" title=\"Gufo gigante cubano\" href=\"http:\/\/www.big-animals.com\/cuban-giant-owl\/\">gufo gigante cubano<\/a> (il pi\u00f9 grande)<\/span><\/li>\n<li><span id=\"gts_text_23\" class=\"gts_text\"><a class=\" gts_attribute gts_attribute_24_title\" title=\"Pappagalli\" href=\"http:\/\/www.big-animals.com\/parrots\/\"><strong>Pappagalli<\/strong><\/a> &#8211; <a class=\" gts_attribute gts_attribute_25_title\" title=\"Ara del giacinto\" href=\"http:\/\/www.big-animals.com\/hyacinth-macaw\/\">ara del giacinto<\/a> (il pi\u00f9 grande migratore), <a class=\" gts_attribute gts_attribute_26_title\" title=\"Kakapo\" href=\"http:\/\/www.big-animals.com\/kakapo\/\">Kakapo<\/a> (pi\u00f9 grande)<\/span><\/li>\n<li><span id=\"gts_text_24\" class=\"gts_text\"><a class=\" gts_attribute gts_attribute_27_title\" title=\"Pinguini\" href=\"..\/penguins\/\"><strong>Pinguini<\/strong><\/a> &#8211; <a class=\" gts_attribute gts_attribute_28_title\" title=\"Pinguino di imperatore\" href=\"..\/emperor-penguin\/\">pinguino di imperatore<\/a> (pi\u00f9 grande), <a class=\" gts_attribute gts_attribute_29_title\" title=\"Anthropornis\" href=\"..\/anthropornis\/\"><em>Anthropornis<\/em><\/a> (il pi\u00f9 grande)<\/span><\/li>\n<li><span id=\"gts_text_25\" class=\"gts_text\"><a class=\" gts_attribute gts_attribute_30_title\" title=\"Columbidae\" href=\"http:\/\/www.big-animals.com\/columbidae\/\"><strong>Piccioni e colombe<\/strong><\/a> &#8211; <a class=\" gts_attribute gts_attribute_31_title\" title=\"Piccione imperiale di Marquesan\" href=\"http:\/\/www.big-animals.com\/marquesan-imperial-pigeon\/\">piccione imperiale di Marquesan<\/a> (pi\u00f9 grande), <a class=\" gts_attribute gts_attribute_32_title\" title=\"Piccioni incoronati\" href=\"http:\/\/www.big-animals.com\/crowned-pigeons\/\">piccione incoronato<\/a> (il pi\u00f9 grande\u00a0che vive sugli alberi), <a class=\" gts_attribute gts_attribute_33_title\" title=\"Dodo\" href=\"http:\/\/www.big-animals.com\/dodo\/\">dodo<\/a> (il pi\u00f9 grande)<\/span><\/li>\n<li><span id=\"gts_text_26\" class=\"gts_text\"><a class=\" gts_attribute gts_attribute_34_title\" title=\"Struzioniformi\" href=\"http:\/\/www.big-animals.com\/ratites\/\"><strong>Struzioniformi<\/strong><\/a> &#8211; <a class=\" gts_attribute gts_attribute_35_title\" title=\"Lo struzzo - il pi\u00f9 grande uccello del mondo!\" href=\"http:\/\/www.big-animals.com\/the-ostrich-the-worlds-biggest-bird\/\">Struzzo<\/a>\u00a0(pi\u00f9 grande) <a class=\" gts_attribute gts_attribute_36_title\" title=\"Uccello di elefante\" href=\"http:\/\/www.big-animals.com\/elephant-bird-2\/\">uccello elefante <\/a>\u00a0(il pi\u00f9 pesante mai estistito), <a class=\" gts_attribute gts_attribute_37_title\" title=\"Il Moa gigante - l'uccello pi\u00f9 alto l\u00e0 era mai!\" href=\"http:\/\/www.big-animals.com\/the-giant-moa-the-tallest-bird-there-ever-was\/\">Moa gigante<\/a> (il pi\u00f9 alto mai esistito)<\/span><\/li>\n<li><span id=\"gts_text_27\" class=\"gts_text\"><a class=\" gts_attribute gts_attribute_38_title\" title=\"Trampolieri\" href=\"..\/waders\/\"><strong>Trampolieri (Shorebirds)<\/strong><\/a> &#8211;\u00a0<a class=\" gts_attribute gts_attribute_40_title\" title=\"Chiurlo di pietra della spiaggia\" href=\"..\/beach-stone-curlew\/\">Chiurlo<\/a> <a class=\" gts_attribute gts_attribute_39_title\" title=\"Chiurlo dell'Estremo-Oriente\" href=\"..\/far-eastern-curlew\/\">Orientale<\/a>\u00a0(il pi\u00f9 grande) <a class=\" gts_attribute gts_attribute_39_title\" title=\"Chiurlo dell'Estremo-Oriente\" href=\"..\/far-eastern-curlew\/\">occhione maggiore australiano<\/a>\u00a0(il pi\u00f9 pesante)<\/span><\/li>\n<li><span id=\"gts_text_28\" class=\"gts_text\"><a class=\" gts_attribute gts_attribute_41_title\" title=\"Uccelli acquatici\" href=\"http:\/\/www.big-animals.com\/waterfowl\/\"><strong>Uccelli acquatici<\/strong><\/a> &#8211; <a class=\" gts_attribute gts_attribute_42_title\" title=\"Cigno di trombettista\" href=\"http:\/\/www.big-animals.com\/trumpeter-swan\/\">cigno trombettista<\/a> (il pi\u00f9 grande)<\/span><\/li>\n<\/ul>\n<\/li>\n<li><span id=\"gts_text_29\" class=\"gts_text\"><a href=\"\/Mammals.html\"><strong>Mammiferi<\/strong><\/a> &#8211; <a href=\"\/Blue-Whale.html\">balena blu<\/a> (il pi\u00f9 grande animale mai esistito), <a href=\"\/African-Bush-Elephant.html\">elefante africano<\/a> (l&#8217;animale terrestre pi\u00f9 pensante), <a href=\"\/Giraffe.html\">giraffa<\/a> (l&#8217;animale terrestre pi\u00f9 alto)<\/span>\n<ul>\n<li><span id=\"gts_text_30\" class=\"gts_text\"><strong>Placentals<\/strong> &#8211; <a href=\"\/Blue-Whale.html\">balena blu<\/a> (il pi\u00f9 grande animale mai esistito), <a href=\"\/African-Bush-Elephant.html\">elefante africano<\/a> (l&#8217;animale terrestre pi\u00f9 pensante), <a href=\"\/Giraffe.html\">giraffa<\/a> (l&#8217;animale terrestre pi\u00f9 alto)<\/span>\n<ul>\n<li><span id=\"gts_text_31\" class=\"gts_text\"><a class=\" gts_attribute gts_attribute_43_title\" title=\"Pipistrelli\" href=\"http:\/\/www.big-animals.com\/bats\/\"><strong>Pipistrelli<\/strong><\/a> &#8211; <a class=\" gts_attribute gts_attribute_44_title\" title=\"Fox di volo Dorato-Incoronato gigante\" href=\"http:\/\/www.big-animals.com\/giant-golden-crowned-flying-fox\/\">Volpe volante dal capo dorato<\/a>\u00a0(il pi\u00f9 grande)<\/span><\/li>\n<li><span id=\"gts_text_32\" class=\"gts_text\"><strong><a class=\" gts_attribute gts_attribute_45_title\" title=\"Carnivoro\" href=\"http:\/\/www.big-animals.com\/carnivora\/\">Carnivori<\/a><\/strong>\u00a0&#8211; <a class=\" gts_attribute gts_attribute_46_title\" title=\"Guarnizione di elefante del sud\" href=\"http:\/\/www.big-animals.com\/southern-elephant-seal\/\">elefante marino del sud<\/a>\u00a0(il pi\u00f9 grande), <a class=\" gts_attribute gts_attribute_47_title\" title=\"Orso polare\" href=\"http:\/\/www.big-animals.com\/polar-bear\/\">orso polare<\/a> (il pi\u00f9 grande carnivoro terrestre)<\/span><\/li>\n<li><span id=\"gts_text_33\" class=\"gts_text\"><a class=\" gts_attribute gts_attribute_48_title\" title=\"Cetacei\" href=\"http:\/\/www.big-animals.com\/cetaceans\/\"><strong>Cetacei<\/strong><\/a> &#8211; <a class=\" gts_attribute gts_attribute_49_title\" title=\"La balena blu - il pi\u00f9 grande animale l\u00e0 era mai!\" href=\"http:\/\/www.big-animals.com\/the-blue-whale-the-biggest-animal-there-ever-was\/\">balena blu<\/a> (il pi\u00f9 grande animale mai esistito)<\/span><\/li>\n<li><span id=\"gts_text_34\" class=\"gts_text\"><a class=\" gts_attribute gts_attribute_50_title\" title=\"ungulati Uguale-piantati\" href=\"http:\/\/www.big-animals.com\/even-toed-ungulate\/\"><strong>Artiodattili<\/strong><\/a> &#8211; <a class=\" gts_attribute gts_attribute_51_title\" title=\"Ippopotamo\" href=\"http:\/\/www.big-animals.com\/hippopotamus\/\">ippopotamo<\/a> (il pi\u00f9 grande), <a class=\" gts_attribute gts_attribute_52_title\" title=\"La giraffa - l'animale pi\u00f9 alto del mondo!\" href=\"http:\/\/www.big-animals.com\/the-giraffe-the-worlds-tallest-animal\/\">giraffa<\/a> ( lapi\u00f9 alta)<\/span><\/li>\n<li><span id=\"gts_text_35\" class=\"gts_text\"><a class=\" gts_attribute gts_attribute_53_title\" title=\"Perissodattili\" href=\"http:\/\/www.big-animals.com\/odd-toed-ungulates\/\"><strong>Perissodattili<\/strong><\/a> &#8211; <a class=\" gts_attribute gts_attribute_54_title\" title=\"Rinoceronte bianco\" href=\"http:\/\/www.big-animals.com\/white-rhinoceros\/\">rinoceronte bianco<\/a> (il pi\u00f9 grande)<\/span><\/li>\n<li><span id=\"gts_text_36\" class=\"gts_text\"><a class=\" gts_attribute gts_attribute_55_title\" title=\"Primati\" href=\"..\/primates\/\"><strong>Primati<\/strong><\/a> &#8211; <a class=\" gts_attribute gts_attribute_56_title\" title=\"Gorilla di montagna\" href=\"..\/mountain-gorilla\/\">gorilla di montagna<\/a> (il pi\u00f9 grande), <a class=\" gts_attribute gts_attribute_57_title\" title=\"Gigantopithecus\" href=\"..\/gigantopithecus\/\">Gigantopithecus<\/a> (il pi\u00f9 grande mai esistito)<\/span><\/li>\n<li><span id=\"gts_text_37\" class=\"gts_text\"><a class=\" gts_attribute gts_attribute_58_title\" title=\"Proboscidea\" href=\"http:\/\/www.big-animals.com\/proboscidea\/\"><strong>Proboscidea<\/strong><\/a> &#8211; <a class=\" gts_attribute gts_attribute_59_title\" title=\"Elefante di Bush dell'Africano - il pi\u00f9 grande animale di terra del mondo!\" href=\"http:\/\/www.big-animals.com\/the-african-bush-elephant-the-worlds-biggest-land-animal\/\">elefante africano<\/a>\u00a0(il pi\u00f9 grande)<\/span><\/li>\n<li><span id=\"gts_text_38\" class=\"gts_text\"><a class=\" gts_attribute gts_attribute_60_title\" title=\"Roditori\" href=\"http:\/\/www.big-animals.com\/rodents\/\"><strong>Roditori<\/strong><\/a> &#8211; <a class=\" gts_attribute gts_attribute_61_title\" title=\"Capybara\" href=\"http:\/\/www.big-animals.com\/capybara\/\">Capybara<\/a> (il pi\u00f9 grande), <a class=\" gts_attribute gts_attribute_62_title\" title=\"Josephoartigasia Monesi\" href=\"http:\/\/www.big-animals.com\/josephoartigasia-monesi\/\"><em>Josephoartigasia Monesi<\/em><\/a> (il pi\u00f9 grande mai esistito)<\/span><\/li>\n<\/ul>\n<\/li>\n<li><span id=\"gts_text_39\" class=\"gts_text\"><a href=\"\/Marsupials.html\"><strong>Marsupiali<\/strong><\/a> &#8211; <a href=\"\/Red-Kangaroo.html\">canguro rosso<\/a> (il pi\u00f9 grande), <a href=\"\/Diprotodon.html\">Diprotodon<\/a> (il pi\u00f9 grande mai esistito)<\/span><\/li>\n<li><span id=\"gts_text_40\" class=\"gts_text\"><a class=\" gts_attribute gts_attribute_63_title\" title=\"Monotremate\" href=\"http:\/\/www.big-animals.com\/monotremes\/\"><strong>Monotremate<\/strong><\/a> &#8211; <a class=\" gts_attribute gts_attribute_64_title\" title=\"Echidna con becco lunga occidentale\" href=\"http:\/\/www.big-animals.com\/western-long-beaked-echidna\/\">echidna dal\u00a0becco lunga occidentale<\/a> (la pi\u00f9 grande)<\/span><\/li>\n<\/ul>\n<\/li>\n<\/ul>\n<\/li>\n<\/ul>\n<\/li>\n<li><span id=\"gts_text_41\" class=\"gts_text\"><strong><a href=\"\/Echinoderms.html\">Echinodermi<\/a><\/strong> &#8211; stella marine di Catala ( la pi\u00f9 pesanti), o <a href=\"\/Midgardia-Xandaros.html\">Midgardia Xandaros<\/a> (arti pi\u00f9 lunghi)<\/span><\/li>\n<li><span id=\"gts_text_42\" class=\"gts_text\"><strong><a href=\"\/Arthropods.html\">Artropodi<\/a><\/strong> &#8211; <a href=\"\/Japanese-Spider-Crab.html\">granceola giapponese<\/a> ( la pi\u00f9 grande), <a href=\"\/American-Lobster.html\">astice americano<\/a> (il pi\u00f9 pesante), <a href=\"\/Coconut-Crab.html\">granchio del cocco<\/a> (il pi\u00f9 grande terrestre)<\/span>\n<ul>\n<li><span id=\"gts_text_43\" class=\"gts_text\"><strong><a href=\"\/Crustaceans.html\">Crostacei<\/a><\/strong> &#8211; <a href=\"\/Japanese-Spider-Crab.html\">granceola giapponese<\/a> (la pi\u00f9 grande), <a href=\"\/American-Lobster.html\">astice americano<\/a> (il pi\u00f9 pesante), <a href=\"\/Coconut-Crab.html\">granchio del cocco<\/a> (il pi\u00f9 grande terrestre)<\/span><\/li>\n<li><span id=\"gts_text_44\" class=\"gts_text\"><strong>Chelicerates<\/strong><\/span>\n<ul>\n<li><span id=\"gts_text_45\" class=\"gts_text\"><strong>Aracnidi<\/strong><\/span>\n<ul>\n<li><span id=\"gts_text_46\" class=\"gts_text\"><strong>Ragni<\/strong> &#8211; <a href=\"\/Goliath-Bird-Eating-Spider.html\">tarantola golia<\/a> (la pi\u00f9 grande)<\/span><\/li>\n<\/ul>\n<\/li>\n<\/ul>\n<\/li>\n<li><span id=\"gts_text_47\" class=\"gts_text\"><strong><a href=\"\/Insects.html\">Insetti<\/a><\/strong> &#8211; <a href=\"\/Goliath-Beetle.html\">scarabeo golia<\/a> (il pi\u00f9 pesante), <a href=\"\/Wetapunga.html\"><em>deinacrida heteracantha<\/em> (o Wetapunga)<\/a> (il pi\u00f9 pesante da\u00a0adulto),\u00a0<a href=\"\/Goliath-Beetle.html\">farfalla cobra<\/a>\u00a0(ali pi\u00f9 grandi)\u00a0<\/span><\/li>\n<\/ul>\n<\/li>\n<li><span id=\"gts_text_48\" class=\"gts_text\"><a href=\"\/Mollusks.html\"><strong>Molluschi<\/strong><\/a> &#8211; <a class=\" gts_attribute gts_attribute_65_title\" title=\"Calamaro colossale\" href=\"http:\/\/www.big-animals.com\/colossal-squid\/\">calamaro colossale<\/a> (il pi\u00f9 grande)<\/span><\/li>\n<li><span id=\"gts_text_49\" class=\"gts_text\"><a href=\"\/Placozoans.html\"><strong>Placozoans<\/strong><\/a> &#8211; <a href=\"\/Trichoplax.html\">Trichoplax Adhaerens<\/a> (unico e pi\u00f9 grande esemplare)<\/span><\/li>\n<li><span id=\"gts_text_50\" class=\"gts_text\"><a href=\"\/Velvet-Worms.html\"><strong>Vermi di velluto (Onychophora)<\/strong><\/a> &#8211; <a href=\"\/Giant-Velvet-Worm.html\">specie senza il nome<\/a> (finora il pi\u00f9 grande)<\/span><\/li>\n<\/ul>\n","protected":false},"excerpt":{"rendered":"<p>Qui sotto potete trovate la lista di tutti gli animali presenti nel sito divisi per tipo.\u00a0Cliccando sul link potrete\u00a0saperne di pi\u00f9 sull&#8217;animale pi\u00f9 pesante, pi\u00f9 grosso, pi\u00f9 grande, pi\u00f9 alto, pi\u00f9 lungo\u2026 Animali &#8211; la balena blu (il pi\u00f9 grande animale mai esistito), elefante Africano delle foreste (l&#8217;animale terreste pi\u00f9 pesante), giraffa (l&#8217;animale terrestre pi\u00f9 &hellip; <a href=\"https:\/\/www.big-animals.com\/it\/lista-dei-piu-grandi-animali-del-mondo-classificati-per-tipo\/\" class=\"more-link\">Continue reading <span class=\"screen-reader-text\">Lista dei pi\u00f9 grandi animali del mondo, classificati per tipo<\/span><\/a><\/p>\n","protected":false},"author":1,"featured_media":0,"parent":0,"menu_order":0,"comment_status":"closed","ping_status":"open","template":"","meta":{"_acf_changed":false,"footnotes":""},"acf":[],"_links":{"self":[{"href":"https:\/\/www.big-animals.com\/it\/wp-json\/wp\/v2\/pages\/4"}],"collection":[{"href":"https:\/\/www.big-animals.com\/it\/wp-json\/wp\/v2\/pages"}],"about":[{"href":"https:\/\/www.big-animals.com\/it\/wp-json\/wp\/v2\/types\/page"}],"author":[{"embeddable":true,"href":"https:\/\/www.big-animals.com\/it\/wp-json\/wp\/v2\/users\/1"}],"replies":[{"embeddable":true,"href":"https:\/\/www.big-animals.com\/it\/wp-json\/wp\/v2\/comments?post=4"}],"version-history":[{"count":6,"href":"https:\/\/www.big-animals.com\/it\/wp-json\/wp\/v2\/pages\/4\/revisions"}],"predecessor-version":[{"id":688,"href":"https:\/\/www.big-animals.com\/it\/wp-json\/wp\/v2\/pages\/4\/revisions\/688"}],"wp:attachment":[{"href":"https:\/\/www.big-animals.com\/it\/wp-json\/wp\/v2\/media?parent=4"}],"curies":[{"name":"wp","href":"https:\/\/api.w.org\/{rel}","templated":true}]}}