{"id":40,"date":"2013-07-12T15:23:59","date_gmt":"2013-07-12T15:23:59","guid":{"rendered":""},"modified":"2014-01-31T16:35:36","modified_gmt":"2014-01-31T16:35:36","slug":"anaconda-verde","status":"publish","type":"page","link":"https:\/\/www.big-animals.com\/it\/anaconda-verde\/","title":{"rendered":"Anaconda verde"},"content":{"rendered":"<p><span class=\"gts_text\" id=\"gts_text_1\">L&#8217;<strong>anaconda verde<\/strong> \u00e8 \u00a0il <a title=\"Serpenti\" href=\"http:\/\/www.big-animals.com\/it\/serpenti\/\">serpente pi\u00f9 pesante <\/a>\u00a0al\u00a0mondo. \u00a0Essa<\/span>\u00a0v<span class=\"gts_text\" id=\"gts_text_2\">ive nel Sud America ed \u00e8 uno<\/span><span class=\"gts_text\" id=\"gts_text_3\">\u00a0tra i pi\u00f9 grandi serpenti esistenti\u00a0<\/span>e non \u00e8 velenoso.<span class=\"gts_text\">\u00a0<\/span><span class=\"gts_text\" id=\"gts_text_4\">Sebbene sia il <a title=\"Il pitone reticolare\" href=\"http:\/\/www.big-animals.com\/it\/reticolare-pitone\/\">pitone reticolare<\/a>\u00a0il serpente pi\u00f9 lungo al mondo, pi\u00f9 di 8,7 metri di lunghezza, esso non raggiunge mai il peso dell&#8217;anaconda verde.\u00a0<\/span><span class=\"gts_text\" id=\"gts_text_5\">Quest&#8217;ultima pu\u00f2 raggiungere una lunghezza superiore ai 5 metri, arrivare a \u00a0pesare pi\u00f9 di 227 chilogrammi e misurare pi\u00f9 di 30 centimetri di diametro.<\/span> <span class=\"gts_text\" id=\"gts_text_6\">L&#8217;anaconda verde pi\u00f9 lunga e pi\u00f9 pesante mai registrata dagli scienziati \u00e8 un esemplare femmina di 5,21 metri di lunghezza e di soli 97,5 chilogrammi.<\/span> <span class=\"gts_text\">Questo serpente ha la pelle color verde oliva\u00a0<\/span>interamente ricoperta da un\u00a0<span class=\"gts_text\">mosaico di macchie nere che\u00a0<\/span><span class=\"gts_text\" id=\"gts_text_8\">l&#8217;aiutano a mimetizzarsi perfettamente nelle fitte foreste.<\/span> <span class=\"gts_text\" id=\"gts_text_9\">La tes<\/span><span class=\"gts_text\">ta \u00e8 piccola rispetto alle dimensioni del corpo e<\/span><span class=\"gts_text\" id=\"gts_text_10\">\u00a0gli occhi e \u00a0le narici sono situati nella parte alta del capo: caratteristica che gli<\/span><span class=\"gts_text\" id=\"gts_text_11\">\u00a0permette di vedere fuori dall&#8217;acqua restando completamente sommerso per attaccare la sua preda.<\/span><\/p>\n<figure id=\"attachment_480\" aria-describedby=\"caption-attachment-480\" style=\"width: 300px\" class=\"wp-caption alignleft\"><a href=\"http:\/\/www.big-animals.com\/wp-content\/uploads\/2011\/02\/Green_Anaconda.png\"><img loading=\"lazy\" decoding=\"async\" class=\"size-medium wp-image-480  \" title=\"Soldati brasiliani che afferrano un'anaconda verde\" alt=\"Soldati brasiliani che afferrano un'anaconda verde.\" src=\"http:\/\/www.big-animals.com\/wp-content\/uploads\/2011\/02\/Green_Anaconda-300x225.png\" width=\"300\" height=\"225\" \/><\/a><figcaption id=\"caption-attachment-480\" class=\"wp-caption-text\">Soldati brasiliani che afferrano un&#8217;anaconda verde.<\/figcaption><\/figure>\n<p><span class=\"gts_text\" id=\"gts_text_12\">L&#8217; anaconda verde vive in Sud America, nei paesi ad est delle Ande: Colombia,Venezuela, Ecuador, Per\u00f9, Bolivia, Brasile e l&#8217;isola della Trinidad. Lo stato pi\u00f9 a sud in cui la si pu\u00f2 trovare \u00e8 la parte settentrionale del Paraguay.<\/span> <span class=\"gts_text\" id=\"gts_text_13\">Il suo habitat \u00e8 costituito da paludi, terreni che vengono sommersi quando piove e caratterizzati da correnti lente. La troviamo<\/span><span class=\"gts_text\" id=\"gts_text_14\">\u00a0nella maggior parte delle foreste pluviali tropicali dell&#8217;Amazzonia.<\/span> <span class=\"gts_text\" id=\"gts_text_15\">Pur essendo lenta ed impacciata sulla \u00a0terra, nell&#8217;acqua \u00e8 estremamente veloce,\u00a0<\/span>e<span class=\"gts_text\" id=\"gts_text_16\">cco perch\u00e9 quest&#8217;anaconda <\/span><span class=\"gts_text\" id=\"gts_text_16\">(attiva di notte) preferisce vivere in acqua o nelle sue vicinanze, da qui l&#8217;appellativo di<\/span><span class=\"gts_text\" id=\"gts_text_17\">\u00a0\u00a0<em><strong>Water Boa (il Boa dell&#8217;acqua)<\/strong>,\u00a0<\/em>infatti in questo elemento p<\/span><span class=\"gts_text\" id=\"gts_text_18\">assa pi\u00f9 \u00a0tempo di qualunque altro boa.<\/span> <span class=\"gts_text\" id=\"gts_text_19\">Solitamente galleggia sulla superficie con il muso che emerge appena.<\/span> <span class=\"gts_text\" id=\"gts_text_20\">Non vuole certo che il suo pranzo la veda!<\/span> <span class=\"gts_text\" id=\"gts_text_21\">Quando il suo pasto si avvicina per bere, l&#8217;anaconda affamata afferra improvvisamente l&#8217;animale con le mascelle, poi<\/span><span class=\"gts_text\" id=\"gts_text_22\">\u00a0si avvolge stretta intorno ad esso con il corpo massiccio.<\/span> <span class=\"gts_text\" id=\"gts_text_23\">Quando la preda smette di respirare il serpente inghiottisce il suo pranzo intero.<\/span> <span class=\"gts_text\" id=\"gts_text_24\">Le sue mascelle sono tenute insieme da legamenti elastici che permettono alla bocca di aprirsi maggiormente rispetto alle dimensioni della sua testa.<\/span> <span class=\"gts_text\" id=\"gts_text_25\">Ha un apparato digerente molto lento,<\/span>\u00a0questo significa che d<span class=\"gts_text\" id=\"gts_text_26\">opo avere inghiottito un animale, la sua digestione pu\u00f2 richiedere diverse settimane.<\/span> <span class=\"gts_text\" id=\"gts_text_27\">Normalmente, dopo un grande pasto, l&#8217;anaconda rimane a digiuno per<\/span><span class=\"gts_text\" id=\"gts_text_28\">\u00a0parecchie settimane e a volte per alcuni mesi.<\/span> <span class=\"gts_text\" id=\"gts_text_29\">Questi serpenti mangiano diversi tipi di animali quali: pesci, ratti, tartarughe e altri animali a sangue freddo.<\/span> <span class=\"gts_text\" id=\"gts_text_30\">Un esemplare di grandi dimensioni manger\u00e0 prede pi\u00f9 grandi come tapiri, cervi, capibara e caimani.<\/span> <span class=\"gts_text\" id=\"gts_text_31\">Sono stati osservati casi in cui delle \u00a0anaconde verdi femmina di dimensioni enormi<\/span><span class=\"gts_text\">\u00a0hanno divorato delle piccole anaconde verdi di sesso maschile. N<\/span><span class=\"gts_text\" id=\"gts_text_32\">on c&#8217;\u00e8 alcuna prova che sostenga la tesi secondo cui \u00a0le anaconde verdi attacchino e mangino gli esseri umani.<\/span><\/p>\n<figure id=\"attachment_479\" aria-describedby=\"caption-attachment-479\" style=\"width: 300px\" class=\"wp-caption alignright\"><a href=\"http:\/\/www.big-animals.com\/wp-content\/uploads\/2011\/02\/Green_Anaconda_And_Human.png\"><img loading=\"lazy\" decoding=\"async\" class=\"size-medium wp-image-479 \" title=\"Anaconda verde ed essere umano\" alt=\"Anaconda verde ed essere umano\" src=\"http:\/\/www.big-animals.com\/wp-content\/uploads\/2011\/02\/Green_Anaconda_And_Human-300x282.png\" width=\"300\" height=\"282\" \/><\/a><figcaption id=\"caption-attachment-479\" class=\"wp-caption-text\">Anaconda verde ed essere umano<\/figcaption><\/figure>\n<p><span class=\"gts_text\" id=\"gts_text_33\">La femmina mantiene le uova all&#8217;interno del proprio corpo finch\u00e9 non sono mature,<\/span>\u00a0<span class=\"gts_text\" id=\"gts_text_34\">a quel punto da alla luce i suoi piccoli. P<\/span><span class=\"gts_text\" id=\"gts_text_35\">ossono nascere tra i \u00a020-40 serpenti contemporaneamente, in alcuni casi arrivano addirittura<\/span><span class=\"gts_text\" id=\"gts_text_36\">\u00a0a 100!<\/span> <span class=\"gts_text\" id=\"gts_text_37\">Potete immaginare 100 piccole anaconde verdi contorcersi su se stesse!?<\/span> <span class=\"gts_text\" id=\"gts_text_38\">Questi piccoli sono lunghi circa 70-80 centimetri alla nascita.<\/span> <span class=\"gts_text\" id=\"gts_text_39\">Appena nati sono gi\u00e0 pronti a cacciare e a nuotare.<\/span> <span class=\"gts_text\" id=\"gts_text_40\">Poich\u00e9 sono gi\u00e0 indipendenti, non ricevono alcuna cura parentale.<\/span> <span class=\"gts_text\" id=\"gts_text_41\">Dopo averli dati alla luce, la madre pu\u00f2 arrivare a perdere la met\u00e0 del suo peso.<\/span>\u00a0I<span class=\"gts_text\" id=\"gts_text_42\">\u00a0piccoli vengono spesso divorati da altri animali.<\/span> <span class=\"gts_text\" id=\"gts_text_43\">Se sopravvivono a questi pericoli, la durata della loro vita \u00e8 di circa 10 anni in libert\u00e0.<\/span> <span class=\"gts_text\" id=\"gts_text_44\">Poich\u00e9 sono animali a sangue freddo, anche piccoli cambiamenti nella temperatura dell&#8217;ambiente possono danneggiare seriamente le anaconde verdi.<\/span> <span class=\"gts_text\" id=\"gts_text_45\">Se la temperatura si innalza, esse fanno tutto il possibile per evitare il surriscaldamento.<\/span> <span class=\"gts_text\" id=\"gts_text_46\">Se la temperatura circostante scende, si sposteranno in aree pi\u00f9 calde per contribuire a mantenere la loro temperatura ideale.<\/span> <span class=\"gts_text\" id=\"gts_text_47\">Oltre a queste strategie, questi serpenti regolano la loro temperatura corporea regolando l&#8217;esposizione al sole.<\/span> <span class=\"gts_text\" id=\"gts_text_48\">Se mettessimo un&#8217;anaconda verde in un cassone uniformemente riscaldato la temperatura dell&#8217;animale si alzerebbe ed esso potrebbe morire per il surriscaldamento.<\/span>\u00a0I<span class=\"gts_text\" id=\"gts_text_49\">l riscaldamento globale cambia i cicli di muta delle anaconde verdi e causa una malattia chiamata la <em>conservazione dei cappucci dell&#8217;occhio <\/em>che<\/span><span class=\"gts_text\" id=\"gts_text_50\">\u00a0pu\u00f2 portare l&#8217;anaconda verde alla cecit\u00e0.<\/span> <span class=\"gts_text\" id=\"gts_text_51\">L&#8217;eccessiva temperatura inoltre le \u00a0rende molto pi\u00f9 aggressive.<\/span> <span class=\"gts_text\" id=\"gts_text_52\">Chi tiene un&#8217;anaconda verde in cattivit\u00e0 dovrebbe usare un normale termosifone e del<\/span><span class=\"gts_text\" id=\"gts_text_52\">le lampadine a luci infrarosse per mantenere una temperatura ottimale nella teca.<\/span>\u00a0L<span class=\"gts_text\" id=\"gts_text_53\">&#8216;animale deve \u00a0inoltre\u00a0essere esposto ai raggi ultravioletti, ci\u00f2 aiuta infatti il serpente a produrre vitamina D di cui ha bisogno per le sue ossa.<\/span><\/p>\n","protected":false},"excerpt":{"rendered":"<p>L&#8217;anaconda verde \u00e8 \u00a0il serpente pi\u00f9 pesante \u00a0al\u00a0mondo. \u00a0Essa\u00a0vive nel Sud America ed \u00e8 uno\u00a0tra i pi\u00f9 grandi serpenti esistenti\u00a0e non \u00e8 velenoso.\u00a0Sebbene sia il pitone reticolare\u00a0il serpente pi\u00f9 lungo al mondo, pi\u00f9 di 8,7 metri di lunghezza, esso non raggiunge mai il peso dell&#8217;anaconda verde.\u00a0Quest&#8217;ultima pu\u00f2 raggiungere una lunghezza superiore ai 5 metri, arrivare &hellip; <a href=\"https:\/\/www.big-animals.com\/it\/anaconda-verde\/\" class=\"more-link\">Continue reading <span class=\"screen-reader-text\">Anaconda verde<\/span><\/a><\/p>\n","protected":false},"author":1,"featured_media":0,"parent":0,"menu_order":0,"comment_status":"closed","ping_status":"open","template":"","meta":{"_acf_changed":false,"footnotes":""},"acf":[],"_links":{"self":[{"href":"https:\/\/www.big-animals.com\/it\/wp-json\/wp\/v2\/pages\/40"}],"collection":[{"href":"https:\/\/www.big-animals.com\/it\/wp-json\/wp\/v2\/pages"}],"about":[{"href":"https:\/\/www.big-animals.com\/it\/wp-json\/wp\/v2\/types\/page"}],"author":[{"embeddable":true,"href":"https:\/\/www.big-animals.com\/it\/wp-json\/wp\/v2\/users\/1"}],"replies":[{"embeddable":true,"href":"https:\/\/www.big-animals.com\/it\/wp-json\/wp\/v2\/comments?post=40"}],"version-history":[{"count":18,"href":"https:\/\/www.big-animals.com\/it\/wp-json\/wp\/v2\/pages\/40\/revisions"}],"predecessor-version":[{"id":638,"href":"https:\/\/www.big-animals.com\/it\/wp-json\/wp\/v2\/pages\/40\/revisions\/638"}],"wp:attachment":[{"href":"https:\/\/www.big-animals.com\/it\/wp-json\/wp\/v2\/media?parent=40"}],"curies":[{"name":"wp","href":"https:\/\/api.w.org\/{rel}","templated":true}]}}