{"id":43,"date":"2011-05-09T09:25:30","date_gmt":"2011-05-09T09:25:30","guid":{"rendered":""},"modified":"2014-09-08T14:57:41","modified_gmt":"2014-09-08T14:57:41","slug":"gorilla_di_montagna","status":"publish","type":"page","link":"https:\/\/www.big-animals.com\/it\/gorilla_di_montagna\/","title":{"rendered":"Gorilla di Montagna"},"content":{"rendered":"<p><span id=\"gts_text_1\" class=\"gts_text\">Il gorilla di montagna \u00e8 il pi\u00f9 grande <a title=\"Primati\" href=\"http:\/\/www.big-animals.com\/primates\/\">primate<\/a>\u00a0al mondo.<\/span> <span id=\"gts_text_2\" class=\"gts_text\">Un gorilla di montagna maschio pu\u00f2 raggiungere\u00a0 1,9 metri d&#8217;altezza.<\/span> <span id=\"gts_text_3\" class=\"gts_text\">L&#8217;apertura delle braccia \u00e8 di circa 2,3 metri e pesa circa 220 kg.<\/span> <span id=\"gts_text_4\" class=\"gts_text\">Un maschio adulto di gorilla di montagna \u00e8 due volte pi\u00f9 grande di un\u00a0gorilla femmina, che<\/span><span id=\"gts_text_5\" class=\"gts_text\">\u00a0pesa circa\u00a098 kg\u00a0ed \u00e8 alto 1,5 metri. Hanno le<\/span><span id=\"gts_text_6\" class=\"gts_text\">\u00a0braccia pi\u00f9 lunghe delle gambe.<\/span><\/p>\n<figure id=\"attachment_677\" aria-describedby=\"caption-attachment-677\" style=\"width: 300px\" class=\"wp-caption alignright\"><a href=\"http:\/\/www.big-animals.com\/wp-content\/uploads\/2011\/03\/Mountain_Gorilla.jpg\"><img loading=\"lazy\" decoding=\"async\" class=\"size-medium wp-image-677\" title=\"Una gorilla di montagna femminile\" src=\"http:\/\/www.big-animals.com\/wp-content\/uploads\/2011\/03\/Mountain_Gorilla-300x297.jpg\" alt=\"Una gorilla di montagna femminile\" width=\"300\" height=\"297\" \/><\/a><figcaption id=\"caption-attachment-677\" class=\"wp-caption-text\">Foto di un Gorilla di Montagna femmina<\/figcaption><\/figure>\n<h3><span id=\"gts_text_7\" class=\"gts_text\">Popolazione dei Gorilla di Montagna<\/span><\/h3>\n<p><span id=\"gts_text_8\" class=\"gts_text\">Il\u00a0gorilla di montagna \u00e8 una delle 2 sottospecie di gorilla orientale.\u00a0Le<\/span><span id=\"gts_text_9\" class=\"gts_text\">\u00a02 popolazioni<\/span>\u00a0s<span id=\"gts_text_10\" class=\"gts_text\">i trovano una nei pressi dei\u00a0Monti\u00a0vulcanici del Virunga, nell&#8217;Africa Centrale, e l<\/span><span id=\"gts_text_11\" class=\"gts_text\">&#8216;altra nell&#8217;impenetrabile Parco Nazionale \u00a0di Bwindi, in Uganda. Nel<\/span><span id=\"gts_text_12\" class=\"gts_text\">\u00a02010, se ne contavano circa\u00a0790 esemplari.<\/span> E&#8217; considerata\u00a0una specie ad alto rischio di estinzione<span id=\"gts_text_13\" class=\"gts_text\">.<\/span><\/p>\n<h3><span id=\"gts_text_14\" class=\"gts_text\">Habitat del Gorilla di Montagna<\/span><\/h3>\n<p><span id=\"gts_text_15\" class=\"gts_text\">I gorilla di montagna hanno la pelliccia pi\u00f9 lunga e folta\u00a0degli altri gorilla perch\u00e9 vivono nella foresta pluviale e di bamboo, ad elevate altitudini (2500-4000m), dove\u00a0\u00a0la temperatura media\u00a0varia tra\u00a0gli\u00a08\u00b0C e i\u00a0 20\u00b0C .<\/span><\/p>\n<h3><span id=\"gts_text_16\" class=\"gts_text\">Caratteristiche\u00a0interessanti sul Gorilla di Montagna<\/span><\/h3>\n<p><span id=\"gts_text_17\" class=\"gts_text\">Le narici\u00a0di ciascun\u00a0gorilla di montagna sono uniche.<\/span> <span id=\"gts_text_18\" class=\"gts_text\">I maschi adulti hanno sul cranio due creste ossee pi\u00f9 pronunciate: una superiore e una sulla nuca.<\/span> <span id=\"gts_text_19\" class=\"gts_text\">Ci\u00f2 d\u00e0 alle loro teste una forma conica.<\/span> Anche le<span id=\"gts_text_20\" class=\"gts_text\"> femmine adulte\u00a0 hanno queste creste, ma non sono cos\u00ec evidenti.<\/span> Inoltre h<span id=\"gts_text_21\" class=\"gts_text\">anno anche le mascelle e i denti pi\u00f9 lunghi.<\/span>\u00a0Ai<span id=\"gts_text_22\" class=\"gts_text\"> maschi adulti\u00a0cresce una chiazza di\u00a0peli argentei sulla\u00a0schiena\u00a0e\u00a0nella regione lombare, per questo vengono<\/span><span id=\"gts_text_23\" class=\"gts_text\">\u00a0anche\u00a0chiamati <em>Silverbacks<\/em>.<\/span>\u00a0Gli<span id=\"gts_text_24\" class=\"gts_text\"> occhi e le\u00a0orecchie appaiono\u00a0piccole in\u00a0confronto alla loro grande testa e al naso nero, liscio e brillante.<\/span><\/p>\n<p><span id=\"gts_text_25\" class=\"gts_text\">Il\u00a0gorilla di montagna vive principalmente per terra,<\/span>\u00a0in genere cammina su quattro zampe e\u00a0s<span id=\"gts_text_27\" class=\"gts_text\">i arrampica\u00a0soltanto sugli alberi da frutto\u00a0in grado si sopportarne il\u00a0peso massiccio.<\/span> E&#8217; in grado di correre\u00a0in posizione eretta<span id=\"gts_text_28\" class=\"gts_text\">\u00a0per brevi distanze.<\/span><\/p>\n<p><span id=\"gts_text_29\" class=\"gts_text\">Vivono prevalentemente di giorno, t<\/span>rascorrendo<span id=\"gts_text_30\" class=\"gts_text\">\u00a0la maggior parte del loro tempo mangiando, poich\u00e8<\/span>\u00a0h<span id=\"gts_text_31\" class=\"gts_text\">anno bisogno di una grande quantit\u00e0 di cibo per\u00a0mantenere il loro enorme corpo.<\/span> <span id=\"gts_text_32\" class=\"gts_text\">Cercano l&#8217;alimentazione gi\u00e0 dalle prime ore del mattino, per poi riposarsi e riprendere durante la tarda mattinata, e verso\u00a0mezzogiorno.<\/span> <span id=\"gts_text_33\" class=\"gts_text\">Nel pomeriggio, vanno ancora alla ricerca di \u00a0cibo prima del riposo notturno.<\/span><\/p>\n<p><span id=\"gts_text_34\" class=\"gts_text\">Ogni gorilla di montagna per dormire si\u00a0costruisce un giaciglio\u00a0fatto di foglie e\u00a0piante, che l<\/span><span id=\"gts_text_36\" class=\"gts_text\">e madri condividono con i loro piccoli.<\/span> <span id=\"gts_text_37\" class=\"gts_text\">Lasciano il loro giaciglio\u00a0al sorgere del sole, intorno\u00a0alle 6 del mattino, eccetto quando il tempo \u00e8 cupo\u00a0e freddo.<\/span><\/p>\n<h3><span id=\"gts_text_38\" class=\"gts_text\">Dieta\u00a0del Gorilla di Montagna<\/span><\/h3>\n<p><span id=\"gts_text_39\" class=\"gts_text\">I\u00a0gorilla di montagna\u00a0si nutrono principalmente\u00a0di\u00a0vegetali.<\/span> <span id=\"gts_text_40\" class=\"gts_text\">La loro dieta\u00a0\u00e8 composta per lo pi\u00f9 da foglie, germogli e\u00a0fusti.<\/span>\u00a0Oltre a questo, mangiano<span id=\"gts_text_41\" class=\"gts_text\">\u00a0anche corteccia, radici, fiori, frutta e piccoli invertebrati.<\/span> <span id=\"gts_text_42\" class=\"gts_text\">I maschi adulti possono mangiare fino a 35 kg di piante\u00a0al giorno, mentre<\/span><span id=\"gts_text_43\" class=\"gts_text\">\u00a0le femmine ne mangiano circa 18 kg.<\/span><\/p>\n<h3><span id=\"gts_text_44\" class=\"gts_text\">Piccoli del Gorilla di Montagna<\/span><\/h3>\n<p><span id=\"gts_text_45\" class=\"gts_text\">Un piccolo di gorilla di montagna pesa circa 1,8 kg\u00a0e passa i suoi primissimi\u00a0mesi di vita accudito\u00a0dalla <\/span><span id=\"gts_text_46\" class=\"gts_text\">madre, che\u00a0lo\u00a0trasporta sul suo dorso.<\/span> <span id=\"gts_text_47\" class=\"gts_text\">Inizialmente, la madre lo tiene costantemente con s\u00e9,<\/span>\u00a0fino a quando c<span id=\"gts_text_48\" class=\"gts_text\">omincia a camminare a circa quattro o cinque mesi.<\/span>\u00a0Fra i 4 e 6 mesi di vita comincia a magiare parti delle piante, mentre a\u00a0<span id=\"gts_text_50\" class=\"gts_text\">8 mesi inizia a mangiare regolarmente alimenti solidi.<\/span> <span id=\"gts_text_51\" class=\"gts_text\">La madre smette di allattare il piccolo\u00a0quando\u00a0avr\u00e0 circa 3 anni, ma\u00a0il giovane gorilla di montagna rimarr\u00e0 ancora vicino lei.<\/span> <span id=\"gts_text_52\" class=\"gts_text\">Le madri\u00a0danno alla luce a un\u00a0cucciolo solo\u00a0ogni 6 &#8211; 8 anni.<\/span><\/p>\n<p><span id=\"gts_text_53\" class=\"gts_text\">La maggior parte dei gorilla di montagna maschi, circa 3 ogni 5 femmine, lasciano il\u00a0gruppo dei loro\u00a0genitori.<\/span> <span id=\"gts_text_54\" class=\"gts_text\">I maschi si allontanano\u00a0quando hanno circa 11 anni. I<\/span><span id=\"gts_text_55\" class=\"gts_text\">l processo di separazione \u00e8 lento:<\/span>\u00a0p<span id=\"gts_text_56\" class=\"gts_text\">assano sempre pi\u00f9\u00a0 tempo\u00a0ai margini\u00a0del gruppo finch\u00e9 non lasciano il gruppo definitivamente.<\/span><\/p>\n<figure id=\"attachment_678\" aria-describedby=\"caption-attachment-678\" style=\"width: 300px\" class=\"wp-caption alignleft\"><a href=\"http:\/\/www.big-animals.com\/wp-content\/uploads\/2011\/03\/Gorilla_and_human.png\"><img loading=\"lazy\" decoding=\"async\" class=\"size-medium wp-image-678\" title=\"Gli esseri umani potrebbero essere grandi, ma la gorilla di montagna \u00e8 il pi\u00f9 grande primate del mondo\" src=\"http:\/\/www.big-animals.com\/wp-content\/uploads\/2011\/03\/Gorilla_and_human-300x243.png\" alt=\"Gli esseri umani potrebbero essere grandi, ma la gorilla di montagna \u00e8 il pi\u00f9 grande primate del mondo\" width=\"300\" height=\"243\" \/><\/a><figcaption id=\"caption-attachment-678\" class=\"wp-caption-text\">Gli esseri umani sono\u00a0grandi, ma il Gorilla di Montagna \u00e8 il pi\u00f9 grande primate al mondo<\/figcaption><\/figure>\n<p><span id=\"gts_text_57\" class=\"gts_text\">Il\u00a0gorilla di montagna vive\u00a0in gruppi di circa 6 &#8211; 12 individui. I<\/span><span id=\"gts_text_58\" class=\"gts_text\">l\u00a0pi\u00f9 vecchio e pi\u00f9 grande\u00a0<\/span><span id=\"gts_text_58\" class=\"gts_text\">maschio dominante, o silverback, \u00e8 a capo\u00a0normalmente di una famiglia di 3 femmine e\u00a0 4 o 5 piccoli.<\/span> <span id=\"gts_text_59\" class=\"gts_text\">Il silverback conduce il gruppo nel corso dell&#8217;anno\u00a0in luoghi\u00a0favorevoli per il cibo.<\/span> <span id=\"gts_text_60\" class=\"gts_text\">Inoltre\u00a0cerca di\u00a0risolvere i conflitti all&#8217;interno del gruppo e lo protegge dai predatori.<\/span> <span id=\"gts_text_61\" class=\"gts_text\">Il capo \u00e8 il centro dell&#8217;attenzione durante i loro\u00a0momenti di rilassamento e i giovani gorilla di montagna spesso restano vicino lui e lo invitano a giocare con loro.<\/span> <span id=\"gts_text_62\" class=\"gts_text\">Se una\u00a0 madre muore o abbandona il gruppo, il silverback\u00a0 solitamente si prende cura della prole abbandonata,\u00a0portandola addirittura\u00a0nel suo nido.<\/span> <span id=\"gts_text_63\" class=\"gts_text\">Un silverback esperto\u00a0\u00e8 capace di eliminare i\u00a0fili metallici\u00a0o\u00a0le corde\u00a0dei bracconieri\u00a0dalle mani o dai piedi dei\u00a0membri del suo\u00a0gruppo.<\/span> <span id=\"gts_text_64\" class=\"gts_text\">Quando il silverback muore o viene\u00a0ucciso da una malattia, da un incidente o dai bracconieri, il gruppo \u00a0rischia seriamente di dividersi se non viene lasciato un\u00a0discendente maschio\u00a0in grado di\u00a0assumere il suo ruolo.\u00a0<\/span><\/p>\n<p><span id=\"gts_text_65\" class=\"gts_text\">I\u00a0gorilla di montagna stabiliscono\u00a0e rafforzano le loro relazioni all&#8217;interno del gruppo durante il loro periodo di riposo durante il giorno.<\/span> <span id=\"gts_text_66\" class=\"gts_text\">Le femmine\u00a0puliscono regolarmente la loro prole, assicurandosi che il loro\u00a0pelo non\u00a0abbia sporcizia o pulci.<\/span> <span id=\"gts_text_67\" class=\"gts_text\">Imparano come comunicare e comportarsi all&#8217;interno del gruppo attraverso il\u00a0gioco,\u00a0a cui possono\u00a0 partecipare anche<\/span><span id=\"gts_text_68\" class=\"gts_text\">\u00a0il silverback e le femmine adulte.<\/span><\/p>\n<h3><span id=\"gts_text_69\" class=\"gts_text\">Verit\u00e0 sul Gorilla di Montagna<\/span><\/h3>\n<p><span id=\"gts_text_70\" class=\"gts_text\">Ci sono almeno 25 tipi di suoni differenti che i gorilla di montagna emettono per <\/span><span id=\"gts_text_71\" class=\"gts_text\">comunicare nel folto della foresta.<\/span> <span id=\"gts_text_72\" class=\"gts_text\">Suoni classificati come grugniti e\u00a0latrati si sentono pi\u00f9 spesso mentre si spostano.<\/span>\u00a0<span id=\"gts_text_73\" class=\"gts_text\">Questi suoni\u00a0 indicano la\u00a0posizione dei diversi membri del gruppo.<\/span>\u00a0S<span id=\"gts_text_74\" class=\"gts_text\">egnali di\u00a0 allarme o di pericolo, consistenti in grida e\u00a0ruggiti, sono prodotti di solito dai silverbacks.<\/span>\u00a0Profondi<span id=\"gts_text_75\" class=\"gts_text\">\u00a0toni bassi o brontolii \u00a0indicano che\u00a0i gorilla di montagna sono\u00a0soddisfatti, e si sentono frequentemente durante il\u00a0 riposo e i pasti.<\/span><\/p>\n<p><span id=\"gts_text_76\" class=\"gts_text\">Per ragioni\u00a0sconosciute i gorille di montagna sono impauriti degli animali a\u00a0sangue freddo. Per esempio i piccoli del<\/span><span id=\"gts_text_77\" class=\"gts_text\">\u00a0gorilla di montagna sono impauriti dai camaleonti e dai bruchi, oltre che\u00a0<\/span><span id=\"gts_text_78\" class=\"gts_text\">dall&#8217;acqua.<\/span> <span id=\"gts_text_79\" class=\"gts_text\">Attraversano un ruscello\u00a0soltanto se hanno un tronco su cui appoggiarsi\u00a0in modo tale da non bagnarsi.<\/span><\/p>\n<h3><span id=\"gts_text_80\" class=\"gts_text\">Il Gorilla di Montagna\u00a0a elevato rischio di estinzione<\/span><\/h3>\n<p><span id=\"gts_text_81\" class=\"gts_text\">I gorilla di montagna sono una specie in via\u00a0d&#8217;estinzione a causa del\u00a0bracconaggio, delle guerre, delle malattie, del disboscamento e del commercio illegale di animali.<\/span> <span id=\"gts_text_82\" class=\"gts_text\">Sono uccisi frequentemente dalle trappole destinate ad altri animali, e\u00a0sono ricercati\u00a0per la loro testa, mani e piedi,<\/span>\u00a0che<span id=\"gts_text_83\" class=\"gts_text\">\u00a0vengono\u00a0venduti ai collezionisti.<\/span>\u00a0I piccoli di<span id=\"gts_text_84\" class=\"gts_text\">\u00a0gorilla di montagna vengono\u00a0venduti agli zoo, ai ricercatori e ai negozi di animali.<\/span>\u00a0Generalmente q<span id=\"gts_text_85\" class=\"gts_text\">uando un piccolo di gorilla di montagna viene\u00a0portato via, almeno un adulto del gruppo muore\u00a0nel combattimento\u00a0per evitare che il piccolo venga sottratto dal gruppo.<\/span> <span id=\"gts_text_86\" class=\"gts_text\">Tutti questi atti hanno causato un calo della popolazione dei gorilla di montagna, per questo s<\/span>ono iniziati gli\u00a0<span id=\"gts_text_87\" class=\"gts_text\">sforzi per preservare questa specie\u00a0in serio pericolo\u00a0d&#8217;estinzione.<\/span><\/p>\n<p><span id=\"gts_text_88\" class=\"gts_text\">\u00a0<\/span><\/p>\n","protected":false},"excerpt":{"rendered":"<p>Il gorilla di montagna \u00e8 il pi\u00f9 grande primate\u00a0al mondo. Un gorilla di montagna maschio pu\u00f2 raggiungere\u00a0 1,9 metri d&#8217;altezza. L&#8217;apertura delle braccia \u00e8 di circa 2,3 metri e pesa circa 220 kg. Un maschio adulto di gorilla di montagna \u00e8 due volte pi\u00f9 grande di un\u00a0gorilla femmina, che\u00a0pesa circa\u00a098 kg\u00a0ed \u00e8 alto 1,5 metri. &hellip; <a href=\"https:\/\/www.big-animals.com\/it\/gorilla_di_montagna\/\" class=\"more-link\">Continue reading <span class=\"screen-reader-text\">Gorilla di Montagna<\/span><\/a><\/p>\n","protected":false},"author":1,"featured_media":0,"parent":0,"menu_order":0,"comment_status":"closed","ping_status":"open","template":"","meta":{"_acf_changed":false,"footnotes":""},"acf":[],"_links":{"self":[{"href":"https:\/\/www.big-animals.com\/it\/wp-json\/wp\/v2\/pages\/43"}],"collection":[{"href":"https:\/\/www.big-animals.com\/it\/wp-json\/wp\/v2\/pages"}],"about":[{"href":"https:\/\/www.big-animals.com\/it\/wp-json\/wp\/v2\/types\/page"}],"author":[{"embeddable":true,"href":"https:\/\/www.big-animals.com\/it\/wp-json\/wp\/v2\/users\/1"}],"replies":[{"embeddable":true,"href":"https:\/\/www.big-animals.com\/it\/wp-json\/wp\/v2\/comments?post=43"}],"version-history":[{"count":10,"href":"https:\/\/www.big-animals.com\/it\/wp-json\/wp\/v2\/pages\/43\/revisions"}],"predecessor-version":[{"id":528,"href":"https:\/\/www.big-animals.com\/it\/wp-json\/wp\/v2\/pages\/43\/revisions\/528"}],"wp:attachment":[{"href":"https:\/\/www.big-animals.com\/it\/wp-json\/wp\/v2\/media?parent=43"}],"curies":[{"name":"wp","href":"https:\/\/api.w.org\/{rel}","templated":true}]}}