{"id":44,"date":"2011-05-09T09:25:53","date_gmt":"2011-05-09T09:25:53","guid":{"rendered":""},"modified":"2011-05-09T09:25:53","modified_gmt":"2011-05-09T09:25:53","slug":"primati","status":"publish","type":"page","link":"https:\/\/www.big-animals.com\/it\/primati\/","title":{"rendered":"Primati"},"content":{"rendered":"<p><span id=\"gts_text_1\" class=\"gts_text\">I primati sono un gruppo di <a title=\"I pi\u00f9 grandi mammiferi del mondo!\" href=\"http:\/\/www.big-animals.com\/the-worlds-biggest-mammals\/\">mammiferi che<\/a> includono come le lemure, lorises, galagos, tarsiers, scimmie e scimmie.<\/span> <span id=\"gts_text_2\" class=\"gts_text\">Come esseri umani inoltre apparteniamo a questo gruppo.<\/span> <span id=\"gts_text_3\" class=\"gts_text\">La maggior parte dei primati possono essere trovati in foreste tropicali o subtropicali in America, in Africa ed in Asia.<\/span> <span id=\"gts_text_4\" class=\"gts_text\">Ci sono alcuni esempi dei primati (all&#8217;infuori degli esseri umani) che vivono fuori delle foreste tropicali.<\/span> <span id=\"gts_text_5\" class=\"gts_text\">Per esempio, il macaco giapponese dell&#8217;montagna-abitazione vive nel Nord di Honshu che \u00e8 coperto di neve per 8 mesi durante un anno!<\/span> <span id=\"gts_text_6\" class=\"gts_text\">Il macaco di Barbary vive nelle montagne di atlante dell&#8217;Algeria e del Marocco.<\/span> <span id=\"gts_text_7\" class=\"gts_text\">Alcuni primati vivono sulle alte montagne.<\/span> <span id=\"gts_text_8\" class=\"gts_text\">Per esempio, la scimmia dal naso all&#8217;ins\u00f9 nera vive nelle montagne di Hengduan alle altitudini di 4700 metri (15400 piedi).<\/span> <span id=\"gts_text_9\" class=\"gts_text\">Il pi\u00f9 grande primate del mondo, la <a title=\"Gorilla di montagna\" href=\"http:\/\/www.big-animals.com\/mountain-gorilla\/\">gorilla di montagna<\/a>, \u00e8 trovato a 4200 metri (13800 piedi) nelle montagne di Virunga.<\/span> <span id=\"gts_text_10\" class=\"gts_text\">La maggior parte dei primati non gradiscono nuotare ma alcuni di loro sono buoni nuotatori e stanno bene in paludi e nelle aree acquose.<\/span> <span id=\"gts_text_11\" class=\"gts_text\">Per esempio, la scimmia della palude dell&#8217;Allen ha dita leggermente palmate per aiutarla per nuotare.<\/span> <span id=\"gts_text_12\" class=\"gts_text\">Infine ci sono inoltre alcune scimmie che vivono vicino noi.<\/span> <span id=\"gts_text_13\" class=\"gts_text\">Per esempio il reso Mascaque che vivono vicino all&#8217;insediamento umano.<\/span><\/p>\n<p><span id=\"gts_text_14\" class=\"gts_text\">Il pi\u00f9 piccolo primate vivente \u00e8 Mouse Lemur di signora Berthe che pesi soltanto 30 grammi (1 oncia) ed il pi\u00f9 grande primate vivente \u00e8 la <a title=\"Gorilla di montagna\" href=\"http:\/\/www.big-animals.com\/mountain-gorilla\/\">gorilla di montagna<\/a> enorme che pesa circa 200 chilogrammi (440 libbre).<\/span> <span id=\"gts_text_15\" class=\"gts_text\">Il pi\u00f9 grande primate \u00e8 mai i 3 metri (10 piedi) <a title=\"Gigantopithecus\" href=\"http:\/\/www.big-animals.com\/gigantopithecus\/\"><em>Gigantopithecus<\/em><\/a> alto.<\/span><\/p>\n<figure id=\"attachment_666\" aria-describedby=\"caption-attachment-666\" style=\"width: 204px\" class=\"wp-caption alignright\"><a href=\"http:\/\/www.big-animals.com\/wp-content\/uploads\/2011\/03\/Lemur_Catta.jpeg\"><img loading=\"lazy\" decoding=\"async\" class=\"size-full wp-image-666\" title=\"Le lemure catta sono uno dei primati pi\u00f9 rumorosi\" src=\"http:\/\/www.big-animals.com\/wp-content\/uploads\/2011\/03\/Lemur_Catta.jpeg\" alt=\"Le lemure catta sono uno dei primati pi\u00f9 rumorosi\" width=\"204\" height=\"363\" \/><\/a><figcaption id=\"caption-attachment-666\" class=\"wp-caption-text\">The Ring-Tailed Lemur is one of the noisiest primates<\/figcaption><\/figure>\n<p><span id=\"gts_text_16\" class=\"gts_text\">Alcuni primati pricipalmente non vivono in alberi ma vivono su terra anche.<\/span> <span id=\"gts_text_17\" class=\"gts_text\">Per esempio, le grandi scimmie ed i babbuini.<\/span> <span id=\"gts_text_18\" class=\"gts_text\">La maggior parte dei primati possono scalare gli alberi.<\/span> <span id=\"gts_text_19\" class=\"gts_text\">Possono saltare dall&#8217;albero all&#8217;albero, camminante su 2 o 4 arti, articolazione-camminante ed oscillante fra i rami degli alberi.<\/span> <span id=\"gts_text_20\" class=\"gts_text\">I Bushbabies aderiscono ai tronchi di albero verticali e poi saltano!<\/span> <span id=\"gts_text_21\" class=\"gts_text\">Le scimmie di ragno si muovono intorno oscillando da un ramo di albero verso un altro ramo di albero.<\/span> <span id=\"gts_text_22\" class=\"gts_text\">Gli orangutan si muovono intorno usando le loro armi e gambe per portare i loro corpi pesanti attraverso gli alberi.<\/span> <span id=\"gts_text_23\" class=\"gts_text\">Gli scimpanz\u00e8 e le gorille faranno una passeggiata dell&#8217;articolazione e possono muoversi su due distanze degli arti in breve.<\/span><\/p>\n<p><span id=\"gts_text_24\" class=\"gts_text\">I primati hanno grandi cervelli rispetto ad altri mammiferi.<\/span> <span id=\"gts_text_25\" class=\"gts_text\">Hanno due occhi posizionati parallelamente davanti alle loro teste.<\/span> <span id=\"gts_text_26\" class=\"gts_text\">Questi funzionano insieme li permettono di individuare esattamente gli oggetti.<\/span> <span id=\"gts_text_27\" class=\"gts_text\">Gli animali come il pesce ed i cavalli non hanno occhi come i primati.<\/span> <span id=\"gts_text_28\" class=\"gts_text\">La maggior parte dei primati hanno pollici opponibili che li aiuta per afferrare facilmente le cose.<\/span> <span id=\"gts_text_29\" class=\"gts_text\">Alcuni hanno code che possono utilizzare per afferrare o tenere sui rami di albero mentre si alimentano, scavando o proteggendo stessi dai predatori.<\/span> <span id=\"gts_text_30\" class=\"gts_text\">Alcuni primati scelgono di vivere da solo, altri vivono nelle paia ed altri vivono nei grandi gruppi.<\/span><\/p>\n<p><span id=\"gts_text_31\" class=\"gts_text\">Gli occhi dei primati affrontano in avanti.<\/span> <span id=\"gts_text_32\" class=\"gts_text\">Hanno 5 dita o dita del piede su ogni arto, con le unghie sull&#8217;estremit\u00e0 di ogni dito o dito del piede.<\/span> <span id=\"gts_text_33\" class=\"gts_text\">I lati inferiori delle mani e dei piedi hanno cuscinetti sensibili sulle punte delle dita.<\/span> <span id=\"gts_text_34\" class=\"gts_text\">Ci\u00f2 significa che le loro punte delle dita sono sensibili a pressione, alla temperatura ed al dolore.<\/span> <span id=\"gts_text_35\" class=\"gts_text\">L&#8217;osso di collare del primate \u00e8 costruito in un modo che permettono il grande movimento.<\/span><\/p>\n<p><span id=\"gts_text_36\" class=\"gts_text\">I primati crescono pi\u00f9 lentamente di altri mammiferi la stessa taglia.<\/span> <span id=\"gts_text_37\" class=\"gts_text\">Vivono pi\u00f9 lungamente &#8211; particolarmente le femmine.<\/span> <span id=\"gts_text_38\" class=\"gts_text\">Tutti gli infanti del primate non umano sono allattati tramite la loro madre ed i bambini dipendono dalle loro madri per governare e trasporto.<\/span> <span id=\"gts_text_39\" class=\"gts_text\">In alcune specie, gli infanti sono protetti e trasportati dai maschi nel gruppo, particolarmente se i maschi sono i loro padri.<\/span> <span id=\"gts_text_40\" class=\"gts_text\">I fratelli germani e le zie possono anche contribuire a prendere la cura dei bambini.<\/span> <span id=\"gts_text_41\" class=\"gts_text\">I primati guadagnano le loro abilit\u00e0 di combattimento e del sociale con giocare.<\/span><\/p>\n<figure id=\"attachment_667\" aria-describedby=\"caption-attachment-667\" style=\"width: 227px\" class=\"wp-caption alignleft\"><a href=\"http:\/\/www.big-animals.com\/wp-content\/uploads\/2011\/03\/Bonobo.jpg\"><img loading=\"lazy\" decoding=\"async\" class=\"size-full wp-image-667\" title=\"Il bonobo, o scimpanz\u00e8 del nano\" src=\"http:\/\/www.big-animals.com\/wp-content\/uploads\/2011\/03\/Bonobo.jpg\" alt=\"Il bonobo, o scimpanz\u00e8 del nano\" width=\"227\" height=\"239\" \/><\/a><figcaption id=\"caption-attachment-667\" class=\"wp-caption-text\">The Bonobo, or Dwarf Chimpanzee<\/figcaption><\/figure>\n<p><span id=\"gts_text_42\" class=\"gts_text\">La maggior parte dei primati mangiano la frutta, le foglie, le gomme e gli insetti.<\/span> <span id=\"gts_text_43\" class=\"gts_text\">Per esempio, le scimmie di svarione mangiano le foglie.<\/span> <span id=\"gts_text_44\" class=\"gts_text\">Gli uistit\u00ec mangiano la gomma &#8211; hanno forti incisivi che permettono loro di aprire la corteccia di albero per ottenere la gomma.<\/span> <span id=\"gts_text_45\" class=\"gts_text\">Ha artigli per aiutarli per aderire sugli alberi mentre si alimenta.<\/span> <span id=\"gts_text_46\" class=\"gts_text\">Il S\u00ec-s\u00ec ha roditore-come i denti e un dito medio lungo e sottile.<\/span> <span id=\"gts_text_47\" class=\"gts_text\">Spiller\u00e0 sugli alberi come un picchio per trovare le larve di insetto.<\/span> <span id=\"gts_text_48\" class=\"gts_text\">Poi sgranocchier\u00e0 i fori nel legno e metter\u00e0 il suo dito medio sottile lungo dentro per estrarre le larve dall&#8217;albero.<\/span> <span id=\"gts_text_49\" class=\"gts_text\">Alcuni primati, quale il Mangabey Grigio-Cheeked ha smalto spesso sui suoi denti che li aiuteranno per scassinare la frutta ed i semi duri che altre scimmie non possono aprire.<\/span><\/p>\n<p><span id=\"gts_text_50\" class=\"gts_text\">Il Gelada \u00e8 le sole specie del primate che pricipalmente mangiano l&#8217;erba.<\/span> <span id=\"gts_text_51\" class=\"gts_text\">Tarsiers mangia gli insetti, i crostacei, i piccoli vertebrati ed i serpenti &#8211; compreso i serpenti velenosi!<\/span> <span id=\"gts_text_52\" class=\"gts_text\">Le scimmie del cappuccino mangiano tutti i tipi di alimento come la frutta, foglie, fiori, germogli, nettare, semi, insetti ed altri invertebrati, uova dell&#8217;uccello e piccoli vertebrati quali gli uccelli, le lucertole, gli scoiattoli ed i pipistrelli.<\/span> <span id=\"gts_text_53\" class=\"gts_text\">Lo scimpanz\u00e8 comune ha una vasta gamma di dieta compreso altre scimmie, per esempio, la scimmia di Colobus rossa occidentale.<\/span><\/p>\n<p><span id=\"gts_text_54\" class=\"gts_text\">L&#8217;unione internazionale per conservazione della natura (IUCN) ha elencato pi\u00f9 di un terzo dei primati come pericoloso seriamente.<\/span> <span id=\"gts_text_55\" class=\"gts_text\">La maggior parte di loro sono messe in pericolo a causa del disboscamento, dell&#8217;uccisione del grande numero delle scimmie selvagge per proteggere l&#8217;agricoltura, della caccia illegale per l&#8217;uso nelle medicine, come animali domestici e per alimento.<\/span><\/p>\n<p><span id=\"gts_text_56\" class=\"gts_text\">\u00a0<\/span><\/p>\n","protected":false},"excerpt":{"rendered":"<p>I primati sono un gruppo di mammiferi che includono come le lemure, lorises, galagos, tarsiers, scimmie e scimmie. Come esseri umani inoltre apparteniamo a questo gruppo. La maggior parte dei primati possono essere trovati in foreste tropicali o subtropicali in America, in Africa ed in Asia. Ci sono alcuni esempi dei primati (all&#8217;infuori degli esseri &hellip; <a href=\"https:\/\/www.big-animals.com\/it\/primati\/\" class=\"more-link\">Continue reading <span class=\"screen-reader-text\">Primati<\/span><\/a><\/p>\n","protected":false},"author":1,"featured_media":0,"parent":0,"menu_order":0,"comment_status":"closed","ping_status":"open","template":"","meta":{"_acf_changed":false,"footnotes":""},"acf":[],"_links":{"self":[{"href":"https:\/\/www.big-animals.com\/it\/wp-json\/wp\/v2\/pages\/44"}],"collection":[{"href":"https:\/\/www.big-animals.com\/it\/wp-json\/wp\/v2\/pages"}],"about":[{"href":"https:\/\/www.big-animals.com\/it\/wp-json\/wp\/v2\/types\/page"}],"author":[{"embeddable":true,"href":"https:\/\/www.big-animals.com\/it\/wp-json\/wp\/v2\/users\/1"}],"replies":[{"embeddable":true,"href":"https:\/\/www.big-animals.com\/it\/wp-json\/wp\/v2\/comments?post=44"}],"version-history":[{"count":1,"href":"https:\/\/www.big-animals.com\/it\/wp-json\/wp\/v2\/pages\/44\/revisions"}],"predecessor-version":[{"id":677,"href":"https:\/\/www.big-animals.com\/it\/wp-json\/wp\/v2\/pages\/44\/revisions\/677"}],"wp:attachment":[{"href":"https:\/\/www.big-animals.com\/it\/wp-json\/wp\/v2\/media?parent=44"}],"curies":[{"name":"wp","href":"https:\/\/api.w.org\/{rel}","templated":true}]}}