{"id":46,"date":"2011-05-09T09:26:08","date_gmt":"2011-05-09T09:26:08","guid":{"rendered":""},"modified":"2014-10-27T15:11:41","modified_gmt":"2014-10-27T15:11:41","slug":"monotremi","status":"publish","type":"page","link":"https:\/\/www.big-animals.com\/it\/monotremi\/","title":{"rendered":"Monotremi"},"content":{"rendered":"<figure id=\"attachment_995\" aria-describedby=\"caption-attachment-995\" style=\"width: 300px\" class=\"wp-caption alignright\"><a href=\"http:\/\/www.big-animals.com\/wp-content\/uploads\/2011\/05\/Platypus.jpeg\"><img loading=\"lazy\" decoding=\"async\" class=\"size-medium wp-image-995\" title=\"L'ornitorinco - foto \u201cda Rainbow606\u201e\" src=\"http:\/\/www.big-animals.com\/wp-content\/uploads\/2011\/05\/Platypus-300x290.jpg\" alt=\"L'ornitorinco - foto \u201cda Rainbow606\u201e\" width=\"300\" height=\"290\" \/><\/a><figcaption id=\"caption-attachment-995\" class=\"wp-caption-text\">Ornitorinco\u00a0&#8211; foto di\u00a0&amp;quot;Rainbow606&amp;quot;<\/figcaption><\/figure>\n<p><span id=\"gts_text_1\" class=\"gts_text\">I monotremi\u00a0sono una rara categoria di mammiferi che\u00a0depongono le uova.Essi si trovano<\/span><span id=\"gts_text_3\" class=\"gts_text\">\u00a0in Australia, in Tasmania ed in Nuova Guinea.<\/span> Questo gruppo<span id=\"gts_text_4\" class=\"gts_text\">\u00a0comprende l&#8217;ornitorinco ed i quattro tipi di echidne (formichieri spinosi).<\/span><\/p>\n<p><span id=\"gts_text_5\" class=\"gts_text\">Come altri mammiferi, i monotremi sono animali a sangue caldo con un alto ritmo metabolico, anche se pi\u00f9 basso degli altri mammiferi, e<\/span>\u00a0hanno peli sul loro corpo<span id=\"gts_text_6\" class=\"gts_text\">.<\/span>\u00a0Dopo la schiusa, essi alimentano i propri cuccioli con il latte materno.\u00a0Le madri non hanno\u00a0mammelle, quindi i cuccioli leccano\u00a0il latte che la madre secerne dalla propria pelle.<\/p>\n<p><span id=\"gts_text_9\" class=\"gts_text\">I monotremi adulti non hanno denti.<\/span> <span id=\"gts_text_10\" class=\"gts_text\">Hanno un solo\u00a0osso nella\u00a0mascella inferiore, tre ossa nell&#8217;orecchio medio\u00a0e il becco.<\/span>\u00a0Inoltre, h<span id=\"gts_text_11\" class=\"gts_text\">anno ossa extra nel\u00a0cingolo scapolare.<\/span> La loro camminata \u00e8 simile a quella dei rettili e<span id=\"gts_text_12\" class=\"gts_text\">\u00a0le loro gambe sono posizionate sui lati piuttosto che al di sotto del corpo.<\/span> Le loro uova sono minuscole e solitamente ne depongono due per volta<span id=\"gts_text_14\" class=\"gts_text\">.<\/span>\u00a0Esse sono ricoperte da un guscio coriaceo simile a quello delle uova dei rettili.<\/p>\n<figure id=\"attachment_996\" aria-describedby=\"caption-attachment-996\" style=\"width: 300px\" class=\"wp-caption alignleft\"><a href=\"http:\/\/www.big-animals.com\/wp-content\/uploads\/2011\/05\/Echidna.jpg\"><img loading=\"lazy\" decoding=\"async\" class=\"size-medium wp-image-996\" title=\"Un'echidna - immagine \u201cda KeresH\u201e\" src=\"http:\/\/www.big-animals.com\/wp-content\/uploads\/2011\/05\/Echidna-300x196.jpg\" alt=\"Un'echidna - immagine \u201cda KeresH\u201e\" width=\"300\" height=\"196\" \/><\/a><figcaption id=\"caption-attachment-996\" class=\"wp-caption-text\">Un Echidna &#8211; foto di\u00a0&amp;quot;KeresH&amp;quot;<\/figcaption><\/figure>\n<p><span id=\"gts_text_16\" class=\"gts_text\">L&#8217;ornitorinco trascorre gran parte della sua vita in acqua.<\/span> Le sue zampe sono palmate e senza peli<span id=\"gts_text_17\" class=\"gts_text\">, il becco \u00e8 di colore blu grigio ed \u00e8 simile a quello di una papera, il pelo \u00e8 corto \u00e8 impermeabile e la coda \u00e8 ricoperta di peli e piatta come quella di un castoro.<\/span>\u00a0Le fessure delle orecchie sono molto piccole e ha piccoli occhi. P<span id=\"gts_text_18\" class=\"gts_text\">u\u00f2 chiudere le sue narici per impedire che\u00a0entri acqua quando nuota.<\/span> La sua lunghezza \u00e8 di circa<span id=\"gts_text_19\" class=\"gts_text\">\u00a01 &#8211; 2 piedi (30-60 cm) e pesa da\u00a03 a\u00a04 libbre (1,3 &#8211; 1.7kg).<\/span> Si nutre di<span id=\"gts_text_20\" class=\"gts_text\">\u00a0larve di insetto, gamberetti, le rane e uova di pesce.<\/span><\/p>\n<p><span id=\"gts_text_21\" class=\"gts_text\">Le echidne hanno peli\u00a0neri o marroni e aculei dorsali di colore chiaro.<\/span> Hanno occhi minuscoli e una piccola bocca senza denti<span id=\"gts_text_22\" class=\"gts_text\">.<\/span> La lingua \u00e8 molto lunga e appiccicosa, utile per prendere termiti e formiche.\u00a0La loro lunghezza e di circa<span id=\"gts_text_24\" class=\"gts_text\">\u00a01 &#8211; 2 piedi (30-60 cm).<\/span> <span id=\"gts_text_25\" class=\"gts_text\">Ha gambe corte dotate di artigli lunghi e pesanti e un muso appuntito.<\/span><\/p>\n<p><span id=\"gts_text_26\" class=\"gts_text\">L&#8217;<a title=\"Echidna dal becco lungo occidentale\" href=\"http:\/\/www.big-animals.com\/it\/occidentale-lungo-con-becco-echidna\/\">echidna Lungo-Con becco occidentale<\/a>\u00a0\u00e8 il pi\u00f9 grande echidna e monotremata al mondo.<\/span><\/p>\n<p><span id=\"gts_text_27\" class=\"gts_text\">\u00a0<\/span><\/p>\n","protected":false},"excerpt":{"rendered":"<p>I monotremi\u00a0sono una rara categoria di mammiferi che\u00a0depongono le uova.Essi si trovano\u00a0in Australia, in Tasmania ed in Nuova Guinea. Questo gruppo\u00a0comprende l&#8217;ornitorinco ed i quattro tipi di echidne (formichieri spinosi). Come altri mammiferi, i monotremi sono animali a sangue caldo con un alto ritmo metabolico, anche se pi\u00f9 basso degli altri mammiferi, e\u00a0hanno peli sul &hellip; <a href=\"https:\/\/www.big-animals.com\/it\/monotremi\/\" class=\"more-link\">Continue reading <span class=\"screen-reader-text\">Monotremi<\/span><\/a><\/p>\n","protected":false},"author":1,"featured_media":0,"parent":0,"menu_order":0,"comment_status":"closed","ping_status":"open","template":"","meta":{"_acf_changed":false,"footnotes":""},"acf":[],"_links":{"self":[{"href":"https:\/\/www.big-animals.com\/it\/wp-json\/wp\/v2\/pages\/46"}],"collection":[{"href":"https:\/\/www.big-animals.com\/it\/wp-json\/wp\/v2\/pages"}],"about":[{"href":"https:\/\/www.big-animals.com\/it\/wp-json\/wp\/v2\/types\/page"}],"author":[{"embeddable":true,"href":"https:\/\/www.big-animals.com\/it\/wp-json\/wp\/v2\/users\/1"}],"replies":[{"embeddable":true,"href":"https:\/\/www.big-animals.com\/it\/wp-json\/wp\/v2\/comments?post=46"}],"version-history":[{"count":3,"href":"https:\/\/www.big-animals.com\/it\/wp-json\/wp\/v2\/pages\/46\/revisions"}],"predecessor-version":[{"id":588,"href":"https:\/\/www.big-animals.com\/it\/wp-json\/wp\/v2\/pages\/46\/revisions\/588"}],"wp:attachment":[{"href":"https:\/\/www.big-animals.com\/it\/wp-json\/wp\/v2\/media?parent=46"}],"curies":[{"name":"wp","href":"https:\/\/api.w.org\/{rel}","templated":true}]}}