{"id":47,"date":"2011-05-09T09:26:15","date_gmt":"2011-05-09T09:26:15","guid":{"rendered":""},"modified":"2011-05-09T09:26:15","modified_gmt":"2011-05-09T09:26:15","slug":"polare-orso","status":"publish","type":"page","link":"https:\/\/www.big-animals.com\/it\/polare-orso\/","title":{"rendered":"Orso polare"},"content":{"rendered":"<p><span id=\"gts_text_1\" class=\"gts_text\">Gli orsi polari vivono all&#8217;interno del Circolo polare artico.<\/span> <span id=\"gts_text_2\" class=\"gts_text\">Possono essere trovati nel Canada, nell&#8217;Alaska, in Norvegia ed in Russia del Nord.<\/span> <span id=\"gts_text_3\" class=\"gts_text\">Sono la pi\u00f9 grande terra <a title=\"Carnivoro\" href=\"http:\/\/www.big-animals.com\/carnivora\/\">Carnivoran del<\/a> mondo.<\/span> <span id=\"gts_text_4\" class=\"gts_text\">(Il pi\u00f9 grande Carnivoran del mondo \u00e8 un genere di guarnizione, la <a title=\"Guarnizione di elefante del sud\" href=\"http:\/\/www.big-animals.com\/southern-elephant-seal\/\">guarnizione di elefante del sud<\/a> e sta molto pi\u00f9 bene nel mare che su terra) sono inoltre il pi\u00f9 grande orso &#8211; che \u00e8 appena un poco pi\u00f9 grande dell&#8217;orso di Brown.<\/span> <span id=\"gts_text_5\" class=\"gts_text\">Un orso polare del maschio adulto pesa circa 350 &#8211; 680 chilogrammi (770 &#8211; 1500 libbre) e la femmina adulta pesano circa 150 &#8211; 250 chilogrammi (330 &#8211; 550 libbre).<\/span> <span id=\"gts_text_6\" class=\"gts_text\">Quando \u00e8 incinta, pesa fino a 500 chilogrammi (1100 libbre)!<\/span> <span id=\"gts_text_7\" class=\"gts_text\">Le temperature dove gli orsi polari vivono varia da una media di -34C (- 30F) nell&#8217;inverno e in 0C (32 F) di estate.<\/span> <span id=\"gts_text_8\" class=\"gts_text\">Gli orsi polari possono resistere al freddo estremo perch\u00e9 sono coperti di pelliccia bianca densa.<\/span> <span id=\"gts_text_9\" class=\"gts_text\">L&#8217;altezza per un orso polare maschio medio \u00e8 di circa 2,4 &#8211; 3 metri (8-10 piedi) e l&#8217;orso polare femminile \u00e8 circa 1,8 &#8211; 2,4 metri (6-8 piedi).<\/span><\/p>\n<figure id=\"attachment_839\" aria-describedby=\"caption-attachment-839\" style=\"width: 300px\" class=\"wp-caption aligncenter\"><a href=\"http:\/\/www.big-animals.com\/wp-content\/uploads\/2011\/04\/Polar_Bear_And_Human-2.png\"><img loading=\"lazy\" decoding=\"async\" class=\"size-medium wp-image-839\" title=\"L'orso polare \u00e8 la pi\u00f9 grande terra Carnivoran del mondo\" src=\"http:\/\/www.big-animals.com\/wp-content\/uploads\/2011\/04\/Polar_Bear_And_Human-2-300x180.png\" alt=\"L'orso polare \u00e8 la pi\u00f9 grande terra Carnivoran del mondo\" width=\"300\" height=\"180\" \/><\/a><figcaption id=\"caption-attachment-839\" class=\"wp-caption-text\">The Polar Bear is the World&#038;#39;s Biggest Land Carnivoran<\/figcaption><\/figure>\n<h3><span id=\"gts_text_10\" class=\"gts_text\">Habitat dell&#8217;orso polare<\/span><\/h3>\n<p><span id=\"gts_text_11\" class=\"gts_text\">Nascono sulla terra ma passano la maggior parte del loro tempo in mare sulla banchisa.<\/span> <span id=\"gts_text_12\" class=\"gts_text\">Ecco perch\u00e9 qualche gente dice che l&#8217;orso polare \u00e8 un cetaceo.<\/span> <span id=\"gts_text_13\" class=\"gts_text\">Possono restare sulla banchisa per i mesi e cercare.<\/span> <span id=\"gts_text_14\" class=\"gts_text\">La banchisa \u00e8 come un grande pezzo piano di ghiaccio che va alla deriva sul mare.<\/span> <span id=\"gts_text_15\" class=\"gts_text\">Questa banchisa copre le acque nei mari Glaciali Artici.<\/span> <span id=\"gts_text_16\" class=\"gts_text\">Le guarnizioni migreranno secondo come la banchisa cambia.<\/span> <span id=\"gts_text_17\" class=\"gts_text\">Quando le guarnizioni migrano, gli orsi polari inoltre migreranno, perch\u00e9 le guarnizioni sono l&#8217;alimento favorito dell&#8217;orso polare.<\/span> <span id=\"gts_text_18\" class=\"gts_text\">In alcune aree, se il ghiaccio si fonde completamente di estate, gli orsi polari migrano alla terra ed aspettano i mesi fino a formare la banchisa.<\/span> <span id=\"gts_text_19\" class=\"gts_text\">Nel mare di Beaufort, gli orsi polari muoveranno ogni estate pi\u00f9 ulteriormente a nord dove il resti del ghiaccio congelati tutto l&#8217;anno.<\/span><\/p>\n<h3><span id=\"gts_text_20\" class=\"gts_text\">Adattamenti di un orso polare<\/span><\/h3>\n<p><span id=\"gts_text_21\" class=\"gts_text\">Il tipo pi\u00f9 vicino di orsi agli orsi polari \u00e8 gli orsi marroni.<\/span> <span id=\"gts_text_22\" class=\"gts_text\">Gli orsi polari hanno una configurazione pi\u00f9 lunga e un cranio e un naso pi\u00f9 lunghi.<\/span> <span id=\"gts_text_23\" class=\"gts_text\">Hanno le piccole orecchie e una piccola coda ma hanno zampe enormi.<\/span> <span id=\"gts_text_24\" class=\"gts_text\">Le loro zampe sono molto pi\u00f9 grande rispetto ad altre zampe degli orsi.<\/span> <span id=\"gts_text_25\" class=\"gts_text\">Queste grandi e zampe arrotondate permette che gli orsi possano spargere fuori il loro peso mentre camminano sulla neve e sulla banchisa.<\/span> <span id=\"gts_text_26\" class=\"gts_text\">Le zampe sono come le racchette da neve incorporate per gli orsi polari.<\/span> <span id=\"gts_text_27\" class=\"gts_text\">Le loro zampe misurano circa 30cm (1 piede) attraverso in un orso polare adulto.<\/span> <span id=\"gts_text_28\" class=\"gts_text\">Che cosa \u00e8 pi\u00f9, i cuscinetti delle zampe sono coperti di piccoli urti che forniscono il buon attrito quando cammina su ghiaccio sdrucciolevole.<\/span> <span id=\"gts_text_29\" class=\"gts_text\">Gli artigli dell&#8217;orso polare sono brevi e solidamente costruiti confrontato a quelli dell&#8217;orso marrone.<\/span> <span id=\"gts_text_30\" class=\"gts_text\">Avendo questi generi di artigli aiuti l&#8217;orso polare ad afferrare sulla preda o sul ghiaccio pesante senza alcun problema.\u00a0Gli orsi polari hanno 42 denti.<\/span> <span id=\"gts_text_31\" class=\"gts_text\">I loro molari sono pi\u00f9 piccoli e pi\u00f9 taglienti dei molari dell&#8217;orso marrone.<\/span> <span id=\"gts_text_32\" class=\"gts_text\">Essendo carne-mangiatori, i loro canini sono grandi e taglienti.<\/span><\/p>\n<h3><span id=\"gts_text_33\" class=\"gts_text\">Informazioni e fatti dell&#8217;orso polare<\/span><\/h3>\n<p><span id=\"gts_text_34\" class=\"gts_text\">Gli orsi polari sono isolati densamente non appena dalla loro pelliccia ma da uno strato di grasso fino a 10cm (4 pollici).<\/span> <span id=\"gts_text_35\" class=\"gts_text\">La loro pelle e pelliccia surriscalderanno se la temperatura supera 10C (50 F).<\/span> <span id=\"gts_text_36\" class=\"gts_text\">La loro pelliccia consiste di uno strato di pelliccia interna densa e di uno strato esterno di capelli, che sembrano bianchiccie.<\/span> <span id=\"gts_text_37\" class=\"gts_text\">La pelliccia esterna di strato \u00e8 densamente circa 5 a 15 cm (2 &#8211; 6 pollici) e coperture quasi il corpo intero.<\/span><\/p>\n<p><span id=\"gts_text_38\" class=\"gts_text\">La pelliccia del bianco sporco diventer\u00e0 solitamente per quanto si sviluppino gialli pi\u00f9 vecchi.<\/span> <span id=\"gts_text_39\" class=\"gts_text\">quando sono tenuti in un posto caldo ed umido, la loro pelliccia pu\u00f2 girare una tonalit\u00e0 pallida di verde perch\u00e9 ci saranno alghe che crescono dentro la pelliccia esterna.<\/span> <span id=\"gts_text_40\" class=\"gts_text\">I maschi hanno capelli pi\u00f9 lunghi sulle loro gambe anteriori che aumenteranno di lunghezza finch\u00e9 l&#8217;orso non abbia 14 anni.<\/span><\/p>\n<p><span id=\"gts_text_41\" class=\"gts_text\">L&#8217;orso polare ha molto un buon senso dell&#8217;odore.<\/span> <span id=\"gts_text_42\" class=\"gts_text\">Pu\u00f2 da individuare una guarnizione che \u00e8 di quasi 1,5 chilometri (1 miglio) via ed ha sepolto un metro (un&#8217;iarda) sotto la neve.<\/span> <span id=\"gts_text_43\" class=\"gts_text\">La loro udienza \u00e8 buona come la nostri udienza ed essi possono vedere lontano troppo senza alcun problema.<\/span><\/p>\n<h3><span id=\"gts_text_44\" class=\"gts_text\">Nuoto dell&#8217;orso polare<\/span><\/h3>\n<p><span id=\"gts_text_45\" class=\"gts_text\">Sono nuotatori meravigliosi.<\/span> <span id=\"gts_text_46\" class=\"gts_text\">Nuoteranno da banchisa a banchisa.<\/span> <span id=\"gts_text_47\" class=\"gts_text\">Sono stati veduti nuotare 320km (200 miglia) a partire dalla terra pi\u00f9 vicina.<\/span> <span id=\"gts_text_48\" class=\"gts_text\">Il loro grasso corporeo li aiuta per galleggiare.<\/span> <span id=\"gts_text_49\" class=\"gts_text\">Essi cane-pagaia con la loro testa e molta della loro parte posteriore sopra l&#8217;acqua.<\/span> <span id=\"gts_text_50\" class=\"gts_text\">Le loro grandi zampe li aiutano per azionarsi velocemente attraverso l&#8217;acqua.<\/span> <span id=\"gts_text_51\" class=\"gts_text\">Possono nuotare a circa 10 km\/ora (6 mph).<\/span> <span id=\"gts_text_52\" class=\"gts_text\">\u00a0Tendono a camminare lentamente e maldestramente.<\/span> <span id=\"gts_text_53\" class=\"gts_text\">La loro velocit\u00e0 di camminata \u00e8 circa 5.5km\/h (3,5 mph).<\/span> <span id=\"gts_text_54\" class=\"gts_text\">Nel funzionare a massima velocit\u00e0, possono raggiungere fino a 40km\/h (25 mph).<\/span><\/p>\n<h3><span id=\"gts_text_55\" class=\"gts_text\">Come gli orsi polari cercano<\/span><\/h3>\n<p><span id=\"gts_text_56\" class=\"gts_text\">L&#8217;orso polare \u00e8 il pi\u00f9 carnivoro di tutti gli orsi.<\/span> <span id=\"gts_text_57\" class=\"gts_text\">Si alimentano pricipalmente sulle guarnizioni.<\/span> <span id=\"gts_text_58\" class=\"gts_text\">L&#8217;Artide \u00e8 domestica a milioni di guarnizioni.<\/span> <span id=\"gts_text_59\" class=\"gts_text\">Le guarnizioni sono cercate dagli orsi quando affiorano in fori nella banchisa per respirare o quando scalano sulla banchisa per riposare.<\/span><\/p>\n<p><span id=\"gts_text_60\" class=\"gts_text\">Il metodo polare della caccia pi\u00f9 comune dell&#8217;orso \u00e8 chiamato ancora-caccia.<\/span> <span id=\"gts_text_61\" class=\"gts_text\">L&#8217;orso usa il suo odorato eccellente individuare un foro respirante della guarnizione e si accovaccia vicino, tranquillamente e pazientemente aspettando una guarnizione per comparire.<\/span> <span id=\"gts_text_62\" class=\"gts_text\">Quando la guarnizione esce dal foro per respirare l&#8217;orso polare odora il suo respiro e rapidamente raggiunge nel foro e trascina il povero sigilla fuori con la sua zampa.<\/span> <span id=\"gts_text_63\" class=\"gts_text\">La museruola ed il collo lunghi dell&#8217;orso polare gli permette di cercare in fori profondi le guarnizioni.<\/span> <span id=\"gts_text_64\" class=\"gts_text\">Le sue gambe posteriori potenti le danno la forza per trascinare anche le grandi guarnizioni sul ghiaccio.<\/span> <span id=\"gts_text_65\" class=\"gts_text\">L&#8217;orso polare inoltre attacca le guarnizioni quando stanno riposando sulla banchisa.<\/span> <span id=\"gts_text_66\" class=\"gts_text\">Per esempio, se l&#8217;orso polare macchia una guarnizione, camminer\u00e0 a all&#8217;interno di pi\u00f9 di meno di 100m (300 piedi) e poi si accovaccia.<\/span> <span id=\"gts_text_67\" class=\"gts_text\">Se la guarnizione non nota, l&#8217;orso striscia a dentro 10 &#8211; 12 metri (30 &#8211; 35 piedi) della guarnizione ed improvvisamente si affretta verso e gli attacchi.<\/span> <span id=\"gts_text_68\" class=\"gts_text\">Un terzo metodo di caccia \u00e8 di attaccare la casa della nascita delle guarnizioni femminili.<\/span><\/p>\n<p><span id=\"gts_text_69\" class=\"gts_text\">Gli orsi adulti tendono a mangiare soltanto gli alimenti molto ricchi &#8211; la pelle e lo strato spesso di grasso di una guarnizione.<\/span> <span id=\"gts_text_70\" class=\"gts_text\">Gli orsi dei giovani che non devono dipendere dalla loro madre pi\u00f9 ma non hanno abbastanza abilit\u00e0 di caccia o la dimensione per cercare le guarnizioni, devono cercare gli animali morti lasciati da altri orsi.<\/span> <span id=\"gts_text_71\" class=\"gts_text\">I giovani orsi possono anche forzato per accettare un animale morto mangiato per met\u00e0 se uccidono una guarnizione ma non possono fermare i pi\u00f9 grandi orsi dal rubarla.<\/span> <span id=\"gts_text_72\" class=\"gts_text\">\u00a0Cosa difficile!<\/span><\/p>\n<p><span id=\"gts_text_73\" class=\"gts_text\">L&#8217;orso polare \u00e8 un predatore potente enorme.<\/span> <span id=\"gts_text_74\" class=\"gts_text\">Pu\u00f2 uccidere un tricheco adulto, ma provano raramente a.<\/span> <span id=\"gts_text_75\" class=\"gts_text\">Un tricheco pu\u00f2 essere pi\u00f9 di due volte il peso dell&#8217;orso ed ha zanne lunghe dell&#8217;avorio che sono di lunghezza circa 3 piedi (90cm).<\/span> <span id=\"gts_text_76\" class=\"gts_text\">Il tricheco utilizza queste zanne come arma micidiale per difendersi.<\/span><\/p>\n<p><span id=\"gts_text_77\" class=\"gts_text\">Gli orsi polari inoltre cercano le belughe, prendendole dai loro fori respiranti nella banchisa.<\/span> <span id=\"gts_text_78\" class=\"gts_text\">Le balene sono la stessa taglia poich\u00e8 il tricheco ed in effetti \u00e8 molto difficile affinch\u00e8 l&#8217;orso polare le uccida.<\/span> <span id=\"gts_text_79\" class=\"gts_text\">Gli orsi polari attaccano molto raramente una balena adulta matura.<\/span><\/p>\n<p><span id=\"gts_text_80\" class=\"gts_text\">La maggior parte dei animali di terra nell&#8217;Artide possono funzionare pi\u00f9 velocemente del polare riguarda la terra perch\u00e9 gli orsi polari ottiene surriscaldati rapidamente.<\/span> <span id=\"gts_text_81\" class=\"gts_text\">La maggior parte dei animali che marini l&#8217;orso si incontra possono nuotare pi\u00f9 velocemente degli orsi polari anche.<\/span> <span id=\"gts_text_82\" class=\"gts_text\">Cos\u00ec, vedete, gli orsi polari non sono i corridori pi\u00f9 veloci su terra e non il nuotatore pi\u00f9 veloce nel mare.<\/span> <span id=\"gts_text_83\" class=\"gts_text\">In alcuni posti, gli orsi polari mangiano i giovani trichechi ed i cadaveri dei trichechi o delle balene adulti.<\/span><\/p>\n<figure id=\"attachment_836\" aria-describedby=\"caption-attachment-836\" style=\"width: 300px\" class=\"wp-caption alignright\"><a href=\"http:\/\/www.big-animals.com\/wp-content\/uploads\/2011\/04\/Polar_Bear_And_Cubs.jpg\"><img loading=\"lazy\" decoding=\"async\" class=\"size-medium wp-image-836\" title=\"Madre e cuccioli dell'orso polare\" src=\"http:\/\/www.big-animals.com\/wp-content\/uploads\/2011\/04\/Polar_Bear_And_Cubs-300x162.jpg\" alt=\"Madre e cuccioli dell'orso polare\" width=\"300\" height=\"162\" \/><\/a><figcaption id=\"caption-attachment-836\" class=\"wp-caption-text\">Polar Bear Mother And Cubs<\/figcaption><\/figure>\n<h3><span id=\"gts_text_84\" class=\"gts_text\">Bambini dell&#8217;orso polare<\/span><\/h3>\n<p><span id=\"gts_text_85\" class=\"gts_text\">Gli orsi polari sono attivi durante tutto l&#8217;anno eccezione fatta per gli orsi incinti femminili.<\/span> <span id=\"gts_text_86\" class=\"gts_text\">Un orso polare femminile incinto \u00e8 troppo pesante per essere attivo.<\/span> <span id=\"gts_text_87\" class=\"gts_text\">Ha guadagnato almeno 200kg (440 libbre) sopra il suo peso originale.<\/span> <span id=\"gts_text_88\" class=\"gts_text\">Prendparteer\u00e0 ad una tana ghiacciata per dare alla luce.<\/span> <span id=\"gts_text_89\" class=\"gts_text\">I cuccioli sono ciechi nati, coperti di pelliccia marrone chiaro e pesano di meno che un chilogrammo (meno di 2 libbre).<\/span> <span id=\"gts_text_90\" class=\"gts_text\">Sono completamente impotenti &#8211; morirebbero di freddo rapidamente fuori della tana!<\/span> <span id=\"gts_text_91\" class=\"gts_text\">Aprono soltanto i loro occhi dopo i circa 30 giorni.<\/span><\/p>\n<p><span id=\"gts_text_92\" class=\"gts_text\">Nascono fra novembre e febbraio, quando \u00e8 scura e fredda nell&#8217;Artide.<\/span> <span id=\"gts_text_93\" class=\"gts_text\">La madre ancora non mangia mentre alimenta i cuccioli con latte.<\/span> <span id=\"gts_text_94\" class=\"gts_text\">La madre dar\u00e0 alla luce normalmente ogni volta a due cuccioli.<\/span> <span id=\"gts_text_95\" class=\"gts_text\">Rester\u00e0 con i suoi cuccioli nella tana finch\u00e9 i cuccioli non siano abbastanza grandi prendere la cura se stessi.<\/span> <span id=\"gts_text_96\" class=\"gts_text\">Quando i cuccioli sono pronti, scassina l&#8217;entrata della tana.<\/span> <span id=\"gts_text_97\" class=\"gts_text\">Lei cuccioli sar\u00e0 circa 10 a 15kg per allora (22 &#8211; 33 libbre).<\/span> <span id=\"gts_text_98\" class=\"gts_text\">Per i circa 12 &#8211; 15 giorni, la famiglia passer\u00e0 il tempo appena fuori della tana ed ancora rester\u00e0 vicino ai suoi cuccioli.<\/span> <span id=\"gts_text_99\" class=\"gts_text\">I cuccioli giocheranno a vicenda.<\/span> <span id=\"gts_text_100\" class=\"gts_text\">I cuccioli cominceranno gradualmente fare le passeggiate lunghe dalla tana alla banchisa.<\/span> <span id=\"gts_text_101\" class=\"gts_text\">I cuccioli rimangono solitamente con la loro madre per circa un anno e mezzo, mentre imparano come cercare.<\/span> <span id=\"gts_text_102\" class=\"gts_text\">Tutto considerato, l&#8217;orso della madre deve fare a meno di alimento per circa 8 mesi.<\/span><\/p>\n<p><span id=\"gts_text_103\" class=\"gts_text\">Gli orsi polari hanno la capacit\u00e0 di rallentare il suo tasso metabolico quando l&#8217;alimento \u00e8 difficile da trovare ed aumenteranno ancora il loro tasso metabolico quando l&#8217;alimento \u00e8 abbondante.<\/span> <span id=\"gts_text_104\" class=\"gts_text\">Gli orsi polari possono rallentare la loro frequenza cardiaca da 46 a 27 battimenti ai minuti.<\/span> <span id=\"gts_text_105\" class=\"gts_text\">Possono digiunare per fino a parecchi mesi in cui la banchisa si fonde e non possono trovare le guarnizioni per cercare.<\/span> <span id=\"gts_text_106\" class=\"gts_text\">Vivranno sulle loro riserve grasse per i mesi durante quel tempo.<\/span> <span id=\"gts_text_107\" class=\"gts_text\">Gli orsi polari possono anche mangiare il muskox, la renna, le uova degli uccelli, i roditori, i crostacei, i granchi e perfino altri orsi polari.<\/span> <span id=\"gts_text_108\" class=\"gts_text\">Inoltre mangiano soltanto molto raramente le piante come le bacche, le radici e la laminaria ma &#8211; hanno bisogno di una dieta molto grassa e le guarnizioni e le balene sono gli alimenti che pi\u00f9 grassi possano ottenere.<\/span> <span id=\"gts_text_109\" class=\"gts_text\">Non potrebbero ottenere abbastanza energia proveniente appena dagli animali e dalle piante della terra.<\/span><\/p>\n<h3><span id=\"gts_text_110\" class=\"gts_text\">Attacchi dell&#8217;orso polare<\/span><\/h3>\n<p><span id=\"gts_text_111\" class=\"gts_text\">Attaccano raramente gli esseri umani a meno che siano disturbati.<\/span> <span id=\"gts_text_112\" class=\"gts_text\">Ma un orso polare affamato ha potuto uccidere e mangiare un essere umano.<\/span> <span id=\"gts_text_113\" class=\"gts_text\">Cos\u00ec, non disturbi mai un orso affamato!<\/span> <span id=\"gts_text_114\" class=\"gts_text\">Sono cacciatori sornione ed abili.<\/span> <span id=\"gts_text_115\" class=\"gts_text\">La loro preda \u00e8 spesso ignaro preso.<\/span> <span id=\"gts_text_116\" class=\"gts_text\">Se una persona \u00e8 attaccata dall&#8217;orsi di Brown, saranno danneggiati seriamente, ma d&#8217;altra parte l&#8217;orso spesso appena lascia la vittima sola.<\/span> <span id=\"gts_text_117\" class=\"gts_text\">Quando un orso polare attacca una persona, la persona sopravvive a raramente.<\/span> <span id=\"gts_text_118\" class=\"gts_text\">Cos\u00ec, se siete attaccato tramite un orso polare vi attacca, dicono le vostre ultime preghiere!<\/span><\/p>\n<p><span id=\"gts_text_119\" class=\"gts_text\">Gli orsi polari adulti vivono solitamente da solo, ma sono stati spesso il gioco veduto con altri orsi polari per ore e ore e perfino abbracciarsi mentre dormono.<\/span> <span id=\"gts_text_120\" class=\"gts_text\">I cuccioli sono allegri.<\/span> <span id=\"gts_text_121\" class=\"gts_text\">possono muggire, ruggire, ringhiare, sbuffare e fare le fusa.<\/span><\/p>\n<p><span id=\"gts_text_122\" class=\"gts_text\">Pi\u00f9 di meno sono colpiti dalle malattie infettive e dai parassiti che la maggior parte dei mammiferi della terra.<\/span> <span id=\"gts_text_123\" class=\"gts_text\">Vivono raramente pi\u00f9 di 25 anni.<\/span> <span id=\"gts_text_124\" class=\"gts_text\">Il pi\u00f9 vecchi polari selvaggi riguardano l&#8217;annotazione sono morto all&#8217;et\u00c3 di 32 anni ed il pi\u00f9 vecchio orso polare femminile prigioniero \u00e8 morto nel 1991 quando aveva 43 anni.<\/span> <span id=\"gts_text_125\" class=\"gts_text\">Quando gli orsi polari selvaggi sono vecchi, diventano troppo deboli per muoversi intorno verso la caccia per alimento.<\/span> <span id=\"gts_text_126\" class=\"gts_text\">Moriranno gradualmente di inedia.<\/span> <span id=\"gts_text_127\" class=\"gts_text\">Oltre a quello, gli orsi polari selvaggi che sono feriti male nelle lotte o negli incidenti possono anche morire perch\u00e9 non possono cercare altro.<\/span> <span id=\"gts_text_128\" class=\"gts_text\">la morte anche finita dell&#8217;inedia.<\/span><\/p>\n<p><span id=\"gts_text_129\" class=\"gts_text\">Gli orsi polari sono predatori del livello superiore.<\/span> <span id=\"gts_text_130\" class=\"gts_text\">Non hanno predatori dei loro propri, sebbene i loro cuccioli a volte siano mangiati dai lupi affamati o dagli orsi marroni.<\/span><\/p>\n<p><span id=\"gts_text_131\" class=\"gts_text\">Gli orsi polari lungamente sono stati cercati per la loro pelliccia, la carne, il grasso, i tendini, la cistifellea ed i loro denti canini.<\/span> <span id=\"gts_text_132\" class=\"gts_text\">Sono cercati dal nativo della gente all&#8217;Artide.<\/span> <span id=\"gts_text_133\" class=\"gts_text\">Tradizionalmente, questi cacciatori userebbero qualcosa distrarre l&#8217;orso e poi spear l&#8217;orso o lo sparerebbero con le frecce.<\/span> <span id=\"gts_text_134\" class=\"gts_text\">La pelliccia \u00e8 stata usata per cucire i pantaloni e le calzature.<\/span> <span id=\"gts_text_135\" class=\"gts_text\">La carne \u00e8 commestibile.<\/span> <span id=\"gts_text_136\" class=\"gts_text\">Il grasso \u00e8 stato usato in alimento e come combustibile per illuminare le loro case.<\/span> <span id=\"gts_text_137\" class=\"gts_text\">I tendini sono stati usati come fili per i vestiti di cucito.<\/span> <span id=\"gts_text_138\" class=\"gts_text\">La cistifellea ed a volte il cuore degli orsi \u00e8 stata asciugata e spolverizzato stata per fare la medicina.<\/span> <span id=\"gts_text_139\" class=\"gts_text\">I loro grandi denti canini sono stati utilizzati per fare gli amuleti.<\/span> <span id=\"gts_text_140\" class=\"gts_text\">Non molti esseri umani hanno vissuto nel freddo estremo dell&#8217;Artide, quindi la caccia degli orsi polari non ha effettuato la popolazione degli orsi polari.<\/span><\/p>\n<h3><span id=\"gts_text_141\" class=\"gts_text\">L&#8217;orso polare pericoloso da riscaldamento globale<\/span><\/h3>\n<p><span id=\"gts_text_142\" class=\"gts_text\">Il 15 maggio 2008, il governo degli Stati Uniti ha classificato gli orsi polari mentre le specie minacciate nell&#8217;ambito della specie in pericolo di estinzione agiscono.<\/span> <span id=\"gts_text_143\" class=\"gts_text\">Gli effetti di riscaldamento globale ha colpito significativamente lo stile di vita degli orsi polari.<\/span> <span id=\"gts_text_144\" class=\"gts_text\">dovuto le temperature pi\u00f9 calde, la banchisa ora si fonde molto pi\u00f9 presto di ha fatto 30 anni fa.<\/span> <span id=\"gts_text_145\" class=\"gts_text\">Ci\u00f2 significa che gli orsi polari avranno una pi\u00f9 breve stagione d&#8217;alimentazione e finalmente moriranno di malnutrizione.<\/span> <span id=\"gts_text_146\" class=\"gts_text\">Oltre al quel, le cadute di olio e di inquinamento nel mare Glaciale Artico inoltre minaccia gli orsi polari di vita.<\/span> <span id=\"gts_text_147\" class=\"gts_text\">Lo studio geologico degli Stati Uniti predice che due terzi degli orsi polari del mondo scompariranno da ora al 2050 dal fronte della terra dovuto riscaldamento globale.<\/span> <span id=\"gts_text_148\" class=\"gts_text\">La quantit\u00e0 di banchisa nell&#8217;Artide sta ottenendo pi\u00f9 piccola e pi\u00f9 piccola ogni decade, come potete vedere nella mappa qui sotto.<\/span> <span id=\"gts_text_149\" class=\"gts_text\">Se questa banchisa scompare, il povero orso polare sar\u00e0 nella grande difficolt\u00e0 e non potrebbe sopravvivere a affatto eccetto negli zoo.<\/span><\/p>\n<figure id=\"attachment_842\" aria-describedby=\"caption-attachment-842\" style=\"width: 537px\" class=\"wp-caption aligncenter\"><a href=\"http:\/\/www.big-animals.com\/wp-content\/uploads\/2011\/04\/Arctic_Sea_Ice_Decline.jpg\"><img loading=\"lazy\" decoding=\"async\" class=\"size-full wp-image-842\" title=\"L'habitat dell'orso polare \u00e8 minacciato da riscaldamento globale\" src=\"http:\/\/www.big-animals.com\/wp-content\/uploads\/2011\/04\/Arctic_Sea_Ice_Decline.jpg\" alt=\"L'habitat dell'orso polare \u00e8 minacciato da riscaldamento globale\" width=\"537\" height=\"433\" \/><\/a><figcaption id=\"caption-attachment-842\" class=\"wp-caption-text\">The Polar Bear&#038;#39;s Habitat is Threatened by Global Warming<\/figcaption><\/figure>\n","protected":false},"excerpt":{"rendered":"<p>Gli orsi polari vivono all&#8217;interno del Circolo polare artico. Possono essere trovati nel Canada, nell&#8217;Alaska, in Norvegia ed in Russia del Nord. Sono la pi\u00f9 grande terra Carnivoran del mondo. (Il pi\u00f9 grande Carnivoran del mondo \u00e8 un genere di guarnizione, la guarnizione di elefante del sud e sta molto pi\u00f9 bene nel mare che &hellip; <a href=\"https:\/\/www.big-animals.com\/it\/polare-orso\/\" class=\"more-link\">Continue reading <span class=\"screen-reader-text\">Orso polare<\/span><\/a><\/p>\n","protected":false},"author":1,"featured_media":0,"parent":0,"menu_order":0,"comment_status":"closed","ping_status":"open","template":"","meta":{"_acf_changed":false,"footnotes":""},"acf":[],"_links":{"self":[{"href":"https:\/\/www.big-animals.com\/it\/wp-json\/wp\/v2\/pages\/47"}],"collection":[{"href":"https:\/\/www.big-animals.com\/it\/wp-json\/wp\/v2\/pages"}],"about":[{"href":"https:\/\/www.big-animals.com\/it\/wp-json\/wp\/v2\/types\/page"}],"author":[{"embeddable":true,"href":"https:\/\/www.big-animals.com\/it\/wp-json\/wp\/v2\/users\/1"}],"replies":[{"embeddable":true,"href":"https:\/\/www.big-animals.com\/it\/wp-json\/wp\/v2\/comments?post=47"}],"version-history":[{"count":1,"href":"https:\/\/www.big-animals.com\/it\/wp-json\/wp\/v2\/pages\/47\/revisions"}],"predecessor-version":[{"id":300,"href":"https:\/\/www.big-animals.com\/it\/wp-json\/wp\/v2\/pages\/47\/revisions\/300"}],"wp:attachment":[{"href":"https:\/\/www.big-animals.com\/it\/wp-json\/wp\/v2\/media?parent=47"}],"curies":[{"name":"wp","href":"https:\/\/api.w.org\/{rel}","templated":true}]}}