{"id":48,"date":"2011-05-09T09:26:26","date_gmt":"2011-05-09T09:26:26","guid":{"rendered":""},"modified":"2011-05-09T09:26:26","modified_gmt":"2011-05-09T09:26:26","slug":"salamandre","status":"publish","type":"page","link":"https:\/\/www.big-animals.com\/it\/salamandre\/","title":{"rendered":"Salamandre"},"content":{"rendered":"<p><span id=\"gts_text_1\" class=\"gts_text\">Ci sono circa 500 specie di <a title=\"Anfibio\" href=\"http:\/\/www.big-animals.com\/amphibian\/\">anfibi<\/a> chiamati Salamanders.<\/span> <span id=\"gts_text_2\" class=\"gts_text\">Hanno gli enti sottili, i brevi nasi e code lunghe.<\/span> <span id=\"gts_text_3\" class=\"gts_text\">Come tutti gli anfibi, sono vertebrati e sono il freddo blooded.<\/span> <span id=\"gts_text_4\" class=\"gts_text\">La maggior parte delle salamandre hanno 4 dita del piede sulle loro gambe anteriori e 5 dita del piede sui loro arti posteriori delle gambe.<\/span> <span id=\"gts_text_5\" class=\"gts_text\">Hanno 4 gambe come una lucertola.<\/span> <span id=\"gts_text_6\" class=\"gts_text\">Non hanno artigli.<\/span> <span id=\"gts_text_7\" class=\"gts_text\">Possono afferrare gli alberi con i loro piedi.<\/span><\/p>\n<figure id=\"attachment_888\" aria-describedby=\"caption-attachment-888\" style=\"width: 251px\" class=\"wp-caption alignleft\"><a href=\"http:\/\/www.big-animals.com\/wp-content\/uploads\/2011\/04\/Axolotl1.jpg\"><img loading=\"lazy\" decoding=\"async\" class=\"size-full wp-image-888\" title=\"Alcune salamandre vivono in acqua, alcune su terra\" src=\"http:\/\/www.big-animals.com\/wp-content\/uploads\/2011\/04\/Axolotl1.jpg\" alt=\"Alcune salamandre vivono in acqua, alcune su terra\" width=\"251\" height=\"202\" \/><\/a><figcaption id=\"caption-attachment-888\" class=\"wp-caption-text\">Some salamanders live in water, some on land<\/figcaption><\/figure>\n<h3><span id=\"gts_text_8\" class=\"gts_text\">Habitat della salamandra<\/span><\/h3>\n<p><span id=\"gts_text_9\" class=\"gts_text\">Hanno pelle umida perch\u00e9 vivono vicino o nell&#8217;acqua.<\/span> <span id=\"gts_text_10\" class=\"gts_text\">La maggior parte dei tipi di salamandre vivono in zone umide come piccoli corsi d&#8217;acqua o stagni.<\/span> <span id=\"gts_text_11\" class=\"gts_text\">\u00a0Sono trovati nelle maggiori parte del mondo eccezione fatta per i deserti e si avvicinano ai poli Nord di nord e sud.<\/span> <span id=\"gts_text_12\" class=\"gts_text\">Non sono trovati in Australia, in Antartide n\u00e9 la maggior parte dell&#8217;Africa.<\/span> <span id=\"gts_text_13\" class=\"gts_text\">Un terzo delle specie conosciute della salamandra \u00e8 trovato in America settentrionale.<\/span> <span id=\"gts_text_14\" class=\"gts_text\">Alcune salamandre passare le loro intere vite in acqua, alcune passano occasionalmente il tempo nell&#8217;acqua ed alcune passare la loro intera vita adulta su terra.<\/span><\/p>\n<p><span id=\"gts_text_15\" class=\"gts_text\">Le salamandre possono coltivare indietro i loro arti come pure l&#8217;altra parte del corpo quando sono danneggiate, appena come alcune lucertole pu\u00f2 ri-coltivare le loro code.<\/span> <span id=\"gts_text_16\" class=\"gts_text\">Tuttavia, \u00e8 pi\u00f9 strettamente connesse alle rane e non alle lucertole, anche se guardano pi\u00c3\u00b9 simile ad una lucertola che una rana.<\/span> <span id=\"gts_text_17\" class=\"gts_text\">La maggior parte delle specie di salamandre hanno piccolo o nessun arti che le fa assomigliare ad un&#8217;anguilla.<\/span> <span id=\"gts_text_18\" class=\"gts_text\">Spesso sono colorate brillantemente.<\/span> <span id=\"gts_text_19\" class=\"gts_text\">Le salamandre che restano sotterranee sono spesso bianche o rosa.<\/span><\/p>\n<p><span id=\"gts_text_20\" class=\"gts_text\">La maggior parte delle salamandre sono abbastanza piccole, ma ci sono alcuni realmente enormi.<\/span> <span id=\"gts_text_21\" class=\"gts_text\">Variano nella dimensione dall&#8217;salamandre minuscole con una lunghezza totale di 2.7cm (1 pollice) compreso la coda, alla <a title=\"Salamandra gigante cinese\" href=\"http:\/\/www.big-animals.com\/chinese-giant-salamander\/\">salamandra gigante cinese<\/a>, il pi\u00f9 grande anfibio di tutti, che possano raggiungere fino a 180cm (6 piedi) e pesare fino a 65kg (144 libbre).<\/span> <span id=\"gts_text_22\" class=\"gts_text\">La maggior parte delle salamandre hanno luogo fra 10cm-20cm di lunghezza (4-8 pollici).<\/span> <span id=\"gts_text_23\" class=\"gts_text\">Spargono regolarmente lo strato esterno della loro pelle mentre si sviluppano pi\u00f9 grandi &#8211; e poi mangieranno quella pelle morta!<\/span><\/p>\n<figure id=\"attachment_889\" aria-describedby=\"caption-attachment-889\" style=\"width: 300px\" class=\"wp-caption aligncenter\"><a href=\"http:\/\/www.big-animals.com\/wp-content\/uploads\/2011\/04\/Cave_salamander.jpg\"><img loading=\"lazy\" decoding=\"async\" class=\"size-medium wp-image-889\" title=\"Assomiglia ad una lucertola, ma \u00e8 pi\u00c3\u00b9 simile ad una rana\" src=\"http:\/\/www.big-animals.com\/wp-content\/uploads\/2011\/04\/Cave_salamander-300x103.jpg\" alt=\"Assomiglia ad una lucertola, ma \u00e8 pi\u00c3\u00b9 simile ad una rana\" width=\"300\" height=\"103\" \/><\/a><figcaption id=\"caption-attachment-889\" class=\"wp-caption-text\">This spotted salamander looks like a lizard, but it&#038;#39;s more like a frog<\/figcaption><\/figure>\n<p><span id=\"gts_text_24\" class=\"gts_text\">Le specie differenti di salamandre hanno metodi differenti di respirazione.<\/span> <span id=\"gts_text_25\" class=\"gts_text\">Quelli che non hanno polmoni respireranno attraverso le loro branchie.<\/span> <span id=\"gts_text_26\" class=\"gts_text\">La maggior parte di queste branchie sono fuori dei loro corpi, situati su entrambi i lati della testa.<\/span> <span id=\"gts_text_27\" class=\"gts_text\">Alcune salamandre vivono su terra ed hanno polmoni per aiutarli per respirare.<\/span> <span id=\"gts_text_28\" class=\"gts_text\">I loro polmoni sono semplici.<\/span> <span id=\"gts_text_29\" class=\"gts_text\">\u00a0La maggior parte delle specie come il Olm hanno sia i polmoni che branchie quando essi un adulto.\u00a0Alcune<\/span> <span id=\"gts_text_30\" class=\"gts_text\">salamandre che vivono sulla terra non hanno i polmoni e branchie &#8211; respirano attraverso la loro pelle.<\/span> <span id=\"gts_text_31\" class=\"gts_text\">Alcune specie con i polmoni possono anche respirare attraverso la loro pelle.<\/span><\/p>\n<p><span id=\"gts_text_32\" class=\"gts_text\">La pelle delle salamandre produce il muco che contribuisce a tenerli umide quando sono su terra asciutta ed inoltre le aiuta a mantenere il loro equilibrio del sale mentre nell&#8217;acqua.<\/span> <span id=\"gts_text_33\" class=\"gts_text\">Il muco fornisce un certo genere di lubrificante mentre nuota anche, per aiutarle per slittare pi\u00f9 facilmente attraverso l&#8217;acqua.<\/span> <span id=\"gts_text_34\" class=\"gts_text\">Con l&#8217;aiuto di questo lubrificante e dei loro piedi palmati, le salamandre sono grandi nuotatori.<\/span> <span id=\"gts_text_35\" class=\"gts_text\">Guardi fuori!<\/span> <span id=\"gts_text_36\" class=\"gts_text\">Alcune salamandre producono il veleno dalle ghiandole nella loro pelle per proteggerle dai predatori.<\/span><\/p>\n<h3><span id=\"gts_text_37\" class=\"gts_text\">Che cosa le salamandre mangiano?<\/span><\/h3>\n<p><span id=\"gts_text_38\" class=\"gts_text\">Hanno una lingua appiccicosa che le aiuta per prendere la loro preda.<\/span> <span id=\"gts_text_39\" class=\"gts_text\">Alcune salamandre possono sparare la loro lingua appiccicosa d&#8217;avanguardia per prendere la loro preda.<\/span> <span id=\"gts_text_40\" class=\"gts_text\">La maggior parte delle specie di salamandra hanno piccoli denti sia nelle mascelle superiori che pi\u00f9 basse, a differenza di una rana tipica, che ha soltanto denti sulla mascella superiore.<\/span> <span id=\"gts_text_41\" class=\"gts_text\">Anche le larve delle salamandre hanno denti!<\/span> <span id=\"gts_text_42\" class=\"gts_text\">Le salamandre gradiscono mangiare le lumache.<\/span><\/p>\n<figure id=\"attachment_890\" aria-describedby=\"caption-attachment-890\" style=\"width: 300px\" class=\"wp-caption aligncenter\"><a href=\"http:\/\/www.big-animals.com\/wp-content\/uploads\/2011\/04\/Colorful_Salamander.jpg\"><img loading=\"lazy\" decoding=\"async\" class=\"size-medium wp-image-890\" title=\"Le salamandre spesso sono colorate brillantemente\" src=\"http:\/\/www.big-animals.com\/wp-content\/uploads\/2011\/04\/Colorful_Salamander-300x104.jpg\" alt=\"Le salamandre spesso sono colorate brillantemente\" width=\"300\" height=\"104\" \/><\/a><figcaption id=\"caption-attachment-890\" class=\"wp-caption-text\">Salamanders are often brightly colored<\/figcaption><\/figure>\n<p><span id=\"gts_text_43\" class=\"gts_text\">Hanno un buon senso dell&#8217;odore ma hanno udienza pessima.<\/span> <span id=\"gts_text_44\" class=\"gts_text\">\u00a0La maggior parte delle salamandre hanno la buona vista, salvo che quelle che nel sottosuolo hanno vista difficile &#8211; i loro occhi possono anche essere coperti da uno strato di pelle.<\/span> <span id=\"gts_text_45\" class=\"gts_text\">Usano i loro occhi per cercare per alimento.<\/span> <span id=\"gts_text_46\" class=\"gts_text\">Le larve e le salamandre adulte che vivono nell&#8217;acqua hanno una linea di percezione speciale dai loro lati (appena come il pesce faccia) per individuare il movimento e le vibrazioni nell&#8217;acqua.<\/span> <span id=\"gts_text_47\" class=\"gts_text\">Questo organo sensoriale le protegge dai loro predatori.<\/span> <span id=\"gts_text_48\" class=\"gts_text\">Non hanno orecchio esterno.<\/span> <span id=\"gts_text_49\" class=\"gts_text\">Utilizzano la loro coda per sfuggire a rapidamente quando hanno bisogno di.<\/span> <span id=\"gts_text_50\" class=\"gts_text\">Quando gli attacchi predatori una salamandra, la sua coda diminuiranno e si contorceranno intorno per un po&#8217;e questo dar\u00e0 alla salamandra una probabilit\u00e0 sfuggire a mentre il predatore \u00e8 distratto dalla coda contorcentesi.<\/span> <span id=\"gts_text_51\" class=\"gts_text\">Soltanto in alcune settimane, la salamandra pu\u00f2 svilupparsi indietro che coda mancante o qualsiasi altri arti che pu\u00f2 perdere.<\/span><\/p>\n<p><span id=\"gts_text_52\" class=\"gts_text\">Le salamandre fanno le loro uova nell&#8217;acqua.<\/span> <span id=\"gts_text_53\" class=\"gts_text\">Passare la prima parte della loro vita nell&#8217;acqua.<\/span> <span id=\"gts_text_54\" class=\"gts_text\">Le uova coveranno nelle larve.<\/span> <span id=\"gts_text_55\" class=\"gts_text\">Queste larve hanno branchie da respirare.<\/span> <span id=\"gts_text_56\" class=\"gts_text\">Secondo le specie, la fase larvale pu\u00f2 o pu\u00f2 o avere gambe.<\/span> <span id=\"gts_text_57\" class=\"gts_text\">La fase larvale pu\u00f2 durare a partire dai giorni agli anni, secondo le specie della salamandra.<\/span> <span id=\"gts_text_58\" class=\"gts_text\">Alcune specie come la salamandra di Dunn non ha fase larvale.<\/span> <span id=\"gts_text_59\" class=\"gts_text\">I bambini assomigliano al loro pap\u00e0 ed alla loro mummia.<\/span><\/p>\n<p><span id=\"gts_text_60\" class=\"gts_text\">Il numero delle salamandre nel mondo sta scendendo dovuto la gente che distrugge le foreste e le zone umide e dovuto mutamento climatico.<\/span><\/p>\n","protected":false},"excerpt":{"rendered":"<p>Ci sono circa 500 specie di anfibi chiamati Salamanders. Hanno gli enti sottili, i brevi nasi e code lunghe. Come tutti gli anfibi, sono vertebrati e sono il freddo blooded. La maggior parte delle salamandre hanno 4 dita del piede sulle loro gambe anteriori e 5 dita del piede sui loro arti posteriori delle gambe. &hellip; <a href=\"https:\/\/www.big-animals.com\/it\/salamandre\/\" class=\"more-link\">Continue reading <span class=\"screen-reader-text\">Salamandre<\/span><\/a><\/p>\n","protected":false},"author":1,"featured_media":0,"parent":0,"menu_order":0,"comment_status":"closed","ping_status":"open","template":"","meta":{"_acf_changed":false,"footnotes":""},"acf":[],"_links":{"self":[{"href":"https:\/\/www.big-animals.com\/it\/wp-json\/wp\/v2\/pages\/48"}],"collection":[{"href":"https:\/\/www.big-animals.com\/it\/wp-json\/wp\/v2\/pages"}],"about":[{"href":"https:\/\/www.big-animals.com\/it\/wp-json\/wp\/v2\/types\/page"}],"author":[{"embeddable":true,"href":"https:\/\/www.big-animals.com\/it\/wp-json\/wp\/v2\/users\/1"}],"replies":[{"embeddable":true,"href":"https:\/\/www.big-animals.com\/it\/wp-json\/wp\/v2\/comments?post=48"}],"version-history":[{"count":1,"href":"https:\/\/www.big-animals.com\/it\/wp-json\/wp\/v2\/pages\/48\/revisions"}],"predecessor-version":[{"id":321,"href":"https:\/\/www.big-animals.com\/it\/wp-json\/wp\/v2\/pages\/48\/revisions\/321"}],"wp:attachment":[{"href":"https:\/\/www.big-animals.com\/it\/wp-json\/wp\/v2\/media?parent=48"}],"curies":[{"name":"wp","href":"https:\/\/api.w.org\/{rel}","templated":true}]}}