{"id":50,"date":"2011-05-09T09:27:35","date_gmt":"2011-05-09T09:27:35","guid":{"rendered":""},"modified":"2014-09-25T17:48:05","modified_gmt":"2014-09-25T17:48:05","slug":"gigante-moa-alto-uccello-la-mai-era","status":"publish","type":"page","link":"https:\/\/www.big-animals.com\/it\/gigante-moa-alto-uccello-la-mai-era\/","title":{"rendered":"Il Moa gigante: l&#8217;uccello pi\u00f9&#8217; alto mai esistito!"},"content":{"rendered":"<h3>L&#8217;estinto Moa gigante<\/h3>\n<p><span id=\"gts_text_2\" class=\"gts_text\"><a title=\"I pi\u00f9 grandi uccelli del mondo!\" href=\"http:\/\/www.big-animals.com\/it\/mondo-gran-uccelli\/\">L&#8217;uccello<\/a> pi\u00f9 alto mai esistito e&#8217; il Moa gigante.<\/span>\u00a0Secondo alcuni scienziati il Moa aveva l&#8217;aspetto di\u00a0<span id=\"gts_text_3\" class=\"gts_text\">uno struzzo molto grande, per altri invece esso non camminava tenendo\u00a0il suo collo cosi&#8217; teso verso l&#8217;alto.<\/span> <span id=\"gts_text_4\" class=\"gts_text\">Supponendo che effettivamente questo animale caminnasse\u00a0come lo struzzo, le femmine sarebbero state alte circa tre metri (i maschi erano invece pi\u00f9&#8217; bassi).\u00a0Purtroppo non ci sono certezze in proposito, visto che l&#8217;ultimo Moa gigante \u00e8 morto circa 500 anni fa.<\/span><\/p>\n<h3><span id=\"gts_text_6\" class=\"gts_text\">I Moa\u00a0della Nuova Zelanda<\/span><\/h3>\n<p><span id=\"gts_text_7\" class=\"gts_text\">Il Moas era un intero gruppo di uccelli, che hanno vissuto in Nuova Zelanda.<\/span> <span id=\"gts_text_8\" class=\"gts_text\">Il Moa gigante era il pi\u00f9 grande Moa, il pi\u00f9 piccolo era circa la dimensione di un tacchino.<\/span> <span id=\"gts_text_9\" class=\"gts_text\">Il Moas gigante ha vissuto in foreste.<\/span> <span id=\"gts_text_10\" class=\"gts_text\">Erano cos\u00ec grandi che prima che la gente arrivasse, hanno avute soltanto un nemico &#8211; un&#8217;aquila gigantesca chiamata Eagle di Haast.<\/span> <span id=\"gts_text_11\" class=\"gts_text\">Purtroppo, cos\u00ec grande uccello sarebbe stato un fermo molto buon per un cacciatore con una famiglia affamata.<\/span> <span id=\"gts_text_12\" class=\"gts_text\">Inoltre, il nuovo Zealands iniziale ha cominciato rimuovere la foresta per fare le aziende agricole, in modo dal Moa gigante ha avuto sempre meno spazio da vivere.<\/span><\/p>\n<h3><span id=\"gts_text_13\" class=\"gts_text\">Informazioni del Moa gigante<\/span><\/h3>\n<p><span id=\"gts_text_14\" class=\"gts_text\">Il Moas ha appartenuto ad un gruppo di uccelli chiamati <a title=\"Struzioniformi\" href=\"http:\/\/www.big-animals.com\/it\/struzioniformi\/\"><span style=\"font-style: italic\">Ratites<\/span><\/a>, che includono gli em\u00f9, gli struzzi ed il kiwi.<\/span> <span id=\"gts_text_15\" class=\"gts_text\">Il loro osso del torace \u00e8 piano, come una zattera (la <span style=\"font-style: italic\">struzioniforme di<\/span> parola viene dalla parola latina per la zattera).<\/span> <span id=\"gts_text_16\" class=\"gts_text\">Ci\u00f2 significa che i muscoli di ala di una struzioniforme non sarebbero abbastanza forti aiutarlo per volare, anche se le ali erano grandi e l&#8217;uccello molto piccolo.<\/span> <span id=\"gts_text_17\" class=\"gts_text\">In effetti, il Moa gigante sembra non avere ali affatto!<\/span><\/p>\n<p><span id=\"gts_text_18\" class=\"gts_text\">Cos\u00ec il Moa gigante, perch\u00e9 era mai l&#8217;uccello pi\u00f9 alto del mondo, era mai inoltre la struzioniforme pi\u00f9 alta e mai il Moa pi\u00f9 alto!\u00a0Mai l&#8217;uccello pi\u00f9 pesante (l&#8217;<a title=\"Uccello Elefante\" href=\"http:\/\/www.big-animals.com\/it\/elephant-bird-2\/\">uccello di elefante<\/a>) e l&#8217;oggi vivo dell&#8217;uccello pi\u00f9 alto e pi\u00f9 pesante (lo <a title=\"Lo struzzo \u2013 il pi\u00f9 grande uccello del mondo!\" href=\"http:\/\/www.big-animals.com\/it\/struzzo-mondo-gran-uccello\/\">struzzo<\/a>) sono tutte le struzioniformi ugualmente &#8211; vero un gruppo stupefacente di uccelli!<\/span><\/p>\n<h3><span id=\"gts_text_19\" class=\"gts_text\">Immagini del Moa gigante<\/span><\/h3>\n<p><span id=\"gts_text_20\" class=\"gts_text\">Purtroppo, perch\u00e9 sono estinte, nessuno conosce esattamente a che cosa un Moa gigante ha assomigliato.<\/span> <span id=\"gts_text_21\" class=\"gts_text\">Potete vedere le loro ossa in alcuni musei e gli artisti hanno fatto le congetture e le immagini tirate.<\/span> <span id=\"gts_text_22\" class=\"gts_text\"><a href=\"http:\/\/images.google.com.au\/images?q=Giant+Moa\" target=\"_blank\">Una ricerca di immagine di googlare vi<\/a> mostrer\u00e0 molti esempi!<\/span><\/p>\n","protected":false},"excerpt":{"rendered":"<p>L&#8217;estinto Moa gigante L&#8217;uccello pi\u00f9 alto mai esistito e&#8217; il Moa gigante.\u00a0Secondo alcuni scienziati il Moa aveva l&#8217;aspetto di\u00a0uno struzzo molto grande, per altri invece esso non camminava tenendo\u00a0il suo collo cosi&#8217; teso verso l&#8217;alto. Supponendo che effettivamente questo animale caminnasse\u00a0come lo struzzo, le femmine sarebbero state alte circa tre metri (i maschi erano invece &hellip; <a href=\"https:\/\/www.big-animals.com\/it\/gigante-moa-alto-uccello-la-mai-era\/\" class=\"more-link\">Continue reading <span class=\"screen-reader-text\">Il Moa gigante: l&#8217;uccello pi\u00f9&#8217; alto mai esistito!<\/span><\/a><\/p>\n","protected":false},"author":1,"featured_media":0,"parent":0,"menu_order":0,"comment_status":"closed","ping_status":"open","template":"","meta":{"_acf_changed":false,"footnotes":""},"acf":[],"_links":{"self":[{"href":"https:\/\/www.big-animals.com\/it\/wp-json\/wp\/v2\/pages\/50"}],"collection":[{"href":"https:\/\/www.big-animals.com\/it\/wp-json\/wp\/v2\/pages"}],"about":[{"href":"https:\/\/www.big-animals.com\/it\/wp-json\/wp\/v2\/types\/page"}],"author":[{"embeddable":true,"href":"https:\/\/www.big-animals.com\/it\/wp-json\/wp\/v2\/users\/1"}],"replies":[{"embeddable":true,"href":"https:\/\/www.big-animals.com\/it\/wp-json\/wp\/v2\/comments?post=50"}],"version-history":[{"count":2,"href":"https:\/\/www.big-animals.com\/it\/wp-json\/wp\/v2\/pages\/50\/revisions"}],"predecessor-version":[{"id":540,"href":"https:\/\/www.big-animals.com\/it\/wp-json\/wp\/v2\/pages\/50\/revisions\/540"}],"wp:attachment":[{"href":"https:\/\/www.big-animals.com\/it\/wp-json\/wp\/v2\/media?parent=50"}],"curies":[{"name":"wp","href":"https:\/\/api.w.org\/{rel}","templated":true}]}}