{"id":52,"date":"2011-05-09T09:28:00","date_gmt":"2011-05-09T09:28:00","guid":{"rendered":""},"modified":"2013-11-23T10:16:27","modified_gmt":"2013-11-23T10:16:27","slug":"elefante-africano","status":"publish","type":"page","link":"https:\/\/www.big-animals.com\/it\/elefante-africano\/","title":{"rendered":"Elefante Africano &#8211; Il Pi\u00f9 Grande Animale Terrestre del Mondo!"},"content":{"rendered":"<p><strong>Quanto \u00e8 grande l&#8217;Elefante Africano?<\/strong><\/p>\n<p>L&#8217;Elefante Africano (Loxodonta Africana) \u00e8 l&#8217;animale di terra pi\u00f9 grande del mondo. Un maschio adulto \u00e8 alto circa 10-11 piedi (dai 3 ai 3.5 metri), lungo circa 20-24 piedi (6-7 metri) e pesa circa 15000 lb (7500)kg. Le femmine sono leggermente pi\u00f9 piccole. Essi possono mangiare 500lb (225 kg) di cibo ogni giorno, e bere 50 galloni (190 litri) d&#8217;acqua. L&#8217;immagine di cui sotto mostra quanto sia grande l&#8217;Elefante Africano in confronto ad un essere umano.<\/p>\n<p>Per via delle sue dimensioni, un elefante adulto non ha quasi alcun nemico. Un cucciolo di elefante potrebbe venire attaccato da un leone o un coccodrillo ma l&#8217;unica creatura che possa danneggiare un elefante adulto \u00e8 un essere umano ben equipaggiato &#8211; anche se in alcuni parchi naturali, ci sono grandi branchi di leoni che riescono ad uccidere un elefante adulto utilizzando un intelligente strategia e gioco di squadra.<\/p>\n<figure id=\"attachment_617\" aria-describedby=\"caption-attachment-617\" style=\"width: 300px\" class=\"wp-caption alignleft\"><a href=\"http:\/\/www.big-animals.com\/wp-content\/uploads\/2008\/11\/elephant-and-human1.png\"><img loading=\"lazy\" decoding=\"async\" class=\"size-medium wp-image-617\" title=\"Elefante ed essere umano di Bush dell'Africano\" alt=\"Elefante ed essere umano di Bush dell'Africano\" src=\"http:\/\/www.big-animals.com\/wp-content\/uploads\/2008\/11\/elephant-and-human1-300x189.png\" width=\"300\" height=\"189\" \/><\/a><figcaption id=\"caption-attachment-617\" class=\"wp-caption-text\">African Bush Elephant And Human<\/figcaption><\/figure>\n<h3><span class=\"gts_text\" id=\"gts_text_9\">Bracconaggio degli Elefanti<\/span><\/h3>\n<p>Agli elefanti, in passato, fu data la caccia per la loro carne e per le loro pelli, per il cos\u00ec-chiamato &#8220;divertimento&#8221; del cacciare un elefante e specialmente per le loro zanne, le quali sono fatte di avorio. Nel 19simo secolo, l&#8217;avorio veniva usato per i tasti di pianoforte, preziose opere d&#8217;arte ed altre cose. Data la grande richiesta d&#8217;avorio, molti elefanti vennero uccisi &#8211; migliaglia ogni anno. La popolazione degli elefanti africani si ridusse da diversi milioni nel 1900 fino a solo 700.000 nel 1989, quando fu bandita la caccia agli elefanti per l&#8217;avorio. Se questo non fosse stato fatto, l&#8217;elefante africano si sarebbe estinto negli anni &#8217;90 del 1900. Allo stato attuale, ci sono circa 2 milioni di elefanti africani.<\/p>\n<p>Al giorno d&#8217;oggi \u00e8 contro la legge uccidere elefanti per ricavarne avorio, e in molti paesi \u00e8 contro la legge venderlo o comprarlo. Nonostante ci\u00f2, ci sono criminali che cacciano elefanti illegalmente. Questi cacciatori sono chiamati &#8220;bracconieri&#8221; e causano enormi danni. Per esempio, nel paese africano chiamato Chad, il numero di elefanti \u00e8 calato da 300.00 fino a solo 10.000 in un periodo di 40 anni &#8211; il tutto per via della caccia illegale.<\/p>\n<p><img decoding=\"async\" title=\"un'immagine di un elefante africano di Bush\" alt=\"un'immagine di un elefante africano di Bush\" src=\"http:\/\/ba.dr-mikes-maths.com\/\/wp-content\/themes\/twentyten\/images\/ba\/african-bush-elephant.jpg\" \/><\/p>\n<h3><span class=\"gts_text\">Elefanti Africani ed Asiatici<\/span><\/h3>\n<p>Gli scienziati un tempo classificavano gli elefanti in due specie differenti, l&#8217;Elefante Africano e l&#8217;Elefante Asiatico (o Indiano). Dallo stutdio del DNA dell&#8217;Elefante Africano si realizz\u00f2 che l&#8217;Elefante Africano si divide in realt\u00e0 in due specie differenti, le quali sono chiamate l&#8217;Elefante Africano e l&#8217;Elefante Africano della Foresta<br \/>\nL&#8217;Elefante Africano \u00e8 il pi\u00f9 grande dei due tipi di Elefante Africano ed entrambi i tipi di Elefante Africano sono pi\u00f9 grandi dell&#8217;Elefante Asiatico.<\/p>\n<p>Queste tre specie sono le uniche creature viventi nell&#8217;ordine delle Elephantidae, e le Elephantidae sono l&#8217;unico ordine di mammiferi nella famiglia delle Proboscidea (la parola Proboscidae viene dalla parola Greca che indica il &#8220;naso&#8221;). Dunque, l&#8217;Elefante Africano<\/p>\n<p>&gt;&gt; Il pi\u00f9 grande delle tre Elephantidae<br \/>\n&gt;&gt; Il pi\u00f9 grande delle tre Proboscidea<br \/>\n&gt;&gt; Il pi\u00f9 grande dei pi\u00f9 di 3900 mammiferi terrestri<\/p>\n<p>oltre ad essere l&#8217;animale pi\u00f9 grande del mondo. Il mammifero pi\u00f9 grande di tutti \u00e8 la Balena Blu.<\/p>\n<h3><span class=\"gts_text\" id=\"gts_text_31\">Zanne Di Elefante<\/span><\/h3>\n<p>Le zanne di un elefante sono in realt\u00e0 dei denti molto grandi. Altri animali con zanne sono i trichechi, i cinghiali selvatici e i narvali.<\/p>\n<h3>Miti e Fatti sugli Elefanti<\/h3>\n<p>C&#8217;\u00e8 un detto che dice che &#8220;un elefante non dimentica mai&#8221;. Anche se questo non \u00e8 probabilmente pi\u00f9 vero per gli elefanti che per le persone, quello che \u00e8 (corsivo) vero \u00e8 che gli elefanti sono animali molto intelligenti. A volte la sopravvivenza di un branco pu\u00f2 dipendere dalla capacit\u00e0 del membro pi\u00f9 vecchio di ricordare dove ha trovato l&#8217;acqua durante una siccit\u00e0 molte decadi addietro. Sono stati anche notati elefanti che utilizzavano &#8220;utensili&#8221; &#8211; per esempio, si grattavano la schiena utilizzando dei rami oppure utilizzavano legno masticato per tappare una pozzangera, durante un clima secco, cos\u00ec che non si asciugasse al sole **<\/p>\n<p>Se un branco di elefanti incontra un elefante morto, essi vi si riuniscono attorno e, a volte, lo toccano con il loro *trunk* &#8211; quasi come se lo stessero compiangendo. In ogni modo, i famosi &#8220;cimiteri degli elefanti&#8221; dove gli elefanti vanno a morire sono solo un mito. Gli elefanti non cercano alcun posto speciale per morire quando arriva la loro ora.<\/p>\n<p>Un elefante pu\u00f2 vivere fino a 60-70 anni nella foresta. Alcuni elefanti in cattivit\u00e0 hanno vissuto fino a 80 anni.<\/p>\n<p><strong>Dieta e Habitat degli Elefanti<\/strong><\/p>\n<p>L&#8217;Elefante Africano vive quasi dappertutto in Africa del Sud o nel deserto del Sahara, eccetto che nelle ginugle. Essi preferiscono praterie aperte e savane, e, sono stati osservati nel buttare deliberatamente gi\u00f9 degli alberi! le femmine viaggiano in piccoli gruppi famigliari, i maschi viaggiano da soli, eccetto quando sono giovani. Essi viaggiano molto lontano in cerca di cibo e acqua. Gli elefanti sono erbivori e mangiano una grande variet\u00e0 di differenti piante. Molte piante traggono beneficio da questo, perch\u00e9 gli elefanti portano con loro i semi delle piante nel loro stomaco per lunghe distanze e poi &#8220;piantano&#8221; i semi in una grande pila di escrementi di elefante fertilizzanti!<\/p>\n<p><span class=\"gts_text\" id=\"gts_text_45\">L&#8217;elefante africano di Bush vive quasi dappertutto in Africa a sud del deserto del Sahara, eccetto nelle giungle.<\/span> <span class=\"gts_text\" id=\"gts_text_46\">Preferiscono i pascoli e le savanne aperti ed anche sono state osservate deliberatamente abbattere gli alberi!<\/span> <span class=\"gts_text\" id=\"gts_text_47\">Le femmine viaggiano nei piccoli gruppi della famiglia, il viaggio dei maschi da solo, eccetto quando sono giovani.<\/span> <span class=\"gts_text\" id=\"gts_text_48\">Viaggieranno molto lontano alla ricerca di alimento o dell&#8217;acqua.<\/span> <span class=\"gts_text\" id=\"gts_text_49\">Gli elefanti sono pianta-mangiatori e mangiano un&#8217;ampia variet\u00e0 di tipi differenti di piante.\u00a0<\/span> <span class=\"gts_text\" id=\"gts_text_50\">Molte piante traggono giovamento da questa, perch\u00e9 gli elefanti portano i semi delle piante in loro stomaco per le distanze lunghe e poi \u201cpianti\u201e i semi in un grande mucchio del fertilizzante di cacca dell&#8217;elefante!<\/span><\/p>\n<h3><span class=\"gts_text\" id=\"gts_text_51\">Gli Elefanti e le Persone<\/span><\/h3>\n<p>Oltre a cacciarli per le carni e l&#8217;avorio, i popoli hanno fatto uso per lungo tempo della grande forza degli elefanti per tirare grandi pesi, equipaggiamenti pesanti e cos\u00ec via. Gli elefanti sono stati usati in guerra &#8211; uno degli esempi pi\u00f9 famosi \u00e8 quando Annibale port\u00f2 degli elefanti da guerra sopra le Alpi per attaccare l&#8217;impero romano, Gli Elefanti Asiatici furono una parte importante dell&#8217;esercito indiano fino all&#8217;invenzione del cannone nel 17esimo secolo. Essi hanno anche un posto speciale nella religione Hindu. Ora, gli elefanti sono un&#8217; attrazione turistica in qualsiasi zoo o safari.<\/p>\n<p><em>Traduzione italiana a cura di Leonardo Paoletti<\/em><\/p>\n<p><em>Italian translation by Leonardo Paoletti<\/em><\/p>\n<p><a href=\"http:\/\/www.paolettitranslations.com\" target=\"_blank\"><em>Paoletti Translations Website<\/em><\/a><\/p>\n","protected":false},"excerpt":{"rendered":"<p>Quanto \u00e8 grande l&#8217;Elefante Africano? L&#8217;Elefante Africano (Loxodonta Africana) \u00e8 l&#8217;animale di terra pi\u00f9 grande del mondo. Un maschio adulto \u00e8 alto circa 10-11 piedi (dai 3 ai 3.5 metri), lungo circa 20-24 piedi (6-7 metri) e pesa circa 15000 lb (7500)kg. Le femmine sono leggermente pi\u00f9 piccole. Essi possono mangiare 500lb (225 kg) di &hellip; <a href=\"https:\/\/www.big-animals.com\/it\/elefante-africano\/\" class=\"more-link\">Continue reading <span class=\"screen-reader-text\">Elefante Africano &#8211; Il Pi\u00f9 Grande Animale Terrestre del Mondo!<\/span><\/a><\/p>\n","protected":false},"author":1,"featured_media":0,"parent":0,"menu_order":0,"comment_status":"closed","ping_status":"open","template":"","meta":{"_acf_changed":false,"footnotes":""},"acf":[],"_links":{"self":[{"href":"https:\/\/www.big-animals.com\/it\/wp-json\/wp\/v2\/pages\/52"}],"collection":[{"href":"https:\/\/www.big-animals.com\/it\/wp-json\/wp\/v2\/pages"}],"about":[{"href":"https:\/\/www.big-animals.com\/it\/wp-json\/wp\/v2\/types\/page"}],"author":[{"embeddable":true,"href":"https:\/\/www.big-animals.com\/it\/wp-json\/wp\/v2\/users\/1"}],"replies":[{"embeddable":true,"href":"https:\/\/www.big-animals.com\/it\/wp-json\/wp\/v2\/comments?post=52"}],"version-history":[{"count":14,"href":"https:\/\/www.big-animals.com\/it\/wp-json\/wp\/v2\/pages\/52\/revisions"}],"predecessor-version":[{"id":296,"href":"https:\/\/www.big-animals.com\/it\/wp-json\/wp\/v2\/pages\/52\/revisions\/296"}],"wp:attachment":[{"href":"https:\/\/www.big-animals.com\/it\/wp-json\/wp\/v2\/media?parent=52"}],"curies":[{"name":"wp","href":"https:\/\/api.w.org\/{rel}","templated":true}]}}