{"id":56,"date":"2011-05-09T09:30:39","date_gmt":"2011-05-09T09:30:39","guid":{"rendered":""},"modified":"2013-05-08T15:36:56","modified_gmt":"2013-05-08T15:36:56","slug":"mondo-gran-animali","status":"publish","type":"page","link":"https:\/\/www.big-animals.com\/it\/mondo-gran-animali\/","title":{"rendered":"I pi\u00f9 grandi animali del mondo!"},"content":{"rendered":"<p><span class=\"gts_text\" id=\"gts_text_1\"><strong>Che cos&#8217;\u00e8 un animale?<\/strong><\/span><\/p>\n<p><a name=\"gts_text_3\"><\/a><span style=\"color: #333333\"><span style=\"font-family: Georgia, 'Times New Roman', 'Bitstream Charter', Times, serif\"><span style=\"font-size: small\">Gli animali sono esseri viventi.\u00a0Le caratteristiche che distinguono un animale dagli altri esseri viventi (quali piante, funghi ecc) sono le seguenti:<\/span><\/span><\/span><\/p>\n<ul>\n<li><span style=\"color: #333333\"><span style=\"font-family: Georgia, 'Times New Roman', 'Bitstream Charter', Times, serif\"><span style=\"font-size: small\">A differenza dei batteri, il corpo di un animale \u00e8 composto da molte cellule.<\/span><\/span><\/span><\/li>\n<li><a name=\"gts_text_6\"><\/a><a name=\"gts_text_7\"><\/a> <span style=\"color: #333333\"><span style=\"font-family: Georgia, 'Times New Roman', 'Bitstream Charter', Times, serif\"><span style=\"font-size: small\">A differenza delle piante, un animale non pu\u00f2 creare il proprio cibo &#8211; deve mangiare per sopravvivere.\u00a0Questo perch\u00e9 la maggior parte degli animali respirano ossigeno.\u00a0(Le piante respirano anidride carbonica).<\/span><\/span><\/span><\/li>\n<li><span style=\"color: #333333\"><span style=\"font-family: Georgia, 'Times New Roman', 'Bitstream Charter', Times, serif\"><span style=\"font-size: small\">A differenza delle piante e dei funghi, le cellule animali hanno una membrana flessibile, piuttosto che una parete solida.<\/span><\/span><\/span><\/li>\n<\/ul>\n<p><a name=\"gts_text_10\"><\/a><span style=\"color: #333333\"><span style=\"font-family: Georgia, 'Times New Roman', 'Bitstream Charter', Times, serif\"><span style=\"font-size: small\">Inoltre, gli animali si possono muovere \u00a0e rispondono all&#8217;ambiente.\u00a0Il pi\u00f9 grande animale del mondo \u00e8 la\u00a0<\/span><\/span><\/span><a href=\"http:\/\/www.big-animals.com\/it\/blu-balena-gran-animale-la-mai-era\/\">balena blu<\/a><span style=\"color: #333333\"><span style=\"font-family: Georgia, 'Times New Roman', 'Bitstream Charter', Times, serif\"><span style=\"font-size: small\">.<\/span><\/span><\/span><\/p>\n<p><strong><span><span><span style=\"font-size: small\">Quali generi di animali esistono ?<\/span><\/span><\/span><\/strong><\/p>\n<p><a name=\"gts_text_13\"><\/a><span style=\"color: #333333\"><span style=\"font-family: Georgia, 'Times New Roman', 'Bitstream Charter', Times, serif\"><span style=\"font-size: small\">Il regno animale \u00e8 diviso in una serie di gruppi, chiamati\u00a0<\/span><\/span><\/span><strong><span style=\"color: #333333\"><span style=\"font-family: Georgia, 'Times New Roman', 'Bitstream Charter', Times, serif\"><span style=\"font-size: small\">phyla<\/span><\/span><\/span><\/strong><span style=\"color: #333333\"><span style=\"font-family: Georgia, 'Times New Roman', 'Bitstream Charter', Times, serif\"><span style=\"font-size: small\">.\u00a0Questi includono:<\/span><\/span><\/span><\/p>\n<ul>\n<li><a name=\"gts_text_15\"><\/a> <span style=\"color: #333333\"><span style=\"font-family: Georgia, 'Times New Roman', 'Bitstream Charter', Times, serif\"><span style=\"font-size: small\">Acanthocephala, che significa &#8221; testa spinosa&#8221;, contiene 850 specie di \u201cvermi a testa spinosa\u201e.\u00a0Questi parassiti hanno una bocca coperta di spine con cui si agganciano al rivestimento dello stomaco della loro vittima.<\/span><\/span><\/span><\/li>\n<li><a name=\"gts_text_17\"><\/a> <span style=\"color: #333333\"><span style=\"font-family: Georgia, 'Times New Roman', 'Bitstream Charter', Times, serif\"><span style=\"font-size: small\">Acoelomorpha,\u00a0che significa\u00a0\u201csenza intestino\u201e, non hanno lo stomaco.\u00a0Queste creature minuscole formano una specie di gelatina in cui il loro alimento \u00e8 assorbito.<\/span><\/span><\/span><\/li>\n<li><a name=\"gts_text_19\"><\/a> <span style=\"color: #333333\"><span style=\"font-family: Georgia, 'Times New Roman', 'Bitstream Charter', Times, serif\"><span style=\"font-size: small\">Annelida,\u00a0che significa\u00a0\u201cpiccolo anello\u201e, contengono 15000 specie di vermi segmentati, compreso il lombrico comune.\u00a0Se osservate questi vermi vedrete come il loro corpo sia composto da tanti anelli circolari.<\/span><\/span><\/span><\/li>\n<li><a name=\"gts_text_21\"><\/a><a name=\"gts_text_22\"><\/a> <a href=\"http:\/\/www.big-animals.com\/it\/mondo-gran-artropodi\/\">Arthropoda<\/a><span style=\"color: #333333\"><span style=\"font-family: Georgia, 'Times New Roman', 'Bitstream Charter', Times, serif\"><span style=\"font-size: small\">,che significa\u00a0\u201cpiede unito\u201e.\u00a0Questo \u00e8\u00a0di gran lunga\u00a0il pi\u00f9 numeroso\u00a0phylum\u00a0, con oltre un milione di specie.\u00a0Include insetti, ragni, granchi &#8211; e molti altri animali con \u201cun esoscheletro\u201e duro.<\/span><\/span><\/span><\/li>\n<li><a name=\"gts_text_24\"><\/a><a name=\"gts_text_25\"><\/a> <span style=\"color: #333333\"><span style=\"font-family: Georgia, 'Times New Roman', 'Bitstream Charter', Times, serif\"><span style=\"font-size: small\">Brachiopoda,\u00a0che significa\u00a0\u201cbraccio-piede\u201e, \u00e8 un piccolo\u00a0phylum\u00a0di animali marini.\u00a0Vivono in un guscio, come le vongole ed altri bivalve, ma all&#8217;interno sono molto differenti dai bivalve.\u00a0Sono dotati di\u00a0un insieme di tentacoli disposti intorno alle loro bocche e si attaccano alle rocce.<\/span><\/span><\/span><\/li>\n<li><span class=\"gts_text\" id=\"gts_text_26\">I briozoi significa \u201canimali di muschio\u201e.<\/span> <span class=\"gts_text\" id=\"gts_text_27\">Queste creature sono solitamente molto piccole e vivono in colonie, formano dei gruppi compatti sulle masse rocciose.<\/span> <span class=\"gts_text\" id=\"gts_text_28\">Ci sono circa 5000 specie di bryozoa.<\/span><\/li>\n<li><span class=\"gts_text\" id=\"gts_text_29\">il Chaetognatha (significa \u201cmascella con lunghi peli\u201e) contiene le circa 100 specie di vermi a freccia.<\/span> <span class=\"gts_text\" id=\"gts_text_30\">Sebbene ci siano pochi tipi di questo plancton minuscolo, la popolazione di alcune specie \u00e8 enorme!<\/span><\/li>\n<li><span class=\"gts_text\" id=\"gts_text_31\"><a title=\"Il pi\u00f9 grande Chordates del mondo!\" href=\"http:\/\/www.big-animals.com\/it\/mondo-il-piu-grande-chordates\/\">Cordat<\/a>i\u00a0(significa \u201c cavo\u201e).<\/span> <span class=\"gts_text\" id=\"gts_text_32\">Gli animali in questo phylum hanno una spina dorsale vuota contenente un nervo importante.<\/span> <span class=\"gts_text\" id=\"gts_text_33\">S\u00ec, proprio come noi!<\/span> <span class=\"gts_text\" id=\"gts_text_34\">E tutti gli animali pi\u00f9 familiari &#8211; gatti, cani, uccelli, pesce, rane, tartarughe, ecc &#8211; compreso <a title=\"La balena blu \u2013 il pi\u00f9 grande animale l\u00e0 era mai!\" href=\"http:\/\/www.big-animals.com\/it\/blu-balena-gran-animale-la-mai-era\/\">\u00a0il pi\u00f9 grande<\/a>\u00a0ne fanno parte.<\/span> <span class=\"gts_text\" id=\"gts_text_35\">Ci sono circa 63000 specie di Cordati.<\/span><\/li>\n<li><span class=\"gts_text\" id=\"gts_text_36\">Cnidaria significa \u201cl&#8217;ortica urticante\u201e.<\/span> <span class=\"gts_text\" id=\"gts_text_37\">Questo \u00e8 un nome molto adatto per questo phylum, che include 10000 specie di meduse,anemoni del mare,vespe del mare e di varie creature marine molli dotate di tentacoli urticanti.<\/span><\/li>\n<li><span class=\"gts_text\" id=\"gts_text_38\">Ctenophora, che significa \u201cil portatore del pettine\u201e, contiene soltanto circa 100 specie di animali.<\/span> <span class=\"gts_text\" id=\"gts_text_39\">Spesso confuse con le meduse, \u201cle gelatine di pettine\u201e appartengono in realt\u00e0 ad un phylum completamente diverso.<\/span><\/li>\n<li><span class=\"gts_text\" id=\"gts_text_40\">Cycliophora significa \u201ccolui che porta\u00a0la ruota\u201e.<\/span> <span class=\"gts_text\" id=\"gts_text_41\">Questo phylum contiene soltanto 3 specie conosciute di animali molto insoliti, essi hannouna relazione simbiotica con determinate specie di aragosta.<\/span><\/li>\n<li><span class=\"gts_text\" id=\"gts_text_42\"><a title=\"I pi\u00f9 grandi echinodermi del mondo!\" href=\"http:\/\/www.big-animals.com\/it\/mondo-gran-echinodermi\/\">Echinodermata<\/a>\u00a0significa \u201cpelle coperta di spine\u201e.<\/span> <span class=\"gts_text\" id=\"gts_text_43\">Includono circa 7000 specie viventi di stelle marine, ricci, oloturie ed altre creature simili.<\/span> <span class=\"gts_text\" id=\"gts_text_44\">Tutti hanno, in modo pi\u00f9 o meno ovvio, lo stesso genere di simmetria delle stelle marine.<\/span><\/li>\n<li><span class=\"gts_text\" id=\"gts_text_45\">Echiura significa \u201cSpina sulla coda\u201e.<\/span> <span class=\"gts_text\" id=\"gts_text_46\">Questi vermi (140 tipi differenti) non sono segmentati come gli anellidi, ma hanno delle punte sulle loro code.<\/span> <span class=\"gts_text\" id=\"gts_text_47\">La maggior parte vive in acqua.<\/span><\/li>\n<li><span class=\"gts_text\" id=\"gts_text_48\">L&#8217; Entoprocta ha bocche che sembrano simili ai brachiopodi e ai Bryozoi,t<\/span><span class=\"gts_text\" id=\"gts_text_49\">uttavia espellono le proprie feci vicino alle loro bocche.<\/span> <span class=\"gts_text\" id=\"gts_text_50\">Yuk!<\/span><\/li>\n<li><span class=\"gts_text\" id=\"gts_text_51\">Gastrotricha significa \u201cstomaco peloso\u201e.<\/span> <span class=\"gts_text\" id=\"gts_text_52\">Queste creature microscopiche (circa 450 specie differenti) vivono per un periodo molto ridotto (circa 3 giorni).<\/span><\/li>\n<li><span class=\"gts_text\" id=\"gts_text_53\">Lo Gnathostomulida \u00e8 un altro piccolo phylum di animali microscopici.<\/span> <span class=\"gts_text\" id=\"gts_text_54\">Gnathostumulida \u00a0\u00e8 inoltre\u00a0conosciuto come \u201cverme con mascella\u201e.<\/span><\/li>\n<li><span class=\"gts_text\" id=\"gts_text_55\">Hemichordata significa \u201cmezzo cavo\u201e.<\/span> <span class=\"gts_text\" id=\"gts_text_56\">Questi sono circa 70 tipi \u201cdi vermi della ghianda\u201e ed altre simili creature.<\/span> <span class=\"gts_text\" id=\"gts_text_57\">La loro caratteristica distintiva \u00e8 che la loro cavit\u00e0 della loro bocca spunta dal loro corpo come un grande collare.<\/span><\/li>\n<li><span class=\"gts_text\" id=\"gts_text_58\">Kinorhyncha significa \u201cmuso mobile\u201e.<\/span> <span class=\"gts_text\" id=\"gts_text_59\">Questi sono\u00a0capricciosamente denominati\u00a0\u201cdraghi del fango\u201e .<\/span> <span class=\"gts_text\" id=\"gts_text_60\">Sono creature molto piccole, con corpi coperti di spine segmentate e un gruppo di punte intorno alla loro testa che usano per muoversi attraverso il fango.<\/span> <span class=\"gts_text\" id=\"gts_text_61\">Ci sono circa 150 specie conosciute.<\/span><\/li>\n<li><span class=\"gts_text\" id=\"gts_text_62\">Loricifera significa \u201cportatore di corsetto\u201e.<\/span> <span class=\"gts_text\" id=\"gts_text_63\">Ci sono soltanto 20 specie di questi animali minuscoli.<\/span> <span class=\"gts_text\" id=\"gts_text_64\">Vivono nel fango marino e si muovono usando delle squame che assomigliano ad ombrelli.<\/span><\/li>\n<li><span class=\"gts_text\" id=\"gts_text_65\">Micrognathozoa significa \u201canimale dalla \u00a0mascella\u00a0minuscola \u201e.<\/span> <span class=\"gts_text\" id=\"gts_text_66\">Nel 2000\u00a0sono state scoperte \u00a0le sole specie conosciute di micrognathozoa .<\/span> <span class=\"gts_text\" id=\"gts_text_67\">Era cos\u00ec differente dagli altri animali, che \u00e8 stato deciso di dar loro il proprio phylum.<\/span>\u00a0La<span class=\"gts_text\" id=\"gts_text_68\">\u00a0mascella ha 32 parti mobili, caratteristica che la rende una delle pi\u00f9 complesse del regno animale.<\/span><\/li>\n<li><span class=\"gts_text\" id=\"gts_text_69\"><a title=\"I pi\u00f9 grandi molluschi del mondo!\" href=\"http:\/\/www.big-animals.com\/it\/mondo-gran-molluschi\/\">Mollusca<\/a>\u00a0significa \u201cguscio sottile\u201e.<\/span>\u00a0<span class=\"gts_text\" id=\"gts_text_71\">Con 112000 specie, comprese lumache, balani, bivalve (vongole ecc) e perfino calamari e polipi, \u00e8 il secondo o il terzo phylum pi\u00f9 diversificato.<\/span><\/li>\n<li><span class=\"gts_text\" id=\"gts_text_72\">Myxozoa significa \u201cl&#8217;animale della melma\u201e.<\/span> <span class=\"gts_text\" id=\"gts_text_73\">In passato non erano neanche considerati animali.<\/span>\u00a0<span class=\"gts_text\" id=\"gts_text_74\">Sono parassiti microscopici che colpiscono il pesce ed i vermi.<\/span><\/li>\n<li><span class=\"gts_text\" id=\"gts_text_75\">Nematoda significa \u201cfiliforme\u201e.<\/span> <span class=\"gts_text\" id=\"gts_text_76\">Ci sono molte specie di nematodi ed assomigliano a vermi microscopici.<\/span> <span class=\"gts_text\" id=\"gts_text_77\">Molti sono parassiti ed alcuni di questi non possono essere definiti &#8220;microscopici&#8221;,infatti possono svilupparsi fino ad alcuni metri di lunghezza!<\/span> <span class=\"gts_text\" id=\"gts_text_78\">I nematodi sono chiamati comunemente\u00a0\u201cascaridi\u201e.<\/span><\/li>\n<li><span class=\"gts_text\" id=\"gts_text_79\">Nematomorpha significa \u00a0\u201ca forma di filo\u201e.<\/span> <span class=\"gts_text\" id=\"gts_text_80\">Questi vermi sottili e lunghi (chiamati vermi del crine di cavallo) sono parassiti che attaccano gli insetti ed i granchi.<\/span> <span class=\"gts_text\" id=\"gts_text_81\">Ci sono circa 320 specie.<\/span><\/li>\n<li><span class=\"gts_text\" id=\"gts_text_82\">Nemertea,che significa \u201cla crisalide di mare\u201e, \u00e8 il phylum contenente 1200 specie di vermi a nastro.<\/span> <span class=\"gts_text\" id=\"gts_text_83\">Possono rivoltare le loro bocche da dentro a fuori e mangiano inghiottendo la loro preda intera.<\/span> <span class=\"gts_text\" id=\"gts_text_84\">Possono ingrandire i loro corpi per inghiottire la prede parecchie volte pi\u00f9 grandi di loro.Una delle specie<\/span><span class=\"gts_text\" id=\"gts_text_85\">\u00a0\u00e8 sospettata di poter crescere fino a diventare pi\u00f9 lunga della balena blu!<\/span><\/li>\n<li><span class=\"gts_text\" id=\"gts_text_86\">Onychophora, che significa \u201cportatore dell&#8217;artiglio\u201e, \u00e8 un piccolo phylum di animali simili ai bruchi chiamati vermi di velluto.<\/span> <span class=\"gts_text\" id=\"gts_text_87\">Alcuni scienziati sostengono che i vermi di velluto non appartengono al loro phylum, ma sono in realt\u00e0 artropodi.<\/span><\/li>\n<li><span class=\"gts_text\" id=\"gts_text_88\">Orthonectida significa \u201cla nuotata diritta\u201e.<\/span> <span class=\"gts_text\" id=\"gts_text_89\">Queste creature semplici (ci sono soltanto circa 20 specie conosciute) sono parassiti di alcuni vermi, molluschi ed echinodermi.<\/span><\/li>\n<li><span class=\"gts_text\" id=\"gts_text_90\">Phoronida \u00e8 un piccolo phylum di creature di mare che producono dei gusci a forma di tubi.<\/span> <span class=\"gts_text\" id=\"gts_text_91\">Hanno un gruppuscolo di tentacoli intorno alle loro bocche.<\/span> <span class=\"gts_text\" id=\"gts_text_92\">Comunemente sono chiamati \u201cvermi a ferro di cavallo\u201e, nome dovuto alla forma del loro intestino.<\/span><\/li>\n<li><span class=\"gts_text\" id=\"gts_text_93\"><a title=\"Il pi\u00f9 grande Placozoans del mondo!\" href=\"http:\/\/www.big-animals.com\/it\/mondo-il-piu-grande-placozoans\/\">Placozoa<\/a> significa \u201canimali tubolari\u201e.<\/span> <span class=\"gts_text\" id=\"gts_text_94\">Esiste solo una specie conosciuta che assomiglia ad una macchia.<\/span><\/li>\n<li><span class=\"gts_text\" id=\"gts_text_95\">Platyhelminthes significa \u201ci vermi piatti\u201e ed \u00e8 ,ovviamente,il phylum dei vermi piatti.<\/span> <span class=\"gts_text\" id=\"gts_text_96\">La maggior parte delle 25000 specie sono microscopiche ed inoffensive.<\/span> <span class=\"gts_text\" id=\"gts_text_97\">Tuttavia, ci sono alcune specie parassite, compreso il malfamato \u00a0&#8220;verme del fegato&#8221;, che colpisce circa 30 milioni di esseri umani nel mondo.<\/span><\/li>\n<li><span class=\"gts_text\" id=\"gts_text_98\">Porifera significa \u201ccolui che ha i pori\u201e.S<\/span><span class=\"gts_text\" id=\"gts_text_99\">ono le spugne del mare &#8211; un gruppo di circa 5000 specie.<\/span> <span class=\"gts_text\" id=\"gts_text_100\">Le spugne sono uniche fra gli animali poich\u00e9 non hanno organi singoli, ma i loro corpi sono costituiti da un gruppo di cellule che lavorano insieme.<\/span><\/li>\n<li><span class=\"gts_text\" id=\"gts_text_101\">Priapulida \u00e8 un piccolo phylum (circa 17 specie) di vermi marini.<\/span> <span class=\"gts_text\" id=\"gts_text_102\">Sono stati scoperti circa un secolo fa, ma non sono stati ancora studiati approfonditamente.<\/span><\/li>\n<li><span class=\"gts_text\" id=\"gts_text_103\">Rhombozoa significa che \u201cl&#8217;animale a forma di Losanga\u201e ,\u00e8 un phylum di parassiti minuscoli che colpiscono polipi e calamari.<\/span> <span class=\"gts_text\" id=\"gts_text_104\">Ogni adulto (di ogni singola specie) ha esattamente lo stesso numero delle cellule!<\/span><\/li>\n<li><span class=\"gts_text\" id=\"gts_text_105\">Rotifera significa \u201ccolui che porta la ruota\u201e.<\/span> <span class=\"gts_text\" id=\"gts_text_106\">Questi animali microscopici hanno ciuffi di capelli intorno alla bocca,che usano per introdurre l&#8217;alimento nello stomaco.<\/span> <span class=\"gts_text\" id=\"gts_text_107\">Quando si muovono questi peli assomigliano al moto di una ruota.<\/span> <span class=\"gts_text\" id=\"gts_text_108\">Ci sono circa 2000 specie.<\/span><\/li>\n<li><span class=\"gts_text\" id=\"gts_text_109\">Sipuncula significa \u201cil piccolo tubo\u201e.<\/span> <span class=\"gts_text\" id=\"gts_text_110\">Sono chiamati \u201cvermi arachide\u201e, a causa della forma che prendono una volta spaventati.<\/span> <span class=\"gts_text\" id=\"gts_text_111\">La bocca ha una massa di tentacoli che possono essere invertiti all&#8217;interno del corpo.<\/span>\u00a0T<span class=\"gts_text\" id=\"gts_text_112\">ipicamente sono pi\u00f9 corti di 10cm.<\/span><\/li>\n<li><span class=\"gts_text\" id=\"gts_text_113\">Tardigrada, che significa \u201cpasso lento\u201e, \u00e8 il phylum degli\u201corsi d&#8217;acqua\u201e.<\/span> <span class=\"gts_text\" id=\"gts_text_114\">Questi sono animali molto piccoli, ed assomigliano un po&#8217;ad una talpa fornita di sei gambe.<\/span> <span class=\"gts_text\" id=\"gts_text_115\">Vivono in ambienti estremi, dalla cima dell&#8217;Himalaya agli abissi del mare.<\/span> <span class=\"gts_text\" id=\"gts_text_116\">Sono conosciute circa 750 specie.<\/span><\/li>\n<li><span class=\"gts_text\" id=\"gts_text_117\">Xenoturbellida significa \u201cil platelminta sconosciuto\u201e.S<\/span><span class=\"gts_text\" id=\"gts_text_118\">ono conosciute soltanto 2 specie.<\/span> <span class=\"gts_text\" id=\"gts_text_119\">Questo animale non ha organi ben definiti eccetto un sistema nervoso.<\/span> <span class=\"gts_text\" id=\"gts_text_120\">Mangia i molluschi.<\/span><\/li>\n<\/ul>\n<p><span class=\"gts_text\" id=\"gts_text_121\"><strong>Qual \u00e8 il pi\u00f9 grande animale del mondo?<\/strong><\/span><\/p>\n<p><span class=\"gts_text\" id=\"gts_text_122\">Il pi\u00f9 grande (sebbene forse non il pi\u00f9 lungo) animale del mondo \u00e8 la <a title=\"La balena blu \u2013 il pi\u00f9 grande animale l\u00e0 era mai!\" href=\"http:\/\/www.big-animals.com\/it\/blu-balena-gran-animale-la-mai-era\/\">balena blu<\/a>.<\/span> <span class=\"gts_text\" id=\"gts_text_123\">Pu\u00f2 arrivare a misurare<\/span><span class=\"gts_text\" id=\"gts_text_123\">\u00a030 metri \u00a0o pi\u00f9 ed a pesare intorno alle 140 tonnellate &#8211; cio\u00e8 140000 chilogrammi, o 300000 libbre!<\/span> <span class=\"gts_text\" id=\"gts_text_124\">\u00c8 \u00a0pi\u00f9 grande di quanto i dinosauri siano mai stati.<\/span> <span class=\"gts_text\" id=\"gts_text_125\">Tristemente, nel XX secolo,sta quasi per estinguersi come i dinosauri ,a causa della caccia alla balena.<\/span><span class=\"gts_text\" id=\"gts_text_126\">La caccia delle balene blu \u00e8 stata vietata negli anni 60 ed infine si \u00e8 conclusa negli anni 70.<\/span> <span class=\"gts_text\" id=\"gts_text_127\">Ancora oggi, la popolazione delle balene blu \u00e8 meno dell&#8217;1% della popolazione originale prima dell&#8217;inizio della caccia alla balena.<\/span><\/p>\n","protected":false},"excerpt":{"rendered":"<p>Che cos&#8217;\u00e8 un animale? Gli animali sono esseri viventi.\u00a0Le caratteristiche che distinguono un animale dagli altri esseri viventi (quali piante, funghi ecc) sono le seguenti: A differenza dei batteri, il corpo di un animale \u00e8 composto da molte cellule. A differenza delle piante, un animale non pu\u00f2 creare il proprio cibo &#8211; deve mangiare per &hellip; <a href=\"https:\/\/www.big-animals.com\/it\/mondo-gran-animali\/\" class=\"more-link\">Continue reading <span class=\"screen-reader-text\">I pi\u00f9 grandi animali del mondo!<\/span><\/a><\/p>\n","protected":false},"author":1,"featured_media":0,"parent":0,"menu_order":0,"comment_status":"closed","ping_status":"open","template":"","meta":{"_acf_changed":false,"footnotes":""},"acf":[],"_links":{"self":[{"href":"https:\/\/www.big-animals.com\/it\/wp-json\/wp\/v2\/pages\/56"}],"collection":[{"href":"https:\/\/www.big-animals.com\/it\/wp-json\/wp\/v2\/pages"}],"about":[{"href":"https:\/\/www.big-animals.com\/it\/wp-json\/wp\/v2\/types\/page"}],"author":[{"embeddable":true,"href":"https:\/\/www.big-animals.com\/it\/wp-json\/wp\/v2\/users\/1"}],"replies":[{"embeddable":true,"href":"https:\/\/www.big-animals.com\/it\/wp-json\/wp\/v2\/comments?post=56"}],"version-history":[{"count":3,"href":"https:\/\/www.big-animals.com\/it\/wp-json\/wp\/v2\/pages\/56\/revisions"}],"predecessor-version":[{"id":129,"href":"https:\/\/www.big-animals.com\/it\/wp-json\/wp\/v2\/pages\/56\/revisions\/129"}],"wp:attachment":[{"href":"https:\/\/www.big-animals.com\/it\/wp-json\/wp\/v2\/media?parent=56"}],"curies":[{"name":"wp","href":"https:\/\/api.w.org\/{rel}","templated":true}]}}