{"id":57,"date":"2011-05-09T09:31:08","date_gmt":"2011-05-09T09:31:08","guid":{"rendered":""},"modified":"2011-05-09T09:31:08","modified_gmt":"2011-05-09T09:31:08","slug":"mondo-gran-pesce","status":"publish","type":"page","link":"https:\/\/www.big-animals.com\/it\/mondo-gran-pesce\/","title":{"rendered":"Il pi\u00f9 grande pesce del mondo!"},"content":{"rendered":"<p><span id=\"gts_text_1\" class=\"gts_text\"><strong>Che cosa \u00e8 un pesce?<\/strong><\/span><\/p>\n<p><span id=\"gts_text_2\" class=\"gts_text\">Il pesce \u00e8 <a href=\"\/Animals.html\">animali<\/a> &#8211; infatti, poich\u00e9 il pesce ha una spina dorsale, sono chiamati <a href=\"\/Vertebrates.html\">vertebrati<\/a> &#8211; pi\u00f9 della met\u00e0 di tutte le specie conosciute di vertebrati \u00e8 in effetti pesce!<\/span> <span id=\"gts_text_3\" class=\"gts_text\">Altre cose che pesce ha in comune sono<\/span><\/p>\n<ul>\n<li> <span id=\"gts_text_4\" class=\"gts_text\">Hanno branchie e respirano l&#8217;acqua.<\/span><\/li>\n<li> <span id=\"gts_text_5\" class=\"gts_text\">Solitamente, sono \u201ca sangue freddo\u201e &#8211; la loro temperatura corporea sar\u00e0 la stessa dell&#8217;acqua circostante.<\/span><\/li>\n<li> <span id=\"gts_text_6\" class=\"gts_text\">Solitamente, non possono sopravvivere a in aria.<\/span><\/li>\n<\/ul>\n<p><span id=\"gts_text_7\" class=\"gts_text\">Il pi\u00f9 grande pesce vivo del mondo \u00e8 realmente un genere di squalo, chiamato lo <a href=\"\/Whale-Shark.html\">squalo balena<\/a>.<\/span> <span id=\"gts_text_8\" class=\"gts_text\">Il pi\u00f9 grande pesce \u00e8 mai un genere estinto di pesce ossuto, di cui il nome scientifico \u00e8 <a href=\"\/Leedsichthys.html\">Leedsichthys Problematicus<\/a>.<\/span><\/p>\n<p><span id=\"gts_text_9\" class=\"gts_text\"><strong>Che generi di pesce sono ci?<\/strong><\/span><\/p>\n<p><span id=\"gts_text_10\" class=\"gts_text\">Degli scienziati animali del gruppo normalmente nei gruppi di simili creature.<\/span> <span id=\"gts_text_11\" class=\"gts_text\">I pi\u00f9 grandi gruppi sono chiamati \u201cfili\u201e (per esempio, i vertebrati compongono la maggior parte del filo chiamato <a href=\"\/Chordates.html\">Chordata<\/a>.<\/span> <span id=\"gts_text_12\" class=\"gts_text\">I pi\u00f9 piccoli gruppi seguenti sono chiamati \u201cclassi\u201e (per esempio, gli uccelli compongono la classe A di loro propri).<\/span> <span id=\"gts_text_13\" class=\"gts_text\">Il pesce, tuttavia, \u00e8 nel fratempo da qualche parte.<\/span> <span id=\"gts_text_14\" class=\"gts_text\">Fanno parte soltanto del filo <em>Chordata<\/em>, ma ci sono realmente parecchie classi di pesce.<\/span> <span id=\"gts_text_15\" class=\"gts_text\">Pi\u00f9 ben noti quei sono il pesce cartilaginoso (squali, raggi, pattini) ed il pesce \u201cossuto\u201e, che comprende due classi &#8211; Actinopterygii (pesce \u201cnormale\u201e) e Sarcopterygii (lungfish e simili creature).<\/span> <span id=\"gts_text_16\" class=\"gts_text\">Molte delle altre classi ora sono completamente estinte.<\/span> <span id=\"gts_text_17\" class=\"gts_text\">Qui \u00e8 una lista di tutte le classi differenti di pesce.<\/span><\/p>\n<ul>\n<li> <span id=\"gts_text_18\" class=\"gts_text\">Il Acanthodii, a volte chiamato Spiny Sharks, \u00e8 un gruppo estinto di pesce che ha avuto alcune caratteristiche del pesce di Cartiliginous ed altri del pesce ossuto.<\/span><\/li>\n<li> <span id=\"gts_text_19\" class=\"gts_text\">Il Actinopterygii \u00e8 la pi\u00f9 grande classe di pesce, infatti, la pi\u00f9 grande classe di vertebrati!<\/span> <span id=\"gts_text_20\" class=\"gts_text\">Ci sono 27000 specie di questi, vivendo in sia mare che acqua dolce.\u00a0<\/span> <span id=\"gts_text_21\" class=\"gts_text\">Gli scienziati li chiamano pesce \u201cRay-alettato\u201e, voi o potrei chiamarli pesce \u201cnormale\u201e.<\/span> <span id=\"gts_text_22\" class=\"gts_text\"><a href=\"\/Leedsichthys.html\">Il Leedsichthys<\/a> era un Actinopterygus.<\/span><\/li>\n<li> <span id=\"gts_text_23\" class=\"gts_text\">Il Cephalaspidomorphs \u00e8 un gruppo di pesci jawless estinti.<\/span> <span id=\"gts_text_24\" class=\"gts_text\">Realmente, gli scienziati sono divisi quanto a che animali dovrebbero appartenere esattamente a questo gruppo &#8211; alcuni dicono che le lamprede dovrebbero essere incluse, altre sono in disaccordo.<\/span><\/li>\n<li> <span id=\"gts_text_25\" class=\"gts_text\"><a href=\"\/Cartilaginous-Fish.html\">Il Condrichthyes<\/a> \u00e8 i <a href=\"\/Cartilaginous-Fish.html\">pesci cartilaginosi<\/a>, compreso gli <a href=\"\/Sharks.html\">squali<\/a> ed i raggi.<\/span> <span id=\"gts_text_26\" class=\"gts_text\">Questo il pesce non ha osso vero, invece, il loro scheletro \u00e8 fatto di cartilige.<\/span> <span id=\"gts_text_27\" class=\"gts_text\"><a href=\"\/Whale-Shark.html\">Lo squalo balena<\/a> \u00e8 un Condrichthys.<\/span><\/li>\n<li> <span id=\"gts_text_28\" class=\"gts_text\">I conodonti: un gruppo di estinto verme-come gli animali, conosciuto pricipalmente dai loro denti fossilizzati.<\/span><\/li>\n<li> <span id=\"gts_text_29\" class=\"gts_text\">Il Hyperoartia \u00e8 la classe delle lamprede, un gruppo di animali di mare anguilla-a forma di, che sono cos\u00ec differenti dal pesce, che gli scienziati li mettono in un gruppo differente complessivamente.<\/span><\/li>\n<li> <span id=\"gts_text_30\" class=\"gts_text\">Il Myxini: questi sono il missinoide &#8211; guardano un po&#8217;come anguille e possono legarsi nei nodi.<\/span><\/li>\n<li> <span id=\"gts_text_31\" class=\"gts_text\">Il Placoderms: un altro gruppo di pesce estinto, che ha avuto piatti duri per proteggere le loro teste.<\/span><\/li>\n<li> <span id=\"gts_text_32\" class=\"gts_text\">Il Pteraspidomorphs: un gruppo un pesce estinto, che non ha avuto mascelle.<\/span><\/li>\n<li> <span id=\"gts_text_33\" class=\"gts_text\">Il Sarcopterygii, o il pesce lobo-alettato, include il lungfish e i coelacanths una volta che-pensiero-estinti.<\/span><\/li>\n<\/ul>\n<p><span id=\"gts_text_34\" class=\"gts_text\"><strong>Che cosa \u00e8 il pi\u00f9 grande pesce del mondo?<\/strong><\/span><\/p>\n<p><span id=\"gts_text_35\" class=\"gts_text\">Il pi\u00f9 grande pesce vivo del mondo \u00e8 un gigante molto delicato &#8211; lo <a href=\"\/Whale-Shark.html\">squalo balena<\/a>.<\/span> <span id=\"gts_text_36\" class=\"gts_text\">\u00c8 uno <a href=\"\/Sharks.html\">squalo<\/a>, non una balena, ma \u00e8 completamente inoffensivo &#8211; le pi\u00f9 grandi cose che mangi sono krill!<\/span> <span id=\"gts_text_37\" class=\"gts_text\">Pu\u00f2 coltivare lungamente fino a 12 metri (circa 40 piedi) o pi\u00f9 e pesa intorno 12000 chilogrammi, o 26000 libbre!<\/span><\/p>\n<p><span id=\"gts_text_38\" class=\"gts_text\">Il pi\u00f9 grande pesce \u00e8 conosciuto mai soltanto attraverso i fossili, ma ancora era un gigante delicato &#8211; il <a href=\"\/Leedsichthys.html\">Leedsichthys Problematicus<\/a>.<\/span> <span id=\"gts_text_39\" class=\"gts_text\">Gli scienziati non sono sicuri quanto grande si sono sviluppati &#8211; stimano fino a 15 metri (50 piedi), o forse anche fino a 30 metri (100 piedi), la stessa taglia come <a href=\"\/Blue-Whale.html\">balena blu<\/a>!<\/span><\/p>\n","protected":false},"excerpt":{"rendered":"<p>Che cosa \u00e8 un pesce? Il pesce \u00e8 animali &#8211; infatti, poich\u00e9 il pesce ha una spina dorsale, sono chiamati vertebrati &#8211; pi\u00f9 della met\u00e0 di tutte le specie conosciute di vertebrati \u00e8 in effetti pesce! Altre cose che pesce ha in comune sono Hanno branchie e respirano l&#8217;acqua. Solitamente, sono \u201ca sangue freddo\u201e &#8211; &hellip; <a href=\"https:\/\/www.big-animals.com\/it\/mondo-gran-pesce\/\" class=\"more-link\">Continue reading <span class=\"screen-reader-text\">Il pi\u00f9 grande pesce del mondo!<\/span><\/a><\/p>\n","protected":false},"author":1,"featured_media":0,"parent":0,"menu_order":0,"comment_status":"closed","ping_status":"open","template":"","meta":{"_acf_changed":false,"footnotes":""},"acf":[],"_links":{"self":[{"href":"https:\/\/www.big-animals.com\/it\/wp-json\/wp\/v2\/pages\/57"}],"collection":[{"href":"https:\/\/www.big-animals.com\/it\/wp-json\/wp\/v2\/pages"}],"about":[{"href":"https:\/\/www.big-animals.com\/it\/wp-json\/wp\/v2\/types\/page"}],"author":[{"embeddable":true,"href":"https:\/\/www.big-animals.com\/it\/wp-json\/wp\/v2\/users\/1"}],"replies":[{"embeddable":true,"href":"https:\/\/www.big-animals.com\/it\/wp-json\/wp\/v2\/comments?post=57"}],"version-history":[{"count":0,"href":"https:\/\/www.big-animals.com\/it\/wp-json\/wp\/v2\/pages\/57\/revisions"}],"wp:attachment":[{"href":"https:\/\/www.big-animals.com\/it\/wp-json\/wp\/v2\/media?parent=57"}],"curies":[{"name":"wp","href":"https:\/\/api.w.org\/{rel}","templated":true}]}}