{"id":63,"date":"2011-05-09T09:33:50","date_gmt":"2011-05-09T09:33:50","guid":{"rendered":""},"modified":"2015-04-14T09:07:30","modified_gmt":"2015-04-14T09:07:30","slug":"mondo-gran-animali-2","status":"publish","type":"page","link":"https:\/\/www.big-animals.com\/it\/","title":{"rendered":"I pi\u00f9 grandi animali del mondo"},"content":{"rendered":"<p><span id=\"gts_text_1\" class=\"gts_text\">Questo sito mira a raccogliere insieme le informazioni riguardanti i pi\u00f9 grandi animali di tutto il mondo &#8211; il pi\u00f9 alto, il pi\u00f9 pesante, il pi\u00f9 lungo ed il pi\u00f9 grande di ogni tipo di animale, con i fatti pi\u00f9 curiosi che li riguardano!<\/span><\/p>\n<p><span id=\"gts_text_2\" class=\"gts_text\">Vuoi sapere qual \u00e8 il pi\u00f9 grande ragno del mondo?<\/span> <span id=\"gts_text_3\" class=\"gts_text\">O il granchio pi\u00f9 pesante?<\/span> <span id=\"gts_text_4\" class=\"gts_text\">O il \u00a0pesce\u00a0pi\u00f9 grande\u00a0di sempre?<\/span><\/p>\n<p><span id=\"gts_text_5\" class=\"gts_text\">Ci sono parecchi modi per esplorare questo sito\u2026<\/span><\/p>\n<ul>\n<li><span id=\"gts_text_6\" class=\"gts_text\">Puoi guardare una <a title=\"Lista Alfabetica degli Animali Pi\u00f9 Grandi del Mondo\" href=\"http:\/\/www.big-animals.com\/it\/un-alfabetico-lista-de-mondo-gran-animali\/\">lista alfabetica\u00a0<\/a> di tutti gli animali su questo sito Web e collegarti direttamente all&#8217;animale a cui sei interessato.<\/span><\/li>\n<li><span id=\"gts_text_7\" class=\"gts_text\">Puoi guardare una <a title=\"Una lista dei pi\u00f9 grandi animali del mondo, classificati per tipo\" href=\"http:\/\/www.big-animals.com\/it\/un-lista-dei-piu-grandi-animali-del-mondo-classificati-per-tipo\/\">lista di tutti i generi\u00a0differenti di animali<\/a> e scegliere il\u00a0<em>genere<\/em>\u00a0(mammiferi, vertebrati, ragni, ecc) a cui sei interessato.<\/span><\/li>\n<li><span id=\"gts_text_8\" class=\"gts_text\">Puoi\u00a0andare direttamente nella pagina dell&#8217;animale che ti interessa, leggere ci\u00f2 che lo rende cos\u00ec speciale e cliccare sui link che trovi di volta in volta.<\/span><\/li>\n<\/ul>\n<p><span id=\"gts_text_10\" class=\"gts_text\">Spero che questo sito sia per te un luogo affascinante che ti permetta di conoscere tutti i pi\u00f9 grandi esseri viventi del regno animale!<\/span><\/p>\n","protected":false},"excerpt":{"rendered":"<p>Questo sito mira a raccogliere insieme le informazioni riguardanti i pi\u00f9 grandi animali di tutto il mondo &#8211; il pi\u00f9 alto, il pi\u00f9 pesante, il pi\u00f9 lungo ed il pi\u00f9 grande di ogni tipo di animale, con i fatti pi\u00f9 curiosi che li riguardano! Vuoi sapere qual \u00e8 il pi\u00f9 grande ragno del mondo? O &hellip; <a href=\"https:\/\/www.big-animals.com\/it\/\" class=\"more-link\">Continue reading <span class=\"screen-reader-text\">I pi\u00f9 grandi animali del mondo<\/span><\/a><\/p>\n","protected":false},"author":1,"featured_media":0,"parent":0,"menu_order":0,"comment_status":"closed","ping_status":"open","template":"","meta":{"_acf_changed":false,"footnotes":""},"acf":[],"_links":{"self":[{"href":"https:\/\/www.big-animals.com\/it\/wp-json\/wp\/v2\/pages\/63"}],"collection":[{"href":"https:\/\/www.big-animals.com\/it\/wp-json\/wp\/v2\/pages"}],"about":[{"href":"https:\/\/www.big-animals.com\/it\/wp-json\/wp\/v2\/types\/page"}],"author":[{"embeddable":true,"href":"https:\/\/www.big-animals.com\/it\/wp-json\/wp\/v2\/users\/1"}],"replies":[{"embeddable":true,"href":"https:\/\/www.big-animals.com\/it\/wp-json\/wp\/v2\/comments?post=63"}],"version-history":[{"count":8,"href":"https:\/\/www.big-animals.com\/it\/wp-json\/wp\/v2\/pages\/63\/revisions"}],"predecessor-version":[{"id":669,"href":"https:\/\/www.big-animals.com\/it\/wp-json\/wp\/v2\/pages\/63\/revisions\/669"}],"wp:attachment":[{"href":"https:\/\/www.big-animals.com\/it\/wp-json\/wp\/v2\/media?parent=63"}],"curies":[{"name":"wp","href":"https:\/\/api.w.org\/{rel}","templated":true}]}}