{"id":64,"date":"2011-05-09T11:26:23","date_gmt":"2011-05-09T11:26:23","guid":{"rendered":""},"modified":"2014-04-17T13:26:00","modified_gmt":"2014-04-17T13:26:00","slug":"pipistrelli","status":"publish","type":"page","link":"https:\/\/www.big-animals.com\/it\/pipistrelli\/","title":{"rendered":"Pipistrelli"},"content":{"rendered":"<p><span class=\"gts_text\" id=\"gts_text_1\">I pipistrelli sono\u00a0<a title=\"I pi\u00f9 grandi mammiferi del mondo!\" href=\"http:\/\/www.big-animals.com\/the-worlds-biggest-mammals\/\">mammiferi<\/a>\u00a0volanti e s<\/span><span class=\"gts_text\" id=\"gts_text_2\">ono il\u00a0<\/span><span style=\"font-size: 14px;line-height: 1.5em\">secondo<\/span><span class=\"gts_text\" style=\"font-size: 14px;line-height: 1.5em\">\u00a0gruppo \u00a0pi\u00f9 esteso di questa classe di animali.\u00a0<\/span><span class=\"gts_text\" id=\"gts_text_3\" style=\"font-size: 14px;line-height: 1.5em\">Esistono circa 1.100 specie di pipistrello nel mondo, ma i\u00a0<a title=\"Roditori\" href=\"http:\/\/www.big-animals.com\/it\/roditori\/\">roditori<\/a> sono pi\u00f9 numerosi.\u00a0<\/span><span class=\"gts_text\" id=\"gts_text_4\" style=\"font-size: 14px;line-height: 1.5em\">Sono gli unici mammiferi che possono volare.\u00a0<\/span><span class=\"gts_text\" id=\"gts_text_5\" style=\"font-size: 14px;line-height: 1.5em\">Le loro zampe anteriori sono palmate e fungono dunque da ali permettendo loro di volare<\/span><span class=\"gts_text\" id=\"gts_text_6\" style=\"font-size: 14px;line-height: 1.5em\">\u00a0come uccelli.\u00a0<\/span><span class=\"gts_text\" id=\"gts_text_7\" style=\"font-size: 14px;line-height: 1.5em\">Esistono altri mammiferi che sembrano volare, come gli scoiattoli e gli opossum\u00a0<\/span><span style=\"font-size: 14px;line-height: 1.5em\">volanti, anche se<\/span><span class=\"gts_text\" id=\"gts_text_8\" style=\"font-size: 14px;line-height: 1.5em\">\u00a0in realt\u00e0 non volano, ma planano nell&#8217;aria come aquiloni.<\/span><\/p>\n<h3><span class=\"gts_text\" id=\"gts_text_9\">Caratteristiche del pipistrello<\/span><\/h3>\n<p><span class=\"gts_text\" id=\"gts_text_10\">Le ali di un pipistrello sono fatte di due strati sottili di pelle che si estendono dal braccio superiore fino agli arti inferiori.<\/span> <span class=\"gts_text\" id=\"gts_text_11\">Le ossa delle dita sono molto pi\u00f9 flessibili rispetto a quelle di altri mammiferi.<\/span> <span class=\"gts_text\" id=\"gts_text_12\">Le loro ali sono molto pi\u00f9 sottili di quelle degli uccelli.<\/span> <span class=\"gts_text\" id=\"gts_text_13\">Ci\u00f2 li rende capaci di volteggiare e girare in aria pi\u00f9 velocemente e con maggior precisione rispetto ad un uccello.<\/span> <span class=\"gts_text\" id=\"gts_text_14\">Le loro ali sottili sono delicate e si lacerano facilmente.<\/span> <span class=\"gts_text\" id=\"gts_text_15\">Per fortuna, lo strato sottile di pelle di cui sono fatte pu\u00f2 ricrescere.<\/span> <span class=\"gts_text\" id=\"gts_text_16\">Di conseguenza le piccole lacerazioni si possono riparare rapidamente.<\/span><\/p>\n<p><span class=\"gts_text\" id=\"gts_text_17\">I pipistrelli hanno un pollice e 4 dita come noi, e\u00a0<\/span><span class=\"gts_text\" id=\"gts_text_18\">sono molto lunghe rispetto al loro corpo.<\/span> <span class=\"gts_text\" id=\"gts_text_19\">Le ali raggiungono parzialmente gli arti inferiori.<\/span> <span class=\"gts_text\" id=\"gts_text_20\">Quando volano, non le sbattono semplicemente su e gi\u00f9 come gli uccelli, ma le disten<\/span><span class=\"gts_text\" id=\"gts_text_21\">dono e si lanciano in aria come se stessero nuotando in stile farfalla.<\/span> <span class=\"gts_text\" id=\"gts_text_22\">Inoltre le utilizzano per tenere gli insetti e la frutta mentre mangiano.<\/span> <span class=\"gts_text\" id=\"gts_text_23\">Sulle ali si trovano piccole protuberanze molto sensibili al tatto &#8211; proprio come quelle che noi abbiamo sulla punta delle dita &#8211; che<\/span><span class=\"gts_text\" id=\"gts_text_24\">\u00a0hanno una leggera peluria nel centro.<\/span> <span class=\"gts_text\" id=\"gts_text_25\">Queste aiutano i pipistrelli a sentire com&#8217;\u00e8 l&#8217;aria che circola sulle loro ali.<\/span> <span class=\"gts_text\" id=\"gts_text_26\">Inoltre questi animali possono modificare l&#8217;apertura alare per volare in modo pi\u00f9 efficiente.<\/span><\/p>\n<figure id=\"attachment_785\" aria-describedby=\"caption-attachment-785\" style=\"width: 300px\" class=\"wp-caption alignright\"><a href=\"http:\/\/www.big-animals.com\/wp-content\/uploads\/2011\/03\/Myotis_Bechsteinii.jpg\"><img loading=\"lazy\" decoding=\"async\" class=\"size-medium wp-image-785\" title=\"Un credito Dietmar Nill, biologia di calcolo dell'immagine del pipistrello in volo - di PLoS\" alt=\"Un credito di foto del pipistrello in volo - Dietmar Nill, biologia di calcolo di PLoS\" src=\"http:\/\/www.big-animals.com\/wp-content\/uploads\/2011\/03\/Myotis_Bechsteinii-300x193.jpg\" width=\"300\" height=\"193\" \/><\/a><figcaption id=\"caption-attachment-785\" class=\"wp-caption-text\">Un pipistrello in volo &#8211; Picture Credit Dietmar Nill, PLoS Computational Biology<\/figcaption><\/figure>\n<p><strong><span class=\"gts_text\" id=\"gts_text_27\">Che cosa\u00a0<\/span><span style=\"font-size: 14px;line-height: 1.5em\">mangiano\u00a0<\/span><span style=\"font-size: 14px;line-height: 1.5em\">i pipistrelli?<\/span><\/strong><\/p>\n<p><span class=\"gts_text\" id=\"gts_text_28\">I pipistrelli si possono trovare quasi in tutto il mondo ad eccezione delle zone pi\u00f9 fredde.<\/span>\u00a0Li p<span class=\"gts_text\" id=\"gts_text_29\">ossiamo trovare nelle foreste, nei deserti, nelle giungle e nelle citt\u00e0.<\/span> <span class=\"gts_text\" id=\"gts_text_30\">\u00a0Circa il 70% si nutre principalmente d&#8217;insetti.<\/span> <span class=\"gts_text\" id=\"gts_text_31\">Questo tipo di pipistrelli caccia emettendo delle onde sonore e ascoltando l&#8217;eco per individuare la preda.<\/span> <span class=\"gts_text\" id=\"gts_text_32\">Un pipistrello in genere\u00a0<\/span><span style=\"font-size: 14px;line-height: 1.5em\">pu\u00f2<\/span><span style=\"font-size: 14px;line-height: 1.5em\">\u00a0<\/span><span class=\"gts_text\" style=\"font-size: 14px;line-height: 1.5em\">mangiare\u00a0<\/span><span style=\"font-size: 14px;line-height: 1.5em\">ogni notte una quantit\u00e0\u00a0<\/span><span style=\"font-size: 14px;line-height: 1.5em\">d&#8217;insetti<\/span><span class=\"gts_text\" style=\"font-size: 14px;line-height: 1.5em\">\u00a0pari a un terzo del proprio peso corporeo.\u00a0<\/span><span class=\"gts_text\" id=\"gts_text_33\" style=\"font-size: 14px;line-height: 1.5em\">Una colonia di pipistrelli pu\u00f2 mangiare ogni anno tonnellate d&#8217;insetti!\u00a0<\/span><span class=\"gts_text\" id=\"gts_text_34\" style=\"font-size: 14px;line-height: 1.5em\">Dunque, se non ci fossero pi\u00f9 pipistrelli, saremmo invasi dagli insetti.<\/span><\/p>\n<h3><span class=\"gts_text\" id=\"gts_text_35\">Pipistrelli della frutta<\/span><\/h3>\n<p><span class=\"gts_text\" id=\"gts_text_36\">Molti pipistrelli mangiano la frutta.\u00a0<\/span><span class=\"gts_text\" id=\"gts_text_38\">Staccano la frutta dall&#8217;albero con i denti, poi tornano nel loro rifugio con il frutto in bocca,\u00a0<\/span>\u00a0lo spaccano per aprirlo<span class=\"gts_text\" id=\"gts_text_39\">\u00a0e lo mangiano.<\/span>\u00a0Sputano i<span class=\"gts_text\" id=\"gts_text_40\">\u00a0semi e la polpa a terra,<\/span>\u00a0q<span class=\"gts_text\" id=\"gts_text_41\">uesti metteranno radici e cominceranno a svilupparsi in nuovi alberi da frutto.<\/span> <span class=\"gts_text\" id=\"gts_text_42\">Alcuni pipistrelli si cibano di nettare.<\/span> <span class=\"gts_text\" id=\"gts_text_43\">Hanno musi allungati e lingue molto lunghe.<\/span> <span class=\"gts_text\" id=\"gts_text_44\">Mentre sorseggiano il nettare dai fiori, il polline rimane attaccato alla loro pelliccia.<\/span> <span class=\"gts_text\" id=\"gts_text_45\">Quando prendono il volo il polline cade a terra.<\/span> <span class=\"gts_text\" id=\"gts_text_46\">Ecco come i pipistrelli contribuiscono a impollinare le piante.<\/span> <span class=\"gts_text\" id=\"gts_text_47\">Sebbene alcuni pipistrelli della frutta siano considerati parassiti dagli agricoltori che possiedano frutteti, tuttavia essi giocano un ruolo importante nella diffusione dei semi, nell&#8217;impollinazione dei fiori e nel tenere gli insetti sotto controllo.<\/span> <span class=\"gts_text\" id=\"gts_text_48\">Molte piante tropicali dipendono interamente dai pipistrelli per la diffusione dei loro semi.<\/span><\/p>\n<h3><span class=\"gts_text\" id=\"gts_text_49\">Pipistrelli vampiro<\/span><\/h3>\n<p><span class=\"gts_text\" id=\"gts_text_50\">Soltanto tre specie di pipistrelli si nutrono di sangue.<\/span>\u00a0Ad e<span class=\"gts_text\" id=\"gts_text_51\">sempio, il <em>pipistrello vampiro comune, <\/em>il<em> pipistrello vampiro dalle ali bianche <\/em>e il<em> pipistrello vampiro dalle zampe pelose<\/em>.<\/span> <span class=\"gts_text\" id=\"gts_text_52\">Il pipistrello vampiro comune succhia il sangue di mammiferi come le mucche e i cavalli, mentre il pipistrello vampiro dalle zampe pelose e quello dalle ali bianche succhiano il sangue degli uccelli.<\/span> <span class=\"gts_text\" id=\"gts_text_53\">Non si trasformeranno nel Conte Dracula, dunque siamo salvi!<\/span> <span class=\"gts_text\" id=\"gts_text_54\">Questi pipistrelli succhia-sangue sono gli unici\u00a0<\/span><span style=\"font-size: 14px;line-height: 1.5em\">mammiferi<\/span><span class=\"gts_text\" style=\"font-size: 14px;line-height: 1.5em\">\u00a0\u00a0parassiti.\u00a0<\/span><span class=\"gts_text\" id=\"gts_text_55\" style=\"font-size: 14px;line-height: 1.5em\">Alcune specie \u00a0mangiano\u00a0<\/span><span style=\"font-size: 14px;line-height: 1.5em\">anche\u00a0<\/span><span class=\"gts_text\" style=\"font-size: 14px;line-height: 1.5em\">i vertebrati.\u00a0<\/span><span class=\"gts_text\" id=\"gts_text_56\" style=\"font-size: 14px;line-height: 1.5em\">Per esempio, i <em>pipistrelli dal naso-foglia<\/em> in America Centrale e in Sud America e i due tipi di <em>pipistrello pescatore maggiore<\/em> che si cibano di pesce.\u00a0<\/span><span class=\"gts_text\" id=\"gts_text_57\" style=\"font-size: 14px;line-height: 1.5em\">Questi tipi di pipistrelli si trovano su quasi tutti i continenti.\u00a0<\/span><span class=\"gts_text\" id=\"gts_text_58\" style=\"font-size: 14px;line-height: 1.5em\">Usano il sonar per individuare le minuscole increspature sulla superficie dell&#8217;acqua per individuare il pesce.\u00a0<\/span><span class=\"gts_text\" id=\"gts_text_59\" style=\"font-size: 14px;line-height: 1.5em\">Quando \u201cvedono\u201e queste minuscole increspature, si lanciano in picchiata verso l&#8217;acqua e usano gli artigli delle loro zampe posteriori per afferrare il pesce.<\/span><span style=\"font-size: 14px;line-height: 1.5em\">\u00a0P<\/span><span class=\"gts_text\" id=\"gts_text_60\" style=\"font-size: 14px;line-height: 1.5em\">oi lo portano nel loro rifugio per mangiarlo.\u00a0<\/span><span class=\"gts_text\" id=\"gts_text_61\" style=\"font-size: 14px;line-height: 1.5em\">Due specie di pipistrelli mangiano i loro simili.\u00a0<\/span><span class=\"gts_text\" id=\"gts_text_62\" style=\"font-size: 14px;line-height: 1.5em\">Ad esempio, il\u00a0<\/span><em><span style=\"font-size: 14px;line-height: 1.5em\">falso\u00a0<\/span><\/em><span class=\"gts_text\" style=\"font-size: 14px;line-height: 1.5em\"><em>vampiro americano<\/em> (detto anche <em>vampiro spettro<\/em>) e il <em>pipistrello fantasma<\/em> dell&#8217;Australia.<\/span><span class=\"gts_text\" id=\"gts_text_63\" style=\"font-size: 14px;line-height: 1.5em\">\u00a0Una specie di pipistrello detta <em>nottola gigante<\/em> acchiappa e mangia dei piccoli uccelli in volo.\u00a0<\/span><span class=\"gts_text\" id=\"gts_text_64\" style=\"font-size: 14px;line-height: 1.5em\">Tra i predatori dei pipistrelli ci sono i falchi e i falconi del pipistrello.<\/span><\/p>\n<h3><span class=\"gts_text\" id=\"gts_text_65\">I pi\u00f9 piccoli e pi\u00f9 grandi pipistrelli<\/span><span style=\"font-size: 1.17em;line-height: 1.5em\"><br \/>\n<\/span><\/h3>\n<p><span class=\"gts_text\" id=\"gts_text_66\">Il pi\u00f9 piccolo \u00e8 il <em>pipistrello calabrone <\/em>o<em> farfalla<\/em>.<\/span> <span class=\"gts_text\" id=\"gts_text_67\">\u00c8 lungo circa 29 &#8211; 34 mm, ha 15 cm di apertura alare e pesa circa 2-2.6 g.<\/span> <span class=\"gts_text\" id=\"gts_text_68\">La\u00a0<\/span><span style=\"font-size: 14px;line-height: 1.5em\">specie\u00a0<\/span><span class=\"gts_text\" style=\"font-size: 14px;line-height: 1.5em\">pi\u00f9 grande \u00e8 la V<span class=\"gts_text\" style=\"font-size: 14px;line-height: 1.5em\"><span class=\"gts_text\" style=\"font-size: 14px;line-height: 1.5em\"><span class=\"gts_text\" style=\"font-size: 14px;line-height: 1.5em\"><span class=\"gts_text\" style=\"font-size: 14px;line-height: 1.5em\"><span class=\"gts_text\" style=\"font-size: 14px;line-height: 1.5em\"><span class=\"gts_text\" style=\"font-size: 14px;line-height: 1.5em\"><a title=\"Volpe volante dal capo dorato\" href=\"http:\/\/www.big-animals.com\/it\/gigante-dorato-incoronare-volo-volpe\/\">olpe Volante dal capo dorato gigante<\/a> che \u00e8 lunga 34 cm e h<\/span><span class=\"gts_text\" id=\"gts_text_69\" style=\"font-size: 14px;line-height: 1.5em\">a un&#8217;apertura alare di 1,5 m. ovvero quasi l&#8217;altezza media di un uomo.<\/span><\/span><\/span><\/span><\/span><\/span><\/span><\/p>\n<h3><span class=\"gts_text\" id=\"gts_text_70\">Specie di pipistrello<\/span><\/h3>\n<p><span class=\"gts_text\" id=\"gts_text_71\">Esistono due gruppi principali di pipistrelli.<\/span> <span class=\"gts_text\" id=\"gts_text_72\">Quello dei grandi pipistrelli della frutta della famiglia dei\u00a0<i>macro-chirotteri<\/i>\u00a0e quello dei\u00a0<\/span><span style=\"font-size: 14px;line-height: 1.5em\">pipistrelli\u00a0<\/span><span class=\"gts_text\"><span style=\"font-size: 14px;line-height: 1.5em\">pi\u00f9 piccoli \u00a0della famiglia dei\u00a0<\/span><i>micro-chirotteri<\/i><span style=\"font-size: 14px;line-height: 1.5em\">\u00a0che si nutrono d&#8217;insetti, sangue, pesce, lucertole, uccelli, polline e nettare.\u00a0<\/span><\/span><span class=\"gts_text\" id=\"gts_text_73\" style=\"font-size: 14px;line-height: 1.5em\">Non tutti i macro-chirotteri sono pi\u00f9 grandi dei micro-chirotteri.\u00a0<\/span><span class=\"gts_text\" id=\"gts_text_74\" style=\"font-size: 14px;line-height: 1.5em\">La differenza principale fra i due\u00a0<\/span><span style=\"font-size: 14px;line-height: 1.5em\">gruppi di\u00a0<\/span><span style=\"font-size: 14px;line-height: 1.5em\">pipistrelli \u00e8:<\/span><\/p>\n<ul>\n<li><span class=\"gts_text\" id=\"gts_text_75\">I micro-chirotteri possono emettere onde sonore e ascoltare l&#8217;eco per individuare gli oggetti.<\/span> <span class=\"gts_text\" id=\"gts_text_76\">I suoni colpiscono qualcosa e tornano indietro.<\/span> <span class=\"gts_text\" id=\"gts_text_77\">Il pipistrello sentendo l&#8217;eco riesce a capire dov&#8217;\u00e8 l&#8217;oggetto.<\/span> <span class=\"gts_text\" id=\"gts_text_78\">La maggior parte dei macro-chirotteri non \u00e8 in grado di farlo, ma ha una vista molto buona per cacciare la preda.<\/span><\/li>\n<li><span class=\"gts_text\" id=\"gts_text_79\">I micro-chirotteri\u00a0non hanno l&#8217;artiglio sul secondo dito delle zampe anteriori come i macro-chirotteri<\/span><span class=\"gts_text\" id=\"gts_text_80\">.<\/span><\/li>\n<li><span class=\"gts_text\" id=\"gts_text_81\">Le orecchie dei micro-chirotteri\u00a0non si chiudono a forma di anello.<\/span><\/li>\n<li><span class=\"gts_text\" id=\"gts_text_82\">La pelliccia di un\u00a0micro-chirottero\u00a0\u00e8 differente da quella di un macro-chirottero.<\/span><\/li>\n<li><span class=\"gts_text\" id=\"gts_text_83\">I micro-chirotteri\u00a0vivono ovunque nel mondo eccezione fatta per l&#8217;Antartide e la maggior parte dell&#8217;Artide. I<\/span> macro-chirotteri<span class=\"gts_text\" id=\"gts_text_84\">\u00a0vivono soprattutto ai tropici.<\/span><\/li>\n<li><span class=\"gts_text\" id=\"gts_text_85\">La maggior parte dei pipistrelli al mondo \u00e8 costituita da micro-chirotteri.<\/span> <span class=\"gts_text\" id=\"gts_text_86\">Esistono circa 200 specie di macro-chirotteri.<\/span><\/li>\n<\/ul>\n<p><span class=\"gts_text\" id=\"gts_text_87\">I micro-chirotteri hanno solitamente occhi\u00a0<\/span><span style=\"font-size: 14px;line-height: 1.5em\">piccoli<\/span><span class=\"gts_text\" style=\"font-size: 14px;line-height: 1.5em\">\u00a0e non vedono bene, ma nessuno di loro \u00e8 cieco.\u00a0<\/span><span class=\"gts_text\" id=\"gts_text_88\" style=\"font-size: 14px;line-height: 1.5em\">I micro-chirotteri usano la loro vista quando non possono individuare gli oggetti attraverso l&#8217;eco a causa delle\u00a0<\/span><span style=\"font-size: 14px;line-height: 1.5em\">lunghe\u00a0<\/span><span class=\"gts_text\" style=\"font-size: 14px;line-height: 1.5em\">distanze.\u00a0<\/span><span class=\"gts_text\" id=\"gts_text_89\" style=\"font-size: 14px;line-height: 1.5em\">I pipistrelli hanno un buon olfatto e il miglior udito di tutti i mammiferi terrestri.\u00a0<\/span><span class=\"gts_text\" id=\"gts_text_90\" style=\"font-size: 14px;line-height: 1.5em\">Cacciano di notte per evitare la concorrenza con gli uccelli e possono viaggiare fino a 800 chilometri in cerca di cibo.\u00a0<\/span><span class=\"gts_text\" id=\"gts_text_92\" style=\"font-size: 14px;line-height: 1.5em\">Hanno spesso \u00a0orecchie pi\u00f9\u00a0<\/span><span style=\"font-size: 14px;line-height: 1.5em\">grandi rispetto\u00a0<\/span><span style=\"font-size: 14px;line-height: 1.5em\">alla dimensione del loro corpo.<\/span><\/p>\n<figure id=\"attachment_795\" aria-describedby=\"caption-attachment-795\" style=\"width: 300px\" class=\"wp-caption aligncenter\"><a href=\"http:\/\/www.big-animals.com\/wp-content\/uploads\/2011\/03\/Brown_bats.jpg\"><img loading=\"lazy\" decoding=\"async\" class=\"size-medium wp-image-795\" title=\"Pipistrelli di Brown che si nascondono - fotografia del pubblico dominio da JIM Conrad\" alt=\"Pipistrelli di Brown che si nascondono - fotografia del pubblico dominio da JIM Conrad\" src=\"http:\/\/www.big-animals.com\/wp-content\/uploads\/2011\/03\/Brown_bats-300x113.jpg\" width=\"300\" height=\"113\" \/><\/a><figcaption id=\"caption-attachment-795\" class=\"wp-caption-text\">Pipistrelli vespertilio bruno nascosti<\/figcaption><\/figure>\n<p><strong><span class=\"gts_text\" id=\"gts_text_93\">Maggiori informazioni sui pipistrelli<\/span><\/strong><\/p>\n<p><span class=\"gts_text\" id=\"gts_text_94\">I pipistrelli sono attivi di notte.<\/span> <span class=\"gts_text\" id=\"gts_text_95\">La maggior parte viaggia centinaia di chilometri per andare in letargo.<\/span> <span class=\"gts_text\" id=\"gts_text_96\">Cacciano soltanto quando il tempo \u00e8 abbastanza caldo perch\u00e9 ci siano insetti.<\/span> <span class=\"gts_text\" id=\"gts_text_97\">Alcuni vanno in letargo in caverne\u00a0<\/span><span style=\"font-size: 14px;line-height: 1.5em\">anche<\/span><span style=\"font-size: 14px;line-height: 1.5em\">\u00a0<\/span><span class=\"gts_text\" style=\"font-size: 14px;line-height: 1.5em\">per 6 mesi.\u00a0<\/span><span class=\"gts_text\" id=\"gts_text_98\" style=\"font-size: 14px;line-height: 1.5em\">I pipistrelli volano raramente quando piove perch\u00e9 la pioggia rende difficile ascoltare l&#8217;eco, tanto da non permettere loro di trovare cibo.\u00a0<\/span><span class=\"gts_text\" id=\"gts_text_99\" style=\"font-size: 14px;line-height: 1.5em\">Alcuni pipistrelli vivono da soli, altri in grandi colonie nelle caverne.\u00a0<\/span><span class=\"gts_text\" id=\"gts_text_100\" style=\"font-size: 14px;line-height: 1.5em\">Gli studiosi hanno scoperto che i pipistrelli producono svariati tipi di suono per comunicare\u00a0<\/span><span style=\"font-size: 14px;line-height: 1.5em\">tra loro<\/span><span style=\"font-size: 14px;line-height: 1.5em\">.<\/span><\/p>\n<p><span class=\"gts_text\" id=\"gts_text_101\">La maggior parte dei pipistrelli ha la propria stagione riproduttiva, che \u00e8 la primavera per le specie che vivono in un clima temperato.<\/span> <span class=\"gts_text\" id=\"gts_text_102\">I pipistrelli hanno da 1 a 3 piccoli per stagione secondo le specie e in base alla quantit\u00e0 di cibo e di rifugi.<\/span> <span class=\"gts_text\" id=\"gts_text_103\">Le madri tendono ad avere soltanto 1 piccolo per volta perch\u00e9 devono volare e cacciare allo stesso tempo mentre sono incinte.<\/span> <span class=\"gts_text\" id=\"gts_text_104\">\u00a0Allattano il loro piccolo finch\u00e9 non \u00e8 quasi adulto.<\/span> <span class=\"gts_text\" id=\"gts_text_105\">Questo perch\u00e9 un giovane pipistrello non pu\u00f2 cacciare da solo finch\u00e9 le sue ali non raggiungono uno sviluppo completo, infatti le<\/span><span class=\"gts_text\" id=\"gts_text_106\">\u00a0sue ali sono troppo piccole per volare.<\/span> <span class=\"gts_text\" id=\"gts_text_107\">I giovani micro-chirotteri diventano indipendenti verso le 6 &#8211; 8 settimane di vita, mentre i mega-chirotteri diventano indipendenti attorno ai 4 mesi.<\/span> <span class=\"gts_text\" id=\"gts_text_108\">Un pipistrello pu\u00f2 vivere oltre 20 anni.<\/span><\/p>\n<h3><span class=\"gts_text\" id=\"gts_text_109\">Guano di pipistrello<\/span><\/h3>\n<p><span class=\"gts_text\" id=\"gts_text_110\">Gli escrementi\u00a0<\/span><span class=\"gts_text\" style=\"font-size: 14px;line-height: 1.5em\">dei pipistrelli \u00a0sono molto ricchi di sostanze nutrienti.\u00a0<\/span><span class=\"gts_text\" id=\"gts_text_111\" style=\"font-size: 14px;line-height: 1.5em\">In alcuni posti vengono raccolti nelle caverne, imballati e venduti agli agricoltori da usare come fertilizzante.\u00a0<\/span><span class=\"gts_text\" id=\"gts_text_112\" style=\"font-size: 14px;line-height: 1.5em\">Che ci si creda o no, lo sterco \u00e8 stato\u00a0<\/span><span style=\"font-size: 14px;line-height: 1.5em\">anche<\/span><span style=\"font-size: 14px;line-height: 1.5em\">\u00a0<\/span><span class=\"gts_text\" style=\"font-size: 14px;line-height: 1.5em\">usato per fare la polvere da sparo durante la guerra civile negli Stati Uniti!\u00a0<\/span><span class=\"gts_text\" id=\"gts_text_113\" style=\"font-size: 14px;line-height: 1.5em\">I pipistrelli mangiano tutto il cibo che possono prima di andare in letargo,\u00a0<\/span><span class=\"gts_text\" id=\"gts_text_114\" style=\"font-size: 14px;line-height: 1.5em\">ingrassando molto fino a quel momento.\u00a0<\/span><span class=\"gts_text\" id=\"gts_text_115\" style=\"font-size: 14px;line-height: 1.5em\">Durante il letargo, i loro corpi trarranno tutta l&#8217;energia di cui hanno bisogno da questo grasso.\u00a0<\/span><span class=\"gts_text\" id=\"gts_text_116\" style=\"font-size: 14px;line-height: 1.5em\">Tuttavia, non hanno bisogno di molta energia, perch\u00e9 sono davvero inattivi in quel periodo.<\/span><span style=\"font-size: 14px;line-height: 1.5em\">\u00a0Le scorte<\/span><span class=\"gts_text\" id=\"gts_text_117\" style=\"font-size: 14px;line-height: 1.5em\">\u00a0di grasso dureranno fino alla primavera.<\/span><\/p>\n<p>&nbsp;<\/p>\n<h3><span class=\"gts_text\" id=\"gts_text_118\">Salvaguardia del pipistrello<\/span><\/h3>\n<p><span class=\"gts_text\" id=\"gts_text_119\">Le Organizzazioni per la Tutela del Pipistrello hanno fatto molto per insegnare alla gente quanto i pipistrelli siano importanti per tenere sotto controllo gli insetti e per l&#8217;impollinazione.<\/span> <span class=\"gts_text\" id=\"gts_text_120\">Nel Regno Unito tutti i pipistrelli sono una specie protetta.<\/span>\u00a0P<span class=\"gts_text\" id=\"gts_text_121\">ossono anche essere considerati un&#8217;attrazione turistica, ad<\/span><span class=\"gts_text\" id=\"gts_text_122\">\u00a0esempio, circa 100.000 turisti all&#8217;anno visitano il Ponte del Viale del Congresso (Congress Avenue Bridge) ad Austin, in Texas, al crepuscolo, per osservare i pipistrelli che lasciano il loro rifugio.<\/span><\/p>\n<p><span class=\"gts_text\" id=\"gts_text_123\">\u00a0<\/span><\/p>\n","protected":false},"excerpt":{"rendered":"<p>I pipistrelli sono\u00a0mammiferi\u00a0volanti e sono il\u00a0secondo\u00a0gruppo \u00a0pi\u00f9 esteso di questa classe di animali.\u00a0Esistono circa 1.100 specie di pipistrello nel mondo, ma i\u00a0roditori sono pi\u00f9 numerosi.\u00a0Sono gli unici mammiferi che possono volare.\u00a0Le loro zampe anteriori sono palmate e fungono dunque da ali permettendo loro di volare\u00a0come uccelli.\u00a0Esistono altri mammiferi che sembrano volare, come gli scoiattoli e &hellip; <a href=\"https:\/\/www.big-animals.com\/it\/pipistrelli\/\" class=\"more-link\">Continue reading <span class=\"screen-reader-text\">Pipistrelli<\/span><\/a><\/p>\n","protected":false},"author":1,"featured_media":0,"parent":0,"menu_order":0,"comment_status":"closed","ping_status":"open","template":"","meta":{"_acf_changed":false,"footnotes":""},"acf":[],"_links":{"self":[{"href":"https:\/\/www.big-animals.com\/it\/wp-json\/wp\/v2\/pages\/64"}],"collection":[{"href":"https:\/\/www.big-animals.com\/it\/wp-json\/wp\/v2\/pages"}],"about":[{"href":"https:\/\/www.big-animals.com\/it\/wp-json\/wp\/v2\/types\/page"}],"author":[{"embeddable":true,"href":"https:\/\/www.big-animals.com\/it\/wp-json\/wp\/v2\/users\/1"}],"replies":[{"embeddable":true,"href":"https:\/\/www.big-animals.com\/it\/wp-json\/wp\/v2\/comments?post=64"}],"version-history":[{"count":3,"href":"https:\/\/www.big-animals.com\/it\/wp-json\/wp\/v2\/pages\/64\/revisions"}],"predecessor-version":[{"id":423,"href":"https:\/\/www.big-animals.com\/it\/wp-json\/wp\/v2\/pages\/64\/revisions\/423"}],"wp:attachment":[{"href":"https:\/\/www.big-animals.com\/it\/wp-json\/wp\/v2\/media?parent=64"}],"curies":[{"name":"wp","href":"https:\/\/api.w.org\/{rel}","templated":true}]}}