{"id":66,"date":"2011-05-09T11:27:52","date_gmt":"2011-05-09T11:27:52","guid":{"rendered":""},"modified":"2014-04-19T15:13:13","modified_gmt":"2014-04-19T15:13:13","slug":"crocodilians","status":"publish","type":"page","link":"https:\/\/www.big-animals.com\/it\/crocodilians\/","title":{"rendered":"Coccodrilli"},"content":{"rendered":"<p><span class=\"gts_text\" id=\"gts_text_1\">I coccodrilli comparvero sulla Terra milioni d&#8217;anni fa al tempo dei dinosauri.<\/span> <span class=\"gts_text\" id=\"gts_text_2\">Sono un gruppo di grandi rettili che include gli alligatori, i coccodrilli e i gaviali.<\/span><\/p>\n<h3><span class=\"gts_text\" id=\"gts_text_3\">Il coccodrillo d&#8217;acqua salata<\/span><\/h3>\n<p><span class=\"gts_text\" id=\"gts_text_4\">Il\u00a0<a title=\"Il coccodrillo dell\u2019acqua salata \u2013 il pi\u00f9 grande rettile della parola\" href=\"http:\/\/www.big-animals.com\/it\/acqua-salata-coccodrillo-parola-gran-rettile\/\">coccodrillo d&#8217;acqua salata<\/a>\u00a0\u00e8 il\u00a0<\/span><span style=\"font-size: 14px;line-height: 1.5em\">pi\u00f9 grande coccodrillo nonch\u00e9\u00a0<\/span><span style=\"font-size: 14px;line-height: 1.5em\">il pi\u00f9 grande<\/span><span style=\"font-size: 14px;line-height: 1.5em\">\u00a0<\/span><a style=\"font-size: 14px;line-height: 1.5em\" title=\"I pi\u00f9 grandi rettili del mondo!\" href=\"http:\/\/www.big-animals.com\/it\/mondo-gran-rettili\/\">rettile al<\/a><span style=\"font-size: 14px;line-height: 1.5em\">\u00a0<\/span><span style=\"font-size: 14px;line-height: 1.5em\">mondo<\/span><span style=\"font-size: 14px;line-height: 1.5em\">.<\/span><\/p>\n<figure id=\"attachment_634\" aria-describedby=\"caption-attachment-634\" style=\"width: 300px\" class=\"wp-caption alignleft\"><a href=\"http:\/\/www.big-animals.com\/wp-content\/uploads\/2011\/03\/SaltwaterCrocodileMaximo.jpg\"><img loading=\"lazy\" decoding=\"async\" class=\"size-medium wp-image-634\" title=\"Il coccodrillo dell'acqua salata \u00e8 il pi\u00f9 grande rettile del mondo\" alt=\"Il coccodrillo dell'acqua salata \u00e8 il pi\u00f9 grande rettile del mondo\" src=\"http:\/\/www.big-animals.com\/wp-content\/uploads\/2011\/03\/SaltwaterCrocodileMaximo-300x198.jpg\" width=\"300\" height=\"198\" \/><\/a><figcaption id=\"caption-attachment-634\" class=\"wp-caption-text\">Il coccodrillo d&#8217;acqua salata \u00e8 il rettile pi\u00f9 grande al mondo<\/figcaption><\/figure>\n<p><span class=\"gts_text\" id=\"gts_text_5\">I coccodrilli hanno una postura flessibile \u201cpoggiati sullo stomaco\u201e.<\/span>\u00a0C<span class=\"gts_text\" id=\"gts_text_6\">amminano con le zampe perpendicolari al corpo per fare \u201cuna passeggiata sopraelevata\u201e.<\/span> <span class=\"gts_text\" id=\"gts_text_7\">Tale postura facilita i coccodrilli nel galoppare sulla terra in caso di bisogno.<\/span><\/p>\n<p><span class=\"gts_text\" id=\"gts_text_8\">I coccodrilli sono creature a sangue freddo.\u00a0<\/span><span class=\"gts_text\" id=\"gts_text_9\">Si trovano in luoghi caldi con clima tropicale.<\/span> <span class=\"gts_text\" id=\"gts_text_10\">Tutti i coccodrilli hanno denti in cavit\u00e0 ossee, come gli esseri umani.<\/span> <span class=\"gts_text\" id=\"gts_text_11\">Ma sono pi\u00f9 fortunati di noi perch\u00e9 durante\u00a0<\/span><span style=\"font-size: 14px;line-height: 1.5em\">la loro vita<\/span><span class=\"gts_text\" style=\"font-size: 14px;line-height: 1.5em\">\u00a0cambiano spesso i denti .<\/span><span class=\"gts_text\" id=\"gts_text_12\" style=\"font-size: 14px;line-height: 1.5em\">I giovani coccodrilli\u00a0<\/span><span style=\"font-size: 14px;line-height: 1.5em\">mettono un nuovo dente per cavit\u00e0\u00a0<\/span><span class=\"gts_text\" style=\"font-size: 14px;line-height: 1.5em\">ogni mese sostituendolo con uno pi\u00f9 grande.<\/span><span class=\"gts_text\" id=\"gts_text_13\" style=\"font-size: 14px;line-height: 1.5em\">Quando diventano adulti li sostituiscono pi\u00f9 lentamente, soltanto ogni 2 anni o anche di pi\u00f9.<\/span><span class=\"gts_text\" id=\"gts_text_14\" style=\"font-size: 14px;line-height: 1.5em\">Quando sono molto vecchi, smettono di cambiare i denti, cos\u00ec da diventare dei vecchi coccodrilli senza denti.\u00a0<\/span><span class=\"gts_text\" id=\"gts_text_15\" style=\"font-size: 14px;line-height: 1.5em\">Un coccodrillo o alligatore cambier\u00e0 almeno 3000 denti in tutta la sua vita.<\/span><span class=\"gts_text\" id=\"gts_text_16\" style=\"font-size: 14px;line-height: 1.5em\">Ogni dente \u00e8 vuoto.<\/span><span class=\"gts_text\" id=\"gts_text_17\" style=\"font-size: 14px;line-height: 1.5em\">Il nuovo dente crescer\u00e0 dentro quello vecchio.<\/span><span class=\"gts_text\" id=\"gts_text_18\" style=\"font-size: 14px;line-height: 1.5em\">In questo modo, il nuovo dente pu\u00f2 uscire non appena il vecchio dente \u00e8 rotto.<\/span><\/p>\n<p><span class=\"gts_text\" id=\"gts_text_19\">I coccodrilli hanno una\u00a0<\/span><span class=\"gts_text\" style=\"font-size: 14px;line-height: 1.5em\">zona\u00a0<\/span><span style=\"font-size: 14px;line-height: 1.5em\">secondaria\u00a0<\/span><span class=\"gts_text\" style=\"font-size: 14px;line-height: 1.5em\">nelle loro bocche che permette loro di respirare anche quando hanno la bocca piena d&#8217;acqua.<\/span><span class=\"gts_text\" id=\"gts_text_20\" style=\"font-size: 14px;line-height: 1.5em\">Hanno narici extra nella parte posteriore della loro gola, in cui, una parte speciale della lingua detta \u201cvalvola palatale\u201e, si chiude in modo che non si soffochino o non anneghino quando aprono la bocca sott&#8217;acqua.<\/span><\/p>\n<p><span class=\"gts_text\" id=\"gts_text_21\">I coccodrilli e i gaviali hanno modificato le ghiandole del sale sulla loro lingua, queste sono utilizzate per liberarsi del sale in eccesso dal loro corpo.<\/span>\u00a0A<span style=\"font-size: 14px;line-height: 1.5em\">nche g<\/span><span class=\"gts_text\" id=\"gts_text_22\" style=\"font-size: 14px;line-height: 1.5em\">li alligatori e i caimani hanno le ghiandole del sale, ma purtroppo non funzionano.<\/span><span class=\"gts_text\" id=\"gts_text_23\" style=\"font-size: 14px;line-height: 1.5em\">Ecco perch\u00e9 gli alligatori preferiscono maggiormente l&#8217;acqua dolce mentre i coccodrilli preferiscono l&#8217;acqua di mare.<\/span><\/p>\n<p><span class=\"gts_text\" id=\"gts_text_24\">I coccodrilli sono soliti rimanere &#8220;a bocca aperta&#8221; quando si rilassano.<\/span> <span class=\"gts_text\" id=\"gts_text_25\"><\/span>\u00a0Lo f<span class=\"gts_text\" id=\"gts_text_26\">anno per tenersi freschi quando fa caldo.<\/span> <span class=\"gts_text\" id=\"gts_text_27\">Ma a volte lo fanno anche di notte quando piove, f<\/span><span class=\"gts_text\" id=\"gts_text_28\">orse tenendo la bocca spalancata comunicano qualcosa ai loro parenti e amici.<\/span><\/p>\n<figure id=\"attachment_635\" aria-describedby=\"caption-attachment-635\" style=\"width: 300px\" class=\"wp-caption alignright\"><a href=\"http:\/\/www.big-animals.com\/wp-content\/uploads\/2011\/03\/Alligator.jpg\"><img loading=\"lazy\" decoding=\"async\" class=\"size-medium wp-image-635\" title=\"Gli alligatori preferiscono l'acqua dolce ed hanno un pi\u00f9 ampio muso\" alt=\"Gli alligatori preferiscono l'acqua dolce ed hanno un pi\u00f9 ampio muso\" src=\"http:\/\/www.big-animals.com\/wp-content\/uploads\/2011\/03\/Alligator-300x235.jpg\" width=\"300\" height=\"235\" \/><\/a><figcaption id=\"caption-attachment-635\" class=\"wp-caption-text\">Gli alligatori preferiscono le acque dolci e hanno un muso pi\u00f9 largo<\/figcaption><\/figure>\n<p><span class=\"gts_text\" id=\"gts_text_29\">I coccodrilli maschi sono animali territoriali, come i <a title=\"Drago di Komodo\" href=\"http:\/\/www.big-animals.com\/it\/komodo-drago\/\">draghi di Komodo<\/a>maschi.<\/span> <span class=\"gts_text\" id=\"gts_text_30\">Proteggono con ferocia il loro territorio da altri intrusi maschi.<\/span> <span class=\"gts_text\" id=\"gts_text_31\">Una femmina depone circa 50-80 uova sulla terra.<\/span> <span class=\"gts_text\" id=\"gts_text_32\">Costruisce il suo nido vicino ad un fiume con<\/span><span class=\"gts_text\" id=\"gts_text_33\">\u00a0foglie, fango o altra vegetazione.<\/span> <span class=\"gts_text\" id=\"gts_text_34\">Queste foglie tengono le uova calde ed umide.<\/span> <span class=\"gts_text\" id=\"gts_text_35\">La madre si prende dei cuccioli dopo che le uova si sono schiuse.<\/span> <span class=\"gts_text\" id=\"gts_text_36\">Sar\u00e0 l\u00e0 per loro finch\u00e9 non saranno abbastanza grandi per proteggersi da soli.<\/span>\u00a0Spesso<span class=\"gts_text\" id=\"gts_text_37\">\u00a0la madre porta i suoi cuccioli nella sua bocca!<\/span> <span class=\"gts_text\" id=\"gts_text_38\">Non vorrei finire nella bocca di un alligatore affamato!<\/span> <span class=\"gts_text\" id=\"gts_text_39\">I cuccioli di coccodrillo si cibano di granchi, gamberetti e insetti.<\/span> <span class=\"gts_text\" id=\"gts_text_40\">Non andate mai vicino a un coccodrillo durante il periodo della cova.<\/span> <span class=\"gts_text\" id=\"gts_text_41\">Sono molto protettivi nei confronti delle loro uova ed estremamente feroci!<\/span><\/p>\n<p><span class=\"gts_text\" id=\"gts_text_42\">Se la temperatura del nido \u00e8 di 30C (86F), cuccioli di coccodrillo saranno femmine e se la temperatura \u00e8 sopra i 34C (93F), ci saranno molti coccodrilli maschi.<\/span>\u00a0 Questi animali<span class=\"gts_text\" id=\"gts_text_43\">\u00a0mantengono la loro temperatura corporea ad un livello ottimale crogiolandosi al sole quando fa fresco e riposando all&#8217;ombra quando fa caldo.<\/span><\/p>\n<p><span class=\"gts_text\" id=\"gts_text_44\">I coccodrilli hanno un cervello relativamente piccolo ma pi\u00f9 sviluppato di altri animali a sangue freddo.<\/span> <span class=\"gts_text\" id=\"gts_text_45\">\u00a0D<\/span><span style=\"font-size: 14px;line-height: 1.5em\">urante il giorno<\/span><span style=\"font-size: 14px;line-height: 1.5em\">\u00a0<\/span><span class=\"gts_text\" style=\"font-size: 14px;line-height: 1.5em\">vedono bene e possono anche distinguere i colori.<\/span><span class=\"gts_text\" id=\"gts_text_46\" style=\"font-size: 14px;line-height: 1.5em\">Hanno una pupilla verticale come quella dei gatti che permette loro di vedere bene di notte.<\/span><span class=\"gts_text\" id=\"gts_text_47\" style=\"font-size: 14px;line-height: 1.5em\">Tuttavia, non possono vedere bene sott&#8217;acqua perch\u00e9 non riescono a mettere a fuoco.<\/span><span class=\"gts_text\" id=\"gts_text_48\" style=\"font-size: 14px;line-height: 1.5em\">I timpani sono dietro gli occhi e sono ricoperti da un lembo mobile di pelle.<\/span><span class=\"gts_text\" id=\"gts_text_49\" style=\"font-size: 14px;line-height: 1.5em\">Questo lembo di pelle, le narici e gli occhi si chiuderanno quando si tuffano, per non fare entrare l&#8217;acqua.<\/span><\/p>\n<p><span class=\"gts_text\" id=\"gts_text_50\">I coccodrilli percepiscono il\u00a0<\/span><span style=\"font-size: 14px;line-height: 1.5em\">minimo<\/span><span style=\"font-size: 14px;line-height: 1.5em\">\u00a0<\/span><span class=\"gts_text\" style=\"font-size: 14px;line-height: 1.5em\">movimento della superficie dell&#8217;acqua.<\/span><span class=\"gts_text\" id=\"gts_text_51\" style=\"font-size: 14px;line-height: 1.5em\">Di conseguenza, possono individuare la loro preda ed evitare i loro predatori anche in piena oscurit\u00e0.<\/span><span class=\"gts_text\" id=\"gts_text_52\" style=\"font-size: 14px;line-height: 1.5em\">La loro pelle \u00e8 ricoperta di squame che mutano individualmente.<\/span><span class=\"gts_text\" id=\"gts_text_53\" style=\"font-size: 14px;line-height: 1.5em\">Hanno la coda\u00a0<\/span><span style=\"font-size: 14px;line-height: 1.5em\">muscolosa\u00a0<\/span><span class=\"gts_text\" style=\"font-size: 14px;line-height: 1.5em\">e il muso allungato \u00a0e il corpo affusolato.<\/span><span class=\"gts_text\" id=\"gts_text_54\" style=\"font-size: 14px;line-height: 1.5em\">Gli occhi e le narici sono sulla parte alta della testa, in modo da poter restare quasi completamente sott&#8217;acqua e non essere visti mentre aspettano pazientemente il loro pranzo venire verso loro.<\/span><span class=\"gts_text\" id=\"gts_text_55\" style=\"font-size: 14px;line-height: 1.5em\">Hanno\u00a0<\/span><span style=\"font-size: 14px;line-height: 1.5em\">mascelle<\/span><span style=\"font-size: 14px;line-height: 1.5em\">\u00a0molto<\/span><span class=\"gts_text\" style=\"font-size: 14px;line-height: 1.5em\">\u00a0forti,<\/span><span style=\"font-size: 14px;line-height: 1.5em\">\u00a0n<\/span><span class=\"gts_text\" id=\"gts_text_56\" style=\"font-size: 14px;line-height: 1.5em\">on masticano il loro cibo &#8211; lo inghiottono in pezzi grandi come un serpente.<\/span><span class=\"gts_text\" id=\"gts_text_57\" style=\"font-size: 14px;line-height: 1.5em\">Sono carnivori: m<\/span><span class=\"gts_text\" id=\"gts_text_58\" style=\"font-size: 14px;line-height: 1.5em\">angiano uccelli, piccoli mammiferi e pesci.<\/span><\/p>\n<h3><span class=\"gts_text\" id=\"gts_text_59\">Differenze tra coccodrillo e alligatore<\/span><\/h3>\n<figure id=\"attachment_633\" aria-describedby=\"caption-attachment-633\" style=\"width: 300px\" class=\"wp-caption alignleft\"><a href=\"http:\/\/www.big-animals.com\/wp-content\/uploads\/2011\/03\/Ghairul.jpg\"><img loading=\"lazy\" decoding=\"async\" class=\"size-medium wp-image-633\" title=\"Il Ghairul ha un muso molto sottile. Fotografia da Jonathon Zander\" alt=\"Il Ghairul ha un muso molto sottile. Fotografia da Jonathon Zander\" src=\"http:\/\/www.big-animals.com\/wp-content\/uploads\/2011\/03\/Ghairul-300x124.jpg\" width=\"300\" height=\"124\" \/><\/a><figcaption id=\"caption-attachment-633\" class=\"wp-caption-text\">Il gaviale ha un muso molto sottile. \u00a0 \u00a0 \u00a0 \u00a0 \u00a0 \u00a0 \u00a0 \u00a0 \u00a0 \u00a0 \u00a0 \u00a0 Foto di Jonathon Zander<\/figcaption><\/figure>\n<p>&nbsp;<\/p>\n<p><span class=\"gts_text\" id=\"gts_text_60\">Gli alligatori hanno un\u00a0<\/span><span style=\"font-size: 14px;line-height: 1.5em\">muso\u00a0<\/span><span class=\"gts_text\" style=\"font-size: 14px;line-height: 1.5em\">pi\u00f9 largo.<\/span><span style=\"font-size: 14px;line-height: 1.5em\">\u00a0<\/span><span class=\"gts_text\" id=\"gts_text_61\" style=\"font-size: 14px;line-height: 1.5em\">I coccodrilli hanno musi pi\u00f9 lunghi e pi\u00f9 stretti degli alligatori.<\/span><span class=\"gts_text\" id=\"gts_text_62\" style=\"font-size: 14px;line-height: 1.5em\">La mascella superiore dell&#8217;alligatore \u00e8 pi\u00f9 ampia di quella inferiore e i denti di quella inferiore s&#8217;infilano nelle piccole depressioni della mascella superiore.<\/span><span class=\"gts_text\" id=\"gts_text_63\" style=\"font-size: 14px;line-height: 1.5em\">Le mascelle dei coccodrilli sono della stessa larghezza e i denti di quella inferiore escono fuori dalla mascella superiore quando chiudono la bocca.<\/span><span class=\"gts_text\" id=\"gts_text_64\" style=\"font-size: 14px;line-height: 1.5em\">Ecco perch\u00e9 i grandi denti della mascella inferiore sono esposti in un coccodrillo, ma nascosti nell&#8217;alligatore.\u00a0<\/span><span class=\"gts_text\" id=\"gts_text_65\" style=\"font-size: 14px;line-height: 1.5em\">Gli alligatori tendono ad avere un colore pi\u00f9 scuro rispetto ai coccodrilli,\u00a0<\/span><span class=\"gts_text\" id=\"gts_text_66\" style=\"font-size: 14px;line-height: 1.5em\">sono quasi neri.<\/span><span class=\"gts_text\" id=\"gts_text_67\" style=\"font-size: 14px;line-height: 1.5em\">I coccodrilli sono pi\u00f9 aggressivi degli alligatori.<\/span><span class=\"gts_text\" id=\"gts_text_68\" style=\"font-size: 14px;line-height: 1.5em\">Il Gaviale invece ha un muso molto sottile.<\/span><\/p>\n<p><span class=\"gts_text\" id=\"gts_text_69\">\u00a0<\/span><\/p>\n","protected":false},"excerpt":{"rendered":"<p>I coccodrilli comparvero sulla Terra milioni d&#8217;anni fa al tempo dei dinosauri. Sono un gruppo di grandi rettili che include gli alligatori, i coccodrilli e i gaviali. Il coccodrillo d&#8217;acqua salata Il\u00a0coccodrillo d&#8217;acqua salata\u00a0\u00e8 il\u00a0pi\u00f9 grande coccodrillo nonch\u00e9\u00a0il pi\u00f9 grande\u00a0rettile al\u00a0mondo. I coccodrilli hanno una postura flessibile \u201cpoggiati sullo stomaco\u201e.\u00a0Camminano con le zampe perpendicolari al &hellip; <a href=\"https:\/\/www.big-animals.com\/it\/crocodilians\/\" class=\"more-link\">Continue reading <span class=\"screen-reader-text\">Coccodrilli<\/span><\/a><\/p>\n","protected":false},"author":1,"featured_media":0,"parent":0,"menu_order":0,"comment_status":"closed","ping_status":"open","template":"","meta":{"_acf_changed":false,"footnotes":""},"acf":[],"_links":{"self":[{"href":"https:\/\/www.big-animals.com\/it\/wp-json\/wp\/v2\/pages\/66"}],"collection":[{"href":"https:\/\/www.big-animals.com\/it\/wp-json\/wp\/v2\/pages"}],"about":[{"href":"https:\/\/www.big-animals.com\/it\/wp-json\/wp\/v2\/types\/page"}],"author":[{"embeddable":true,"href":"https:\/\/www.big-animals.com\/it\/wp-json\/wp\/v2\/users\/1"}],"replies":[{"embeddable":true,"href":"https:\/\/www.big-animals.com\/it\/wp-json\/wp\/v2\/comments?post=66"}],"version-history":[{"count":8,"href":"https:\/\/www.big-animals.com\/it\/wp-json\/wp\/v2\/pages\/66\/revisions"}],"predecessor-version":[{"id":463,"href":"https:\/\/www.big-animals.com\/it\/wp-json\/wp\/v2\/pages\/66\/revisions\/463"}],"wp:attachment":[{"href":"https:\/\/www.big-animals.com\/it\/wp-json\/wp\/v2\/media?parent=66"}],"curies":[{"name":"wp","href":"https:\/\/api.w.org\/{rel}","templated":true}]}}