{"id":71,"date":"2011-05-09T11:34:03","date_gmt":"2011-05-09T11:34:03","guid":{"rendered":""},"modified":"2011-05-09T11:34:03","modified_gmt":"2011-05-09T11:34:03","slug":"giapponese-ragno-granchio-mondo-gran-artropodo","status":"publish","type":"page","link":"https:\/\/www.big-animals.com\/it\/giapponese-ragno-granchio-mondo-gran-artropodo\/","title":{"rendered":"La granceola giapponese"},"content":{"rendered":"<h3><span id=\"gts_text_1\" class=\"gts_text\">Che cosa \u00e8 la granceola giapponese?<\/span><\/h3>\n<p><span id=\"gts_text_2\" class=\"gts_text\">Il pi\u00f9 grande <a href=\"\/Arthropods.html\">artropodo del<\/a> mondo \u00e8 la granceola giapponese.<\/span> <span id=\"gts_text_3\" class=\"gts_text\">Sono chiamati granceola perch\u00e9 le loro gambe sottili lunghe li fanno assomigliare ai ragni!<\/span> <span id=\"gts_text_4\" class=\"gts_text\">Potete vedere un&apos;immagine di una qui.<\/span><\/p>\n<div style=\"text-align: center;\"><img decoding=\"async\" style=\"width: 500px; height: 405px;\" src=\"http:\/\/ba.dr-mikes-maths.com\/\/wp-content\/themes\/twentyten\/images\/ba\/japanese-spider-crab-in-singapore.jpg\" alt=\"Granceola giapponese nel mondo subacqueo di Singapore nell&apos;isola di Sentosa\" class=\" gts_attribute gts_attribute_1_alt\" \/><br \/>\n<span style=\"font-weight: bold;\"><span id=\"gts_text_5\" class=\"gts_text\">La granceola giapponese \u00e8 il pi\u00f9 grande <a href=\"\/Crustaceans.html\">crostaceo<\/a> e l&apos;artropodo del mondo.<\/span> <span id=\"gts_text_6\" class=\"gts_text\">Questa foto \u00e8 stata presa al mondo subacqueo di Singapore nell&apos;isola di Sentosa<\/span><\/span><\/div>\n<p><span id=\"gts_text_7\" class=\"gts_text\">La granceola giapponese pu\u00f2 pesare fino a 20kg (44 libbre) e, una volta completamente distesa, pu\u00f2 misurare 4 metri (13 piedi) dalla punta di una gamba all&apos;altra!<\/span> <span id=\"gts_text_8\" class=\"gts_text\">Il loro corpo \u00e8 piccolo rispetto alle loro gambe, ma pu\u00f2 ancora portata 60cm (2 piedi).<\/span> <span id=\"gts_text_9\" class=\"gts_text\">Hanno 10 gambe &#8211; le due gambe anteriori sono utilizzate come artigli per alimentarsi.<\/span> <span id=\"gts_text_10\" class=\"gts_text\">Sebbene sia il pi\u00f9 grande <a href=\"\/Crustaceans.html\">crostaceo del<\/a> mondo, non \u00e8 il mondo pi\u00f9 pesante &#8211; l&apos;<a href=\"\/American-Lobster.html\">astice americano<\/a> pesa pi\u00f9.<\/span><\/p>\n<h3><span id=\"gts_text_11\" class=\"gts_text\">Dove la granceola giapponese vive?<\/span><\/h3>\n<p><span id=\"gts_text_12\" class=\"gts_text\">La granceola giapponese \u00e8 trovata nell&apos;oceano Pacifico intorno al Giappone.<\/span> <span id=\"gts_text_13\" class=\"gts_text\">Passano la maggior parte del loro tempo che vivono sotto l&apos;acqua &#8211; possono vivere in acqua in profondit\u00e0 quanto 200-300m (220-330 yarde).\u00a0Essi<\/span> <span id=\"gts_text_14\" class=\"gts_text\">pu\u00f2 vivere fino a 100 anni.<\/span> <span id=\"gts_text_15\" class=\"gts_text\">Hanno ente arancio con i punti bianchi sulle loro gambe sottili.<\/span> <span id=\"gts_text_16\" class=\"gts_text\">I loro occhi sono situati sulla parte anteriore e due spine attaccano fuori fra loro.<\/span> <span id=\"gts_text_17\" class=\"gts_text\">Durante il tempo di molla fanno le uova in acque basse quanto 50 m. (165 piedi).<\/span> <span id=\"gts_text_18\" class=\"gts_text\">Mangiano le piante, le alghe ed il piccolo pesce.<\/span> <span id=\"gts_text_19\" class=\"gts_text\">Le loro gambe lunghe li aiutano per muoversi rapidamente per prendere la loro preda.<\/span><\/p>\n<h3><span id=\"gts_text_20\" class=\"gts_text\">Che cosa \u00e8 una granceola?<\/span><\/h3>\n<p><span id=\"gts_text_21\" class=\"gts_text\">Ci sono circa 700 tipi di granceole nel mondo &#8211; hanno coperture con un punto alla parte anteriore e spesso hanno gambe lunghe.<\/span> <span id=\"gts_text_22\" class=\"gts_text\">Questi sono circa 10% delle specie di sapere di granchio &#8211; gli scienziati le chiamano<\/span> <span style=\"font-style: italic;\"><span id=\"gts_text_23\" class=\"gts_text\">Brachyura<\/span><\/span><span id=\"gts_text_24\" class=\"gts_text\">, che i mezzi \u201cmettono la coda in cortocircuito\u201e.<\/span> <span id=\"gts_text_25\" class=\"gts_text\">I granchi sono crostacei con soltanto una breve coda o neanche uno.<\/span> <span id=\"gts_text_26\" class=\"gts_text\">I granchi sono raggruppati insieme alle aragoste ed al gamberetto in un gruppo chiamato<\/span> <span style=\"font-style: italic;\"><span id=\"gts_text_27\" class=\"gts_text\">Decapodi<\/span><\/span> <span id=\"gts_text_28\" class=\"gts_text\">(dieci piedi) e poi ancora in un pi\u00f9 grande gruppo di crostacei con circa 22000 specie.<\/span> <span id=\"gts_text_29\" class=\"gts_text\">Sorprendente, questo pi\u00f9 grande nome di gruppi (<\/span><span style=\"font-style: italic;\"><span id=\"gts_text_30\" class=\"gts_text\">Malacostrata<\/span><\/span><span id=\"gts_text_31\" class=\"gts_text\">) realmente significa \u201cle coperture molli\u201e!<\/span> <span id=\"gts_text_32\" class=\"gts_text\">Malacostrata \u00e8 crostacei ed i crostacei sono raggruppati insieme ai ragni, agli insetti, ai millepiedi ed agli scorpioni in un filo chiamato<\/span> <span style=\"font-style: italic;\"><span id=\"gts_text_33\" class=\"gts_text\">Artropodi<\/span><\/span><span id=\"gts_text_34\" class=\"gts_text\">.<\/span><\/p>\n<p><span id=\"gts_text_35\" class=\"gts_text\">Cos\u00ec, la granceola giapponese come pure essendo il pi\u00f9 grande artropodo del mondo, \u00e8 inoltre<\/span><\/p>\n<ul>\n<li><span id=\"gts_text_36\" class=\"gts_text\">Il pi\u00f9 grande <a href=\"\/Crustaceans.html\">crostaceo del<\/a> mondo,<\/span><\/li>\n<li><span id=\"gts_text_37\" class=\"gts_text\">Il pi\u00f9 grande Malacostrata del mondo,<\/span><\/li>\n<li><span id=\"gts_text_38\" class=\"gts_text\">Il pi\u00f9 grande decapode del mondo,<\/span><\/li>\n<li><span id=\"gts_text_39\" class=\"gts_text\">Il pi\u00f9 grande e granchio pi\u00f9 pesante del mondo e<\/span><\/li>\n<li><span id=\"gts_text_40\" class=\"gts_text\">La pi\u00f9 grande e granceola pi\u00f9 pesante del mondo<\/span><\/li>\n<\/ul>\n<p><span id=\"gts_text_41\" class=\"gts_text\">Non \u00e8 l&apos;artropodo, il crostaceo o il decapode pi\u00f9 pesante &#8211; quell&apos;onore va all&apos;astice americano tarchiato, che supera la granceola in peso giapponese da 2kg (4,5 libbre).<\/span><\/p>\n<h3><span id=\"gts_text_42\" class=\"gts_text\">Granceole ed esseri umani giapponesi.<\/span><\/h3>\n<p><span id=\"gts_text_43\" class=\"gts_text\">La gente mangia le granceole giapponesi.<\/span> <span id=\"gts_text_44\" class=\"gts_text\">Sono considerati una squisitezza in varie zone del Giappone, in cui \u00e8 salata e cotta a vapore.<\/span> <span id=\"gts_text_45\" class=\"gts_text\">Purtroppo, in alcune parti, la gente ha preso troppi ed i numeri delle granceole giapponesi sta cadendo.<\/span> <span id=\"gts_text_46\" class=\"gts_text\">Ora, ci sono alcuni sforzi per proteggere la granceola giapponese in modo da non si estingue completamente &#8211; per esempio, ai pescatori non sono permessi prenderli durante la molla, quando fanno le loro uova.<\/span> <span id=\"gts_text_47\" class=\"gts_text\">Le granceole giapponesi sono molto delicate e sono popolari in grandi acquari.<\/span><\/p>\n","protected":false},"excerpt":{"rendered":"<p>Che cosa \u00e8 la granceola giapponese? Il pi\u00f9 grande artropodo del mondo \u00e8 la granceola giapponese. Sono chiamati granceola perch\u00e9 le loro gambe sottili lunghe li fanno assomigliare ai ragni! Potete vedere un&apos;immagine di una qui. La granceola giapponese \u00e8 il pi\u00f9 grande crostaceo e l&apos;artropodo del mondo. Questa foto \u00e8 stata presa al mondo &hellip; <a href=\"https:\/\/www.big-animals.com\/it\/giapponese-ragno-granchio-mondo-gran-artropodo\/\" class=\"more-link\">Continue reading <span class=\"screen-reader-text\">La granceola giapponese<\/span><\/a><\/p>\n","protected":false},"author":1,"featured_media":0,"parent":0,"menu_order":0,"comment_status":"closed","ping_status":"open","template":"","meta":{"_acf_changed":false,"footnotes":""},"acf":[],"_links":{"self":[{"href":"https:\/\/www.big-animals.com\/it\/wp-json\/wp\/v2\/pages\/71"}],"collection":[{"href":"https:\/\/www.big-animals.com\/it\/wp-json\/wp\/v2\/pages"}],"about":[{"href":"https:\/\/www.big-animals.com\/it\/wp-json\/wp\/v2\/types\/page"}],"author":[{"embeddable":true,"href":"https:\/\/www.big-animals.com\/it\/wp-json\/wp\/v2\/users\/1"}],"replies":[{"embeddable":true,"href":"https:\/\/www.big-animals.com\/it\/wp-json\/wp\/v2\/comments?post=71"}],"version-history":[{"count":0,"href":"https:\/\/www.big-animals.com\/it\/wp-json\/wp\/v2\/pages\/71\/revisions"}],"wp:attachment":[{"href":"https:\/\/www.big-animals.com\/it\/wp-json\/wp\/v2\/media?parent=71"}],"curies":[{"name":"wp","href":"https:\/\/api.w.org\/{rel}","templated":true}]}}