{"id":73,"date":"2011-05-09T11:34:30","date_gmt":"2011-05-09T11:34:30","guid":{"rendered":""},"modified":"2011-05-09T11:34:30","modified_gmt":"2011-05-09T11:34:30","slug":"struzzo-mondo-gran-uccello","status":"publish","type":"page","link":"https:\/\/www.big-animals.com\/it\/struzzo-mondo-gran-uccello\/","title":{"rendered":"Lo struzzo &#8211; il pi\u00f9 grande uccello del mondo!"},"content":{"rendered":"<h3><span id=\"gts_text_1\" class=\"gts_text\">Quanto grande \u00e8 uno struzzo?<\/span><\/h3>\n<p><span id=\"gts_text_2\" class=\"gts_text\">Lo struzzo africano \u00e8 il pi\u00f9 grande <a href=\"\/Birds.html\">uccello del<\/a> mondo in ogni modo.<\/span> <span id=\"gts_text_3\" class=\"gts_text\">I pi\u00f9 grandi struzzi vivono in Africa del Nord e diventano alto circa 9 piedi (2,75 metri).<\/span> <span id=\"gts_text_4\" class=\"gts_text\">Possono pesare 340 libbre (oltre 150 chilogrammi)! <img decoding=\"async\" style=\"width: 389px; height: 417px;\" title=\"un essere umano tipico accanto ad uno struzzo tipico\" src=\"http:\/\/ba.dr-mikes-maths.com\/\/wp-content\/themes\/twentyten\/images\/ba\/ostrich-and-human.png\" alt=\"un'immagine che mostra ai parenti le dimensioni di un essere umano e di uno struzzo\" \/> Cos\u00ec come essere i pi\u00f9 grandi uccelli, struzzi inoltre faccia le pi\u00f9 grandi uova che qualunque altro uccello &#8211; un singolo uovo dello struzzo pesa fino alle uova di due dozzina polli!<\/span> <span id=\"gts_text_6\" class=\"gts_text\">L&#8217;immagine qui mostra quanto grande un grande struzzo \u00e8, rispetto ad un essere umano medio.<\/span><\/p>\n<h3><span id=\"gts_text_7\" class=\"gts_text\">Fatti e miti dello struzzo<\/span><\/h3>\n<p><span id=\"gts_text_8\" class=\"gts_text\">Gli struzzi sono stati conosciuti poich\u00e9 almeno periodi romani &#8211; sarebbe duro mancare cos\u00ec grande uccello sulle pianure erbose dell&#8217;Africa, dopo tutto!<\/span> <span id=\"gts_text_9\" class=\"gts_text\">Lungamente sono state cercate per la loro carne e piume.<\/span> <span id=\"gts_text_10\" class=\"gts_text\">Infatti, quasi sono andato estinte nello XVIII secolo.<\/span> <span id=\"gts_text_11\" class=\"gts_text\">Nowdays, prodotti dello struzzo quali la carne dello struzzo, il cuoio dello struzzo e le piume dello struzzo viene dalle aziende agricole dello struzzo &#8211; gli struzzi selvaggi principalmente sono lasciati soli.<\/span><\/p>\n<p><span id=\"gts_text_12\" class=\"gts_text\">Gli struzzi non seppelliscono la loro testa nella sabbia una volta spaventati.<\/span> <span id=\"gts_text_13\" class=\"gts_text\">Che cosa fanno, se non possono fuggiree, \u00e8 si riposano pianamente ed ancora con il loro collo e testa contro la terra.<\/span> <span id=\"gts_text_14\" class=\"gts_text\">Poi, da una distanza, assomiglierebbero ad una parte normale FO il paesaggio.<\/span> <span id=\"gts_text_15\" class=\"gts_text\">Inoltre sono stati conosciuti per mangiare la sabbia ed i ciottoli &#8211; forse questo li aiuta per digerire il loro alimento.<\/span> <span id=\"gts_text_16\" class=\"gts_text\">Forse qualche gente ha veduto una volta uno struzzo fare queste cose ed ha confuso che cosa hanno veduto.<\/span><\/p>\n<p><span id=\"gts_text_17\" class=\"gts_text\">Gli struzzi possono anche correre molto veloce &#8211; 43 migli orari (70 km\/ora) in breve gli scoppi.<\/span> <span id=\"gts_text_18\" class=\"gts_text\">Quello \u00e8 pi\u00f9 veloce di un cavallo!<\/span> <span id=\"gts_text_19\" class=\"gts_text\">E possono continuare le velocit\u00e0 di 30 migli orari (50 km\/ora) per oltre 30 minuti se devono.<\/span> <span id=\"gts_text_20\" class=\"gts_text\">Per concludere, se tutto il resto viene a mancare, uno struzzo ha un artiglio lungo pianta e pu\u00f2 dare dei calci a abbastanza potente per uccidere un leone!<\/span><\/p>\n<p><img loading=\"lazy\" decoding=\"async\" title=\"struzzo e pulcino\" src=\"http:\/\/ba.dr-mikes-maths.com\/\/wp-content\/themes\/twentyten\/images\/ba\/ostrich_and_chick.jpg\" alt=\"struzzo e pulcino\" width=\"297\" height=\"404\" \/><br \/>\n<span style=\"float: left; text-align: center; font-size: 8px;\"><span id=\"gts_text_21\" class=\"gts_text\">Struzzo e pulcino &#8211; la foto dagli<\/span> scienziati <span id=\"gts_text_21\" class=\"gts_text\">\u201cdi BMK\u201e<\/span> chiama il <span style=\"font-style: italic;\">Camelus dello Struthio dello<\/span> struzzo, che significa \u201cil cammello dello struzzo\u201e.<\/span> <span id=\"gts_text_22\" class=\"gts_text\">Ci\u00f2 \u00e8 perch\u00e9 il modo cammina scienziati in anticipo ricordati a del cammello.<\/span> <span id=\"gts_text_23\" class=\"gts_text\">Gli struzzi sono i soli membri viventi dei membri dello <span style=\"font-style: italic;\">Struthionidae<\/span> \u201cdella famiglia\u201e dell&#8217;uccello.<\/span> <span id=\"gts_text_24\" class=\"gts_text\">Inoltre appartengono allo <span style=\"font-style: italic;\">Struthioniformes<\/span> \u201cdi ordine\u201e dell&#8217;uccello.<\/span> <span id=\"gts_text_25\" class=\"gts_text\">Gli uccelli che sono in questo ordine inoltre sono chiamati le <a title=\"Struzioniformi\" href=\"http:\/\/www.big-animals.com\/ratites\/\"><span style=\"font-style: italic;\">struzioniformi<\/span><\/a> &#8211; questo ha niente a che fare con i ratti, la <span style=\"font-style: italic;\">struzioniforme di<\/span> parola viene dalla parola latina per \u201cla zattera\u201e.<\/span> <span id=\"gts_text_26\" class=\"gts_text\">L&#8217;osso del torace di una struzioniforme \u00e8 piano, come una zattera.<\/span> <span id=\"gts_text_27\" class=\"gts_text\">La maggior parte dei uccelli hanno una cresta speciale sporgere dalle loro ossa del torace &#8211; la loro forte attaccatura dei muscoli di ala alla cresta.<\/span><\/p>\n<p><span id=\"gts_text_28\" class=\"gts_text\">Cos\u00ec come pure che il pi\u00f9 grande <a href=\"\/Birds.html\">uccello del<\/a> mondo, struzzi \u00e8<\/span><\/p>\n<ul>\n<li><span id=\"gts_text_29\" class=\"gts_text\">La pi\u00f9 grande struzioniforme del mondo<\/span><\/li>\n<li><span id=\"gts_text_30\" class=\"gts_text\">Il pi\u00f9 grande (ed il pi\u00f9 piccolo e soltanto) <span style=\"font-style: italic;\">Struthionidae del<\/span> mondo.<\/span><\/li>\n<\/ul>\n<p><span id=\"gts_text_31\" class=\"gts_text\">Lo struzzo mangia quasi qualche cosa, ma la sua dieta naturale \u00e8 erba e piante, con l&#8217;insetto o la lucertola occasionale gettata dentro.<\/span><\/p>\n<h3><span id=\"gts_text_32\" class=\"gts_text\">Aziende agricole dello struzzo<\/span><\/h3>\n<p><span id=\"gts_text_33\" class=\"gts_text\">Gli struzzi non sono cercati altro.<\/span> <span id=\"gts_text_34\" class=\"gts_text\">Invece, sono alzati sulle aziende agricole dello struzzo o sui ranch dello struzzo.<\/span> <span id=\"gts_text_35\" class=\"gts_text\">Gli struzzi sono utili per la loro carne, le piume, la pelle e perfino il loro guscio d&#8217;uovo!<\/span> <span id=\"gts_text_36\" class=\"gts_text\">Le aziende agricole dello struzzo sono inoltre un&#8217;attrazione turistica in molti posti &#8211; ho visitato un parco dello struzzo in Malesia e c&#8217;era anche un&#8217;opportunit\u00e0 affinch\u00e8 i bambini godesse dei giri dello struzzo!<\/span><\/p>\n<h3><span id=\"gts_text_37\" class=\"gts_text\">Uova dello struzzo<\/span><\/h3>\n<p><img loading=\"lazy\" decoding=\"async\" title=\"un uovo dello struzzo ha paragonato all'uovo di un pollo\" src=\"http:\/\/ba.dr-mikes-maths.com\/\/wp-content\/themes\/twentyten\/images\/ba\/ostrichegg.jpg\" alt=\"un uovo dello struzzo ha paragonato all'uovo di un pollo\" width=\"400\" height=\"300\" \/> <span style=\"float: right;\">Le uova dello struzzo sono enormi!<\/span> <span id=\"gts_text_39\" class=\"gts_text\">L&#8217;immagine a sinistra mostra un uovo dello struzzo accanto all&#8217;uovo di un pollo.<\/span> <span id=\"gts_text_40\" class=\"gts_text\">Il guscio d&#8217;uovo \u00e8 molto spesso e forte.<\/span> <span id=\"gts_text_41\" class=\"gts_text\">Deve essere forte se un animale che pesa un sixth di una tonnellata sta andando sedersi su!<\/span> <span id=\"gts_text_42\" class=\"gts_text\">Il guscio d&#8217;uovo dello struzzo \u00e8 usato per arte &#8211; potete comprare, per esempio, le lampade scolpite dell&#8217;uovo dello struzzo e molte altre cose.<\/span> <span id=\"gts_text_43\" class=\"gts_text\">Potete vedere molti bei esempi con una <a href=\"http:\/\/images.google.com\/images?q=ostrich%20egg%20art&amp;ie=UTF-8&amp;oe=utf-8&amp;rls=org.mozilla:en-US:official&amp;client=firefox-a&amp;um=1&amp;sa=N&amp;tab=wi\" target=\"_blank\">ricerca di immagine di googlare<\/a>.<\/span><\/p>\n<h3><span id=\"gts_text_44\" class=\"gts_text\">Carne dello struzzo<\/span><\/h3>\n<p><span id=\"gts_text_45\" class=\"gts_text\">La carne dello struzzo \u00e8 rossa a colori.<\/span> <span id=\"gts_text_46\" class=\"gts_text\">\u00c8 inoltre carne molto sana &#8211; \u00e8 basso in grasso e su in minerali quali ferro e calcio.<\/span> <span id=\"gts_text_47\" class=\"gts_text\">Se siete interessato provarlo, potreste anche potere comprarlo al supermercato!<\/span><\/p>\n<h3><span id=\"gts_text_48\" class=\"gts_text\">Piume dello struzzo<\/span><\/h3>\n<p><span id=\"gts_text_49\" class=\"gts_text\">Gli struzzi cadono naturalmente ogni anno le loro piume a certo tempo.<\/span> <span id=\"gts_text_50\" class=\"gts_text\">Gli agricoltori dello struzzo possono raccogliere le piume senza nuocere all&#8217;uccello.<\/span> <span id=\"gts_text_51\" class=\"gts_text\">Le piume dello struzzo sono usate per fare gli spolveratori molto buoni della piuma.<\/span><\/p>\n<h3><span id=\"gts_text_52\" class=\"gts_text\">Cuoio dello struzzo<\/span><\/h3>\n<p><span id=\"gts_text_53\" class=\"gts_text\">La pelle di uno struzzo fa il cuoio molto forte, che pu\u00f2 trasformarsi nei portafogli, le borse, gli stivali, le cinghie e molte altre.<\/span><\/p>\n<h3><span id=\"gts_text_54\" class=\"gts_text\">Corsa dello struzzo<\/span><\/h3>\n<p><span id=\"gts_text_55\" class=\"gts_text\">La corsa dello struzzo su ora \u00e8 aggrottata le sopracciglia, ma c&#8217;era una volta era molto popolare.<\/span> <span id=\"gts_text_56\" class=\"gts_text\">L&#8217;immagine sotto mostra una vecchia cartolina con un corridore del carretto dello struzzo.<\/span><\/p>\n<div style=\"text-align: center;\"><img decoding=\"async\" title=\"Una vecchia cartolina con un corridore del carretto dello struzzo\" src=\"http:\/\/ba.dr-mikes-maths.com\/\/wp-content\/themes\/twentyten\/images\/ba\/ostrichcartjacksonville.jpg\" alt=\"Una vecchia cartolina con un corridore del carretto dello struzzo\" \/><\/div>\n","protected":false},"excerpt":{"rendered":"<p>Quanto grande \u00e8 uno struzzo? Lo struzzo africano \u00e8 il pi\u00f9 grande uccello del mondo in ogni modo. I pi\u00f9 grandi struzzi vivono in Africa del Nord e diventano alto circa 9 piedi (2,75 metri). Possono pesare 340 libbre (oltre 150 chilogrammi)! Cos\u00ec come essere i pi\u00f9 grandi uccelli, struzzi inoltre faccia le pi\u00f9 grandi &hellip; <a href=\"https:\/\/www.big-animals.com\/it\/struzzo-mondo-gran-uccello\/\" class=\"more-link\">Continue reading <span class=\"screen-reader-text\">Lo struzzo &#8211; il pi\u00f9 grande uccello del mondo!<\/span><\/a><\/p>\n","protected":false},"author":1,"featured_media":0,"parent":0,"menu_order":0,"comment_status":"closed","ping_status":"open","template":"","meta":{"_acf_changed":false,"footnotes":""},"acf":[],"_links":{"self":[{"href":"https:\/\/www.big-animals.com\/it\/wp-json\/wp\/v2\/pages\/73"}],"collection":[{"href":"https:\/\/www.big-animals.com\/it\/wp-json\/wp\/v2\/pages"}],"about":[{"href":"https:\/\/www.big-animals.com\/it\/wp-json\/wp\/v2\/types\/page"}],"author":[{"embeddable":true,"href":"https:\/\/www.big-animals.com\/it\/wp-json\/wp\/v2\/users\/1"}],"replies":[{"embeddable":true,"href":"https:\/\/www.big-animals.com\/it\/wp-json\/wp\/v2\/comments?post=73"}],"version-history":[{"count":0,"href":"https:\/\/www.big-animals.com\/it\/wp-json\/wp\/v2\/pages\/73\/revisions"}],"wp:attachment":[{"href":"https:\/\/www.big-animals.com\/it\/wp-json\/wp\/v2\/media?parent=73"}],"curies":[{"name":"wp","href":"https:\/\/api.w.org\/{rel}","templated":true}]}}