{"id":79,"date":"2011-05-09T11:37:01","date_gmt":"2011-05-09T11:37:01","guid":{"rendered":""},"modified":"2011-05-09T11:37:01","modified_gmt":"2011-05-09T11:37:01","slug":"mondo-gran-marsupiali","status":"publish","type":"page","link":"https:\/\/www.big-animals.com\/it\/mondo-gran-marsupiali\/","title":{"rendered":"I pi\u00f9 grandi marsupiali del mondo!"},"content":{"rendered":"<h3><span id=\"gts_text_1\" class=\"gts_text\">Che cosa \u00e8 un marsupiale?<\/span><\/h3>\n<p><span id=\"gts_text_2\" class=\"gts_text\">I marsupiali sono un gruppo speciale di <a href=\"\/Mammals.html\">mammiferi<\/a>.<\/span> <span id=\"gts_text_3\" class=\"gts_text\">Vivono principalmente in Australia ed il Sudamerica ed includono i canguri, koale, opossum ed opossum e molti altri.<\/span> <span id=\"gts_text_4\" class=\"gts_text\">Come tutti i mammiferi,<\/span><\/p>\n<ul>\n<li><span id=\"gts_text_5\" class=\"gts_text\">I marsupiali danno il latte ai loro bambini,<\/span><\/li>\n<li><span id=\"gts_text_6\" class=\"gts_text\">I marsupiali hanno la pelle e capelli,<\/span><\/li>\n<li><span id=\"gts_text_7\" class=\"gts_text\">I marsupiali tengono il loro corpo (pi\u00f9 o meno) ad una temperatura costante.<\/span><\/li>\n<\/ul>\n<p><span id=\"gts_text_8\" class=\"gts_text\">La differenza fra i marsupiali ed altri tipi di mammiferi \u00e8 come si occupano dei loro bambini.<\/span> <span id=\"gts_text_9\" class=\"gts_text\">La maggior parte dei mammiferi sono mammiferi <span style=\"font-style: italic;\">placentari<\/span> &#8211; quando la madre ha bambini dentro, coltiva una <span style=\"font-style: italic;\">placenta<\/span> per aiutare la sua alimentazione il bambino mentre \u00e8 ancora dentro il suo corpo.<\/span> <span id=\"gts_text_10\" class=\"gts_text\">Di conseguenza, molti mammiferi del bambino sono cresciuto molto anche prima che nascessero &#8211; per esempio, la <a href=\"\/Giraffe.html\">giraffa del<\/a> bambino pu\u00f2 camminare soltanto alcune ore dopo la nascita.<\/span><\/p>\n<p><span id=\"gts_text_11\" class=\"gts_text\">I marsupiali sono differenti.<\/span> <span id=\"gts_text_12\" class=\"gts_text\">Quando un marsupiale nasce, fa il suo modo immediatamente al sacchetto di sua madre.<\/span> <span id=\"gts_text_13\" class=\"gts_text\">Se non arriva, non sopravvivr\u00e0 a.<\/span> <span id=\"gts_text_14\" class=\"gts_text\">Vive completamente dentro il sacchetto finch\u00e9 non sia pronto da affrontare il mondo esterno &#8211; settimane o mesi pi\u00f9 successivamente.<\/span> <span id=\"gts_text_15\" class=\"gts_text\">Tutti i marsupiali hanno un sacchetto, non appena il canguro.<\/span><\/p>\n<p><span id=\"gts_text_16\" class=\"gts_text\">Il terzo gruppo di mammiferi, le monotremate, uova realmente fatte!<\/span><\/p>\n<h3><span id=\"gts_text_17\" class=\"gts_text\">Che cosa \u00e8 il pi\u00f9 grande marsupiale del mondo?<\/span><\/h3>\n<p><span id=\"gts_text_18\" class=\"gts_text\">Il pi\u00f9 grande marsupiale vivente del mondo \u00e8 il <a href=\"\/Red-Kangaroo.html\">canguro rosso<\/a>, quello vive in tutto i deserti dell&#8217;Australia.<\/span> <span id=\"gts_text_19\" class=\"gts_text\">In media, i maschi diventano lungamente 1,4 metri (4,6 ft) e pesano 85 chilogrammi (185 libbre), le femmine a 1,1 metri (3,6 ft) &#8211; ma quei grandi possono essere pi\u00f9 di 50% pi\u00f9 grande di questo!<\/span><\/p>\n<p><span id=\"gts_text_20\" class=\"gts_text\">Il pi\u00f9 grande mai marsupiale era un enorme vombato-come la creatura, stante alto 6 piedi (2 metri) e pesante circa 2,5 tonnellate.<\/span> <span id=\"gts_text_21\" class=\"gts_text\">Gli scienziati oggi lo chiamano <a href=\"\/Diprotodon.html\"><span style=\"font-style: italic;\">Diprotodon<\/span><\/a>, che significa \u201cdue denti anteriori\u201e.<\/span><\/p>\n<h3><span id=\"gts_text_22\" class=\"gts_text\">Che generi di marsupiali sono ci?<\/span><\/h3>\n<p><span id=\"gts_text_23\" class=\"gts_text\">Ci sono circa 334 tipi differenti di marsupiali, raggruppati in sette gruppi chiamati \u201cordini\u201e (ci sono altri due ordini che completamente si sono estinti e sono nient&#8217;altro).<\/span><\/p>\n<ul>\n<li><span id=\"gts_text_24\" class=\"gts_text\">Il Opossoms del Sudamerica, chiamato <span style=\"font-style: italic;\">Didelphimorphia<\/span>, vive in alberi e mangia qualche cosa.<\/span> <span id=\"gts_text_25\" class=\"gts_text\">Hanno un forte sistema immunitario e possono anche sopravvivere al morso di un crotalo!<\/span> <span id=\"gts_text_26\" class=\"gts_text\">Inoltre hanno pi\u00f9 denti che qualunque altro mammifero della terra.<\/span><\/li>\n<li><span id=\"gts_text_27\" class=\"gts_text\">Gli opossum del toporagno, chiamati <span style=\"font-style: italic;\">Paucituberculata<\/span>, inoltre vivono nel Sudamerica.<\/span> <span id=\"gts_text_28\" class=\"gts_text\">Assomigliano ai piccoli opossum.<\/span><\/li>\n<li><span id=\"gts_text_29\" class=\"gts_text\">Il Monito del Monte (che significa <span style=\"font-style: italic;\">poca scimmia della montagna<\/span>) \u00e8 il solo animale vivo nell&#8217;ordine <span style=\"font-style: italic;\">Microbiotheria<\/span>.<\/span> <span id=\"gts_text_30\" class=\"gts_text\">\u00c8 densamente circa la dimensione di un topo, ma con un pi\u00f9 lungo, coda pi\u00f9 utile e testa differente-a forma di.<\/span><\/li>\n<li><span id=\"gts_text_31\" class=\"gts_text\"><span style=\"font-style: italic;\">Dasyuromorphia<\/span> significa \u201cla coda pelosa\u201e.<\/span> <span id=\"gts_text_32\" class=\"gts_text\">Questo gruppo include molti marsupiali carnivori dall&#8217;Australia, compreso Quolls, Numbats, la tigre tasmaniana estinta (o il Thylacine) ed il diavolo tasmaniano pericoloso.<\/span><\/li>\n<li><span id=\"gts_text_33\" class=\"gts_text\">C&#8217;\u00e8 soltanto due specie di <span style=\"font-style: italic;\">Notoryctemorphia<\/span>, o talpa marsupiale.<\/span> <span id=\"gts_text_34\" class=\"gts_text\">Sono molto dure da distinguere.<\/span> <span id=\"gts_text_35\" class=\"gts_text\">I loro sacchetti affrontano indietro, in modo da non ottengono riempiti di sabbia poich\u00e8 essi tana attraverso le dune del deserto dell&#8217;Australia.<\/span><\/li>\n<li><span id=\"gts_text_36\" class=\"gts_text\">Il Bilby e i 19 tipi di peramele appartengono ad un gruppo chiamato <span style=\"font-style: italic;\">Peramelemorphia<\/span>.<\/span><\/li>\n<li><span id=\"gts_text_37\" class=\"gts_text\"><span style=\"font-style: italic;\">Il Diprotodontia<\/span> contiene tutti i marsupiali australiani pi\u00f9 famosi &#8211; i canguri e le koale come pure i wallaby, gli opossum ed i vombati.<\/span> <span id=\"gts_text_38\" class=\"gts_text\">Ottengono il loro nome dalle parole di gree per \u201cdue denti anteriori\u201e.<\/span> <span id=\"gts_text_39\" class=\"gts_text\">Il pi\u00f9 grande marsupiale del mondo, il <a href=\"\/Red-Kangaroo.html\">canguro rosso<\/a> come pure il pi\u00f9 grandi mai marsupiali, il <a href=\"\/Diprotodon.html\"><span style=\"font-style: italic;\">Diprotodon<\/span><\/a>, entrambi appartengono a questo ordine.<\/span><\/li>\n<\/ul>\n","protected":false},"excerpt":{"rendered":"<p>Che cosa \u00e8 un marsupiale? I marsupiali sono un gruppo speciale di mammiferi. Vivono principalmente in Australia ed il Sudamerica ed includono i canguri, koale, opossum ed opossum e molti altri. Come tutti i mammiferi, I marsupiali danno il latte ai loro bambini, I marsupiali hanno la pelle e capelli, I marsupiali tengono il loro &hellip; <a href=\"https:\/\/www.big-animals.com\/it\/mondo-gran-marsupiali\/\" class=\"more-link\">Continue reading <span class=\"screen-reader-text\">I pi\u00f9 grandi marsupiali del mondo!<\/span><\/a><\/p>\n","protected":false},"author":1,"featured_media":0,"parent":0,"menu_order":0,"comment_status":"closed","ping_status":"open","template":"","meta":{"_acf_changed":false,"footnotes":""},"acf":[],"_links":{"self":[{"href":"https:\/\/www.big-animals.com\/it\/wp-json\/wp\/v2\/pages\/79"}],"collection":[{"href":"https:\/\/www.big-animals.com\/it\/wp-json\/wp\/v2\/pages"}],"about":[{"href":"https:\/\/www.big-animals.com\/it\/wp-json\/wp\/v2\/types\/page"}],"author":[{"embeddable":true,"href":"https:\/\/www.big-animals.com\/it\/wp-json\/wp\/v2\/users\/1"}],"replies":[{"embeddable":true,"href":"https:\/\/www.big-animals.com\/it\/wp-json\/wp\/v2\/comments?post=79"}],"version-history":[{"count":1,"href":"https:\/\/www.big-animals.com\/it\/wp-json\/wp\/v2\/pages\/79\/revisions"}],"predecessor-version":[{"id":420,"href":"https:\/\/www.big-animals.com\/it\/wp-json\/wp\/v2\/pages\/79\/revisions\/420"}],"wp:attachment":[{"href":"https:\/\/www.big-animals.com\/it\/wp-json\/wp\/v2\/media?parent=79"}],"curies":[{"name":"wp","href":"https:\/\/api.w.org\/{rel}","templated":true}]}}