{"id":83,"date":"2011-05-09T21:56:35","date_gmt":"2011-05-09T21:56:35","guid":{"rendered":""},"modified":"2015-02-10T14:41:56","modified_gmt":"2015-02-10T14:41:56","slug":"del-sud-elefante-guarnizione","status":"publish","type":"page","link":"https:\/\/www.big-animals.com\/it\/del-sud-elefante-guarnizione\/","title":{"rendered":"Elefante marino del sud o Mirounga leonina"},"content":{"rendered":"<p>L&#8217;elefante marino del Sud \u00e8 il pi\u00f9 grande\u00a0<a title=\"Carnivori\" href=\"http:\/\/www.big-animals.com\/it\/carnivoro\/\">Carnivoro<\/a>\u00a0vivente.\u00a0Viene\u00a0chiamato elefante marino perch\u00e9 \u00e8 enorme e perch\u00e9 i maschi hanno un naso simile ad una proboscide con la quale possono emettere versi molto potenti.<\/p>\n<p>L&#8217;elefante marino del Sud \u00e8 pi\u00f9 grande di quello dell\u2019elefante marino del Nord ed ha naso a proboscide\u00a0pi\u00f9 ampio.\u00a0L&#8217;elefante marino del Nord vive in California e zone limitrofe. Principalmente vive sulle isole lontane dalla costa.\u00a0L&#8217;elefante marino del Sud vive invece principalmente intorno all&#8217;Antartide.<\/p>\n<figure id=\"attachment_776\" aria-describedby=\"caption-attachment-776\" style=\"width: 300px\" class=\"wp-caption alignleft\"><a href=\"http:\/\/www.big-animals.com\/wp-content\/uploads\/2011\/03\/Southern_Elephant_Seal_And_Human.png\"><img loading=\"lazy\" decoding=\"async\" class=\"size-medium wp-image-776\" title=\"Guarnizione ed essere umano di elefante del sud\" src=\"http:\/\/www.big-animals.com\/wp-content\/uploads\/2011\/03\/Southern_Elephant_Seal_And_Human-300x177.png\" alt=\"Guarnizione ed essere umano di elefante del sud\" width=\"300\" height=\"177\" \/><\/a><figcaption id=\"caption-attachment-776\" class=\"wp-caption-text\">Elefante marino del Sud e Uomo a cofronto<\/figcaption><\/figure>\n<p>L&#8217;elefante marino del Sud maschio \u00e8 circa 5 &#8211; 6 volte pi\u00f9 grande della femmina.\u00a0La femmina pesa dai 400 ai 900 chilogrammi ed \u00e8 lunga circa 2,6 &#8211; 3 metri .\u00a0Al contrario\u00a0i maschi pesano dai 2200 &#8211; 4000 chilogrammi e sono lunghi circa 4,2 &#8211; 5 metri.\u00a0I loro cuccioli pesano circa 40 chilogrammi alla nascita e normalmente bevono il latte materno per circa 3 settimane.\u00a0Fino a quel momento, la madre non si nutre, quindi lei e il cucciolo vivono \u00a0soltanto dell&#8217;energia accumulata nello suo spesso strato di grasso.\u00a0Dopo quasi un mese di digiuno, la madre perder\u00e0 molto peso!<\/p>\n<p>I loro occhi sono grandi, tondi e neri e sono importanti per la caccia.\u00a0Gli arti posteriori vengono utilizzati come pinne.\u00a0Ogni\u00a0arto ha 5 lunghe dita palmate.\u00a0Le pinne situate ai lati non vengono utilizzate molto per nuotare ma\u00a0 vengono invece usate per spingersi in avanti sulla terra ferma.\u00a0Gli elefanti marini del Sud riescono a\u00a0muoversi rapidamente &#8211; fino a 8 chilometri all&#8217;ora nelle brevi distanze.\u00a0Sebbene sembrino impacciati quando si spostano sulla terra, la loro velocit\u00e0 massima li rende pericolosi se disturbati.<\/p>\n<p>L\u2019elefante marino del Sud non ha bisogno di trascorrere molto tempo fuori dall\u2019acqua.\u00a0Ha bisogno soltanto di alcuni minuti per inspirare abbastanza aria perla seguente immersione.\u00a0Si immerger\u00e0 \u00a0ripetutamente, ogni volta per pi\u00f9 di 20 minuti e fino ad un massino di 2 ore cacciando prede come il calamari e pesci.\u00a0Sono le foche che riescono ad immergersi pi\u00f9 in profondit\u00e0 al mondo raggiungendo i 400 metri di profondit\u00e0.<\/p>\n<figure id=\"attachment_778\" aria-describedby=\"caption-attachment-778\" style=\"width: 300px\" class=\"wp-caption alignright\"><a href=\"http:\/\/www.big-animals.com\/wp-content\/uploads\/2011\/03\/Male_Southern_Elephant_Seal.jpg\"><img loading=\"lazy\" decoding=\"async\" class=\"size-medium wp-image-778\" title=\"Guarnizione di elefante del sud maschio - Photgraph da Bruno Navez\" src=\"http:\/\/www.big-animals.com\/wp-content\/uploads\/2011\/03\/Male_Southern_Elephant_Seal-300x300.jpg\" alt=\"Guarnizione di elefante del sud maschio - Photgraph da Bruno Navez\" width=\"300\" height=\"300\" \/><\/a><figcaption id=\"caption-attachment-778\" class=\"wp-caption-text\">Maschio di Elefante Marino del Sud &#8211; Fotografia di\u00a0Bruno Navez<\/figcaption><\/figure>\n<p>Il loro corpo \u00e8 a forma di come una torpedine e contribuisce a renderli \u00a0grandi nuotatori.\u00a0In oltre nel loro corpo circola molto sangue &#8211; buon per il trasporto dell&#8217;ossigeno.\u00a0Hanno persino degli spazi nel corpo dove posso immagazzinare sangue extra!\u00a0Tutto questo li aiuta per essere dei campioni subacquei &#8211; possono fare un respiro e trattenerlo\u00a0 per \u00a0molto molto tempo.<\/p>\n<p><span lang=\"IT\">Negli oceani, le foche vivono da sale.\u00a0La maggior parte delle femmine si immergono fino a quasi al fondo del mare.\u00a0I maschi\u00a0 si immergono non solo fino al fondale marino, ma si spingono fino alle parti pi\u00f9 profonde del mare!\u00a0Ritornano ogni anno nella stessa area di caccia. La loro principale risorsa di cibo \u00e8 al limite dell\u2019Antartide.\u00a0Mentre cacciano negli oceani bui, \u00a0la luce emessa da alcune prede aiuta le foche a catturarle facilmente.\u00a0Le foche sono sensibili \u00a0alle vibrazioni e anche questa sensibilit\u00e0 li aiuta a catturare le prede.\u00a0Il loro predatore principale \u00e8 l&#8217;orca.<\/span><\/p>\n<p>Gli elefanti marini possono stare \u00a0a lungo su terra ferma.\u00a0Possono rimanere asciutti per parecchie settimane all\u2019anno.\u00a0I maschi difenderanno i loro territori.\u00a0A volte le battaglie tra maschi sono violente ma fortunatamente raramente rimangono uccisi. Quando sono intenti a difendere il territorio, rimangono per mesi senza nutrirsi, a volte fino a 3 mesi. \u00a0Vivono esclusivamente dell\u2019energia conservata dal loro grasso corporeo.\u00a0Il maschio sconfitto si ritira dopo aver subito gravi tagli e ferite.<\/p>\n<p>L\u2019elefante marino del Sud maschio emette un verso simile ad un ruggito per far comunicare agli altri la sua identit\u00e0 e la sua stazza.\u00a0Le lotte fra i maschi si limitano spesso ad mostrare chi \u00e8 il pi\u00f9 forte e ruggire piuttosto che a colpi di proboscide e morsi.<\/p>\n<p>I cuccioli di foca che hanno smesso di prendere il latte si riuniscono tutti insieme \u00a0fino a che non perdono la pelliccia con la quale sono nati.\u00a0Questa pelliccia nera simile non \u00e8 adatta a nuotare\u00a0 ma li tiene caldo.\u00a0Una volta persa la pelliccia con cui sono nati, il loro mantello diventa grigio e marrone, secondo lo spessore e dell\u2019umiit\u00e0 del pelo.\u00a0La pelle dei maschi pi\u00f9 anziani sembra cuoio e mostra spesso cicatrici di battaglia.<\/p>\n<figure id=\"attachment_777\" aria-describedby=\"caption-attachment-777\" style=\"width: 300px\" class=\"wp-caption aligncenter\"><a href=\"http:\/\/www.big-animals.com\/wp-content\/uploads\/2011\/03\/Baby_Southern_Elephant_Seal.jpg\"><img loading=\"lazy\" decoding=\"async\" class=\"size-medium wp-image-777\" title=\"Guarnizione di elefante del sud del bambino - fotografi da Serge Ouach\u00e9e\" src=\"http:\/\/www.big-animals.com\/wp-content\/uploads\/2011\/03\/Baby_Southern_Elephant_Seal-300x206.jpg\" alt=\"Guarnizione di elefante del sud del bambino - fotografi da Serge Ouach\u00e9e\" width=\"300\" height=\"206\" \/><\/a><figcaption id=\"caption-attachment-777\" class=\"wp-caption-text\">Cucciolo di Elefante MArino del Sud &#8211; Fotografia di\u00a0Serge Ouach\u00e9e<\/figcaption><\/figure>\n<p>Gli elefanti marini del Sud erano una volta cacciate per il loro grasso.\u00a0Erano quasi completamente estinte nel 19th secolo ma fortunatamente leggi per la loro tutela sono state approvate e i loro siti di riproduzione sono stati protetti. Questi sforzi quindi hanno aiutato ad assicurare che gli elefanti marini del Sud non siano pi\u00f9 in pericolo.<\/p>\n<p>&nbsp;<\/p>\n","protected":false},"excerpt":{"rendered":"<p>L&#8217;elefante marino del Sud \u00e8 il pi\u00f9 grande\u00a0Carnivoro\u00a0vivente.\u00a0Viene\u00a0chiamato elefante marino perch\u00e9 \u00e8 enorme e perch\u00e9 i maschi hanno un naso simile ad una proboscide con la quale possono emettere versi molto potenti. L&#8217;elefante marino del Sud \u00e8 pi\u00f9 grande di quello dell\u2019elefante marino del Nord ed ha naso a proboscide\u00a0pi\u00f9 ampio.\u00a0L&#8217;elefante marino del Nord vive &hellip; <a href=\"https:\/\/www.big-animals.com\/it\/del-sud-elefante-guarnizione\/\" class=\"more-link\">Continue reading <span class=\"screen-reader-text\">Elefante marino del sud o Mirounga leonina<\/span><\/a><\/p>\n","protected":false},"author":1,"featured_media":0,"parent":0,"menu_order":0,"comment_status":"closed","ping_status":"open","template":"","meta":{"_acf_changed":false,"footnotes":""},"acf":[],"_links":{"self":[{"href":"https:\/\/www.big-animals.com\/it\/wp-json\/wp\/v2\/pages\/83"}],"collection":[{"href":"https:\/\/www.big-animals.com\/it\/wp-json\/wp\/v2\/pages"}],"about":[{"href":"https:\/\/www.big-animals.com\/it\/wp-json\/wp\/v2\/types\/page"}],"author":[{"embeddable":true,"href":"https:\/\/www.big-animals.com\/it\/wp-json\/wp\/v2\/users\/1"}],"replies":[{"embeddable":true,"href":"https:\/\/www.big-animals.com\/it\/wp-json\/wp\/v2\/comments?post=83"}],"version-history":[{"count":8,"href":"https:\/\/www.big-animals.com\/it\/wp-json\/wp\/v2\/pages\/83\/revisions"}],"predecessor-version":[{"id":630,"href":"https:\/\/www.big-animals.com\/it\/wp-json\/wp\/v2\/pages\/83\/revisions\/630"}],"wp:attachment":[{"href":"https:\/\/www.big-animals.com\/it\/wp-json\/wp\/v2\/media?parent=83"}],"curies":[{"name":"wp","href":"https:\/\/api.w.org\/{rel}","templated":true}]}}