{"id":84,"date":"2011-05-13T09:19:26","date_gmt":"2011-05-13T09:19:26","guid":{"rendered":""},"modified":"2015-03-13T14:33:51","modified_gmt":"2015-03-13T14:33:51","slug":"uccello-elefante-2","status":"publish","type":"page","link":"https:\/\/www.big-animals.com\/it\/uccello-elefante-2\/","title":{"rendered":"Uccello Elefante"},"content":{"rendered":"<figure id=\"attachment_1116\" aria-describedby=\"caption-attachment-1116\" style=\"width: 283px\" class=\"wp-caption alignleft\"><a href=\"http:\/\/www.big-animals.com\/wp-content\/uploads\/2011\/05\/Elephant_Bird_And_Human.png\"><img loading=\"lazy\" decoding=\"async\" class=\"size-medium wp-image-1116 gts_attribute gts_attribute_1_alt gts_attribute_2_title\" title=\"Uccello ed essere umano di elefante\" src=\"http:\/\/www.big-animals.com\/wp-content\/uploads\/2011\/05\/Elephant_Bird_And_Human-283x300.png\" alt=\"Uccello ed essere umano di elefante\" width=\"283\" height=\"300\" \/><\/a><figcaption id=\"caption-attachment-1116\" class=\"wp-caption-text\">Uccello Elefante e uomo<\/figcaption><\/figure>\n<p><span id=\"gts_text_1\" class=\"gts_text\">\u00a0<\/span><\/p>\n<p><span id=\"gts_text_2\" class=\"gts_text\">\u00a0<\/span><\/p>\n<p><span id=\"gts_text_3\" class=\"gts_text\">\u00a0<\/span><\/p>\n<p><span id=\"gts_text_4\" class=\"gts_text\">\u00a0<\/span><\/p>\n<p><span id=\"gts_text_5\" class=\"gts_text\">\u00a0<\/span><\/p>\n<p><span id=\"gts_text_6\" class=\"gts_text\">\u00a0<\/span><\/p>\n<p><span id=\"gts_text_7\" class=\"gts_text\">\u00a0<\/span><\/p>\n<p><span id=\"gts_text_8\" class=\"gts_text\">\u00a0<\/span><\/p>\n<p><span id=\"gts_text_9\" class=\"gts_text\">\u00a0<\/span><\/p>\n<p><span id=\"gts_text_10\" class=\"gts_text\">\u00a0<\/span><\/p>\n<p><span id=\"gts_text_11\" class=\"gts_text\">\u00a0<\/span><\/p>\n<p><span id=\"gts_text_12\" class=\"gts_text\">\u00a0<\/span><\/p>\n<p><span id=\"gts_text_15\" class=\"gts_text\">L&#8217;Uccello Elefante \u00e8 l&#8217;<a title=\"I pi\u00f9 grandi uccelli del mondo!\" href=\"http:\/\/www.big-animals.com\/it\/mondo-gran-uccelli\/\">uccello<\/a> pi\u00f9 pesante che sia mai esistito. Era un <a title=\"Struzioniformi\" href=\"http:\/\/www.big-animals.com\/it\/ratiti\/\">ratite<\/a>, un uccello che non pu\u00f2 volare, quindi non aveva la carena dello sterno. Faceva parte della famiglia\u00a0di struzzi ed em\u00f9. Gli Uccelli Elefante assomigliavano a degli struzzi: avevano\u00a0la testa piccola, ali ridotte, lunghe zampe potenti, artigli affilati e un collo lungo e forte. Il loro corpo era coperto da piume simili a capelli, come quelle degli em\u00f9, e il loro becco sembrava la punta piatta di una lancia. Sebbene il <a title=\"Il Moa gigante: l\u2019uccello pi\u00f9\u2019 alto mai esistito!\" href=\"http:\/\/www.big-animals.com\/it\/gigante-moa-alto-uccello-la-mai-era\/\">Moa\u00a0Gigante<\/a>\u00a0fosse leggermente pi\u00f9 alto dell&#8217;Uccello Elefante, era pi\u00f9 leggero, quindi l&#8217;Uccello Elefante rimane il campione di pesi massimi di tutti i tempi tra gli uccelli.<\/span><\/p>\n<p>Erano alti\u00a0pi\u00f9 di\u00a03 metri! Gli Uccelli Elefante erano\u00a0pi\u00f9 alti di un cesto da pallacanestro e pesavano quasi 400 chili. Le loro uova avevano\u00a0una circonferenza di oltre un metro e una lunghezza di 34 centimetri. Il volume di un uovo era circa 160 volte\u00a0quello di una gallina. Che ci crediate o no, si potevano fare pi\u00f9 di 50 omelette con un solo uovo! Erano erbivori.<\/p>\n<p>Sono esistiti solo sull&#8217;Isola di Madagascar per 60 milioni di anni. In Madagascar vissero bene fino a circa 2000 anni fa, quando gli uomini sbarcarono sull&#8217;isola. Triste da dire, solo 1000 anni dopo erano estinti. La gente li cacciava per la loro carne e le uova venivano rubate dai loro nidi per essere mangiate. Uova cos\u00ec grandi potevano venire deposte solo in piccole quantit\u00e0 e questi uccelli, probabilmente, si riproducevano lentamente. Dopo un po&#8217; di tempo, quindi, si estinsero dalla faccia della terra a causa della caccia e della distruzione del loro habitat.<\/p>\n<p><span id=\"gts_text_34\" class=\"gts_text\">\u00a0<\/span><\/p>\n","protected":false},"excerpt":{"rendered":"<p>\u00a0 \u00a0 \u00a0 \u00a0 \u00a0 \u00a0 \u00a0 \u00a0 \u00a0 \u00a0 \u00a0 \u00a0 L&#8217;Uccello Elefante \u00e8 l&#8217;uccello pi\u00f9 pesante che sia mai esistito. Era un ratite, un uccello che non pu\u00f2 volare, quindi non aveva la carena dello sterno. Faceva parte della famiglia\u00a0di struzzi ed em\u00f9. Gli Uccelli Elefante assomigliavano a degli struzzi: avevano\u00a0la testa piccola, &hellip; <a href=\"https:\/\/www.big-animals.com\/it\/uccello-elefante-2\/\" class=\"more-link\">Continue reading <span class=\"screen-reader-text\">Uccello Elefante<\/span><\/a><\/p>\n","protected":false},"author":1,"featured_media":0,"parent":0,"menu_order":0,"comment_status":"closed","ping_status":"open","template":"","meta":{"_acf_changed":false,"footnotes":""},"acf":[],"_links":{"self":[{"href":"https:\/\/www.big-animals.com\/it\/wp-json\/wp\/v2\/pages\/84"}],"collection":[{"href":"https:\/\/www.big-animals.com\/it\/wp-json\/wp\/v2\/pages"}],"about":[{"href":"https:\/\/www.big-animals.com\/it\/wp-json\/wp\/v2\/types\/page"}],"author":[{"embeddable":true,"href":"https:\/\/www.big-animals.com\/it\/wp-json\/wp\/v2\/users\/1"}],"replies":[{"embeddable":true,"href":"https:\/\/www.big-animals.com\/it\/wp-json\/wp\/v2\/comments?post=84"}],"version-history":[{"count":11,"href":"https:\/\/www.big-animals.com\/it\/wp-json\/wp\/v2\/pages\/84\/revisions"}],"predecessor-version":[{"id":646,"href":"https:\/\/www.big-animals.com\/it\/wp-json\/wp\/v2\/pages\/84\/revisions\/646"}],"wp:attachment":[{"href":"https:\/\/www.big-animals.com\/it\/wp-json\/wp\/v2\/media?parent=84"}],"curies":[{"name":"wp","href":"https:\/\/api.w.org\/{rel}","templated":true}]}}