{"id":86,"date":"2011-05-15T06:03:13","date_gmt":"2011-05-15T06:03:13","guid":{"rendered":""},"modified":"2011-05-15T06:03:13","modified_gmt":"2011-05-15T06:03:13","slug":"struzioniformi","status":"publish","type":"page","link":"https:\/\/www.big-animals.com\/it\/struzioniformi\/","title":{"rendered":"Struzioniformi"},"content":{"rendered":"<p><span id=\"gts_text_1\" class=\"gts_text\">La famiglia della struzioniforme include gli <a title=\"I pi\u00f9 grandi uccelli del mondo!\" href=\"http:\/\/www.big-animals.com\/the-worlds-biggest-birds\/\">uccelli<\/a> che non possono volare.<\/span> <span id=\"gts_text_2\" class=\"gts_text\">Il loro sterno \u00e8 piano, senza la chiglia.<\/span> <span id=\"gts_text_3\" class=\"gts_text\">La chiglia dello sterno di un uccello \u00e8 dove i muscoli di volo si collegano al loro scheletro.<\/span> <span id=\"gts_text_4\" class=\"gts_text\">Senza questa chiglia, le struzioniformi non potrebbero volare anche se hanno avute ali adatte.<\/span> <span id=\"gts_text_5\" class=\"gts_text\">I pi\u00f9 forti muscoli delle struzioniformi sono nelle loro gambe e coscie.<\/span> <span id=\"gts_text_6\" class=\"gts_text\">Ci sono soltanto 5 tipi di struzioniformi nel mondo.<\/span> <span id=\"gts_text_7\" class=\"gts_text\">Sono i casuarius, l&#8217;em\u00f9, lo struzzo, i nand\u00f9 ed i kiwi, facenti complessivamente 12 specie in tutto.<\/span> <span id=\"gts_text_8\" class=\"gts_text\">I pi\u00f9 grandi uccelli sono mai inoltre struzioniformi &#8211; il <a title=\"Il Moa gigante - l'uccello pi\u00f9 alto l\u00e0 era mai!\" href=\"http:\/\/www.big-animals.com\/the-giant-moa-the-tallest-bird-there-ever-was\/\">Moa gigante<\/a> \u00e8 mai l&#8217;uccello pi\u00f9 alto, una struzioniforme dalla Nuova Zelanda e l&#8217;<a title=\"Uccello di elefante\" href=\"http:\/\/www.big-animals.com\/elephant-bird-2\/\">uccello di elefante<\/a>, una struzioniforme dal Madagascar, \u00e8 mai l&#8217;uccello pi\u00f9 pesante.<\/span> <span id=\"gts_text_9\" class=\"gts_text\">Il Moas e l&#8217;uccello di elefante si sono estinti dopo che la gente \u00e8 arrivato sulle loro isole.<\/span><\/p>\n<p><span id=\"gts_text_10\" class=\"gts_text\"><a title=\"Lo struzzo - il pi\u00f9 grande uccello del mondo!\" href=\"http:\/\/www.big-animals.com\/the-ostrich-the-worlds-biggest-bird\/\">Lo struzzo<\/a> africano \u00e8 la pi\u00f9 grande struzioniforme vivente, infatti, \u00e8 il pi\u00f9 grande uccello vivente di tutti.<\/span> <span id=\"gts_text_11\" class=\"gts_text\">Sono alti quasi 3 metri (9,8 piedi).<\/span> <span id=\"gts_text_12\" class=\"gts_text\">Pesano circa 160 chilogrammi (350 libbre).<\/span> <span id=\"gts_text_13\" class=\"gts_text\">Con le loro gambe potenti, possono funzionare pi\u00f9 velocemente di un cavallo.<\/span> <span id=\"gts_text_14\" class=\"gts_text\">Ostiches ha soltanto due dita del piede con una pi\u00f9 grande altra di quella.<\/span> <span id=\"gts_text_15\" class=\"gts_text\">Hanno ali ma non possono volare.<\/span> <span id=\"gts_text_16\" class=\"gts_text\">Hanno lungamente un intestino pi\u00f9 lungo molto lungo, 15 metri (46 piedi)!<\/span> <span id=\"gts_text_17\" class=\"gts_text\">Mangiano pricipalmente le piante.<\/span><\/p>\n<figure id=\"attachment_1134\" aria-describedby=\"caption-attachment-1134\" style=\"width: 203px\" class=\"wp-caption alignleft\"><a href=\"http:\/\/www.big-animals.com\/wp-content\/uploads\/2011\/05\/Cassowary.jpg\"><img loading=\"lazy\" decoding=\"async\" class=\"size-medium wp-image-1134\" title=\"Il casuarius \u00e8 una struzioniforme Colourful - Phtograph da Boaz Wibowo\" src=\"http:\/\/www.big-animals.com\/wp-content\/uploads\/2011\/05\/Cassowary-203x300.jpg\" alt=\"Il casuarius \u00e8 una struzioniforme Colourful - Phtograph da Boaz Wibowo\" width=\"203\" height=\"300\" \/><\/a><figcaption id=\"caption-attachment-1134\" class=\"wp-caption-text\">The Cassowary is a Colourful Ratite - Phtograph by Boaz Wibowo<\/figcaption><\/figure>\n<p><span id=\"gts_text_18\" class=\"gts_text\">L&#8217;em\u00f9 australiano \u00e8 la seconda struzioniforme pi\u00f9 alta dopo lo struzzo.<\/span> <span id=\"gts_text_19\" class=\"gts_text\">Pu\u00f2 raggiungere fino a 2 metri (6,6 piedi).<\/span> <span id=\"gts_text_20\" class=\"gts_text\">\u00c8 di circa 60 chilogrammi (130lb).<\/span> <span id=\"gts_text_21\" class=\"gts_text\">Pu\u00f2 funzionare velocemente come lo struzzo.<\/span> <span id=\"gts_text_22\" class=\"gts_text\">Vive sui pascoli e sui terreni boscosi aperti.<\/span> <span id=\"gts_text_23\" class=\"gts_text\">Ha una dieta pi\u00f9 onnivora rispetto ad altre struzioniformi, poich\u00e9 inoltre mangia gli insetti ed altri piccoli animali, oltre alle piante.<\/span><\/p>\n<p><span id=\"gts_text_24\" class=\"gts_text\">Dopo ci sono le 3 specie di casuarius, che sono indigene in Australia e le isole al Nord.<\/span> <span id=\"gts_text_25\" class=\"gts_text\">Sono pi\u00f9 brevi degli em\u00f9 ma pi\u00f9 pesanti e pi\u00f9 solidamente costruite.<\/span> <span id=\"gts_text_26\" class=\"gts_text\">Preferiscono vivere in foreste tropicali spesse.<\/span> <span id=\"gts_text_27\" class=\"gts_text\">Dovete stare attento quando scontrate loro perch\u00e9 hanno artigli affilatissimi e una crescita dura sopra la loro testa.<\/span><\/p>\n<p><span id=\"gts_text_28\" class=\"gts_text\">Nel Sudamerica, ci sono 2 specie di nand\u00f9.<\/span> <span id=\"gts_text_29\" class=\"gts_text\">Sono degli uccelli di medie dimensioni e veloci.<\/span> <span id=\"gts_text_30\" class=\"gts_text\">Vivono nelle pianure sudamericane, il pi\u00f9 grande nand\u00f9 americano diventano alto circa 1,5 metri (4,9 piedi).<\/span> <span id=\"gts_text_31\" class=\"gts_text\">Pesano circa 20 &#8211; 25 chilogrammi (44-55 libbre).<\/span> <span id=\"gts_text_32\" class=\"gts_text\">Hanno ali ma non le usano per volare.<\/span> <span id=\"gts_text_33\" class=\"gts_text\">Invece, li usano per distrarre i loro predatori.<\/span> <span id=\"gts_text_34\" class=\"gts_text\">Mangiano pricipalmente le piante ed a volte gli insetti se possono prendere c&#8217;\u00e8 ne.<\/span> <span id=\"gts_text_35\" class=\"gts_text\">Alimentano le piante vasto-coperte di foglie.<\/span><\/p>\n<figure id=\"attachment_1137\" aria-describedby=\"caption-attachment-1137\" style=\"width: 199px\" class=\"wp-caption alignright\"><a href=\"http:\/\/www.big-animals.com\/wp-content\/uploads\/2011\/05\/Kiwi1.jpeg\"><img loading=\"lazy\" decoding=\"async\" class=\"size-medium wp-image-1137\" title=\"Il kiwi \u00e8 la pi\u00f9 piccola struzioniforme\" src=\"http:\/\/www.big-animals.com\/wp-content\/uploads\/2011\/05\/Kiwi1-199x300.jpg\" alt=\"Il kiwi \u00e8 la pi\u00f9 piccola struzioniforme\" width=\"199\" height=\"300\" \/><\/a><figcaption id=\"caption-attachment-1137\" class=\"wp-caption-text\">The Kiwi is the Smallest Ratite<\/figcaption><\/figure>\n<p><span id=\"gts_text_36\" class=\"gts_text\">Le pi\u00f9 piccole struzioniformi sono le 5 specie di kiwi che sono indigeni in Nuova Zelanda.<\/span> <span id=\"gts_text_37\" class=\"gts_text\">I kiwi sono soltanto circa la dimensione di un pollo.<\/span> <span id=\"gts_text_38\" class=\"gts_text\">Sono timidi e sono attivi alla notte.<\/span> <span id=\"gts_text_39\" class=\"gts_text\">Hanno buon senso dell&#8217;udienza ed odorano.<\/span> <span id=\"gts_text_40\" class=\"gts_text\">Sono i soli uccelli con le narici all&#8217;estremit\u00e0 del loro becco lungo.<\/span> <span id=\"gts_text_41\" class=\"gts_text\">Sono buoni nel vedere alla notte anche.<\/span> <span id=\"gts_text_42\" class=\"gts_text\">\u00a0Fanno il loro nido in tane profonde e trovano i piccoli insetti e larve nel terreno per alimento.<\/span> <span id=\"gts_text_43\" class=\"gts_text\">Le loro uova sono molto grandi, rispetto alla loro dimensione corporea.<\/span> <span id=\"gts_text_44\" class=\"gts_text\">Le pi\u00f9 piccole specie di kiwi \u00e8 il kiwi macchiato poco che \u00e8 di soltanto 1,2 chilogrammi (2.6lb) ed alto 40 centimetri (16 pollici).<\/span> <span id=\"gts_text_45\" class=\"gts_text\">I kiwi hanno i pi\u00f9 brevi tratti.<\/span> <span id=\"gts_text_46\" class=\"gts_text\">Mangiano i semi, la frutta, il piccolo gambero, i lombrici e gli insetti.<\/span><\/p>\n<p><span id=\"gts_text_47\" class=\"gts_text\">I bambini delle struzioniformi possono funzionare o camminare presto dopo la nascita.<\/span> <span id=\"gts_text_48\" class=\"gts_text\">La maggior parte delle struzioniformi dividono un nido comune.<\/span> <span id=\"gts_text_49\" class=\"gts_text\">Anche dividono il lavoro di conservazione delle uova calde, con il maschio che le tiene calde alla notte.<\/span> <span id=\"gts_text_50\" class=\"gts_text\">Cos\u00ec, il padre fa il turno di notte di presa della cura dei suoi bambini!<\/span> <span id=\"gts_text_51\" class=\"gts_text\">Gli struzzi sono le sole struzioniformi in cui la femmina incuba le uova.<\/span> <span id=\"gts_text_52\" class=\"gts_text\">I kiwi sono le sole struzioniformi che hanno in qualsiasi momento soltanto un compagno.<\/span><\/p>\n<p><span id=\"gts_text_53\" class=\"gts_text\">Le uova delle struzioniformi sono state usate dagli esseri umani come contenitori dell&#8217;acqua, gioielli o l&#8217;altri arte e mestiere.<\/span> <span id=\"gts_text_54\" class=\"gts_text\">Le piume degli struzzi maschii sono state usate per fare i cappelli durante lo XVIII secolo.<\/span> <span id=\"gts_text_55\" class=\"gts_text\">Di conseguenza i lotti degli struzzi sono stati cercati e c&#8217;era una diminuzione sensibile nella popolazione degli struzzi durante quel tempo.<\/span> <span id=\"gts_text_56\" class=\"gts_text\">Questo evento ha condotto all&#8217;inizio dell&#8217;agricoltura dello struzzo.<\/span> <span id=\"gts_text_57\" class=\"gts_text\">Gli struzzi sono raccolti per le loro piume, pellami, uova e carne.<\/span> <span id=\"gts_text_58\" class=\"gts_text\">Gli em\u00f9 sono popolari per il loro petrolio dell&#8217;em\u00f9 ed anche la loro carne, uova e piume.<\/span> <span id=\"gts_text_59\" class=\"gts_text\">Le piume del nand\u00f9 sono popolari per gli spolveratori ed uova e carne per l&#8217;alimento per animali domestici e del pollo nel Sudamerica.<\/span> <span id=\"gts_text_60\" class=\"gts_text\">I pellami della struzioniforme sono usati per fare le merci di cuoio come le scarpe.<\/span><\/p>\n<p><span id=\"gts_text_61\" class=\"gts_text\">\u00a0<\/span><\/p>\n","protected":false},"excerpt":{"rendered":"<p>La famiglia della struzioniforme include gli uccelli che non possono volare. Il loro sterno \u00e8 piano, senza la chiglia. La chiglia dello sterno di un uccello \u00e8 dove i muscoli di volo si collegano al loro scheletro. Senza questa chiglia, le struzioniformi non potrebbero volare anche se hanno avute ali adatte. I pi\u00f9 forti muscoli &hellip; <a href=\"https:\/\/www.big-animals.com\/it\/struzioniformi\/\" class=\"more-link\">Continue reading <span class=\"screen-reader-text\">Struzioniformi<\/span><\/a><\/p>\n","protected":false},"author":1,"featured_media":0,"parent":0,"menu_order":0,"comment_status":"closed","ping_status":"open","template":"","meta":{"_acf_changed":false,"footnotes":""},"acf":[],"_links":{"self":[{"href":"https:\/\/www.big-animals.com\/it\/wp-json\/wp\/v2\/pages\/86"}],"collection":[{"href":"https:\/\/www.big-animals.com\/it\/wp-json\/wp\/v2\/pages"}],"about":[{"href":"https:\/\/www.big-animals.com\/it\/wp-json\/wp\/v2\/types\/page"}],"author":[{"embeddable":true,"href":"https:\/\/www.big-animals.com\/it\/wp-json\/wp\/v2\/users\/1"}],"replies":[{"embeddable":true,"href":"https:\/\/www.big-animals.com\/it\/wp-json\/wp\/v2\/comments?post=86"}],"version-history":[{"count":0,"href":"https:\/\/www.big-animals.com\/it\/wp-json\/wp\/v2\/pages\/86\/revisions"}],"wp:attachment":[{"href":"https:\/\/www.big-animals.com\/it\/wp-json\/wp\/v2\/media?parent=86"}],"curies":[{"name":"wp","href":"https:\/\/api.w.org\/{rel}","templated":true}]}}