{"id":88,"date":"2011-05-28T22:59:24","date_gmt":"2011-05-28T22:59:24","guid":{"rendered":""},"modified":"2015-06-01T21:05:17","modified_gmt":"2015-06-01T21:05:17","slug":"pinguini","status":"publish","type":"page","link":"https:\/\/www.big-animals.com\/it\/pinguini\/","title":{"rendered":"Pinguini"},"content":{"rendered":"<p><span id=\"gts_text_1\" class=\"gts_text\">I pinguini sono <a title=\"I pi\u00f9 grandi uccelli del mondo!\" href=\"http:\/\/www.big-animals.com\/the-worlds-biggest-birds\/\">uccelli<\/a> ma non possono volare.<\/span> <span id=\"gts_text_2\" class=\"gts_text\">Spendono la maggior parte del loro tempo sott&#8217;acqua alla ricerca di cibo come krill, pesci, calamari ed altri piccoli animali marini.<\/span> Su<span id=\"gts_text_3\" class=\"gts_text\">ll&#8217;estremit\u00e0 del becco, il pinguino ha un uncino che \u00e8 perfetto per afferrare il cibo.<\/span>\u00a0E&#8217; dotato, inoltre, di peli sul rivestimento della lingua disposti in modo tale che il cibo non scivola via<span id=\"gts_text_4\" class=\"gts_text\">!<\/span> <span id=\"gts_text_5\" class=\"gts_text\">I pinguini che si nutrono di\u00a0pesce, ad esempio il Pinguino Imperatore, hanno il becco pi\u00f9 lungo e pi\u00f9 sottile degli altri pinguini.<\/span> <span id=\"gts_text_6\" class=\"gts_text\">I pinguini che si nutrono di\u00a0krill, come il Pinguino dalla fronte dorata o Pinguino Macaroni, hanno becchi pi\u00f9 spessi e pi\u00f9 corti.<\/span> <span id=\"gts_text_7\" class=\"gts_text\">I pinguini non hanno denti.<\/span> <span id=\"gts_text_8\" class=\"gts_text\">Possono bere l&#8217;acqua salata di mare perch\u00e9 il loro organismo \u00e8 dotato di speciali ghiandole in grado di eliminare il sale dal sangue. Noi esseri umani non abbiamo questo tipo di ghiandole<\/span><span id=\"gts_text_9\" class=\"gts_text\">\u00a0&#8211; se beviamo acqua di mare il sale ci fa venire sempre pi\u00f9 sete\u00a0fino a morirne.<\/span><\/p>\n<p><span id=\"gts_text_10\" class=\"gts_text\">Quando i pinguini sono in\u00a0acqua, possono muoversi con estrema rapidit\u00e0.<\/span> <span id=\"gts_text_11\" class=\"gts_text\">Utilizzano le loro ali come fossero pinne.<\/span> <span id=\"gts_text_12\" class=\"gts_text\">Cos\u00ec, quando sono nell&#8217;acqua, agitano le loro ali proprio come se stessero\u00a0volando in aria.<\/span><\/p>\n<figure id=\"attachment_1198\" aria-describedby=\"caption-attachment-1198\" style=\"width: 216px\" class=\"wp-caption alignright\"><img loading=\"lazy\" decoding=\"async\" class=\"size-medium wp-image-1198\" title=\"I pinguini vivono su ogni continente nell'emisfero australe\" src=\"http:\/\/www.big-animals.com\/wp-content\/uploads\/2011\/05\/AfricanPenguins-216x300.jpg\" alt=\"I pinguini vivono su ogni continente nell'emisfero australe\" width=\"216\" height=\"300\" \/><figcaption id=\"caption-attachment-1198\" class=\"wp-caption-text\">Penguins Live on Every Continent in the Southern Hemisphere<\/figcaption><\/figure>\n<p><span id=\"gts_text_14\" class=\"gts_text\">I pinguini si trovano principalmente nell&#8217;emisfero australe, soprattutto in Antartide, mentre<\/span>\u00a0nell&#8217;emisfero nord \u00e8 quasi impossibile trovare<span id=\"gts_text_15\" class=\"gts_text\">\u00a0pinguini allo stato selvatico. <\/span><span id=\"gts_text_16\" class=\"gts_text\">Ci sono parecchi tipi di pinguini che si trovano bene\u00a0in climi temperati e ne esiste perfino una specie (il pinguino delle Galapagos) che vive nei tropici.<\/span>\u00a0G<span id=\"gts_text_17\" class=\"gts_text\">randi popolazioni di pinguini si trovano soprattutto in Antartide, in Australia, in Nuova Zelanda, in Sud America e in Sudafrica.<\/span>\u00a0Al mondo, ci sono oggi<span id=\"gts_text_18\" class=\"gts_text\">\u00a0soltanto 17 specie di pinguini.<\/span><\/p>\n<p><span id=\"gts_text_19\" class=\"gts_text\">Il pi\u00f9 grande pinguino vivente, il <a title=\"Pinguino di imperatore\" href=\"http:\/\/www.big-animals.com\/emperor-penguin\/\">Pinguino \u00a0Imperatore<\/a> \u00e8 l&#8217;unica specie che si riproduce e nidifica\u00a0in Antartide.<\/span> <span id=\"gts_text_20\" class=\"gts_text\">Un Pinguino Imperatore adulto pu\u00f2 essere alto\u00a0circa 1,10 metri e pesare 35 kg o pi\u00f9.<\/span> <span id=\"gts_text_21\" class=\"gts_text\">La specie pi\u00f9 piccola di pinguino \u00e8 il Pinguino minore Blu anche conosciuto come il Pinguino Leggendario\u00a0che \u00e8 alto circa 40cm e pesa circa 1 kg.<\/span> <span id=\"gts_text_22\" class=\"gts_text\">Il pi\u00f9 grande pinguino mai esistito era\u00a0un pinguino gigante chiamato <a title=\"Anthropornis\" href=\"http:\/\/www.big-animals.com\/anthropornis\/\"><em>Anthropornis<\/em><\/a>.<\/span> <span id=\"gts_text_23\" class=\"gts_text\">Era grande come un essere umano!<\/span>\u00a0E i<span id=\"gts_text_24\" class=\"gts_text\">nfatti, il suo nome significa &#8220;uomo-uccello&#8221;. Riuscite ad immaginare cosa significa trovarsi <\/span><span id=\"gts_text_25\" class=\"gts_text\">faccia a faccia con un pinguino cos\u00ec grande?<\/span> <span id=\"gts_text_26\" class=\"gts_text\">Era alto circa 1,7 metri e \u00a0pesava 90 Kg.<\/span><\/p>\n<p><span id=\"gts_text_27\" class=\"gts_text\">I pinguini sono ricoperti di strati bianchi e neri di piume\u00a0che servono ad evitare che i loro predatori li vedano mentre nuotano.<\/span> <span id=\"gts_text_28\" class=\"gts_text\">Quando un predatore come la Foca Leopardo\u00a0cerca una preda dal fondo marino, avr\u00e0 difficolt\u00e0 a vedere la pancia bianca del pinguino contro la superficie luminosa dell&#8217;acqua.<\/span> <span id=\"gts_text_29\" class=\"gts_text\">Se invece caccia dalla superficie verso il fondo, la schiena scura del pinguino sar\u00e0 difficile\u00a0da vedere sullo sfondo \u00a0scuro delle profondit\u00e0 dell&#8217;oceano. Per questo<\/span><span id=\"gts_text_30\" class=\"gts_text\">, per stare al sicuro, i pinguini devono indossare il loro smoking bianco e nero dovunque vadano &#8211; e non sono mai costretti a nuotare capovolti!<\/span><\/p>\n<p><span id=\"gts_text_31\" class=\"gts_text\">All&#8217;interno dei morbidi strati di piume, c&#8217;\u00e8 uno strato di aria che permette ai pinguini di galleggiare in acqua.<\/span>\u00a0<span id=\"gts_text_32\" class=\"gts_text\">Lo strato d&#8217;aria, inoltre, isola i pinguini nelle acque fredde.<\/span>\u00a0Oltre a questo, il corpo affusolato dei pinguini fa in modo che siano\u00a0dei bravissimi nuotatori.\u00a0<span id=\"gts_text_34\" class=\"gts_text\">Possono raggiungere i 6-12 km all&#8217;ora.<\/span>\u00a0<span id=\"gts_text_35\" class=\"gts_text\">Sulla terraferma, invece, i pinguini utilizzano la coda e le ali per restare in equilibrio.<\/span><\/p>\n<p><span id=\"gts_text_36\" class=\"gts_text\">I piccoli pinguini non si tuffano solitamente in profondit\u00e0.<\/span> <span id=\"gts_text_37\" class=\"gts_text\">Prendono la loro preda vicino alla superficie del mare.<\/span> <span id=\"gts_text_38\" class=\"gts_text\">I pi\u00f9 grandi pinguini possono tuffarsi in profondit\u00e0 nell&#8217;oceano.<\/span> <span id=\"gts_text_39\" class=\"gts_text\">Il pinguino di imperatore pu\u00f2 tuffarsi ad una profondit\u00e0 di 560 metri (1870 piedi) per fino a 22 minuti.<\/span> <span id=\"gts_text_40\" class=\"gts_text\">I pinguini non possono respirare underwater, ma tengono il loro respiro per un po&#8217;di tempo, particolarmente i pinguini di imperatore.<\/span> <span id=\"gts_text_41\" class=\"gts_text\">A volte salteranno dell&#8217;acqua ed otterranno un grande gulp di aria prima che tuffandosi receda al mare per cercare l&#8217;alimento.<\/span><\/p>\n<p><span id=\"gts_text_42\" class=\"gts_text\">Su terra, i pinguini cammineranno con i punti minuscoli, ondeggianti impacciato da lato a lato sui loro brevi piedi, o faranno scorrere sulle loro pance attraverso la neve.<\/span> <span id=\"gts_text_43\" class=\"gts_text\">Non che \u00e8 divertimento!<\/span> <span id=\"gts_text_44\" class=\"gts_text\">Infatti, fare scorrere sulle loro pance le aiuta per risparmiare l&#8217;energia e muoversi rapidamente.<\/span> <span id=\"gts_text_45\" class=\"gts_text\">Saltano quando vogliono muoversi pi\u00f9 velocemente o attraversare le scogliere ripide o rocciose.<\/span> <span id=\"gts_text_46\" class=\"gts_text\">Possono saltare 5 piedi (1,5 metri).<\/span> <span id=\"gts_text_47\" class=\"gts_text\">Hanno piedi molto brevi che utilizzano per la guida nell&#8217;acqua quando nuotano.<\/span> <span id=\"gts_text_48\" class=\"gts_text\">Tutti i pinguini hanno piedi palmati come le anatre per aiutarle per nuotare.<\/span><\/p>\n<p><span id=\"gts_text_49\" class=\"gts_text\">I pinguini sono blooded caldo, appena come noi.<\/span> <span id=\"gts_text_50\" class=\"gts_text\">Inoltre hanno uno strato di grasso appena sotto la loro pelle come una guarnizione per tenerli calde e accoglienti.<\/span> <span id=\"gts_text_51\" class=\"gts_text\">Olio dello sfregamento dei pinguini dai loro corpi sulle loro piume da contribuire a tenerle impermeabili ed antivento.<\/span> <span id=\"gts_text_52\" class=\"gts_text\">Possono anche controllare il flusso di sangue alla superficie dei loro corpi, per ridurre la quantit\u00e0 di sangue che si raffredda e di indurre i corpi esterni congelarsi.<\/span> <span id=\"gts_text_53\" class=\"gts_text\">Huddle spesso insieme per tenere caldo e per scambiare regolarmente le posizioni per assicurarsi che ogni pinguino ottenga ad un restituire il centro del pacchetto del calore.<\/span> <span id=\"gts_text_54\" class=\"gts_text\">Altrettanto come 5000 pinguini huddle insieme per riscaldarsi.<\/span><\/p>\n<p><span id=\"gts_text_55\" class=\"gts_text\">I pinguini di Galapagos hanno una storia completamente differente da dire perch\u00e9 vivono nei tropici, che sono caldi.<\/span> <span id=\"gts_text_56\" class=\"gts_text\">Non huddle da tenere caldo.<\/span> <span id=\"gts_text_57\" class=\"gts_text\">Invece spanderanno fuori le loro ali e lanugine fuori le loro piume per tenere fresco invece.<\/span><\/p>\n<p><span id=\"gts_text_58\" class=\"gts_text\">Il pinguino non ha orecchie esterne.<\/span> <span id=\"gts_text_59\" class=\"gts_text\">Sentono attraverso due piccoli fori che sono situati allo stesso luogo come nostre orecchie.<\/span> <span id=\"gts_text_60\" class=\"gts_text\">Questi fori sono coperti di piume.<\/span> <span id=\"gts_text_61\" class=\"gts_text\">Hanno un senso dell&#8217;udienza medio per gli uccelli.<\/span> <span id=\"gts_text_62\" class=\"gts_text\">I pinguini si individuano con le loro chiamate.<\/span><\/p>\n<figure id=\"attachment_1199\" aria-describedby=\"caption-attachment-1199\" style=\"width: 300px\" class=\"wp-caption alignleft\"><img loading=\"lazy\" decoding=\"async\" class=\"size-medium wp-image-1199\" title=\"I pinguini vivono nei grandi gruppi\" src=\"http:\/\/www.big-animals.com\/wp-content\/uploads\/2011\/05\/LargeGroupOfAdeliePenguins-300x185.jpg\" alt=\"I pinguini vivono nei grandi gruppi\" width=\"300\" height=\"185\" \/><figcaption id=\"caption-attachment-1199\" class=\"wp-caption-text\">Penguins Live in Large Groups<\/figcaption><\/figure>\n<p><span id=\"gts_text_64\" class=\"gts_text\">Allevano nelle grandi colonie.<\/span> <span id=\"gts_text_65\" class=\"gts_text\">Queste colonie possono variare nella dimensione da soltanto 100 paia per i pinguini di Gentoo a diverse centinaia mille paia per i pinguini dei maccheroni.<\/span> <span id=\"gts_text_66\" class=\"gts_text\">Una volta che un pinguino trova un compagno, restano solitamente insieme per anni.<\/span> <span id=\"gts_text_67\" class=\"gts_text\">La maggior parte dei pinguini fanno due uova in un nido.<\/span> <span id=\"gts_text_68\" class=\"gts_text\">Le pi\u00f9 grandi specie come i pinguini di imperatore ed il re pinguini faranno soltanto un uovo.<\/span> <span id=\"gts_text_69\" class=\"gts_text\">Tutti i pinguini dividono il lavoro di conservazione delle loro uova calde eccezione fatta per il pinguino di imperatore, in cui il padre tiene l&#8217;uovo caldo finch\u00e9 non covi.<\/span> <span id=\"gts_text_70\" class=\"gts_text\">La madre andr\u00e0 cercare l&#8217;alimento.\u00a0<\/span><span id=\"gts_text_71\" class=\"gts_text\">Le uova dei<\/span> <span id=\"gts_text_70\" class=\"gts_text\">pinguini<\/span> <span id=\"gts_text_71\" class=\"gts_text\">sono pi\u00f9 piccole delle uova di altri uccelli.<\/span> <span id=\"gts_text_72\" class=\"gts_text\">Le uova hanno coperture spesse.<\/span><\/p>\n<p><span id=\"gts_text_73\" class=\"gts_text\">Quando il pulcino cova, immediatamente inizio che chiama in modo che i suoi genitori possano riconoscerlo nel mezzo della colonia enorme.<\/span> <span id=\"gts_text_74\" class=\"gts_text\">Se una madre sembra perdere un pulcino, a volte prover\u00e0 a rubare il pulcino di un&#8217;altra madre, ma normalmente verr\u00e0 a mancare perch\u00e9 l&#8217;altra madre sta guardando sopra il suo proprio pulcino.<\/span> <span id=\"gts_text_75\" class=\"gts_text\">Una volta che il pulcino \u00e8 grande ed abbastanza forte, la mummia ed il pap\u00e0 si dirigeranno al mare per cercare l&#8217;alimento agli stessi invece di presa dei giri per cercare l&#8217;alimento.<\/span> <span id=\"gts_text_76\" class=\"gts_text\">I pulcini sono lasciati in un grande gruppo chiamato un asilo nido.<\/span> <span id=\"gts_text_77\" class=\"gts_text\">Quando i genitori del pinguino ritornano con alimento, riconosceranno il loro pulcino dalla sua voce.<\/span><\/p>\n<p><span id=\"gts_text_78\" class=\"gts_text\">Non sembrano essere impaurite degli esseri umani.<\/span> <span id=\"gts_text_79\" class=\"gts_text\">Ci\u00f2 \u00e8 probabilmente perch\u00e9 i pinguini non hanno predatori della terra in Antartide o le isole offshore vicine.<\/span> <span id=\"gts_text_80\" class=\"gts_text\">Hanno i predatori in mare, per esempio, la guarnizione del leopardo e le orche.<\/span> <span id=\"gts_text_81\" class=\"gts_text\">Tuttavia, gli ospiti ai pinguini dei posti in tensione si consigliano di non andare troppo vicino ai pinguini, nel caso ottengano troppo nervosi.<\/span><\/p>\n<p><span id=\"gts_text_82\" class=\"gts_text\">\u00a0<\/span><\/p>\n","protected":false},"excerpt":{"rendered":"<p>I pinguini sono uccelli ma non possono volare. Spendono la maggior parte del loro tempo sott&#8217;acqua alla ricerca di cibo come krill, pesci, calamari ed altri piccoli animali marini. Sull&#8217;estremit\u00e0 del becco, il pinguino ha un uncino che \u00e8 perfetto per afferrare il cibo.\u00a0E&#8217; dotato, inoltre, di peli sul rivestimento della lingua disposti in modo &hellip; <a href=\"https:\/\/www.big-animals.com\/it\/pinguini\/\" class=\"more-link\">Continue reading <span class=\"screen-reader-text\">Pinguini<\/span><\/a><\/p>\n","protected":false},"author":1,"featured_media":0,"parent":0,"menu_order":0,"comment_status":"closed","ping_status":"open","template":"","meta":{"_acf_changed":false,"footnotes":""},"acf":[],"_links":{"self":[{"href":"https:\/\/www.big-animals.com\/it\/wp-json\/wp\/v2\/pages\/88"}],"collection":[{"href":"https:\/\/www.big-animals.com\/it\/wp-json\/wp\/v2\/pages"}],"about":[{"href":"https:\/\/www.big-animals.com\/it\/wp-json\/wp\/v2\/types\/page"}],"author":[{"embeddable":true,"href":"https:\/\/www.big-animals.com\/it\/wp-json\/wp\/v2\/users\/1"}],"replies":[{"embeddable":true,"href":"https:\/\/www.big-animals.com\/it\/wp-json\/wp\/v2\/comments?post=88"}],"version-history":[{"count":2,"href":"https:\/\/www.big-animals.com\/it\/wp-json\/wp\/v2\/pages\/88\/revisions"}],"predecessor-version":[{"id":683,"href":"https:\/\/www.big-animals.com\/it\/wp-json\/wp\/v2\/pages\/88\/revisions\/683"}],"wp:attachment":[{"href":"https:\/\/www.big-animals.com\/it\/wp-json\/wp\/v2\/media?parent=88"}],"curies":[{"name":"wp","href":"https:\/\/api.w.org\/{rel}","templated":true}]}}