{"id":89,"date":"2011-05-29T09:47:58","date_gmt":"2011-05-29T09:47:58","guid":{"rendered":""},"modified":"2014-10-24T20:59:14","modified_gmt":"2014-10-24T20:59:14","slug":"imperatore-pinguino","status":"publish","type":"page","link":"https:\/\/www.big-animals.com\/it\/imperatore-pinguino\/","title":{"rendered":"Pinguino imperatore"},"content":{"rendered":"<p><span id=\"gts_text_1\" class=\"gts_text\">Il pinguino imperatore \u00e8 la pi\u00f9 grande specie vivente di\u00a0<a class=\" gts_attribute gts_attribute_5_title\" title=\"Pinguino di imperatore\" href=\"http:\/\/www.big-animals.com\/it\/imperatore-pinguino\/\">pinguino<\/a>.<\/span>\u00a0<span id=\"gts_text_2\" class=\"gts_text\">Vive in Antartide,<\/span>\u00a0dove<span id=\"gts_text_3\" class=\"gts_text\">\u00a0la temperatura pu\u00f2 raggiungere i -60\u00b0C (- 76F).<\/span>\u00a0<span id=\"gts_text_4\" class=\"gts_text\">Gli esemplari maschi\u00a0pesano\u00a0pi\u00f9 delle femmine.<\/span>\u00a0Infatti, e<span id=\"gts_text_5\" class=\"gts_text\">ssi possono raggiungere\u00a0un&#8217;altezza di circa 120 cm (48 pollici) e possono pesare tra i 22 ed i 45 chilogrammi (49 &#8211; 99 libbre).<\/span>\u00a0<span id=\"gts_text_6\" class=\"gts_text\">La testa, il mento, la gola, la schiena e le parti posteriori delle pinne\u00a0e della coda sono nere.<\/span>\u00a0Al contrario,<span id=\"gts_text_7\" class=\"gts_text\">\u00a0le parti inferiori delle ali e della pancia sono bianche.<\/span>\u00a0<span id=\"gts_text_8\" class=\"gts_text\">La parte superiore del loro petto ha un colore arancio pallido e l&#8217;area che circonda le orecchie ha un colore giallo acceso.<\/span><\/p>\n<figure id=\"attachment_1203\" aria-describedby=\"caption-attachment-1203\" style=\"width: 300px\" class=\"wp-caption alignleft\"><a href=\"http:\/\/www.big-animals.com\/wp-content\/uploads\/2011\/05\/BabyEmperorPenguins.jpg\"><img loading=\"lazy\" decoding=\"async\" class=\"size-medium wp-image-1203 gts_attribute gts_attribute_1_alt gts_attribute_6_title\" title=\"Un gruppo di pulcini del pinguino di imperatore\" src=\"http:\/\/www.big-animals.com\/wp-content\/uploads\/2011\/05\/BabyEmperorPenguins-300x269.jpg\" alt=\"Un gruppo di pulcini del pinguino di imperatore\" width=\"300\" height=\"269\" \/><\/a><figcaption id=\"caption-attachment-1203\" class=\"wp-caption-text\">Un gruppo di pulcini di pinguino imperatore<\/figcaption><\/figure>\n<p><span id=\"gts_text_9\" class=\"gts_text\">Il pulcino del pinguino imperatore \u00e8 solitamente\u00a0ricoperto di piume grigio argento, ha la testa nera ed il volto bianco.<\/span>\u00a0<span id=\"gts_text_10\" class=\"gts_text\">I pulcini appena nati pesano intorno ai 315 g (11 once).<\/span>\u00a0<span id=\"gts_text_11\" class=\"gts_text\">Quando sono in grandi colonie, riescono a ritrovarsi\u00a0tra di loro\u00a0emettendo dei richiami.<\/span><\/p>\n<p><span id=\"gts_text_12\" class=\"gts_text\">L&#8217;eroe del film\u00a0<a href=\"http:\/\/www.amazon.it\/s\/ref=nb_sb_noss?__mk_it_IT=%C3%85M%C3%85%C5%BD%C3%95%C3%91&amp;url=search-alias%3Daps&amp;field-keywords=happy+feet&amp;rh=i%3Aaps%2Ck%3Ahappy+feet&amp;ajr=0\" target=\"_blank\">Happy Feet<\/a>\u00a0\u00e8 un pinguino imperatore.<\/span><\/p>\n<p><span id=\"gts_text_13\" class=\"gts_text\">Nonostante non siano in grado di volare, i pinguini imperatore sono\u00a0degli abili nuotatori.<\/span>\u00a0<span id=\"gts_text_14\" class=\"gts_text\">Hanno un corpo slanciato, pinne\u00a0rigide e piatte simili ad ali, piume brillanti ed impermeabili che tengono la loro pelle asciutta\u00a0e zampe palmate utilizzate\u00a0per nuotare.<\/span>\u00a0Trascorrono<span id=\"gts_text_15\" class=\"gts_text\">\u00a0tutta la loro vita nel freddo rigido\u00a0della calotta glaciale antartica e dei mari circostanti.<\/span>\u00a0<span id=\"gts_text_16\" class=\"gts_text\">La lingua del pinguino imperatore \u00e8 conformata in modo tale da non far scappare via le loro prede una volta che sono state catturate.<\/span>\u00a0Principalmente, si nutrono di<span id=\"gts_text_17\" class=\"gts_text\">\u00a0pesce, ma a volte mangiano anche krill e calamari.<\/span>\u00a0<span id=\"gts_text_18\" class=\"gts_text\">Possono immergersi nell&#8217;acqua gelata alla ricerca di cibo e resistere sott&#8217;acqua\u00a0fino a 18 minuti.<\/span>\u00a0Spesso raggiungono una<span id=\"gts_text_19\" class=\"gts_text\">\u00a0profondit\u00e0 di 535 metri (1.755 piedi).<\/span>\u00a0<span id=\"gts_text_20\" class=\"gts_text\">Non \u00e8 stupefacente?<\/span>\u00a0<span id=\"gts_text_21\" class=\"gts_text\">Sono gli uccelli\u00a0che resistono pi\u00f9 di tutti sott&#8217;acqua e raggiungono le profondit\u00e0 maggiori.<\/span><\/p>\n<figure id=\"attachment_1204\" aria-describedby=\"caption-attachment-1204\" style=\"width: 250px\" class=\"wp-caption alignright\"><a href=\"http:\/\/www.big-animals.com\/wp-content\/uploads\/2011\/05\/EmperorPenguinAndHuman.png\"><img loading=\"lazy\" decoding=\"async\" class=\"size-medium wp-image-1204 gts_attribute gts_attribute_2_alt gts_attribute_7_title\" title=\"Il pinguino di imperatore \u00e8 il pi\u00f9 grande pinguino del mondo\" src=\"http:\/\/www.big-animals.com\/wp-content\/uploads\/2011\/05\/EmperorPenguinAndHuman-250x300.png\" alt=\"Il pinguino di imperatore \u00e8 il pi\u00f9 grande pinguino del mondo\" width=\"250\" height=\"300\" \/><\/a><figcaption id=\"caption-attachment-1204\" class=\"wp-caption-text\">Il pinguino imperatore \u00e8 la specie di pinguino pi\u00f9 grande al mondo<\/figcaption><\/figure>\n<p><span id=\"gts_text_22\" class=\"gts_text\">Poich\u00e9 sono degli ottimi\u00a0nuotatori\u00a0subacquei, hanno ossa solide e non cave, in modo da poter\u00a0resistere all&#8217;alta pressione delle\u00a0acque profonde.<\/span>\u00a0Durante le immersioni<span id=\"gts_text_23\" class=\"gts_text\">, sono in grado di utilizzare meno ossigeno.<\/span>\u00a0<span id=\"gts_text_24\" class=\"gts_text\">La loro frequenza cardiaca si abbassa a circa\u00a015-20 battiti per minuto,<\/span>\u00a0permettendoli di immergersi pi\u00f9 a lungo e pi\u00f9 in profondit\u00e0<span id=\"gts_text_25\" class=\"gts_text\">.<\/span>\u00a0<span id=\"gts_text_26\" class=\"gts_text\">Possono nuotare alla velocit\u00e0 di\u00a06-9 chilometri orari\u00a0(4-6 mph).<\/span>\u00a0<span id=\"gts_text_27\" class=\"gts_text\">Sulla terra ferma, alternano\u00a0la camminata con andatura ondeggiante\u00a0allo scivolamento sulla pancia,<\/span>\u00a0spingendosi con i loro\u00a0<span id=\"gts_text_28\" class=\"gts_text\">piccoli piedi e le loro pinne\u00a0simili ad\u00a0ali.<\/span><\/p>\n<p><span id=\"gts_text_29\" class=\"gts_text\">Il pinguino imperatore ha un solo compagno l&#8217;anno\u00a0ed \u00e8 molto fedele<\/span><span id=\"gts_text_30\" class=\"gts_text\">.<\/span>\u00a0<span id=\"gts_text_31\" class=\"gts_text\">A differenza della maggior parte degli uccelli, non\u00a0depongono le uova durante la primavera, ma la super coraggiosa femmina del\u00a0pinguino imperatore depone\u00a0le sue uova durante il freddo estremo dell&#8217;inverno antartico.<\/span>\u00a0<span id=\"gts_text_32\" class=\"gts_text\">Sono la sola specie di uccello a comportarsi cos\u00ec!<\/span>\u00a0<span id=\"gts_text_33\" class=\"gts_text\">Non sono dei pazzi?<\/span>\u00a0<span id=\"gts_text_34\" class=\"gts_text\">La temperatura dell&#8217;aria pu\u00f2 raggiungere i -40\u00b0C (- 40 F) e la velocit\u00e0 del vento pu\u00f2\u00a0superare i 140 km\/h (90 mph).<\/span>\u00a0<span id=\"gts_text_35\" class=\"gts_text\">La temperatura dell&#8217;acqua \u00e8 di circa -2\u00b0C (31 F), quindi, molto pi\u00f9 bassa della temperatura corporea media del pinguino imperatore, cio\u00e8 39\u00b0C (102 F).<\/span>\u00a0<span id=\"gts_text_36\" class=\"gts_text\">Quando la madre-pinguino\u00a0consegna\u00a0il suo uovo al marito-pinguino\u00a0per tenerlo caldo, deve stare molto attenta a non farlo cadere. Infatti, il contatto con il terreno ghiacciato pu\u00f2 provocare\u00a0la morte del pulcino dentro l&#8217;uovo, il quale non pu\u00f2 resistere alla bassissima temperatura del terreno, neanche per un breve periodo.<\/span><\/p>\n<p><span id=\"gts_text_38\" class=\"gts_text\">Le piume del pinguino imperatore forniscono l&#8217;80-90% dell&#8217;isolamento termico.<\/span>\u00a0Sono la specie di uccello con la pi\u00f9 alta densit\u00e0 di piume<span id=\"gts_text_39\" class=\"gts_text\">, circa 15 per centimetro quadrato (100 per pollice quadrato).<\/span>\u00a0Inoltre,\u00a0possono creare<span id=\"gts_text_40\" class=\"gts_text\">\u00a0uno strato di aria tra le loro\u00a0piume, che contribuisce ad isolarli ancora di pi\u00f9, e\u00a0possiedono uno strato di grasso sottocutaneo spesso 3 cm<\/span><span id=\"gts_text_41\" class=\"gts_text\">\u00a0(1,2 pollici), che li tiene ancora pi\u00f9 caldi.<\/span><\/p>\n<p><span id=\"gts_text_42\" class=\"gts_text\">Come se non bastasse, i genitori-pinguino dovranno\u00a0intraprendere\u00a0un lungo viaggio di 50-120 Km (31-75 miglia) alla ricerca di un posto adatto\u00a0alla\u00a0costruzione del nido, il quale dovr\u00e0 essere riparato dal vento\u00a0glaciale.<\/span>\u00a0La\u00a0femmina del<span id=\"gts_text_43\" class=\"gts_text\">\u00a0pinguino imperatore depone\u00a0un solo\u00a0uovo alla volta\u00a0e lo\u00a0affida al padre, che si prender\u00e0 cura di esso.<\/span>\u00a0Successivamente, intraprende\u00a0un altro lungo viaggio per andare a<span id=\"gts_text_44\" class=\"gts_text\">\u00a0caccia.<\/span>\u00a0<span id=\"gts_text_45\" class=\"gts_text\">A volte, deve\u00a0percorre 80-1,500 chilometri (50-900 miglia)\u00a0per raggiungere l&#8217;acqua,<\/span>\u00a0dove<span id=\"gts_text_46\" class=\"gts_text\">\u00a0pu\u00f2 trovare\u00a0pesci,\u00a0calamari\u00a0e altri piccoli animali marini\u00a0da\u00a0mangiare.<\/span>\u00a0<span id=\"gts_text_47\" class=\"gts_text\">Nel frattempo,\u00a0il padre-pinguino fa da casalingo e trascorre due mesi a prendersi cura dell&#8217;uovo,\u00a0digiunando e rimanendo immobile.<\/span>\u00a0<span id=\"gts_text_48\" class=\"gts_text\">A differenza della maggior parte degli uccelli, il pap\u00e0 non si siede\u00a0sull&#8217;uovo per covarlo, ma<\/span>\u00a0rimane<span id=\"gts_text_49\" class=\"gts_text\">\u00a0in piedi,\u00a0tenendo\u00a0l&#8217;uovo\u00a0in equilibrio sulle sue zampe.<\/span>\u00a0<span id=\"gts_text_50\" class=\"gts_text\">Inoltre, ricopre\u00a0il suo uovo\u00a0con uno\u00a0strato caldo di pelle piumata chiamato\u00a0sacchetto da cova.<\/span>\u00a0Finch\u00e9 l&#8217;uovo non si sar\u00e0 schiuso, il maschio dovr\u00e0 trascorrere\u00a02 mesi nel freddo invernale senza mangiare.\u00a0<span id=\"gts_text_52\" class=\"gts_text\">Che\u00a0pap\u00e0 nobile!<\/span>\u00a0L&#8217;uovo \u00e8 di piccole dimensioni<span id=\"gts_text_53\" class=\"gts_text\">\u00a0ed il guscio \u00e8 abbastanza spesso da\u00a0assicurarsi che non si rompa facilmente.<\/span>\u00a0Dopo la schiusa<span id=\"gts_text_54\" class=\"gts_text\">, il giovane pulcino\u00a0rimarr\u00e0\u00a0nel sacchetto\u00a0da\u00a0cova\u00a0finch\u00e9 non sar\u00e0 in grado di riscaldarsi autonomamente.<\/span><\/p>\n<figure id=\"attachment_1205\" aria-describedby=\"caption-attachment-1205\" style=\"width: 300px\" class=\"wp-caption alignleft\"><a href=\"http:\/\/www.big-animals.com\/wp-content\/uploads\/2011\/05\/EmperorPenguinSliding.jpg\"><img loading=\"lazy\" decoding=\"async\" class=\"size-medium wp-image-1205 gts_attribute gts_attribute_3_alt gts_attribute_8_title\" title=\"Scivolamento del pinguino di imperatore\" src=\"http:\/\/www.big-animals.com\/wp-content\/uploads\/2011\/05\/EmperorPenguinSliding-300x170.jpg\" alt=\"Scivolamento del pinguino di imperatore\" width=\"300\" height=\"170\" \/><\/a><figcaption id=\"caption-attachment-1205\" class=\"wp-caption-text\">Un pinguino imperatore che scivola sulla pancia<\/figcaption><\/figure>\n<p><span id=\"gts_text_55\" class=\"gts_text\">Al rientro della madre dalla caccia, il padre avr\u00e0 perso circa 12 chilogrammi (26 libbre).<\/span>\u00a0<span id=\"gts_text_56\" class=\"gts_text\">Penso che il padre-pinguino imperatore debba ricevere il titolo di &#8220;Padre dell&#8217;anno&#8221;, poich\u00e9\u00a0trascorre 2 mesi nel freddo dell&#8217;Antartide\u00a0senza muoversi e senza mangiare.<\/span>\u00a0Non appena rientrata, la madre rigurgita\u00a0gli alimenti che conservava nello stomaco per il suo pulcino<span id=\"gts_text_57\" class=\"gts_text\">.<\/span>\u00a0<span id=\"gts_text_58\" class=\"gts_text\">Il padre affamato ha\u00a0quindi la possibilit\u00e0 di mettersi in viaggio alla ricerca di cibo. Successivamente, i due genitori si alterneranno nella caccia e nella cura del pulcino della colonia. Solitamente, allo stato selvaggio, questi uccelli possono vivere fino a<\/span><span id=\"gts_text_60\" class=\"gts_text\">\u00a020 anni e in alcuni casi addirittura fino a circa 50 anni.<\/span><\/p>\n<p><span id=\"gts_text_61\" class=\"gts_text\">I pinguini imperatore sono abbastanza intelligenti da aiutarsi a vicenda per sopravvivere nonostante le\u00a0condizioni di estremo freddo. Infatti, si raggruppano e si rannicchiano tutti insieme per riscaldarsi. Possono formare gruppi che comprendono\u00a0fino a un\u00a0centinaio\u00a0di esemplari ed ognuno si appoggia sul compagno che ha di fronte. Formano quindi un cerchio e si alternano al centro del cerchio per sfuggire alle basse temperature e ai venti ghiacciati.<\/span><\/p>\n<p><span id=\"gts_text_64\" class=\"gts_text\">I loro predatori sono soprattutto uccelli e mammiferi acquatici.<\/span>\u00a0Le porcellarie giganti del sud<span id=\"gts_text_65\" class=\"gts_text\">\u00a0sono i nemici pi\u00f9 temibili per i pulcini del pinguino imperatore e in alcune colonie sono la causa di morte di pi\u00f9 di un terzo dei pulcini.<\/span>\u00a0<span id=\"gts_text_67\" class=\"gts_text\">Oltre ad uccidere quelli ancora in vita, questi uccelli marini si nutrono anche delle carcasse dei pinguini imperatore.\u00a0Un altro temibile predatore \u00e8 lo stercorario polare del sud.<\/span>\u00a0<span id=\"gts_text_68\" class=\"gts_text\">Tuttavia, si nutre principalmente dei pulcini gi\u00e0 morti, poich\u00e9\u00a0quelli in vita sono troppo grandi per essere uccisi.<\/span><\/p>\n<p><span id=\"gts_text_69\" class=\"gts_text\">Tra i\u00a0mammiferi acquatici che cacciano i pinguini imperatore, rientrano la foca leopardo e l&#8217;orca assassina.<\/span>\u00a0Nel caso in cui uno dei genitori muore o viene ucciso durante il periodo dell&#8217;allevamento, il genitore sopravvissuto purtroppo non ha\u00a0altra scelta che abbandonare le sue uova o i pulcini e raggiungere il mare alla ricerca di cibo prima che muoia di fame.<\/p>\n<figure id=\"attachment_1206\" aria-describedby=\"caption-attachment-1206\" style=\"width: 300px\" class=\"wp-caption aligncenter\"><a href=\"http:\/\/www.big-animals.com\/wp-content\/uploads\/2011\/05\/EmperorPenguinBattalion.jpg\"><img loading=\"lazy\" decoding=\"async\" class=\"size-medium wp-image-1206 gts_attribute gts_attribute_4_alt gts_attribute_9_title\" title=\"Lle troupe magnifiche dei pinguini di imperatore\" src=\"http:\/\/www.big-animals.com\/wp-content\/uploads\/2011\/05\/EmperorPenguinBattalion-300x251.jpg\" alt=\"Lle troupe magnifiche dei pinguini di imperatore\" width=\"300\" height=\"251\" \/><\/a><figcaption id=\"caption-attachment-1206\" class=\"wp-caption-text\">Un\u00a0magnifico gruppo\u00a0di pinguini imperatore<\/figcaption><\/figure>\n","protected":false},"excerpt":{"rendered":"<p>Il pinguino imperatore \u00e8 la pi\u00f9 grande specie vivente di\u00a0pinguino.\u00a0Vive in Antartide,\u00a0dove\u00a0la temperatura pu\u00f2 raggiungere i -60\u00b0C (- 76F).\u00a0Gli esemplari maschi\u00a0pesano\u00a0pi\u00f9 delle femmine.\u00a0Infatti, essi possono raggiungere\u00a0un&#8217;altezza di circa 120 cm (48 pollici) e possono pesare tra i 22 ed i 45 chilogrammi (49 &#8211; 99 libbre).\u00a0La testa, il mento, la gola, la schiena e le &hellip; <a href=\"https:\/\/www.big-animals.com\/it\/imperatore-pinguino\/\" class=\"more-link\">Continue reading <span class=\"screen-reader-text\">Pinguino imperatore<\/span><\/a><\/p>\n","protected":false},"author":1,"featured_media":0,"parent":0,"menu_order":0,"comment_status":"closed","ping_status":"open","template":"","meta":{"_acf_changed":false,"footnotes":""},"acf":[],"_links":{"self":[{"href":"https:\/\/www.big-animals.com\/it\/wp-json\/wp\/v2\/pages\/89"}],"collection":[{"href":"https:\/\/www.big-animals.com\/it\/wp-json\/wp\/v2\/pages"}],"about":[{"href":"https:\/\/www.big-animals.com\/it\/wp-json\/wp\/v2\/types\/page"}],"author":[{"embeddable":true,"href":"https:\/\/www.big-animals.com\/it\/wp-json\/wp\/v2\/users\/1"}],"replies":[{"embeddable":true,"href":"https:\/\/www.big-animals.com\/it\/wp-json\/wp\/v2\/comments?post=89"}],"version-history":[{"count":16,"href":"https:\/\/www.big-animals.com\/it\/wp-json\/wp\/v2\/pages\/89\/revisions"}],"predecessor-version":[{"id":571,"href":"https:\/\/www.big-animals.com\/it\/wp-json\/wp\/v2\/pages\/89\/revisions\/571"}],"wp:attachment":[{"href":"https:\/\/www.big-animals.com\/it\/wp-json\/wp\/v2\/media?parent=89"}],"curies":[{"name":"wp","href":"https:\/\/api.w.org\/{rel}","templated":true}]}}