{"id":9,"date":"2011-05-09T08:56:46","date_gmt":"2011-05-09T08:56:46","guid":{"rendered":""},"modified":"2014-08-28T10:30:38","modified_gmt":"2014-08-28T10:30:38","slug":"blu-balena-gran-animale-la-mai-era","status":"publish","type":"page","link":"https:\/\/www.big-animals.com\/it\/blu-balena-gran-animale-la-mai-era\/","title":{"rendered":"La balenottera azzurra &#8211; il pi\u00f9 grande animale mai esistito!"},"content":{"rendered":"<p>&nbsp;<\/p>\n<figure id=\"attachment_1051\" aria-describedby=\"caption-attachment-1051\" style=\"width: 259px\" class=\"wp-caption alignleft\"><a href=\"http:\/\/www.big-animals.com\/wp-content\/uploads\/2008\/04\/BlueWhaleFromAbove.jpg\"><img loading=\"lazy\" decoding=\"async\" class=\"size-large wp-image-1051\" title=\"La balenottera azzurra \u00e8 il pi\u00f9 grande animale mai esistito\" src=\"http:\/\/www.big-animals.com\/wp-content\/uploads\/2008\/04\/BlueWhaleFromAbove-259x1024.jpg\" alt=\"La balenottera azzurra \u00e8 il pi\u00f9 grande animale mai esistito\" width=\"259\" height=\"1024\" \/><\/a><figcaption id=\"caption-attachment-1051\" class=\"wp-caption-text\">La balenottera azzurra \u00e8 il pi\u00f9 grande animale mai esistito<\/figcaption><\/figure>\n<p><b>Dimensioni della balenottera azzurra:<\/b>\u00a0Pi\u00f9 grande del pi\u00f9 grande dinosauro, la balenottera azzurra raggiunge una lunghezza di circa 30 metri. Si stima che possa arrivare\u00a0a pesare circa 180000 chilogrammi (pi\u00f9 o meno come un Boeing 747-400 pronto per il decollo). Tuttavia, pesare un animale cos\u00ec grande\u00a0non \u00e8 facile.\u00a0La maggior parte delle misure sono state stimate durante il periodo in cui era permessa la caccia: i cacciatori tagliavano la balena a pezzi e pesavano ogni pezzo singolarmente. Tuttavia, la cifra stimata\u00a0\u00e8 inferiore a quella reale.<\/p>\n<p><b>Fatti incredibili riguardo la balenottera azzurra:<\/b>\u00a0La sua lingua \u00e8 grande come un elefante ed \u00e8 larga abbastanza da\u00a0ospitare 50 persone! Il suo cuore ha le dimensioni di una piccola automobile.\u00a0Anche appena nato, questo mammifero pesa come 20 esseri umani adulti!<\/p>\n<p><b>Informazioni sulla balenottera azzurra:<\/b>\u00a0La balenottera azzurra appartiene al sottordine dei Misticeti, i quali sono sprovvisti di denti nella mascella superiore. Al loro posto, hanno i\u00a0fanoni, i quali sono simili ad un pettine e vengono usati per filtrare il cibo. La balenottera azzurra, inoltre, appartiene alla famiglia dei Balenotteridi che, come i Misticeti, hanno\u00a0delle pieghe flessibili che si estendono dalla bocca alla pancia\u00a0e consentono all&#8217;animale\u00a0di spalancare la bocca per ingoiare enormi quantit\u00e0 di cibo.<\/p>\n<p><span id=\"gts_text_12\" class=\"gts_text\">Poich\u00e9 la balenottera azzurra \u00e8 un misticeto, ne consegue che non solo \u00e8 il pi\u00f9 grande\u00a0<a title=\"I pi\u00f9 grandi animali del mondo!\" href=\"http:\/\/www.big-animals.com\/it\/mondo-gran-animali\/\">animale<\/a> del\u00a0mondo,<\/span><\/p>\n<ul>\n<li><span id=\"gts_text_13\" class=\"gts_text\">Il pi\u00f9 grande balenotteride del mondo,<\/span><\/li>\n<li>Il\u00a0pi\u00f9 grande misticeto del mondo,<\/li>\n<li><span id=\"gts_text_15\" class=\"gts_text\">Il pi\u00f9 grande\u00a0<a title=\"Cetacei\" href=\"http:\/\/www.big-animals.com\/it\/cetacei\/\">cetaceo <\/a>del\u00a0mondo (i cetacei includono le balene, le focene e i delfini),<\/span><\/li>\n<li>Il pi\u00f9 grande\u00a0<a href=\"http:\/\/www.big-animals.com\/Mammals.html\">mammifero<\/a> del\u00a0mondo,<\/li>\n<li><span id=\"gts_text_17\" class=\"gts_text\">Il pi\u00f9 grande\u00a0<a title=\"I pi\u00f9 grandi vertebrati del mondo!\" href=\"http:\/\/www.big-animals.com\/it\/mondo-gran-vertebrati\/\">vertebrato<\/a> del\u00a0mondo.<\/span><\/li>\n<\/ul>\n<p>Il nome scientifico della balenottera azzura \u00e8\u00a0<i>Balaenoptera musculus. <\/i>La parola o<i>ptera<\/i>\u00a0significa &#8220;ali&#8221;\u00a0in latino, quindi <i>Balaenoptera <\/i>significa \u201cbalena alata\u201d. Ovviamente non si tratta di vere e proprie ali, bens\u00ec di\u00a0pinne laterali molto grandi. Che cosa significa\u00a0<i>musculus<\/i>?\u00a0In latino, significa \u201cmuscoloso\u201d ma anche \u201ctopo\u201d. Il pi\u00f9 grande animale mai esistito \u00e8 stato chiamato ironicamente <i>balena topo<\/i> dagli scienziati.<\/p>\n<p><b>Habitat della balenottera azzurra:<\/b>\u00a0Questo animale vive in mare aperto. Le balene sono mammiferi e non pesci, infatti, respirano l&#8217;aria come gli essere umani\u00a0e allattano i loro cuccioli &#8211; circa 400 litri al giorno.\u00a0La balenottera azzurra, come tutte le balene, deve risalire in superficie per respirare.\u00a0Pu\u00f2 trattenere il respiro per circa mezz&#8217;ora, ma non si allontana mai dalla superficie. Tra la fine del 19\u00b0 e l&#8217;inizio del 20\u00b0 secolo (fino agli anni 70), i cacciatori approfittavano di questa sua necessit\u00e0 per attaccarla. Oggi, si stima che siano rimaste soltanto circa 5000 &#8211; 12000 balenottere azzurre.\u00a0Prima che venissero cacciate, la cifra era dieci volte superiore.\u00a0Anche oggi, la vita \u00e8 dura per le balene.\u00a0Una volta, una balena potevano sentire il richiamo di un altro esemplare anche dall&#8217;altra parte del mondo.\u00a0Oggi, le navi moderne hanno reso l&#8217;oceano un luogo rumoroso e ogni anno la situazione peggiora.\u00a0Ci\u00f2 rende difficile la socializzazione tra balene ed \u00e8 forse per questo che, sebbene\u00a0la caccia sia stata proibita, la popolazione non \u00e8 aumentata.<\/p>\n<p>&nbsp;<\/p>\n<figure id=\"attachment_1052\" aria-describedby=\"caption-attachment-1052\" style=\"width: 300px\" class=\"wp-caption alignright\"><a href=\"http:\/\/www.big-animals.com\/wp-content\/uploads\/2008\/04\/BlueWhaleSkeleton.jpg\"><img loading=\"lazy\" decoding=\"async\" class=\"size-medium wp-image-1052\" title=\"Scheletro di una balenottera azzurra a Santa Cruz\" src=\"http:\/\/www.big-animals.com\/wp-content\/uploads\/2008\/04\/BlueWhaleSkeleton-300x225.jpg\" alt=\"Scheletro di una balenottera azzurra a Santa Cruz\" width=\"300\" height=\"225\" \/><\/a><figcaption id=\"caption-attachment-1052\" class=\"wp-caption-text\">Scheletro di una balenottera azzurra a Santa Cruz<\/figcaption><\/figure>\n<p><b>Dieta della balenottera azzurra:<\/b>\u00a0Le balenottere azzurre, malgrado siano enormi, mangiano solo gamberetti molto piccoli, detti\u00a0krill, i quali sono lunghi circa 1 o 2 cm.\u00a0Per sopravvivere, la balenottera azzurra deve ingerire grandi quantit\u00e0 di krill ogni giorno!\u00a0Quando trova una zona ad alta densit\u00e0 di krill, ingoia una sorsata d\u2019acqua e poi la espelle filtrandola attraverso i\u00a0fanoni.\u00a0Il krill che rimane intrappolato nella bocca viene inghiottito.<\/p>\n<p>Le balenottere azzurre\u00a0\u00a0possono raggiungere i 50 km\/h, ma normalmente si muovono a una velocit\u00e0 di molto inferiore (meno della met\u00e0). Quando si nutrono, nuotano molto lentamente, circa 5 km\/h. Di solito, sono animali solitari ma vivono anche in coppia. Si stima che possano arrivare a vivere fino a 80 anni.<\/p>\n<p><b>Immagini della balenottera azzurra:<\/b>\u00a0\u00c8 difficile fotografare la balenottera azzurra, poich\u00e9 \u00e8 un animale estremamente raro.\u00a0Lo scheletro nella fotografia qui sopra \u00e8 esposto in un centro per la ricerca marina in California, a circa un miglio da dove si \u00e8 spiaggiato l\u2019esemplare.\u00a0Guardare l\u2019immagine satellitare qui sotto e mettete a confronto le dimensioni dello scheletro della balena con quelle delle auto parcheggiate nei paraggi.<br \/>\n[mappa: http:\/\/maps.google.com\/?ie=UTF8&amp;ll=36.949179,-122.065393&amp;spn=0.000967,0.001591&amp;t=h&amp;z=20]<\/p>\n","protected":false},"excerpt":{"rendered":"<p>&nbsp; Dimensioni della balenottera azzurra:\u00a0Pi\u00f9 grande del pi\u00f9 grande dinosauro, la balenottera azzurra raggiunge una lunghezza di circa 30 metri. Si stima che possa arrivare\u00a0a pesare circa 180000 chilogrammi (pi\u00f9 o meno come un Boeing 747-400 pronto per il decollo). Tuttavia, pesare un animale cos\u00ec grande\u00a0non \u00e8 facile.\u00a0La maggior parte delle misure sono state stimate &hellip; <a href=\"https:\/\/www.big-animals.com\/it\/blu-balena-gran-animale-la-mai-era\/\" class=\"more-link\">Continue reading <span class=\"screen-reader-text\">La balenottera azzurra &#8211; il pi\u00f9 grande animale mai esistito!<\/span><\/a><\/p>\n","protected":false},"author":1,"featured_media":0,"parent":0,"menu_order":0,"comment_status":"closed","ping_status":"open","template":"","meta":{"_acf_changed":false,"footnotes":""},"acf":[],"_links":{"self":[{"href":"https:\/\/www.big-animals.com\/it\/wp-json\/wp\/v2\/pages\/9"}],"collection":[{"href":"https:\/\/www.big-animals.com\/it\/wp-json\/wp\/v2\/pages"}],"about":[{"href":"https:\/\/www.big-animals.com\/it\/wp-json\/wp\/v2\/types\/page"}],"author":[{"embeddable":true,"href":"https:\/\/www.big-animals.com\/it\/wp-json\/wp\/v2\/users\/1"}],"replies":[{"embeddable":true,"href":"https:\/\/www.big-animals.com\/it\/wp-json\/wp\/v2\/comments?post=9"}],"version-history":[{"count":9,"href":"https:\/\/www.big-animals.com\/it\/wp-json\/wp\/v2\/pages\/9\/revisions"}],"predecessor-version":[{"id":514,"href":"https:\/\/www.big-animals.com\/it\/wp-json\/wp\/v2\/pages\/9\/revisions\/514"}],"wp:attachment":[{"href":"https:\/\/www.big-animals.com\/it\/wp-json\/wp\/v2\/media?parent=9"}],"curies":[{"name":"wp","href":"https:\/\/api.w.org\/{rel}","templated":true}]}}