{"id":91,"date":"2011-06-05T08:21:02","date_gmt":"2011-06-05T08:21:02","guid":{"rendered":""},"modified":"2011-06-05T08:21:02","modified_gmt":"2011-06-05T08:21:02","slug":"pappagalli","status":"publish","type":"page","link":"https:\/\/www.big-animals.com\/it\/pappagalli\/","title":{"rendered":"Pappagalli"},"content":{"rendered":"<p><span id=\"gts_text_1\" class=\"gts_text\">Ci sono circa 372 specie di pappagalli nel mondo.<\/span> <span id=\"gts_text_2\" class=\"gts_text\">La maggior parte dei pappagalli si trovano nelle regioni tropicali e subtropicali compresa l&apos;Australia, le isole dell&apos;oceano Pacifico, dell&apos;Asia meridionale, del Sud-est asiatico, del Sudamerica, dell&apos;Africa e delle regioni meridionali dell&apos;America del Nord.<\/span> <span id=\"gts_text_3\" class=\"gts_text\">Sono uccelli molto intelligenti e buoni animali domestici.<\/span> <span id=\"gts_text_4\" class=\"gts_text\">La maggior parte dei pappagalli sono compagni fedeli.<\/span><\/p>\n<p><span id=\"gts_text_5\" class=\"gts_text\"><a title=\"Ara del giacinto\" href=\"http:\/\/www.big-animals.com\/hyacinth-macaw\/\">L&apos;ara del giacinto<\/a> \u00e8 il pi\u00f9 grande pappagallo volante del mondo ed \u00e8 anche il pappagallo pi\u00f9 lungo del mondo.<\/span> <span id=\"gts_text_6\" class=\"gts_text\">Pu\u00f2 crescere in lunghezza fino ad un metro (40 pollici) e pesa fra 1,2 e 1,7 chilogrammi (2,6 &#8211; 3,7 libbre).<\/span> <span id=\"gts_text_7\" class=\"gts_text\">Tuttavia, il pappagallo pi\u00f9 pesante del mondo \u00e8 il Kakapo, di nazionalit\u00e0 neozelandese, che pu\u00f2 pesare fino a 3.5kg (7,7 libbre).<\/span> <span id=\"gts_text_8\" class=\"gts_text\">Sia l&apos;ara del giacinto che il Kakapo sono a rischio<\/span> <span id=\"gts_text_9\" class=\"gts_text\">Il Kakapo \u00e8 in pericolo critico &#8211; sono rimasti solo circa 100 di questi uccelli in tutto il mondo.<\/span><\/p>\n<p><span id=\"gts_text_10\" class=\"gts_text\">Sono dotati di un forte becco ricurvo e acuminato e di forti zampe con artigli affilati.<\/span> <span id=\"gts_text_11\" class=\"gts_text\">La maggior parte dei pappagalli sono capaci di usare le loro zampe per maneggiare il cibo ed altri oggetti, nello stesso modo in cui noi usiamo le nostre mani.<\/span> <span id=\"gts_text_12\" class=\"gts_text\">Che un pappagallo adulto sia mancino o destrorso dipende dalle specie del pappagallo.<\/span> <span id=\"gts_text_13\" class=\"gts_text\">I pappagalli mancini preferiscono usare la loro zampa sinistra e i pappagalli destrorsi preferiscono usare la loro destra.<\/span> <span id=\"gts_text_14\" class=\"gts_text\">Spesso si servono del loro becco per arrampicarsi afferrando i rami dell&apos;albero .<\/span> <span id=\"gts_text_15\" class=\"gts_text\">Tendono a camminare con un andamento barcollante<\/span><\/p>\n<figure id=\"attachment_1242\" aria-describedby=\"caption-attachment-1242\" style=\"width: 280px\" class=\"wp-caption alignright\"><img loading=\"lazy\" decoding=\"async\" class=\"size-medium wp-image-1242\" title=\"Come la maggior parte dei pappagalli, il pappagallo Color scarlatto-Chested \u00e8 colorato brillantemente\" src=\"http:\/\/www.big-animals.com\/wp-content\/uploads\/2011\/06\/Scarlet_Chested_Parrot-280x300.jpg\" alt=\"Come la maggior parte dei pappagalli, il pappagallo Color scarlatto-Chested \u00e8 colorato brillantemente\" width=\"280\" height=\"300\" \/><figcaption id=\"caption-attachment-1242\" class=\"wp-caption-text\">Like most parrots, the Scarlet-Chested Parrot is brightly colored<\/figcaption><\/figure>\n<p><span id=\"gts_text_17\" class=\"gts_text\">Molti pappagalli hanno colori sgargianti ed alcuni sono molto belli con le loro piume multicolore<\/span> <span id=\"gts_text_18\" class=\"gts_text\">Ne \u00e8 un tipico esempio il maschio del parrocchetto splendido.\u00a0Il parrocchetto splendido maschio ha le penne superiori verdi, la testa di un bel blu acceso, il petto rosso scarlatto e il ventre giallo.<\/span> <span id=\"gts_text_19\" class=\"gts_text\">La femmina ha le penne superiori verdi e quelle inferiori gialle, le ali e il capo blu.<\/span><\/p>\n<p><span id=\"gts_text_20\" class=\"gts_text\">I pappagalli mangiano semi, nocciole, frutta, germogli, nettare, polline ed a volte animali come le lumache.<\/span> <span id=\"gts_text_21\" class=\"gts_text\">Per esempio, i parrocchetti alidorate mangiano le lumache d&apos;acqua.<\/span> <span id=\"gts_text_22\" class=\"gts_text\">I pappagalli vanno a caccia di semi, a differenza dei pipistrelli della frutta che invece contribuiscono alla disseminazione.<\/span> <span id=\"gts_text_23\" class=\"gts_text\">Ci\u00f2 accade poich\u00e9 mangiano i semi della frutta, invece di mangiare la frutta lasciando cadere i semi.<\/span> <span id=\"gts_text_24\" class=\"gts_text\">I pappagalli sono capaci di rimuovere il veleno dai semi qualora fosse presente.<\/span><\/p>\n<p><span id=\"gts_text_25\" class=\"gts_text\">I Lori e i Lorichetti, i Loriculus e il pappagallo di Latham mangiano principalmente nettare e polline.<\/span> <span id=\"gts_text_26\" class=\"gts_text\">Posseggono lingue dalle punte a spazzola per raccogliere il nettare ed il polline.<\/span><\/p>\n<p><span id=\"gts_text_27\" class=\"gts_text\">Soltanto il parrocchetto monaco e cinque specie di inseparabili costruiscono i nidi sugli alberi.<\/span> <span id=\"gts_text_28\" class=\"gts_text\">I parrocchetti terragnoli australiani e neozelandesi fanno i nidi sulla terra ferma.<\/span> <span id=\"gts_text_29\" class=\"gts_text\">Tutti gli altri pappagalli i cacatua fanno i loro nidi nelle cavit\u00e0 degli alberi<\/span> <span id=\"gts_text_30\" class=\"gts_text\">Alcuni utilizzano perfino i nidi delle termiti, in modo da diventare meno visibili ai predatori!<\/span> <span id=\"gts_text_31\" class=\"gts_text\">Usano spesso trucioli, ramoscelli e piante per costruire i loro nidi.<\/span> <span id=\"gts_text_32\" class=\"gts_text\">Le specie di pappagalli di dimensioni maggiori hanno difficolt\u00e0 nel trovare luoghi in cui costruire i loro nidi.<\/span> <span id=\"gts_text_33\" class=\"gts_text\">Come conseguenza di ci\u00f2, a volte si verificano lotte fra loro o con altri uccelli per i punti migliori in cui costruire il nido.<\/span><\/p>\n<p><span id=\"gts_text_34\" class=\"gts_text\">Le uova dei pappagalli sono bianche.<\/span> <span id=\"gts_text_35\" class=\"gts_text\">Solitamente \u00e8 la madre a tenere al caldo le sue uova.<\/span> <span id=\"gts_text_36\" class=\"gts_text\">Ma per i cacatua, i Lorichetti blu e per il pappagallo acrobata vernale la mamma e il pap\u00e0 fanno a turno per tenere le uova al caldo.\u00a0<\/span> <span id=\"gts_text_37\" class=\"gts_text\">Quando i pulcini sono appena usciti dal guscio sono indifesi, senza penne e ciechi.<\/span> <span id=\"gts_text_38\" class=\"gts_text\">I pulcini resteranno circa 3 settimane &#8211; 4 mesi nei nidi &#8211; il lasso di tempo dipende dalle specie.<\/span> <span id=\"gts_text_39\" class=\"gts_text\">I genitori prendono i giri che trovano l&apos;alimento e che tengono i pulcini minuscoli caldi.<\/span> <span id=\"gts_text_40\" class=\"gts_text\">Quando i genitori non sono nei nidi con i pulcini, i serpenti e i goannas possono provare a mangiarli.<\/span> <span id=\"gts_text_41\" class=\"gts_text\">I genitori immagazzinano l&apos;alimento per i loro pulcini in un sacco nella gola.<\/span> <span id=\"gts_text_42\" class=\"gts_text\">Il sacco \u00e8 chiamato il <em>raccolto<\/em>.<\/span> <span id=\"gts_text_43\" class=\"gts_text\">Quando i loro raccolti sono pieni i genitori sapranno che \u00e8 tempo di ritornare per alimentare i loro pulcini.<\/span><\/p>\n<figure id=\"attachment_1243\" aria-describedby=\"caption-attachment-1243\" style=\"width: 300px\" class=\"wp-caption alignleft\"><img loading=\"lazy\" decoding=\"async\" class=\"size-medium wp-image-1243\" title=\"Molti pappagalli possono imitare i suoni, ma il pappagallo cenerino \u00e8 molto buono\" src=\"http:\/\/www.big-animals.com\/wp-content\/uploads\/2011\/06\/African_Grey_Parrot-300x192.jpg\" alt=\"Molti pappagalli possono imitare i suoni, ma il pappagallo cenerino \u00e8 molto buono\" width=\"300\" height=\"192\" \/><figcaption id=\"caption-attachment-1243\" class=\"wp-caption-text\">Many Parrots can imitate sounds, but the African Grey Parrot is very good<\/figcaption><\/figure>\n<p><span id=\"gts_text_45\" class=\"gts_text\">I pappagalli sono gli uccelli pi\u00f9 intelligenti.<\/span> <span id=\"gts_text_46\" class=\"gts_text\">Possono copiare il discorso o altri suoni dell&apos;essere umano.<\/span> <span id=\"gts_text_47\" class=\"gts_text\">Per esempio, i pappagalli cenerini ha grande abilit\u00e0 di apprendimento.<\/span> <span id=\"gts_text_48\" class=\"gts_text\">I pappagalli cenerini selvaggi finiranno copiando i suoni di altri uccelli selvaggi.<\/span> <span id=\"gts_text_49\" class=\"gts_text\">I pappagalli non hanno corde vocali.<\/span> <span id=\"gts_text_50\" class=\"gts_text\">Cos\u00ec il suono \u00e8 prodotto cambiando la profondit\u00e0 e la forma della loro trachea.<\/span><\/p>\n<p><span id=\"gts_text_51\" class=\"gts_text\">Alcuni pappagalli come il Kea possono anche risolvere i puzzle se sono insegnati a come a.<\/span> <span id=\"gts_text_52\" class=\"gts_text\">I pappagalli imparano meglio quando sono forniti di stimolo ambientale naturale.<\/span> <span id=\"gts_text_53\" class=\"gts_text\">Per esempio, se un uccello ingabbiato in uno zoo o in un pappagallo tenuto come animale domestico non \u00e8 dato alcun stimolo d&apos;apprendimento dai giovani, possono sviluppare il comportamento distruttivo come la coglitura fuori delle loro proprie piume.<\/span> <span id=\"gts_text_54\" class=\"gts_text\">Ci\u00f2 \u00e8 perch\u00e9 sono troppo annoiate e devono trovare qualcosa fare.<\/span> <span id=\"gts_text_55\" class=\"gts_text\">Un&apos;assenza di stimoli pu\u00f2 fermare lo sviluppo di giovani pappagalli.<\/span> <span id=\"gts_text_56\" class=\"gts_text\">Per esempio, un gruppo di pappagalli dei vasi \u00e8 stato tenuto in gabbie minuscole con i polli da 3 mesi.<\/span> <span id=\"gts_text_57\" class=\"gts_text\">A 9 mesi questi pappagalli ancora si sono comportati come se fossero 3 mesi e triste dire si sono comportati pi\u00c3\u00b9 simile ai polli che i pappagalli.<\/span><\/p>\n<p><figure id=\"attachment_1244\" aria-describedby=\"caption-attachment-1244\" style=\"width: 300px\" class=\"wp-caption alignright\"><img loading=\"lazy\" decoding=\"async\" class=\"size-medium wp-image-1244\" title=\"L&apos;arcobaleno Lorikeets \u00e8 un parassita in Australia. Fotografi dall&apos;utente Nickj di Wikipedia\" src=\"http:\/\/www.big-animals.com\/wp-content\/uploads\/2011\/06\/Rainbow_Lorikeets-300x217.jpg\" alt=\"L&apos;arcobaleno Lorikeets \u00e8 un parassita in Australia. Fotografi dall&apos;utente Nickj di Wikipedia\" width=\"300\" height=\"217\" \/><figcaption id=\"caption-attachment-1244\" class=\"wp-caption-text\">Rainbow Lorikeets are a pest in Australia. Photograph by Wikipedia user Nickj<\/figcaption><\/figure><span id=\" gts_text_59=\">Fotografi dall&apos;utente Nickj di Wikipedia &quot; &gt;<\/p>\n<p><span id=\"gts_text_60\" class=\"gts_text\">I pappagalli possono portare il bene e male all&apos;umanit\u00e0.<\/span> <span id=\"gts_text_61\" class=\"gts_text\">Possono essere una fonte di reddito per i negozi di animali e le societ\u00e0 di turismo di bird-watching.<\/span> <span id=\"gts_text_62\" class=\"gts_text\">Inoltre creano gli impieghi dello specialista come i veterinari che uccelli dello streat soltanto e la gente che alleva e vende i pappagalli.<\/span> <span id=\"gts_text_63\" class=\"gts_text\">D&apos;altra parte, alcuni pappagalli sono parassiti dell&apos;azienda agricola.<\/span> <span id=\"gts_text_64\" class=\"gts_text\">Mangiano la frutta sugli alberi da frutto, sui grani e su altri raccolti.<\/span> <span id=\"gts_text_65\" class=\"gts_text\">Per esempio, l&apos;arcobaleno Lorikeet \u00e8 un parassita in Australia.<\/span><\/p>\n<p><span id=\"gts_text_66\" class=\"gts_text\">Purtroppo, molte specie dei pappagalli stanno diminuendo.<\/span> <span id=\"gts_text_67\" class=\"gts_text\">Vari sono estinti.<\/span> <span id=\"gts_text_68\" class=\"gts_text\">Le ragioni di diminuzione \u00e8 dovuto perdita dell&apos;habitat, caccia illegale per il commercio dell&apos;animale domestico, per l&apos;alimento e per le piume.<\/span> <span id=\"gts_text_69\" class=\"gts_text\">Un pappagallo raro pu\u00f2 guadagnare molti soldi per un bracconiere, ma quando prende uno, il pappagallo diventa ancora pi\u00f9 raro e pi\u00f9 pericoloso.<\/span><\/p>\n<p><span id=\"gts_text_70\" class=\"gts_text\">Alcune grandi specie dei pappagalli gradiscono le grandi cacatue, Amazons e le are possono vivere a lungo, fino a 80 anni.<\/span> <span id=\"gts_text_71\" class=\"gts_text\">Tuttavia, i piccoli pappagalli gradiscono i piccioncini, pappagalli d&apos;attaccatura e Budgies pu\u00f2 vivere soltanto fra 15 &#8211; 20 anni.<\/span><\/p>\n<p><span id=\"gts_text_72\" class=\"gts_text\">\u00a0<\/span><\/span><\/p>\n","protected":false},"excerpt":{"rendered":"<p>Ci sono circa 372 specie di pappagalli nel mondo. La maggior parte dei pappagalli si trovano nelle regioni tropicali e subtropicali compresa l&apos;Australia, le isole dell&apos;oceano Pacifico, dell&apos;Asia meridionale, del Sud-est asiatico, del Sudamerica, dell&apos;Africa e delle regioni meridionali dell&apos;America del Nord. Sono uccelli molto intelligenti e buoni animali domestici. La maggior parte dei pappagalli &hellip; <a href=\"https:\/\/www.big-animals.com\/it\/pappagalli\/\" class=\"more-link\">Continue reading <span class=\"screen-reader-text\">Pappagalli<\/span><\/a><\/p>\n","protected":false},"author":1,"featured_media":0,"parent":0,"menu_order":0,"comment_status":"closed","ping_status":"open","template":"","meta":{"_acf_changed":false,"footnotes":""},"acf":[],"_links":{"self":[{"href":"https:\/\/www.big-animals.com\/it\/wp-json\/wp\/v2\/pages\/91"}],"collection":[{"href":"https:\/\/www.big-animals.com\/it\/wp-json\/wp\/v2\/pages"}],"about":[{"href":"https:\/\/www.big-animals.com\/it\/wp-json\/wp\/v2\/types\/page"}],"author":[{"embeddable":true,"href":"https:\/\/www.big-animals.com\/it\/wp-json\/wp\/v2\/users\/1"}],"replies":[{"embeddable":true,"href":"https:\/\/www.big-animals.com\/it\/wp-json\/wp\/v2\/comments?post=91"}],"version-history":[{"count":1,"href":"https:\/\/www.big-animals.com\/it\/wp-json\/wp\/v2\/pages\/91\/revisions"}],"predecessor-version":[{"id":299,"href":"https:\/\/www.big-animals.com\/it\/wp-json\/wp\/v2\/pages\/91\/revisions\/299"}],"wp:attachment":[{"href":"https:\/\/www.big-animals.com\/it\/wp-json\/wp\/v2\/media?parent=91"}],"curies":[{"name":"wp","href":"https:\/\/api.w.org\/{rel}","templated":true}]}}