{"id":92,"date":"2013-07-12T14:34:02","date_gmt":"2013-07-12T14:34:02","guid":{"rendered":""},"modified":"2014-01-31T16:43:51","modified_gmt":"2014-01-31T16:43:51","slug":"giacinto-ara","status":"publish","type":"page","link":"https:\/\/www.big-animals.com\/it\/giacinto-ara\/","title":{"rendered":"Ara del giacinto"},"content":{"rendered":"<figure id=\"attachment_1251\" aria-describedby=\"caption-attachment-1251\" style=\"width: 300px\" class=\"wp-caption alignright\"><img loading=\"lazy\" decoding=\"async\" class=\"size-medium wp-image-1251 \" title=\"L'ara del giacinto - fotografia dall'utente BluesyPete di Wikimedia\" alt=\"L'ara del giacinto - fotografia dall'utente BluesyPete di Wikimedia\" src=\"http:\/\/www.big-animals.com\/wp-content\/uploads\/2011\/06\/Hyacinth_Macaw-300x237.jpg\" width=\"300\" height=\"237\" \/><figcaption id=\"caption-attachment-1251\" class=\"wp-caption-text\">L&#8217;ara del giacinto &#8211; fotografia dall&#8217;utente BluesyPete di Wikimedia<\/figcaption><\/figure>\n<p><span class=\"gts_text\" id=\"gts_text_2\">L&#8217;<strong>ara del giacinto<\/strong> \u00e8 originaria del Sudamerica centrale e orientale.<\/span> <span class=\"gts_text\" id=\"gts_text_3\">Ama le paludi di palme e \u00a0le aree boschive mentre non<\/span><span class=\"gts_text\" id=\"gts_text_4\">\u00a0gradisce la foresta pluviale.<\/span> <span class=\"gts_text\" id=\"gts_text_5\">\u00c8 un pappagallo molto socievole e intelligente,<\/span>\u00a0e<span class=\"gts_text\" id=\"gts_text_6\">cco perch\u00e9 \u00e8 il sogno di tutti gli amanti di uccelli averne uno.<\/span> <span class=\"gts_text\" id=\"gts_text_7\">Purtroppo, a causa dell&#8217;eccessiva richiesta, la sua popolazione \u00e8 fortemente minacciata.<\/span><\/p>\n<p><span class=\"gts_text\" id=\"gts_text_8\">Tra tutte le are \u00e8 la pi\u00f9 grande nonch\u00e9 la pi\u00f9 grande specie di pappagallo volatore al mondo.\u00a0<\/span><span class=\"gts_text\" id=\"gts_text_10\">La sua popolazione, purtroppo, sta diminuendo a causa del commercio dell&#8217;animale e della perdita del suo habitat naturale.<\/span><\/p>\n<p><span class=\"gts_text\" id=\"gts_text_11\">L&#8217;ara del giacinto \u00e8 lunga 1 m dalla testa alla punta della coda e pe<\/span><span class=\"gts_text\" id=\"gts_text_12\">sa circa 1,2 &#8211; 1,7 chilogrammi.<\/span> <span class=\"gts_text\" id=\"gts_text_13\">Le sue piume sono di un blu pi\u00f9 chiaro nella parte superiore del corpo e pi\u00f9 scure sulle ali ed ha un grande becco nero ricurvo. Attorno alla parte inferiore del becco<\/span>\u00a0h<span class=\"gts_text\" id=\"gts_text_14\">a la pelle di un giallo pi\u00f9 chiaro rispetto al contorno degli occhi.<\/span> <span class=\"gts_text\" id=\"gts_text_15\">Maschi e femmine sono identici.<\/span><\/p>\n<figure id=\"attachment_1252\" aria-describedby=\"caption-attachment-1252\" style=\"width: 223px\" class=\"wp-caption alignleft\"><img loading=\"lazy\" decoding=\"async\" class=\"size-medium wp-image-1252 \" title=\"l'ara del giacinto \u00e8 il pappagallo pi\u00f9 lungo del mondo\" alt=\"l'ara del giacinto \u00e8 il pappagallo pi\u00f9 lungo del mondo\" src=\"http:\/\/www.big-animals.com\/wp-content\/uploads\/2011\/06\/Hyacinth_Macaw_and_Human-223x300.png\" width=\"223\" height=\"300\" \/><figcaption id=\"caption-attachment-1252\" class=\"wp-caption-text\">l&#8217;ara del giacinto \u00e8 il pappagallo pi\u00f9 lungo del mondo<\/figcaption><\/figure>\n<p><span class=\"gts_text\" id=\"gts_text_17\">Possiede un becco molto forte per mangiare, \u00e8 persino in grado<\/span><span class=\"gts_text\" id=\"gts_text_18\">\u00a0di piegare una barra saldata di una gabbia in\u00a0ferro battuto!<\/span>\u00a0Si a<span class=\"gts_text\" id=\"gts_text_19\">limenta di gherigli di noci dal guscio duro \u00a0e semi.<\/span> <span class=\"gts_text\" id=\"gts_text_20\">Il suo forte becco pu\u00f2 spaccare le noci di cocco, i grandi baccelli delle noci del Brasile e le noci di macadamia.<\/span>\u00a0I<span class=\"gts_text\" id=\"gts_text_21\">noltre, mangia altra frutta e verdura e a<\/span><span class=\"gts_text\" id=\"gts_text_22\">ma i pinoli.<\/span><\/p>\n<p><span class=\"gts_text\" id=\"gts_text_23\">L&#8217;ara del giacinto nidifica nelle cavit\u00e0 naturali degli alberi.<\/span> <span class=\"gts_text\" id=\"gts_text_24\">Ogni covata \u00e8 costituita da una o due uova.<\/span> <span class=\"gts_text\" id=\"gts_text_25\">Le giovani are restano con i genitori finch\u00e9 non hanno 3 mesi. Il<\/span><span class=\"gts_text\" id=\"gts_text_26\">\u00a0tasso riproduttivo di questo pappagallo \u00e8 molto basso, non procrea<\/span>\u00a0n<span class=\"gts_text\" id=\"gts_text_27\">ecessariamente ogni anno.<\/span> <span class=\"gts_text\" id=\"gts_text_28\">Corvidi, opossum, coati e tucani ne mangiano le uova.<\/span> <span class=\"gts_text\" id=\"gts_text_29\">Fortunatamente gli adulti non hanno predatori, eccezione fatta per gli esseri umani.<\/span> <span class=\"gts_text\" id=\"gts_text_30\">Questo uccello \u00e8 una specie di pappagallo in via d&#8217;estinzione, \u00e8\u00a0<\/span>stato avviato il &#8220;P<span class=\"gts_text\" id=\"gts_text_31\">rogetto Ara del Giacinto&#8221; per proteggere questi meravigliosi pappagalli dall&#8217;estinzione.<\/span><\/p>\n<p><span class=\"gts_text\" id=\"gts_text_32\">\u00a0<\/span><\/p>\n","protected":false},"excerpt":{"rendered":"<p>L&#8217;ara del giacinto \u00e8 originaria del Sudamerica centrale e orientale. Ama le paludi di palme e \u00a0le aree boschive mentre non\u00a0gradisce la foresta pluviale. \u00c8 un pappagallo molto socievole e intelligente,\u00a0ecco perch\u00e9 \u00e8 il sogno di tutti gli amanti di uccelli averne uno. Purtroppo, a causa dell&#8217;eccessiva richiesta, la sua popolazione \u00e8 fortemente minacciata. Tra &hellip; <a href=\"https:\/\/www.big-animals.com\/it\/giacinto-ara\/\" class=\"more-link\">Continue reading <span class=\"screen-reader-text\">Ara del giacinto<\/span><\/a><\/p>\n","protected":false},"author":1,"featured_media":0,"parent":0,"menu_order":0,"comment_status":"closed","ping_status":"open","template":"","meta":{"_acf_changed":false,"footnotes":""},"acf":[],"_links":{"self":[{"href":"https:\/\/www.big-animals.com\/it\/wp-json\/wp\/v2\/pages\/92"}],"collection":[{"href":"https:\/\/www.big-animals.com\/it\/wp-json\/wp\/v2\/pages"}],"about":[{"href":"https:\/\/www.big-animals.com\/it\/wp-json\/wp\/v2\/types\/page"}],"author":[{"embeddable":true,"href":"https:\/\/www.big-animals.com\/it\/wp-json\/wp\/v2\/users\/1"}],"replies":[{"embeddable":true,"href":"https:\/\/www.big-animals.com\/it\/wp-json\/wp\/v2\/comments?post=92"}],"version-history":[{"count":7,"href":"https:\/\/www.big-animals.com\/it\/wp-json\/wp\/v2\/pages\/92\/revisions"}],"predecessor-version":[{"id":338,"href":"https:\/\/www.big-animals.com\/it\/wp-json\/wp\/v2\/pages\/92\/revisions\/338"}],"wp:attachment":[{"href":"https:\/\/www.big-animals.com\/it\/wp-json\/wp\/v2\/media?parent=92"}],"curies":[{"name":"wp","href":"https:\/\/api.w.org\/{rel}","templated":true}]}}